{"id":1432,"date":"2022-05-16T11:57:06","date_gmt":"2022-05-16T09:57:06","guid":{"rendered":"https:\/\/agora.xtec.cat\/escolalapalmera\/?page_id=1432"},"modified":"2023-03-22T08:40:01","modified_gmt":"2023-03-22T07:40:01","slug":"diagnosi","status":"publish","type":"page","link":"https:\/\/agora.xtec.cat\/escolalapalmera\/projecte-educatiu\/pla-digital\/diagnosi\/","title":{"rendered":"Diagnosi"},"content":{"rendered":"<p>Per fer la diagnosi, la comissi\u00f3 digital del centre ha utilitzat tres recursos:<\/p>\n<ul>\n<li>Q\u00fcestionari SELFIE: <strong>Enquesta a l&#8217;alumnat i al professorat<\/strong>: la participaci\u00f3 del professorat i l&#8217;alumnat ha estat del 100% tant en un cas com en l&#8217;altre tenint en compte els participants previstos ( alumnat de 4t fins a 6\u00e8 ). S&#8217;han establert les preguntes que cont\u00e8 el <strong>programa SELFIE<\/strong>, eina dissenyada per ajudar als centres educatius a integrar les tecnologies digitals en la doc\u00e8ncia, l&#8217;aprenentatge i l&#8217;avaluaci\u00f3 de l&#8217;alumnat.<\/li>\n<li><strong>Q\u00fcestionari SELFIE For Teachers<\/strong>: En aquest cas la participaci\u00f3 entre els mestres ha estat del 91,5%, i les preguntes tamb\u00e9 s&#8217;han establert fent servir la pr\u00f2pia eina SELFIE For Teachers.<\/li>\n<li><strong>Enquestes valoraci\u00f3 fam\u00edlies:<\/strong> La participaci\u00f3 ha estat del 30%, i les preguntes s&#8217;han establert a partir dels exemples i les orientacions del nodes d&#8217;Estrat\u00e8gia Digital del Departament.<\/li>\n<\/ul>\n<p>&nbsp;<\/p>\n<div class=\"h5p-iframe-wrapper\"><iframe id=\"h5p-iframe-3\" class=\"h5p-iframe\" data-content-id=\"3\" style=\"height:1px\" src=\"about:blank\" frameBorder=\"0\" scrolling=\"no\" title=\"Diagnosi\"><\/iframe><\/div>\n","protected":false},"excerpt":{"rendered":"<p>Per fer la diagnosi, la comissi\u00f3 digital del centre ha utilitzat tres recursos: Q\u00fcestionari SELFIE: Enquesta a l&#8217;alumnat i al professorat: la participaci\u00f3 del professorat i l&#8217;alumnat ha estat del 100% tant en un cas com en l&#8217;altre tenint en compte els participants previstos ( alumnat de 4t fins a 6\u00e8 ). S&#8217;han establert les [&hellip;]<\/p>\n","protected":false},"author":1,"featured_media":0,"parent":504,"menu_order":10,"comment_status":"closed","ping_status":"closed","template":"page-templates\/side-menu.php","meta":{"_bbp_topic_count":0,"_bbp_reply_count":0,"_bbp_total_topic_count":0,"_bbp_total_reply_count":0,"_bbp_voice_count":0,"_bbp_anonymous_reply_count":0,"_bbp_topic_count_hidden":0,"_bbp_reply_count_hidden":0,"_bbp_forum_subforum_count":0,"site-sidebar-layout":"default","site-content-layout":"","ast-site-content-layout":"","site-content-style":"default","site-sidebar-style":"default","ast-global-header-display":"","ast-banner-title-visibility":"","ast-main-header-display":"","ast-hfb-above-header-display":"","ast-hfb-below-header-display":"","ast-hfb-mobile-header-display":"","site-post-title":"","ast-breadcrumbs-content":"","ast-featured-img":"","footer-sml-layout":"","theme-transparent-header-meta":"","adv-header-id-meta":"","stick-header-meta":"","header-above-stick-meta":"","header-main-stick-meta":"","header-below-stick-meta":"","astra-migrate-meta-layouts":"default","ast-page-background-enabled":"default","ast-page-background-meta":{"desktop":{"background-color":"var(--ast-global-color-4)","background-image":"","background-repeat":"repeat","background-position":"center center","background-size":"auto","background-attachment":"scroll","background-type":"","background-media":"","overlay-type":"","overlay-color":"","overlay-opacity":"","overlay-gradient":""},"tablet":{"background-color":"","background-image":"","background-repeat":"repeat","background-position":"center center","background-size":"auto","background-attachment":"scroll","background-type":"","background-media":"","overlay-type":"","overlay-color":"","overlay-opacity":"","overlay-gradient":""},"mobile":{"background-color":"","background-image":"","background-repeat":"repeat","background-position":"center center","background-size":"auto","background-attachment":"scroll","background-type":"","background-media":"","overlay-type":"","overlay-color":"","overlay-opacity":"","overlay-gradient":""}},"ast-content-background-meta":{"desktop":{"background-color":"var(--ast-global-color-5)","background-image":"","background-repeat":"repeat","background-position":"center center","background-size":"auto","background-attachment":"scroll","background-type":"","background-media":"","overlay-type":"","overlay-color":"","overlay-opacity":"","overlay-gradient":""},"tablet":{"background-color":"var(--ast-global-color-5)","background-image":"","background-repeat":"repeat","background-position":"center center","background-size":"auto","background-attachment":"scroll","background-type":"","background-media":"","overlay-type":"","overlay-color":"","overlay-opacity":"","overlay-gradient":""},"mobile":{"background-color":"var(--ast-global-color-5)","background-image":"","background-repeat":"repeat","background-position":"center center","background-size":"auto","background-attachment":"scroll","background-type":"","background-media":"","overlay-type":"","overlay-color":"","overlay-opacity":"","overlay-gradient":""}},"footnotes":""},"class_list":["post-1432","page","type-page","status-publish","hentry"],"post_mailing_queue_ids":[],"_links":{"self":[{"href":"https:\/\/agora.xtec.cat\/escolalapalmera\/wp-json\/wp\/v2\/pages\/1432","targetHints":{"allow":["GET"]}}],"collection":[{"href":"https:\/\/agora.xtec.cat\/escolalapalmera\/wp-json\/wp\/v2\/pages"}],"about":[{"href":"https:\/\/agora.xtec.cat\/escolalapalmera\/wp-json\/wp\/v2\/types\/page"}],"author":[{"embeddable":true,"href":"https:\/\/agora.xtec.cat\/escolalapalmera\/wp-json\/wp\/v2\/users\/1"}],"replies":[{"embeddable":true,"href":"https:\/\/agora.xtec.cat\/escolalapalmera\/wp-json\/wp\/v2\/comments?post=1432"}],"version-history":[{"count":3,"href":"https:\/\/agora.xtec.cat\/escolalapalmera\/wp-json\/wp\/v2\/pages\/1432\/revisions"}],"predecessor-version":[{"id":2325,"href":"https:\/\/agora.xtec.cat\/escolalapalmera\/wp-json\/wp\/v2\/pages\/1432\/revisions\/2325"}],"up":[{"embeddable":true,"href":"https:\/\/agora.xtec.cat\/escolalapalmera\/wp-json\/wp\/v2\/pages\/504"}],"wp:attachment":[{"href":"https:\/\/agora.xtec.cat\/escolalapalmera\/wp-json\/wp\/v2\/media?parent=1432"}],"curies":[{"name":"wp","href":"https:\/\/api.w.org\/{rel}","templated":true}]}}