{"id":87,"date":"2014-09-18T14:28:12","date_gmt":"2014-09-18T13:28:12","guid":{"rendered":"http:\/\/agora.xtec.cat\/escolalanoguera\/?page_id=87"},"modified":"2021-02-08T15:30:16","modified_gmt":"2021-02-08T14:30:16","slug":"nivells","status":"publish","type":"page","link":"https:\/\/agora.xtec.cat\/escolalanoguera\/nivells\/","title":{"rendered":"Nivells Educatius"},"content":{"rendered":"<p>De P3 a 6\u00e8 cada nivell t\u00e9 una p\u00e0gina pr\u00f2pia, que es creen mitjan\u00e7ant les categories.<\/p>\n<p>Les categories es defineixen des del men\u00fa de les entrades del blog. Paral\u00b7lelament als nivells tamb\u00e9 es poden definir m\u00e9s categories.<\/p>\n<p>Ja estan definides les categories:<\/p>\n<ul>\n<li>Educaci\u00f3 infantil<\/li>\n<li>Educaci\u00f3 prim\u00e0ria\n<ul>\n<li>Cicle Inicial<\/li>\n<li>Cicle Mitj\u00e0<\/li>\n<li>Cicle Superior<\/li>\n<\/ul>\n<\/li>\n<\/ul>\n","protected":false},"excerpt":{"rendered":"<p>De P3 a 6\u00e8 cada nivell t\u00e9 una p\u00e0gina pr\u00f2pia, que es creen mitjan\u00e7ant les categories. Les categories es defineixen des del men\u00fa de les entrades del blog. Paral\u00b7lelament als nivells tamb\u00e9 es poden definir m\u00e9s categories. Ja estan definides les categories: Educaci\u00f3 infantil Educaci\u00f3 prim\u00e0ria Cicle Inicial Cicle Mitj\u00e0 Cicle Superior<\/p>\n","protected":false},"author":1,"featured_media":0,"parent":0,"menu_order":0,"comment_status":"closed","ping_status":"closed","template":"page-templates\/side-menu.php","meta":{"_bbp_topic_count":0,"_bbp_reply_count":0,"_bbp_total_topic_count":0,"_bbp_total_reply_count":0,"_bbp_voice_count":0,"_bbp_anonymous_reply_count":0,"_bbp_topic_count_hidden":0,"_bbp_reply_count_hidden":0,"_bbp_forum_subforum_count":0,"site-sidebar-layout":"default","site-content-layout":"","ast-site-content-layout":"","site-content-style":"default","site-sidebar-style":"default","ast-global-header-display":"","ast-banner-title-visibility":"","ast-main-header-display":"","ast-hfb-above-header-display":"","ast-hfb-below-header-display":"","ast-hfb-mobile-header-display":"","site-post-title":"","ast-breadcrumbs-content":"","ast-featured-img":"","footer-sml-layout":"","theme-transparent-header-meta":"","adv-header-id-meta":"","stick-header-meta":"","header-above-stick-meta":"","header-main-stick-meta":"","header-below-stick-meta":"","astra-migrate-meta-layouts":"default","ast-page-background-enabled":"default","ast-page-background-meta":{"desktop":{"background-color":"var(--ast-global-color-4)","background-image":"","background-repeat":"repeat","background-position":"center center","background-size":"auto","background-attachment":"scroll","background-type":"","background-media":"","overlay-type":"","overlay-color":"","overlay-opacity":"","overlay-gradient":""},"tablet":{"background-color":"","background-image":"","background-repeat":"repeat","background-position":"center center","background-size":"auto","background-attachment":"scroll","background-type":"","background-media":"","overlay-type":"","overlay-color":"","overlay-opacity":"","overlay-gradient":""},"mobile":{"background-color":"","background-image":"","background-repeat":"repeat","background-position":"center center","background-size":"auto","background-attachment":"scroll","background-type":"","background-media":"","overlay-type":"","overlay-color":"","overlay-opacity":"","overlay-gradient":""}},"ast-content-background-meta":{"desktop":{"background-color":"var(--ast-global-color-5)","background-image":"","background-repeat":"repeat","background-position":"center center","background-size":"auto","background-attachment":"scroll","background-type":"","background-media":"","overlay-type":"","overlay-color":"","overlay-opacity":"","overlay-gradient":""},"tablet":{"background-color":"var(--ast-global-color-5)","background-image":"","background-repeat":"repeat","background-position":"center center","background-size":"auto","background-attachment":"scroll","background-type":"","background-media":"","overlay-type":"","overlay-color":"","overlay-opacity":"","overlay-gradient":""},"mobile":{"background-color":"var(--ast-global-color-5)","background-image":"","background-repeat":"repeat","background-position":"center center","background-size":"auto","background-attachment":"scroll","background-type":"","background-media":"","overlay-type":"","overlay-color":"","overlay-opacity":"","overlay-gradient":""}},"footnotes":""},"class_list":["post-87","page","type-page","status-publish","hentry"],"post_mailing_queue_ids":[],"_links":{"self":[{"href":"https:\/\/agora.xtec.cat\/escolalanoguera\/wp-json\/wp\/v2\/pages\/87","targetHints":{"allow":["GET"]}}],"collection":[{"href":"https:\/\/agora.xtec.cat\/escolalanoguera\/wp-json\/wp\/v2\/pages"}],"about":[{"href":"https:\/\/agora.xtec.cat\/escolalanoguera\/wp-json\/wp\/v2\/types\/page"}],"author":[{"embeddable":true,"href":"https:\/\/agora.xtec.cat\/escolalanoguera\/wp-json\/wp\/v2\/users\/1"}],"replies":[{"embeddable":true,"href":"https:\/\/agora.xtec.cat\/escolalanoguera\/wp-json\/wp\/v2\/comments?post=87"}],"version-history":[{"count":2,"href":"https:\/\/agora.xtec.cat\/escolalanoguera\/wp-json\/wp\/v2\/pages\/87\/revisions"}],"predecessor-version":[{"id":545,"href":"https:\/\/agora.xtec.cat\/escolalanoguera\/wp-json\/wp\/v2\/pages\/87\/revisions\/545"}],"wp:attachment":[{"href":"https:\/\/agora.xtec.cat\/escolalanoguera\/wp-json\/wp\/v2\/media?parent=87"}],"curies":[{"name":"wp","href":"https:\/\/api.w.org\/{rel}","templated":true}]}}