{"id":82,"date":"2014-09-18T14:10:51","date_gmt":"2014-09-18T13:10:51","guid":{"rendered":"http:\/\/agora.xtec.cat\/escolalanoguera\/?page_id=82"},"modified":"2021-05-24T16:52:37","modified_gmt":"2021-05-24T14:52:37","slug":"casal-destiu","status":"publish","type":"page","link":"https:\/\/agora.xtec.cat\/escolalanoguera\/serveis\/casal-destiu\/","title":{"rendered":"Casal d&#8217;estiu"},"content":{"rendered":"<p style=\"color: #444444;\"><strong>INFORMACI\u00d3 CASAL ESTIU CENTRE D&#8217;ESPLAI GASPAR DE PORTOL\u00c0<\/strong><\/p>\n<p>El Centre d&#8217;Esplai Gaspar de Portol\u00e0 est\u00e0 format per m\u00e9s de quaranta monitors i monitores, que any rere any fan activitats de lleure educatiu en diferents caracter\u00edstiques, des de col\u00f2nies, excursions trimestrals, grup jove&#8230; i una de les seves activitats estrella son els <strong>casals d&#8217;estiu.<\/strong><\/p>\n<p>L&#8217;Esplai programa casals d&#8217;estiu des de fa m\u00e9s de 40 anys. Actualment ho fa en un total de quatre escoles, una d&#8217;elles l&#8217;Escola La Noguera.<a href=\"https:\/\/agora.xtec.cat\/escolalanoguera\/wp-content\/uploads\/usu2433\/2021\/03\/IMG_20180905_120838.jpg\">\u00a0<\/a><\/p>\n<table style=\"height: 104px;\" width=\"1000\">\n<tbody>\n<tr>\n<td style=\"width: 496px;\"><a href=\"https:\/\/agora.xtec.cat\/escolalanoguera\/wp-content\/uploads\/usu2433\/2021\/03\/IMG-20180905-WA0028.jpg\"><img loading=\"lazy\" decoding=\"async\" class=\"alignnone size-large wp-image-934\" src=\"https:\/\/agora.xtec.cat\/escolalanoguera\/wp-content\/uploads\/usu2433\/2021\/03\/IMG-20180905-WA0028-1024x768.jpg\" alt=\"\" width=\"1024\" height=\"768\" srcset=\"https:\/\/agora.xtec.cat\/escolalanoguera\/wp-content\/uploads\/usu2433\/2021\/03\/IMG-20180905-WA0028.jpg 1024w, https:\/\/agora.xtec.cat\/escolalanoguera\/wp-content\/uploads\/usu2433\/2021\/03\/IMG-20180905-WA0028-300x225.jpg 300w, https:\/\/agora.xtec.cat\/escolalanoguera\/wp-content\/uploads\/usu2433\/2021\/03\/IMG-20180905-WA0028-768x576.jpg 768w, https:\/\/agora.xtec.cat\/escolalanoguera\/wp-content\/uploads\/usu2433\/2021\/03\/IMG-20180905-WA0028-200x150.jpg 200w\" sizes=\"auto, (max-width: 1024px) 100vw, 1024px\" \/><\/a><\/td>\n<td style=\"width: 496px;\"><a href=\"https:\/\/agora.xtec.cat\/escolalanoguera\/wp-content\/uploads\/usu2433\/2021\/03\/IMG_20180905_120838.jpg\"><img loading=\"lazy\" decoding=\"async\" class=\"alignnone size-large wp-image-933\" src=\"https:\/\/agora.xtec.cat\/escolalanoguera\/wp-content\/uploads\/usu2433\/2021\/03\/IMG_20180905_120838-1024x768.jpg\" alt=\"\" width=\"1024\" height=\"768\" srcset=\"https:\/\/agora.xtec.cat\/escolalanoguera\/wp-content\/uploads\/usu2433\/2021\/03\/IMG_20180905_120838.jpg 1024w, https:\/\/agora.xtec.cat\/escolalanoguera\/wp-content\/uploads\/usu2433\/2021\/03\/IMG_20180905_120838-300x225.jpg 300w, https:\/\/agora.xtec.cat\/escolalanoguera\/wp-content\/uploads\/usu2433\/2021\/03\/IMG_20180905_120838-768x576.jpg 768w, https:\/\/agora.xtec.cat\/escolalanoguera\/wp-content\/uploads\/usu2433\/2021\/03\/IMG_20180905_120838-200x150.jpg 200w\" sizes=\"auto, (max-width: 1024px) 100vw, 1024px\" \/><\/a><\/td>\n<\/tr>\n<\/tbody>\n<\/table>\n<p>Aquesta activitat es realitza durant vuit setmanes amb horari de mat\u00ed. La propos pedag\u00f2gica de tots els monitors i monitores que hi treballen es basa en un eix central, anomenat centre d&#8217;inter\u00e8s, on totes les activitats que s&#8217;hi realitzen giren al voltant d&#8217;aquesta hist\u00f2ria m\u00e0gica. Cada quinze dies canvia i durant si executen activitats com:<\/p>\n<ul>\n<li><strong>Excursions:<\/strong> visitem espais naturals, llocs d&#8217;inter\u00e8s, propostes culturals&#8230; per Balaguer i voltants de la comarca.<\/li>\n<li><strong>Trobades amb altres casals:<\/strong> gr\u00e0cies a la connexi\u00f3 de l&#8217;entitat amb d&#8217;altres que fan casal d&#8217;estiu tenim la sort de poder programar trobades per potenciar l&#8217;habilitat social dels infants que hi participen.<\/li>\n<li><strong>Tallers:<\/strong> experimentaci\u00f3 de les arts pl\u00e0stiques dissenyades segons l&#8217;eix del centre d&#8217;inter\u00e8s.<\/li>\n<li><strong>Piscina:<\/strong> dues vegades a la setmana els infants van a una de les piscines municipals de Balaguer.<\/li>\n<li><strong>Gimcanes i jocs diversos:<\/strong> cada setmana els monitors i monitores preparen moltes activitats motivadores i estimulants, amb la possibilitat de barrejar edats i crear espais l\u00fadics internivell.<\/li>\n<li><strong>Nits tem\u00e0tiques:<\/strong> cada quinze dies els dijous a la nit es tornen un lloc m\u00e0gic on l&#8217;aventura del centre d&#8217;inter\u00e8s cobra sentit.<\/li>\n<\/ul>\n<table style=\"height: 65px;\" width=\"1003\">\n<tbody>\n<tr>\n<td style=\"width: 497px;\"><a href=\"https:\/\/agora.xtec.cat\/escolalanoguera\/wp-content\/uploads\/usu2433\/2021\/03\/DSC_0452.jpg\"><img loading=\"lazy\" decoding=\"async\" class=\" wp-image-930\" src=\"https:\/\/agora.xtec.cat\/escolalanoguera\/wp-content\/uploads\/usu2433\/2021\/03\/DSC_0452-1024x683.jpg\" alt=\"\" width=\"492\" height=\"328\" srcset=\"https:\/\/agora.xtec.cat\/escolalanoguera\/wp-content\/uploads\/usu2433\/2021\/03\/DSC_0452.jpg 1024w, https:\/\/agora.xtec.cat\/escolalanoguera\/wp-content\/uploads\/usu2433\/2021\/03\/DSC_0452-300x200.jpg 300w, https:\/\/agora.xtec.cat\/escolalanoguera\/wp-content\/uploads\/usu2433\/2021\/03\/DSC_0452-768x512.jpg 768w\" sizes=\"auto, (max-width: 492px) 100vw, 492px\" \/><\/a><\/td>\n<td style=\"width: 498px;\"><a href=\"https:\/\/agora.xtec.cat\/escolalanoguera\/wp-content\/uploads\/usu2433\/2021\/03\/DSC_0382.jpg\"><img loading=\"lazy\" decoding=\"async\" class=\" wp-image-929\" src=\"https:\/\/agora.xtec.cat\/escolalanoguera\/wp-content\/uploads\/usu2433\/2021\/03\/DSC_0382-1024x683.jpg\" alt=\"\" width=\"480\" height=\"320\" srcset=\"https:\/\/agora.xtec.cat\/escolalanoguera\/wp-content\/uploads\/usu2433\/2021\/03\/DSC_0382.jpg 1024w, https:\/\/agora.xtec.cat\/escolalanoguera\/wp-content\/uploads\/usu2433\/2021\/03\/DSC_0382-300x200.jpg 300w, https:\/\/agora.xtec.cat\/escolalanoguera\/wp-content\/uploads\/usu2433\/2021\/03\/DSC_0382-768x512.jpg 768w\" sizes=\"auto, (max-width: 480px) 100vw, 480px\" \/><\/a><\/td>\n<\/tr>\n<\/tbody>\n<\/table>\n<p>Totes les activitats preparades per un equip de monitors i monitores, el qual sempre est\u00e0 format per persones actives a l&#8217;esplai, s&#8217;adapten a les diferents edats dels participants.<\/p>\n<table style=\"height: 170px;\" width=\"1018\">\n<tbody>\n<tr>\n<td style=\"width: 505px;\"><a href=\"https:\/\/agora.xtec.cat\/escolalanoguera\/wp-content\/uploads\/usu2433\/2021\/03\/DSC_0508.jpg\"><img loading=\"lazy\" decoding=\"async\" class=\" wp-image-931\" src=\"https:\/\/agora.xtec.cat\/escolalanoguera\/wp-content\/uploads\/usu2433\/2021\/03\/DSC_0508-1024x683.jpg\" alt=\"\" width=\"488\" height=\"326\" srcset=\"https:\/\/agora.xtec.cat\/escolalanoguera\/wp-content\/uploads\/usu2433\/2021\/03\/DSC_0508.jpg 1024w, https:\/\/agora.xtec.cat\/escolalanoguera\/wp-content\/uploads\/usu2433\/2021\/03\/DSC_0508-300x200.jpg 300w, https:\/\/agora.xtec.cat\/escolalanoguera\/wp-content\/uploads\/usu2433\/2021\/03\/DSC_0508-768x512.jpg 768w\" sizes=\"auto, (max-width: 488px) 100vw, 488px\" \/><\/a><\/td>\n<td style=\"width: 505px;\"><a href=\"https:\/\/agora.xtec.cat\/escolalanoguera\/wp-content\/uploads\/usu2433\/2021\/03\/DSC_0016.jpg\"><img loading=\"lazy\" decoding=\"async\" class=\" wp-image-927\" src=\"https:\/\/agora.xtec.cat\/escolalanoguera\/wp-content\/uploads\/usu2433\/2021\/03\/DSC_0016-1024x683.jpg\" alt=\"\" width=\"495\" height=\"330\" srcset=\"https:\/\/agora.xtec.cat\/escolalanoguera\/wp-content\/uploads\/usu2433\/2021\/03\/DSC_0016.jpg 1024w, https:\/\/agora.xtec.cat\/escolalanoguera\/wp-content\/uploads\/usu2433\/2021\/03\/DSC_0016-300x200.jpg 300w, https:\/\/agora.xtec.cat\/escolalanoguera\/wp-content\/uploads\/usu2433\/2021\/03\/DSC_0016-768x512.jpg 768w\" sizes=\"auto, (max-width: 495px) 100vw, 495px\" \/><\/a><\/td>\n<\/tr>\n<\/tbody>\n<\/table>\n<p><strong>AQUEST ANY PODEU DESCARREGAR TOTA LA INFORMACI\u00d3 DEL CASAL 2021:<\/strong><\/p>\n<p><a href=\"https:\/\/drive.google.com\/file\/d\/1jRgnUoY34ejB-jIC0xKnh8Y60GKXeTls\/view?usp=sharing\" target=\"_blank\" rel=\"noopener noreferrer\">SETMANES DEL CASAL D&#8217;ESTIU 2021<\/a><\/p>\n<p><a href=\"https:\/\/drive.google.com\/file\/d\/110y8qNrLBFXNMqEVJNt7y0xILi10o1Y2\/view?usp=sharing\" target=\"_blank\" rel=\"noopener noreferrer\">FULL INFORMATIU<\/a><\/p>\n<p>&nbsp;<\/p>\n<p>&nbsp;<\/p>\n<p>&nbsp;<\/p>\n","protected":false},"excerpt":{"rendered":"<p>INFORMACI\u00d3 CASAL ESTIU CENTRE D&#8217;ESPLAI GASPAR DE PORTOL\u00c0 El Centre d&#8217;Esplai Gaspar de Portol\u00e0 est\u00e0 format per m\u00e9s de quaranta monitors i monitores, que any rere any fan activitats de lleure educatiu en diferents caracter\u00edstiques, des de col\u00f2nies, excursions trimestrals, grup jove&#8230; i una de les seves activitats estrella son els casals d&#8217;estiu. L&#8217;Esplai programa [&hellip;]<\/p>\n","protected":false},"author":1,"featured_media":0,"parent":66,"menu_order":50,"comment_status":"closed","ping_status":"closed","template":"page-templates\/side-menu.php","meta":{"_bbp_topic_count":0,"_bbp_reply_count":0,"_bbp_total_topic_count":0,"_bbp_total_reply_count":0,"_bbp_voice_count":0,"_bbp_anonymous_reply_count":0,"_bbp_topic_count_hidden":0,"_bbp_reply_count_hidden":0,"_bbp_forum_subforum_count":0,"site-sidebar-layout":"default","site-content-layout":"","ast-site-content-layout":"","site-content-style":"default","site-sidebar-style":"default","ast-global-header-display":"","ast-banner-title-visibility":"","ast-main-header-display":"","ast-hfb-above-header-display":"","ast-hfb-below-header-display":"","ast-hfb-mobile-header-display":"","site-post-title":"","ast-breadcrumbs-content":"","ast-featured-img":"","footer-sml-layout":"","theme-transparent-header-meta":"","adv-header-id-meta":"","stick-header-meta":"","header-above-stick-meta":"","header-main-stick-meta":"","header-below-stick-meta":"","astra-migrate-meta-layouts":"default","ast-page-background-enabled":"default","ast-page-background-meta":{"desktop":{"background-color":"var(--ast-global-color-4)","background-image":"","background-repeat":"repeat","background-position":"center center","background-size":"auto","background-attachment":"scroll","background-type":"","background-media":"","overlay-type":"","overlay-color":"","overlay-opacity":"","overlay-gradient":""},"tablet":{"background-color":"","background-image":"","background-repeat":"repeat","background-position":"center center","background-size":"auto","background-attachment":"scroll","background-type":"","background-media":"","overlay-type":"","overlay-color":"","overlay-opacity":"","overlay-gradient":""},"mobile":{"background-color":"","background-image":"","background-repeat":"repeat","background-position":"center center","background-size":"auto","background-attachment":"scroll","background-type":"","background-media":"","overlay-type":"","overlay-color":"","overlay-opacity":"","overlay-gradient":""}},"ast-content-background-meta":{"desktop":{"background-color":"var(--ast-global-color-5)","background-image":"","background-repeat":"repeat","background-position":"center center","background-size":"auto","background-attachment":"scroll","background-type":"","background-media":"","overlay-type":"","overlay-color":"","overlay-opacity":"","overlay-gradient":""},"tablet":{"background-color":"var(--ast-global-color-5)","background-image":"","background-repeat":"repeat","background-position":"center center","background-size":"auto","background-attachment":"scroll","background-type":"","background-media":"","overlay-type":"","overlay-color":"","overlay-opacity":"","overlay-gradient":""},"mobile":{"background-color":"var(--ast-global-color-5)","background-image":"","background-repeat":"repeat","background-position":"center center","background-size":"auto","background-attachment":"scroll","background-type":"","background-media":"","overlay-type":"","overlay-color":"","overlay-opacity":"","overlay-gradient":""}},"footnotes":""},"class_list":["post-82","page","type-page","status-publish","hentry"],"post_mailing_queue_ids":[],"_links":{"self":[{"href":"https:\/\/agora.xtec.cat\/escolalanoguera\/wp-json\/wp\/v2\/pages\/82","targetHints":{"allow":["GET"]}}],"collection":[{"href":"https:\/\/agora.xtec.cat\/escolalanoguera\/wp-json\/wp\/v2\/pages"}],"about":[{"href":"https:\/\/agora.xtec.cat\/escolalanoguera\/wp-json\/wp\/v2\/types\/page"}],"author":[{"embeddable":true,"href":"https:\/\/agora.xtec.cat\/escolalanoguera\/wp-json\/wp\/v2\/users\/1"}],"replies":[{"embeddable":true,"href":"https:\/\/agora.xtec.cat\/escolalanoguera\/wp-json\/wp\/v2\/comments?post=82"}],"version-history":[{"count":3,"href":"https:\/\/agora.xtec.cat\/escolalanoguera\/wp-json\/wp\/v2\/pages\/82\/revisions"}],"predecessor-version":[{"id":1151,"href":"https:\/\/agora.xtec.cat\/escolalanoguera\/wp-json\/wp\/v2\/pages\/82\/revisions\/1151"}],"up":[{"embeddable":true,"href":"https:\/\/agora.xtec.cat\/escolalanoguera\/wp-json\/wp\/v2\/pages\/66"}],"wp:attachment":[{"href":"https:\/\/agora.xtec.cat\/escolalanoguera\/wp-json\/wp\/v2\/media?parent=82"}],"curies":[{"name":"wp","href":"https:\/\/api.w.org\/{rel}","templated":true}]}}