{"id":77,"date":"2014-09-18T14:05:08","date_gmt":"2014-09-18T13:05:08","guid":{"rendered":"http:\/\/agora.xtec.cat\/escolalanoguera\/?page_id=77"},"modified":"2021-02-08T19:09:32","modified_gmt":"2021-02-08T18:09:32","slug":"acollida","status":"publish","type":"page","link":"https:\/\/agora.xtec.cat\/escolalanoguera\/serveis\/acollida\/","title":{"rendered":"Acollida"},"content":{"rendered":"<p style=\"color: #666666;\">Per m\u00e9s informaci\u00f3 respecte el servei d&#8217;acollida, podeu clicar <a href=\"https:\/\/lleurequalia.cat\/ca\/c\/extraescolars-la-noguera-268\">aqu\u00ed\u00a0<\/a>.<\/p>\n<p><a href=\"https:\/\/agora.xtec.cat\/escolalanoguera\/wp-content\/uploads\/usu2433\/2021\/02\/Acollida-mat\u00ed.jpg\"><img loading=\"lazy\" decoding=\"async\" class=\"alignnone size-full wp-image-613\" src=\"https:\/\/agora.xtec.cat\/escolalanoguera\/wp-content\/uploads\/usu2433\/2021\/02\/Acollida-mat\u00ed.jpg\" alt=\"\" width=\"864\" height=\"192\" srcset=\"https:\/\/agora.xtec.cat\/escolalanoguera\/wp-content\/uploads\/usu2433\/2021\/02\/Acollida-mat\u00ed.jpg 864w, https:\/\/agora.xtec.cat\/escolalanoguera\/wp-content\/uploads\/usu2433\/2021\/02\/Acollida-mat\u00ed-300x67.jpg 300w, https:\/\/agora.xtec.cat\/escolalanoguera\/wp-content\/uploads\/usu2433\/2021\/02\/Acollida-mat\u00ed-768x171.jpg 768w\" sizes=\"auto, (max-width: 864px) 100vw, 864px\" \/><\/a> <a href=\"https:\/\/agora.xtec.cat\/escolalanoguera\/wp-content\/uploads\/usu2433\/2021\/02\/Acollida-tarda.jpg\"><img loading=\"lazy\" decoding=\"async\" class=\"alignnone size-large wp-image-614\" src=\"https:\/\/agora.xtec.cat\/escolalanoguera\/wp-content\/uploads\/usu2433\/2021\/02\/Acollida-tarda.jpg\" alt=\"\" width=\"862\" height=\"95\" srcset=\"https:\/\/agora.xtec.cat\/escolalanoguera\/wp-content\/uploads\/usu2433\/2021\/02\/Acollida-tarda.jpg 862w, https:\/\/agora.xtec.cat\/escolalanoguera\/wp-content\/uploads\/usu2433\/2021\/02\/Acollida-tarda-300x33.jpg 300w, https:\/\/agora.xtec.cat\/escolalanoguera\/wp-content\/uploads\/usu2433\/2021\/02\/Acollida-tarda-768x85.jpg 768w\" sizes=\"auto, (max-width: 862px) 100vw, 862px\" \/><\/a><\/p>\n","protected":false},"excerpt":{"rendered":"<p>Per m\u00e9s informaci\u00f3 respecte el servei d&#8217;acollida, podeu clicar aqu\u00ed\u00a0.<\/p>\n","protected":false},"author":1,"featured_media":0,"parent":66,"menu_order":20,"comment_status":"closed","ping_status":"closed","template":"page-templates\/side-menu.php","meta":{"_bbp_topic_count":0,"_bbp_reply_count":0,"_bbp_total_topic_count":0,"_bbp_total_reply_count":0,"_bbp_voice_count":0,"_bbp_anonymous_reply_count":0,"_bbp_topic_count_hidden":0,"_bbp_reply_count_hidden":0,"_bbp_forum_subforum_count":0,"site-sidebar-layout":"default","site-content-layout":"","ast-site-content-layout":"","site-content-style":"default","site-sidebar-style":"default","ast-global-header-display":"","ast-banner-title-visibility":"","ast-main-header-display":"","ast-hfb-above-header-display":"","ast-hfb-below-header-display":"","ast-hfb-mobile-header-display":"","site-post-title":"","ast-breadcrumbs-content":"","ast-featured-img":"","footer-sml-layout":"","theme-transparent-header-meta":"","adv-header-id-meta":"","stick-header-meta":"","header-above-stick-meta":"","header-main-stick-meta":"","header-below-stick-meta":"","astra-migrate-meta-layouts":"default","ast-page-background-enabled":"default","ast-page-background-meta":{"desktop":{"background-color":"var(--ast-global-color-4)","background-image":"","background-repeat":"repeat","background-position":"center center","background-size":"auto","background-attachment":"scroll","background-type":"","background-media":"","overlay-type":"","overlay-color":"","overlay-opacity":"","overlay-gradient":""},"tablet":{"background-color":"","background-image":"","background-repeat":"repeat","background-position":"center center","background-size":"auto","background-attachment":"scroll","background-type":"","background-media":"","overlay-type":"","overlay-color":"","overlay-opacity":"","overlay-gradient":""},"mobile":{"background-color":"","background-image":"","background-repeat":"repeat","background-position":"center center","background-size":"auto","background-attachment":"scroll","background-type":"","background-media":"","overlay-type":"","overlay-color":"","overlay-opacity":"","overlay-gradient":""}},"ast-content-background-meta":{"desktop":{"background-color":"var(--ast-global-color-5)","background-image":"","background-repeat":"repeat","background-position":"center center","background-size":"auto","background-attachment":"scroll","background-type":"","background-media":"","overlay-type":"","overlay-color":"","overlay-opacity":"","overlay-gradient":""},"tablet":{"background-color":"var(--ast-global-color-5)","background-image":"","background-repeat":"repeat","background-position":"center center","background-size":"auto","background-attachment":"scroll","background-type":"","background-media":"","overlay-type":"","overlay-color":"","overlay-opacity":"","overlay-gradient":""},"mobile":{"background-color":"var(--ast-global-color-5)","background-image":"","background-repeat":"repeat","background-position":"center center","background-size":"auto","background-attachment":"scroll","background-type":"","background-media":"","overlay-type":"","overlay-color":"","overlay-opacity":"","overlay-gradient":""}},"footnotes":""},"class_list":["post-77","page","type-page","status-publish","hentry"],"post_mailing_queue_ids":[],"_links":{"self":[{"href":"https:\/\/agora.xtec.cat\/escolalanoguera\/wp-json\/wp\/v2\/pages\/77","targetHints":{"allow":["GET"]}}],"collection":[{"href":"https:\/\/agora.xtec.cat\/escolalanoguera\/wp-json\/wp\/v2\/pages"}],"about":[{"href":"https:\/\/agora.xtec.cat\/escolalanoguera\/wp-json\/wp\/v2\/types\/page"}],"author":[{"embeddable":true,"href":"https:\/\/agora.xtec.cat\/escolalanoguera\/wp-json\/wp\/v2\/users\/1"}],"replies":[{"embeddable":true,"href":"https:\/\/agora.xtec.cat\/escolalanoguera\/wp-json\/wp\/v2\/comments?post=77"}],"version-history":[{"count":1,"href":"https:\/\/agora.xtec.cat\/escolalanoguera\/wp-json\/wp\/v2\/pages\/77\/revisions"}],"predecessor-version":[{"id":615,"href":"https:\/\/agora.xtec.cat\/escolalanoguera\/wp-json\/wp\/v2\/pages\/77\/revisions\/615"}],"up":[{"embeddable":true,"href":"https:\/\/agora.xtec.cat\/escolalanoguera\/wp-json\/wp\/v2\/pages\/66"}],"wp:attachment":[{"href":"https:\/\/agora.xtec.cat\/escolalanoguera\/wp-json\/wp\/v2\/media?parent=77"}],"curies":[{"name":"wp","href":"https:\/\/api.w.org\/{rel}","templated":true}]}}