{"id":660,"date":"2021-02-10T13:02:41","date_gmt":"2021-02-10T12:02:41","guid":{"rendered":"https:\/\/agora.xtec.cat\/escolalanoguera\/?page_id=660"},"modified":"2025-02-11T12:54:05","modified_gmt":"2025-02-11T11:54:05","slug":"preinscripcio-2020-21-procediment-i-terminis","status":"publish","type":"page","link":"https:\/\/agora.xtec.cat\/escolalanoguera\/preinscripcio-curs-2025-2026\/preinscripcio-2020-21-procediment-i-terminis\/","title":{"rendered":"Procediment i terminis"},"content":{"rendered":"<h4 id=\"FW_bloc_24c7f9f3-3a42-11eb-90aa-005056924a59_1\" class=\"FW_ancora\">Presentaci\u00f3 de sol\u00b7licituds de preinscripci\u00f3<\/h4>\n<ul>\n<li>Calendari de preinscripci\u00f3 2025-26<\/li>\n<\/ul>\n<div class=\"FW_sArticleFoto\">\n<div class=\"FW_sEditPro\">\n<ul>\n<li>Presentaci\u00f3 de sol\u00b7licituds:\n<ul>\n<li>Educaci\u00f3 infantil (3-6 anys) i educaci\u00f3 prim\u00e0ria:\u00a0<strong>del 12 al 26 de mar\u00e7<\/strong><\/li>\n<li>Educaci\u00f3 secund\u00e0ria obligat\u00f2ria: <strong>del 14 al 26 de mar\u00e7<\/strong><\/li>\n<\/ul>\n<\/li>\n<\/ul>\n<p>M\u00e9s informaci\u00f3 <a href=\"http:\/\/queestudiar.gencat.cat\/ca\/preinscripcio\/informacio-general-2021\/\" target=\"_blank\" rel=\"noopener noreferrer\">aqu\u00ed\u00a0<\/a><\/p>\n<\/div>\n<\/div>\n","protected":false},"excerpt":{"rendered":"<p>Presentaci\u00f3 de sol\u00b7licituds de preinscripci\u00f3 Calendari de preinscripci\u00f3 2025-26 Presentaci\u00f3 de sol\u00b7licituds: Educaci\u00f3 infantil (3-6 anys) i educaci\u00f3 prim\u00e0ria:\u00a0del 12 al 26 de mar\u00e7 Educaci\u00f3 secund\u00e0ria obligat\u00f2ria: del 14 al 26 de mar\u00e7 M\u00e9s informaci\u00f3 aqu\u00ed\u00a0<\/p>\n","protected":false},"author":1,"featured_media":0,"parent":658,"menu_order":0,"comment_status":"closed","ping_status":"closed","template":"","meta":{"_bbp_topic_count":0,"_bbp_reply_count":0,"_bbp_total_topic_count":0,"_bbp_total_reply_count":0,"_bbp_voice_count":0,"_bbp_anonymous_reply_count":0,"_bbp_topic_count_hidden":0,"_bbp_reply_count_hidden":0,"_bbp_forum_subforum_count":0,"site-sidebar-layout":"default","site-content-layout":"","ast-site-content-layout":"","site-content-style":"default","site-sidebar-style":"default","ast-global-header-display":"","ast-banner-title-visibility":"","ast-main-header-display":"","ast-hfb-above-header-display":"","ast-hfb-below-header-display":"","ast-hfb-mobile-header-display":"","site-post-title":"","ast-breadcrumbs-content":"","ast-featured-img":"","footer-sml-layout":"","theme-transparent-header-meta":"","adv-header-id-meta":"","stick-header-meta":"","header-above-stick-meta":"","header-main-stick-meta":"","header-below-stick-meta":"","astra-migrate-meta-layouts":"default","ast-page-background-enabled":"default","ast-page-background-meta":{"desktop":{"background-color":"var(--ast-global-color-4)","background-image":"","background-repeat":"repeat","background-position":"center center","background-size":"auto","background-attachment":"scroll","background-type":"","background-media":"","overlay-type":"","overlay-color":"","overlay-opacity":"","overlay-gradient":""},"tablet":{"background-color":"","background-image":"","background-repeat":"repeat","background-position":"center center","background-size":"auto","background-attachment":"scroll","background-type":"","background-media":"","overlay-type":"","overlay-color":"","overlay-opacity":"","overlay-gradient":""},"mobile":{"background-color":"","background-image":"","background-repeat":"repeat","background-position":"center center","background-size":"auto","background-attachment":"scroll","background-type":"","background-media":"","overlay-type":"","overlay-color":"","overlay-opacity":"","overlay-gradient":""}},"ast-content-background-meta":{"desktop":{"background-color":"var(--ast-global-color-5)","background-image":"","background-repeat":"repeat","background-position":"center center","background-size":"auto","background-attachment":"scroll","background-type":"","background-media":"","overlay-type":"","overlay-color":"","overlay-opacity":"","overlay-gradient":""},"tablet":{"background-color":"var(--ast-global-color-5)","background-image":"","background-repeat":"repeat","background-position":"center center","background-size":"auto","background-attachment":"scroll","background-type":"","background-media":"","overlay-type":"","overlay-color":"","overlay-opacity":"","overlay-gradient":""},"mobile":{"background-color":"var(--ast-global-color-5)","background-image":"","background-repeat":"repeat","background-position":"center center","background-size":"auto","background-attachment":"scroll","background-type":"","background-media":"","overlay-type":"","overlay-color":"","overlay-opacity":"","overlay-gradient":""}},"footnotes":""},"class_list":["post-660","page","type-page","status-publish","hentry"],"post_mailing_queue_ids":[],"_links":{"self":[{"href":"https:\/\/agora.xtec.cat\/escolalanoguera\/wp-json\/wp\/v2\/pages\/660","targetHints":{"allow":["GET"]}}],"collection":[{"href":"https:\/\/agora.xtec.cat\/escolalanoguera\/wp-json\/wp\/v2\/pages"}],"about":[{"href":"https:\/\/agora.xtec.cat\/escolalanoguera\/wp-json\/wp\/v2\/types\/page"}],"author":[{"embeddable":true,"href":"https:\/\/agora.xtec.cat\/escolalanoguera\/wp-json\/wp\/v2\/users\/1"}],"replies":[{"embeddable":true,"href":"https:\/\/agora.xtec.cat\/escolalanoguera\/wp-json\/wp\/v2\/comments?post=660"}],"version-history":[{"count":5,"href":"https:\/\/agora.xtec.cat\/escolalanoguera\/wp-json\/wp\/v2\/pages\/660\/revisions"}],"predecessor-version":[{"id":2226,"href":"https:\/\/agora.xtec.cat\/escolalanoguera\/wp-json\/wp\/v2\/pages\/660\/revisions\/2226"}],"up":[{"embeddable":true,"href":"https:\/\/agora.xtec.cat\/escolalanoguera\/wp-json\/wp\/v2\/pages\/658"}],"wp:attachment":[{"href":"https:\/\/agora.xtec.cat\/escolalanoguera\/wp-json\/wp\/v2\/media?parent=660"}],"curies":[{"name":"wp","href":"https:\/\/api.w.org\/{rel}","templated":true}]}}