{"id":658,"date":"2021-02-10T12:45:50","date_gmt":"2021-02-10T11:45:50","guid":{"rendered":"https:\/\/agora.xtec.cat\/escolalanoguera\/?page_id=658"},"modified":"2026-02-13T10:50:51","modified_gmt":"2026-02-13T09:50:51","slug":"preinscripcio-curs-2025-2026","status":"publish","type":"page","link":"https:\/\/agora.xtec.cat\/escolalanoguera\/preinscripcio-curs-2025-2026\/","title":{"rendered":"PREINSCRIPCI\u00d3 CURS 2026 &#8211; 2027"},"content":{"rendered":"<table width=\"100%\">\n<tbody>\n<tr>\n<td>\n<h2 style=\"text-align: center;\"><strong>PREINSCRIPCI\u00d3 2026-27<\/strong><\/h2>\n<\/td>\n<\/tr>\n<\/tbody>\n<\/table>\n<p>&nbsp;<\/p>\n<table width=\"697\">\n<tbody>\n<tr>\n<td width=\"480\"><strong>FASE DE LA PREINSCRIPCI\u00d3<\/strong><\/td>\n<td width=\"217\"><strong>DATES<\/strong><\/td>\n<\/tr>\n<tr>\n<td width=\"480\">Publicaci\u00f3 de l\u2019oferta inicial<\/td>\n<td width=\"217\">3 de mar\u00e7<\/td>\n<\/tr>\n<tr>\n<td width=\"480\"><strong>Presentaci\u00f3 i\/o modi\ufb01caci\u00f3 de les sol\u00b7licituds <\/strong><\/td>\n<td width=\"217\"><strong>del 4 al 18 de mar\u00e7<\/strong><\/td>\n<\/tr>\n<tr>\n<td width=\"480\">Presentaci\u00f3 de documentaci\u00f3<\/td>\n<td width=\"217\">Fins al 19 de mar\u00e7<\/td>\n<\/tr>\n<tr>\n<td width=\"480\">Publicaci\u00f3 llista sol\u00b7licituds amb puntuaci\u00f3 provisional<\/td>\n<td width=\"217\">15 d\u2019abril<\/td>\n<\/tr>\n<tr>\n<td width=\"480\">Presentaci\u00f3 de reclamacions<\/td>\n<td width=\"217\">del 15 al 20 d\u2019abril<\/td>\n<\/tr>\n<tr>\n<td width=\"480\">Publicaci\u00f3 llistes un cop resoltes reclamacions<\/td>\n<td width=\"217\">23 d\u2019abril<\/td>\n<\/tr>\n<tr>\n<td width=\"480\">Sorteig<\/td>\n<td width=\"217\">28 d\u2019abril<\/td>\n<\/tr>\n<tr>\n<td width=\"480\">Publicaci\u00f3 de llista ordenada<\/td>\n<td width=\"217\">30 d\u2019abril<\/td>\n<\/tr>\n<tr>\n<td width=\"480\">Ampliaci\u00f3 de peticions de preinscripci\u00f3 per alumnat NEEB sense pla\u00e7a assignada a cap centre (petici\u00f3 original)<\/td>\n<td width=\"217\">13 i 14 de maig<\/td>\n<\/tr>\n<tr>\n<td width=\"480\">Ampliaci\u00f3 de peticions de preinscripci\u00f3 per alumnat ordinari sense pla\u00e7a assignada a cap centre (petici\u00f3 original)<\/td>\n<td width=\"217\">de l\u20191 al 3 de juny<\/td>\n<\/tr>\n<tr>\n<td width=\"480\">Publicaci\u00f3 de l\u2019oferta \ufb01nal<\/td>\n<td width=\"217\">10 de juny<\/td>\n<\/tr>\n<tr>\n<td width=\"480\"><strong>Publicaci\u00f3 llista d\u2019admesos i llista d\u2019espera<\/strong><\/td>\n<td width=\"217\"><strong>10 de juny<\/strong><\/td>\n<\/tr>\n<tr>\n<td width=\"480\">Reclamacions a les llistes d\u2019alumnes amb pla\u00e7a assignada davant la CGA.<\/td>\n<td width=\"217\">del 10 al 12 de juny<\/td>\n<\/tr>\n<tr>\n<td width=\"480\"><strong>PER\u00cdODE DE MATRICULACI\u00d3<\/strong><\/td>\n<td width=\"217\">&nbsp;<\/td>\n<\/tr>\n<tr>\n<td width=\"480\">Alumnat procedent de la preinscripci\u00f3<\/td>\n<td width=\"217\">Del 22 al 30 de juny<\/td>\n<\/tr>\n<\/tbody>\n<\/table>\n<p>&nbsp;<\/p>\n<p>&nbsp;<\/p>\n","protected":false},"excerpt":{"rendered":"<p>PREINSCRIPCI\u00d3 2026-27 &nbsp; FASE DE LA PREINSCRIPCI\u00d3 DATES Publicaci\u00f3 de l\u2019oferta inicial 3 de mar\u00e7 Presentaci\u00f3 i\/o modi\ufb01caci\u00f3 de les sol\u00b7licituds del 4 al 18 de mar\u00e7 Presentaci\u00f3 de documentaci\u00f3 Fins al 19 de mar\u00e7 Publicaci\u00f3 llista sol\u00b7licituds amb puntuaci\u00f3 provisional 15 d\u2019abril Presentaci\u00f3 de reclamacions del 15 al 20 d\u2019abril Publicaci\u00f3 llistes un cop [&hellip;]<\/p>\n","protected":false},"author":1,"featured_media":0,"parent":0,"menu_order":0,"comment_status":"closed","ping_status":"closed","template":"","meta":{"_bbp_topic_count":0,"_bbp_reply_count":0,"_bbp_total_topic_count":0,"_bbp_total_reply_count":0,"_bbp_voice_count":0,"_bbp_anonymous_reply_count":0,"_bbp_topic_count_hidden":0,"_bbp_reply_count_hidden":0,"_bbp_forum_subforum_count":0,"site-sidebar-layout":"default","site-content-layout":"","ast-site-content-layout":"","site-content-style":"default","site-sidebar-style":"default","ast-global-header-display":"","ast-banner-title-visibility":"","ast-main-header-display":"","ast-hfb-above-header-display":"","ast-hfb-below-header-display":"","ast-hfb-mobile-header-display":"","site-post-title":"","ast-breadcrumbs-content":"","ast-featured-img":"","footer-sml-layout":"","theme-transparent-header-meta":"","adv-header-id-meta":"","stick-header-meta":"","header-above-stick-meta":"","header-main-stick-meta":"","header-below-stick-meta":"","astra-migrate-meta-layouts":"default","ast-page-background-enabled":"default","ast-page-background-meta":{"desktop":{"background-color":"var(--ast-global-color-4)","background-image":"","background-repeat":"repeat","background-position":"center center","background-size":"auto","background-attachment":"scroll","background-type":"","background-media":"","overlay-type":"","overlay-color":"","overlay-opacity":"","overlay-gradient":""},"tablet":{"background-color":"","background-image":"","background-repeat":"repeat","background-position":"center center","background-size":"auto","background-attachment":"scroll","background-type":"","background-media":"","overlay-type":"","overlay-color":"","overlay-opacity":"","overlay-gradient":""},"mobile":{"background-color":"","background-image":"","background-repeat":"repeat","background-position":"center center","background-size":"auto","background-attachment":"scroll","background-type":"","background-media":"","overlay-type":"","overlay-color":"","overlay-opacity":"","overlay-gradient":""}},"ast-content-background-meta":{"desktop":{"background-color":"var(--ast-global-color-5)","background-image":"","background-repeat":"repeat","background-position":"center center","background-size":"auto","background-attachment":"scroll","background-type":"","background-media":"","overlay-type":"","overlay-color":"","overlay-opacity":"","overlay-gradient":""},"tablet":{"background-color":"var(--ast-global-color-5)","background-image":"","background-repeat":"repeat","background-position":"center center","background-size":"auto","background-attachment":"scroll","background-type":"","background-media":"","overlay-type":"","overlay-color":"","overlay-opacity":"","overlay-gradient":""},"mobile":{"background-color":"var(--ast-global-color-5)","background-image":"","background-repeat":"repeat","background-position":"center center","background-size":"auto","background-attachment":"scroll","background-type":"","background-media":"","overlay-type":"","overlay-color":"","overlay-opacity":"","overlay-gradient":""}},"footnotes":""},"class_list":["post-658","page","type-page","status-publish","hentry"],"post_mailing_queue_ids":[],"_links":{"self":[{"href":"https:\/\/agora.xtec.cat\/escolalanoguera\/wp-json\/wp\/v2\/pages\/658","targetHints":{"allow":["GET"]}}],"collection":[{"href":"https:\/\/agora.xtec.cat\/escolalanoguera\/wp-json\/wp\/v2\/pages"}],"about":[{"href":"https:\/\/agora.xtec.cat\/escolalanoguera\/wp-json\/wp\/v2\/types\/page"}],"author":[{"embeddable":true,"href":"https:\/\/agora.xtec.cat\/escolalanoguera\/wp-json\/wp\/v2\/users\/1"}],"replies":[{"embeddable":true,"href":"https:\/\/agora.xtec.cat\/escolalanoguera\/wp-json\/wp\/v2\/comments?post=658"}],"version-history":[{"count":6,"href":"https:\/\/agora.xtec.cat\/escolalanoguera\/wp-json\/wp\/v2\/pages\/658\/revisions"}],"predecessor-version":[{"id":2460,"href":"https:\/\/agora.xtec.cat\/escolalanoguera\/wp-json\/wp\/v2\/pages\/658\/revisions\/2460"}],"wp:attachment":[{"href":"https:\/\/agora.xtec.cat\/escolalanoguera\/wp-json\/wp\/v2\/media?parent=658"}],"curies":[{"name":"wp","href":"https:\/\/api.w.org\/{rel}","templated":true}]}}