{"id":28,"date":"2014-09-18T12:29:35","date_gmt":"2014-09-18T11:29:35","guid":{"rendered":"http:\/\/agora.xtec.cat\/escolalanoguera\/?page_id=28"},"modified":"2025-11-07T15:34:16","modified_gmt":"2025-11-07T14:34:16","slug":"consell-escolar","status":"publish","type":"page","link":"https:\/\/agora.xtec.cat\/escolalanoguera\/lescola\/consell-escolar\/","title":{"rendered":"Consell escolar"},"content":{"rendered":"<h4 style=\"text-align: left;\"><strong>\u00a0 \u00a0 \u00a0 \u00a0 \u00a0 \u00a0 \u00a0<\/strong><span style=\"font-size: medium;\">CALENDARI <\/span><span style=\"font-size: medium;\">ELECCIONS <\/span><span style=\"font-size: medium;\">DEL CONSELL ESCOLAR <\/span><span style=\"font-size: medium;\">CURS 2025-26<\/span><\/h4>\n<table border=\"0\" cellspacing=\"0\">\n<colgroup width=\"184\"><\/colgroup>\n<colgroup width=\"837\"><\/colgroup>\n<tbody>\n<tr>\n<td align=\"center\" height=\"28\"><span style=\"font-family: Arial;\">27\/10\/25<\/span><\/td>\n<td align=\"left\"><span style=\"color: #000000; font-family: Arial;\">Convocat\u00f2ria d\u2019eleccions per part del Director del centre<\/span><\/td>\n<\/tr>\n<tr>\n<td align=\"center\" height=\"53\"><span style=\"font-family: Arial;\">27\/10\/25<\/span><\/td>\n<td align=\"left\"><span style=\"font-family: Arial;\">Publicaci\u00f3 dels censos electorals dels sectors :<br \/>\nFAM\u00cdLIES i PROFESSORAT<\/span><\/td>\n<\/tr>\n<tr>\n<td align=\"center\" height=\"28\"><span style=\"font-family: Arial;\">28 al 30 octubre<\/span><\/td>\n<td align=\"left\"><span style=\"font-family: Arial;\">Presentaci\u00f3 de reclamacions al censos electorals<\/span><\/td>\n<\/tr>\n<tr>\n<td align=\"center\" height=\"28\"><span style=\"font-family: Arial;\">03\/11\/25<\/span><\/td>\n<td align=\"left\"><span style=\"font-family: Arial;\">Sorteig en sessi\u00f3 p\u00fablica per designar els membres vocals de les meses electorals del sector : PARES i MARES<\/span><\/td>\n<\/tr>\n<tr>\n<td align=\"center\" height=\"28\"><span style=\"font-family: Arial;\">04\/11\/25<\/span><\/td>\n<td align=\"left\"><span style=\"font-family: Arial;\">Convocat\u00f2ria a constituir les Meses Electorals<\/span><\/td>\n<\/tr>\n<tr>\n<td align=\"center\" height=\"28\"><span style=\"font-family: Arial;\">04\/11\/25<\/span><\/td>\n<td align=\"left\"><span style=\"font-family: Arial;\">Publicar la composici\u00f3 de totes les meses electorals<\/span><\/td>\n<\/tr>\n<tr>\n<td align=\"center\" height=\"77\"><span style=\"font-family: Arial;\">05\/11\/25<\/span><\/td>\n<td align=\"left\"><span style=\"font-family: Arial;\">Resoluci\u00f3 de les reclamacions als censos electorals<br \/>\nAprovaci\u00f3 dels censos electorals definitius<br \/>\nPublicaci\u00f3 censos electorals definitius<\/span><\/td>\n<\/tr>\n<tr>\n<td align=\"center\" height=\"28\"><span style=\"font-family: Arial;\">07\/11\/25<\/span><\/td>\n<td align=\"left\"><span style=\"font-family: Arial;\">Constituci\u00f3 Meses Electorals <\/span><\/td>\n<\/tr>\n<tr>\n<td align=\"center\" height=\"28\"><span style=\"font-family: Arial;\"> 3 al 11 novembre<\/span><\/td>\n<td align=\"left\"><span style=\"font-family: Arial;\">Presentaci\u00f3 de candidatures al president de les Meses Electorals<\/span><\/td>\n<\/tr>\n<tr>\n<td align=\"center\" height=\"28\"><span style=\"font-family: Arial;\">13\/11\/25<\/span><\/td>\n<td align=\"left\"><span style=\"font-family: Arial;\">Proclamaci\u00f3 i publicaci\u00f3 de les candidatures presentades per part de cada Mesa Electoral<\/span><\/td>\n<\/tr>\n<tr>\n<td align=\"center\" height=\"28\"><span style=\"font-family: Arial;\">14\/11\/25<\/span><\/td>\n<td align=\"left\"><span style=\"font-family: Arial;\">Presentaci\u00f3 sol\u00b7licituds per actuar com a supervisors<\/span><\/td>\n<\/tr>\n<tr>\n<td align=\"center\" height=\"28\"><span style=\"font-family: Arial;\">18\/11\/25<\/span><\/td>\n<td align=\"left\"><b><span style=\"color: #000000; font-family: Arial;\">Eleccions del sector : PROFESSORAT<\/span><\/b><\/td>\n<\/tr>\n<tr>\n<td align=\"center\" height=\"28\"><span style=\"font-family: Arial;\">20\/11\/25<\/span><\/td>\n<td align=\"left\"><b><span style=\"font-family: Arial;\">Eleccions del sector: FAM\u00cdLIES <\/span><\/b><\/td>\n<\/tr>\n<tr>\n<td align=\"center\" height=\"28\"><span style=\"font-family: Arial;\">21\/11\/25<\/span><\/td>\n<td align=\"left\"><span style=\"font-family: Arial;\">Publicaci\u00f3 resultats de les eleccions de tots els sectors<\/span><\/td>\n<\/tr>\n<tr>\n<td align=\"center\" height=\"53\"><span style=\"font-family: Arial;\">26\/11\/25<\/span><\/td>\n<td align=\"left\"><span style=\"font-family: Arial;\">Nomenaments i convocat\u00f2ria dels membres del nou Consell Escolar del centre .<br \/>\nAgra\u00efments membres sortints.<\/span><\/td>\n<\/tr>\n<tr>\n<td align=\"center\" height=\"28\"><span style=\"font-family: Arial;\">11\/12\/25<\/span><\/td>\n<td align=\"left\"><span style=\"font-family: Arial;\">\u00a0<\/span><\/td>\n<\/tr>\n<\/tbody>\n<\/table>\n<p>&nbsp;<\/p>\n<p><a href=\"https:\/\/drive.google.com\/file\/d\/10Wyo89B9HR_rN_bYw_VtRgK0l8G5iEI5\/view?usp=drive_link\">1. Convocatoria eleccions &#8211; PDF<\/a><\/p>\n<p><a href=\"https:\/\/docs.google.com\/spreadsheets\/d\/1kz75eBnTIHPhTFLSTsLWEAcQ7Wwm5xEQ\/edit?usp=sharing&amp;ouid=116814060102933204108&amp;rtpof=true&amp;sd=true\">2. Cens consell Escolar professorat.<\/a><\/p>\n<p><a href=\"https:\/\/docs.google.com\/spreadsheets\/d\/1VWWQ2WOBBf1tF4wmzwb9DH0MAojJ7U_B\/edit?usp=sharing&amp;ouid=116814060102933204108&amp;rtpof=true&amp;sd=true\">3. Cens consell Escolar fam\u00edlies<\/a><\/p>\n<p><a href=\"https:\/\/drive.google.com\/file\/d\/1HXJ4zNcJ2llgmxj_afiRyK1qlilZZsWS\/view?usp=drive_link\">4. Composici\u00f3 de les meses electorals<\/a><\/p>\n<p><a href=\"https:\/\/www.youtube.com\/watch?v=EiP4bdgaUCc&amp;t=32s\">5. V\u00eddeo presentaci\u00f3 del Consell Escolar 2025<\/a><\/p>\n<p style=\"text-align: center;\"><iframe loading=\"lazy\" src=\"\/\/www.youtube.com\/embed\/EiP4bdgaUCc?si=KIUgQmdg3FFJvLKM\" width=\"560\" height=\"314\" allowfullscreen=\"allowfullscreen\"><\/iframe><\/p>\n<p>&nbsp;<\/p>\n<table class=\"aligncenter\" style=\"height: 27px; width: 71.1241%;\" width=\"1012\">\n<tbody>\n<tr style=\"height: 15px;\">\n<td style=\"height: 15px; width: 94.4954%;\" colspan=\"3\">\n<h4><strong>MEMBRES DEL CONSELL ESCOLAR\u00a0<\/strong><\/h4>\n<\/td>\n<\/tr>\n<tr style=\"height: 31px;\">\n<td style=\"height: 31px; width: 31.6004%;\"><strong>Sector administraci\u00f3<\/strong><\/td>\n<td style=\"height: 31px; width: 34.9643%;\"><strong>Sector mares i pares<\/strong><\/td>\n<td style=\"height: 31px; width: 27.9307%;\"><strong>Sector mestres<\/strong><\/td>\n<\/tr>\n<tr style=\"height: 136px;\">\n<td style=\"height: 136px; width: 31.6004%;\">Jordi Palac\u00ed (president)<\/p>\n<p>Eli Pujol (cap d&#8217;estudis)<\/p>\n<p>Tresa Coll (PAS)<\/p>\n<p>Sandra Madue\u00f1o (Paeria)<\/p>\n<p>Santi Amores (secretari)<\/td>\n<td style=\"height: 136px; width: 34.9643%;\">C\u00e8lia Camarasa<\/p>\n<p>Oriol Del Rio<\/p>\n<p>Judit Garcia<\/p>\n<p>Albert Saiz<\/p>\n<p>Carolina Naudi (representant AFA)<\/td>\n<td style=\"height: 136px; width: 27.9307%;\">N\u00faria Bar\u00f3<\/p>\n<p>Rosa Pujol<\/p>\n<p>Emi Mart\u00ednez<\/p>\n<p>In\u00e9s D\u00edaz Tostado<\/p>\n<p>Carme Jordana<\/p>\n<p>&nbsp;<\/td>\n<\/tr>\n<\/tbody>\n<\/table>\n<p>&nbsp;<\/p>\n<p>&nbsp;<\/p>\n<p>&nbsp;<\/p>\n<p>&nbsp;<\/p>\n<p>&nbsp;<\/p>\n<p>&nbsp;<\/p>\n<p>&nbsp;<\/p>\n<p>&nbsp;<\/p>\n","protected":false},"excerpt":{"rendered":"<p>\u00a0 \u00a0 \u00a0 \u00a0 \u00a0 \u00a0 \u00a0CALENDARI ELECCIONS DEL CONSELL ESCOLAR CURS 2025-26 27\/10\/25 Convocat\u00f2ria d\u2019eleccions per part del Director del centre 27\/10\/25 Publicaci\u00f3 dels censos electorals dels sectors : FAM\u00cdLIES i PROFESSORAT 28 al 30 octubre Presentaci\u00f3 de reclamacions al censos electorals 03\/11\/25 Sorteig en sessi\u00f3 p\u00fablica per designar els membres vocals de les [&hellip;]<\/p>\n","protected":false},"author":1,"featured_media":0,"parent":22,"menu_order":30,"comment_status":"closed","ping_status":"closed","template":"page-templates\/side-menu.php","meta":{"_bbp_topic_count":0,"_bbp_reply_count":0,"_bbp_total_topic_count":0,"_bbp_total_reply_count":0,"_bbp_voice_count":0,"_bbp_anonymous_reply_count":0,"_bbp_topic_count_hidden":0,"_bbp_reply_count_hidden":0,"_bbp_forum_subforum_count":0,"site-sidebar-layout":"default","site-content-layout":"","ast-site-content-layout":"","site-content-style":"default","site-sidebar-style":"default","ast-global-header-display":"","ast-banner-title-visibility":"","ast-main-header-display":"","ast-hfb-above-header-display":"","ast-hfb-below-header-display":"","ast-hfb-mobile-header-display":"","site-post-title":"","ast-breadcrumbs-content":"","ast-featured-img":"","footer-sml-layout":"","theme-transparent-header-meta":"","adv-header-id-meta":"","stick-header-meta":"","header-above-stick-meta":"","header-main-stick-meta":"","header-below-stick-meta":"","astra-migrate-meta-layouts":"default","ast-page-background-enabled":"default","ast-page-background-meta":{"desktop":{"background-color":"var(--ast-global-color-4)","background-image":"","background-repeat":"repeat","background-position":"center center","background-size":"auto","background-attachment":"scroll","background-type":"","background-media":"","overlay-type":"","overlay-color":"","overlay-opacity":"","overlay-gradient":""},"tablet":{"background-color":"","background-image":"","background-repeat":"repeat","background-position":"center center","background-size":"auto","background-attachment":"scroll","background-type":"","background-media":"","overlay-type":"","overlay-color":"","overlay-opacity":"","overlay-gradient":""},"mobile":{"background-color":"","background-image":"","background-repeat":"repeat","background-position":"center center","background-size":"auto","background-attachment":"scroll","background-type":"","background-media":"","overlay-type":"","overlay-color":"","overlay-opacity":"","overlay-gradient":""}},"ast-content-background-meta":{"desktop":{"background-color":"var(--ast-global-color-5)","background-image":"","background-repeat":"repeat","background-position":"center center","background-size":"auto","background-attachment":"scroll","background-type":"","background-media":"","overlay-type":"","overlay-color":"","overlay-opacity":"","overlay-gradient":""},"tablet":{"background-color":"var(--ast-global-color-5)","background-image":"","background-repeat":"repeat","background-position":"center center","background-size":"auto","background-attachment":"scroll","background-type":"","background-media":"","overlay-type":"","overlay-color":"","overlay-opacity":"","overlay-gradient":""},"mobile":{"background-color":"var(--ast-global-color-5)","background-image":"","background-repeat":"repeat","background-position":"center center","background-size":"auto","background-attachment":"scroll","background-type":"","background-media":"","overlay-type":"","overlay-color":"","overlay-opacity":"","overlay-gradient":""}},"footnotes":""},"class_list":["post-28","page","type-page","status-publish","hentry"],"post_mailing_queue_ids":[],"_links":{"self":[{"href":"https:\/\/agora.xtec.cat\/escolalanoguera\/wp-json\/wp\/v2\/pages\/28","targetHints":{"allow":["GET"]}}],"collection":[{"href":"https:\/\/agora.xtec.cat\/escolalanoguera\/wp-json\/wp\/v2\/pages"}],"about":[{"href":"https:\/\/agora.xtec.cat\/escolalanoguera\/wp-json\/wp\/v2\/types\/page"}],"author":[{"embeddable":true,"href":"https:\/\/agora.xtec.cat\/escolalanoguera\/wp-json\/wp\/v2\/users\/1"}],"replies":[{"embeddable":true,"href":"https:\/\/agora.xtec.cat\/escolalanoguera\/wp-json\/wp\/v2\/comments?post=28"}],"version-history":[{"count":7,"href":"https:\/\/agora.xtec.cat\/escolalanoguera\/wp-json\/wp\/v2\/pages\/28\/revisions"}],"predecessor-version":[{"id":2427,"href":"https:\/\/agora.xtec.cat\/escolalanoguera\/wp-json\/wp\/v2\/pages\/28\/revisions\/2427"}],"up":[{"embeddable":true,"href":"https:\/\/agora.xtec.cat\/escolalanoguera\/wp-json\/wp\/v2\/pages\/22"}],"wp:attachment":[{"href":"https:\/\/agora.xtec.cat\/escolalanoguera\/wp-json\/wp\/v2\/media?parent=28"}],"curies":[{"name":"wp","href":"https:\/\/api.w.org\/{rel}","templated":true}]}}