{"id":26,"date":"2014-09-18T12:24:32","date_gmt":"2014-09-18T11:24:32","guid":{"rendered":"http:\/\/agora.xtec.cat\/escolalanoguera\/?page_id=26"},"modified":"2021-02-08T11:42:27","modified_gmt":"2021-02-08T10:42:27","slug":"historia","status":"publish","type":"page","link":"https:\/\/agora.xtec.cat\/escolalanoguera\/lescola\/historia\/","title":{"rendered":"Hist\u00f2ria de l&#8217;escola"},"content":{"rendered":"<p>L&#8217;augment de poblaci\u00f3 a Balaguer entre el 1950 i 1970 afavor\u00ed la creaci\u00f3 d&#8217;un nou centre escolar que obr\u00ed les seves portes el curs 1974\/75.<\/p>\n<p>En els seus inicis l&#8217;escola, que s&#8217;anomenava &#8220;Grup escolar de la Carretera de Castell\u00f3&#8221;, depenia administrativament del primer centre p\u00fablic de la ciutat, CN Primo de Rivera, actualment CEIP \u00c0ngel Guimer\u00e0. En el col\u00b7legi hi havia, aleshores, 292 alumnes distribu\u00efts en vuit unitats d&#8217;EGB i una de preescolar.<\/p>\n<p>La independitzaci\u00f3 del col\u00b7legi data de l&#8217;any 1975. Precisament aquest any, l&#8217;Ajuntament de Balaguer aprov\u00e0 de canviar-li el nom, acceptant una proposta que havia fet la Delegaci\u00f3 Provincial. Tot i aix\u00ed, la independ\u00e8ncia no es fa real fins el 23 de mar\u00e7 de 1977 en que apareix la publicaci\u00f3 de l&#8217;ordre ministerial.<\/p>\n<p>El 1979 t\u00e9 lloc la construcci\u00f3 d&#8217;un edifici annex dedicat a allotjar els dos cursos de preescolar que es ficaren en funcionament aquell mateix any. Igualment es pos\u00e0 en funcionament una unitat de recuperaci\u00f3 que fou suprimida m\u00e9s endavant i despr\u00e9s novament recuperada de forma definitiva.<\/p>\n<p>L&#8217;any 1985 es van fer petites obres al porxo per construir una aula taller i, al juny del 1989 comen\u00e7aren les obres per dotar el gimn\u00e0s d&#8217;uns vestidors amb aigua calenta.<\/p>\n<p>El 1998 es van comen\u00e7ar les obres per construir les actuals depend\u00e8ncies de la biblioteca, el despatx de direcci\u00f3 i la sala de professors al porxo.<\/p>\n<p>L\u2019Escola La Noguera \u00e9s un centre de titularitat p\u00fablica pertanyent a la xarxa de centres de la Generalitat de Catalunya. \u00c9s una escola d\u2019una l\u00ednia que acull els nivells de 2n cicle d\u2019educaci\u00f3 infantil i prim\u00e0ria (3-12 anys). Disposem de 3 unitats d\u2019educaci\u00f3 infantil i 6 d\u2019educaci\u00f3 prim\u00e0ria, per tant el centre t\u00e9 9 grups reconeguts.<\/p>\n<p>La l\u00ednia metodol\u00f2gica de l\u2019escola situa a l\u2019alumnat com a protagonista del seu proc\u00e9s d\u2019aprenentatge (projectes, espais d\u2019aprenentatge, treball cooperatiu&#8230;). Incorporem l\u2019\u00fas de les noves tecnologies (ordinadors, tauletes digitals, rob\u00f2tica&#8230;) a l\u2019aula. Fem una mirada al desenvolupament integral de la persones portant a terme diferents activitats que pretenen acompanyar als infants en el seu desenvolupament integral: filosofia 3-18, psicomotricitat vivenciada, escolta\u2019m, mindfulness&#8230; Impliquem a l\u2019alumnat en la presa de responsabilitats i decisions estimulant el sentit cr\u00edtic (tutories d\u2019aula, assemblees de delegats i delegades&#8230;). Fomentem la participaci\u00f3 de les fam\u00edlies en el dia a dia escolar.<\/p>\n<p>Som una escola activa, impulsem nombroses activitats did\u00e0ctiques, culturals i festives; i participem en moltes activitats que ofereixen les entitats, institucions i l\u2019administraci\u00f3 local.<\/p>\n<p>L\u2019escola ofereix diferents serveis complementaris: l\u2019acolliment matinal de mat\u00ed i de tarda, el menjador escolar i les activitats extraescolars organitzades per l\u2019Associaci\u00f3 de Fam\u00edlies d\u2019Alumnes (AFA).<\/p>\n","protected":false},"excerpt":{"rendered":"<p>L&#8217;augment de poblaci\u00f3 a Balaguer entre el 1950 i 1970 afavor\u00ed la creaci\u00f3 d&#8217;un nou centre escolar que obr\u00ed les seves portes el curs 1974\/75. En els seus inicis l&#8217;escola, que s&#8217;anomenava &#8220;Grup escolar de la Carretera de Castell\u00f3&#8221;, depenia administrativament del primer centre p\u00fablic de la ciutat, CN Primo de Rivera, actualment CEIP \u00c0ngel [&hellip;]<\/p>\n","protected":false},"author":1,"featured_media":0,"parent":22,"menu_order":20,"comment_status":"closed","ping_status":"closed","template":"page-templates\/side-menu.php","meta":{"_bbp_topic_count":0,"_bbp_reply_count":0,"_bbp_total_topic_count":0,"_bbp_total_reply_count":0,"_bbp_voice_count":0,"_bbp_anonymous_reply_count":0,"_bbp_topic_count_hidden":0,"_bbp_reply_count_hidden":0,"_bbp_forum_subforum_count":0,"site-sidebar-layout":"default","site-content-layout":"","ast-site-content-layout":"","site-content-style":"default","site-sidebar-style":"default","ast-global-header-display":"","ast-banner-title-visibility":"","ast-main-header-display":"","ast-hfb-above-header-display":"","ast-hfb-below-header-display":"","ast-hfb-mobile-header-display":"","site-post-title":"","ast-breadcrumbs-content":"","ast-featured-img":"","footer-sml-layout":"","theme-transparent-header-meta":"","adv-header-id-meta":"","stick-header-meta":"","header-above-stick-meta":"","header-main-stick-meta":"","header-below-stick-meta":"","astra-migrate-meta-layouts":"default","ast-page-background-enabled":"default","ast-page-background-meta":{"desktop":{"background-color":"var(--ast-global-color-4)","background-image":"","background-repeat":"repeat","background-position":"center center","background-size":"auto","background-attachment":"scroll","background-type":"","background-media":"","overlay-type":"","overlay-color":"","overlay-opacity":"","overlay-gradient":""},"tablet":{"background-color":"","background-image":"","background-repeat":"repeat","background-position":"center center","background-size":"auto","background-attachment":"scroll","background-type":"","background-media":"","overlay-type":"","overlay-color":"","overlay-opacity":"","overlay-gradient":""},"mobile":{"background-color":"","background-image":"","background-repeat":"repeat","background-position":"center center","background-size":"auto","background-attachment":"scroll","background-type":"","background-media":"","overlay-type":"","overlay-color":"","overlay-opacity":"","overlay-gradient":""}},"ast-content-background-meta":{"desktop":{"background-color":"var(--ast-global-color-5)","background-image":"","background-repeat":"repeat","background-position":"center center","background-size":"auto","background-attachment":"scroll","background-type":"","background-media":"","overlay-type":"","overlay-color":"","overlay-opacity":"","overlay-gradient":""},"tablet":{"background-color":"var(--ast-global-color-5)","background-image":"","background-repeat":"repeat","background-position":"center center","background-size":"auto","background-attachment":"scroll","background-type":"","background-media":"","overlay-type":"","overlay-color":"","overlay-opacity":"","overlay-gradient":""},"mobile":{"background-color":"var(--ast-global-color-5)","background-image":"","background-repeat":"repeat","background-position":"center center","background-size":"auto","background-attachment":"scroll","background-type":"","background-media":"","overlay-type":"","overlay-color":"","overlay-opacity":"","overlay-gradient":""}},"footnotes":""},"class_list":["post-26","page","type-page","status-publish","hentry"],"post_mailing_queue_ids":[],"_links":{"self":[{"href":"https:\/\/agora.xtec.cat\/escolalanoguera\/wp-json\/wp\/v2\/pages\/26","targetHints":{"allow":["GET"]}}],"collection":[{"href":"https:\/\/agora.xtec.cat\/escolalanoguera\/wp-json\/wp\/v2\/pages"}],"about":[{"href":"https:\/\/agora.xtec.cat\/escolalanoguera\/wp-json\/wp\/v2\/types\/page"}],"author":[{"embeddable":true,"href":"https:\/\/agora.xtec.cat\/escolalanoguera\/wp-json\/wp\/v2\/users\/1"}],"replies":[{"embeddable":true,"href":"https:\/\/agora.xtec.cat\/escolalanoguera\/wp-json\/wp\/v2\/comments?post=26"}],"version-history":[{"count":1,"href":"https:\/\/agora.xtec.cat\/escolalanoguera\/wp-json\/wp\/v2\/pages\/26\/revisions"}],"predecessor-version":[{"id":479,"href":"https:\/\/agora.xtec.cat\/escolalanoguera\/wp-json\/wp\/v2\/pages\/26\/revisions\/479"}],"up":[{"embeddable":true,"href":"https:\/\/agora.xtec.cat\/escolalanoguera\/wp-json\/wp\/v2\/pages\/22"}],"wp:attachment":[{"href":"https:\/\/agora.xtec.cat\/escolalanoguera\/wp-json\/wp\/v2\/media?parent=26"}],"curies":[{"name":"wp","href":"https:\/\/api.w.org\/{rel}","templated":true}]}}