{"id":1119,"date":"2021-05-14T13:04:36","date_gmt":"2021-05-14T11:04:36","guid":{"rendered":"https:\/\/agora.xtec.cat\/escolalanoguera\/?page_id=1119"},"modified":"2021-05-14T13:18:14","modified_gmt":"2021-05-14T11:18:14","slug":"programa-a-la-nostra-escola-mengem-fruita","status":"publish","type":"page","link":"https:\/\/agora.xtec.cat\/escolalanoguera\/projectes\/programa-a-la-nostra-escola-mengem-fruita\/","title":{"rendered":"Programa \u201dA la nostra escola mengem + fruita\u201c"},"content":{"rendered":"<p>Ja fa uns anys a l&#8217;escola La Noguera portem a terme el Programa <strong>\u201cA la nostra escola mengem + fruita\u201d<\/strong>, el qual t\u00e9 com a objectius prioritaris promoure el consum de fruites i hortalisses entre la poblaci\u00f3 escolar i contribuir a la promoci\u00f3 d\u2019h\u00e0bits alimentaris saludables.<\/p>\n<p>Consisteix a distribuir gratu\u00eftament fruita i verdura fresca al nostre alumnat d\u2019educaci\u00f3 infantil i de prim\u00e0ria (nens i nenes de 3 a 12 anys).<\/p>\n<p>\u00c9s una iniciativa de la Uni\u00f3 Europea que a casa nostra es fa efectiva mitjan\u00e7ant una acci\u00f3 coordinada dels departaments d\u2019Agricultura, Ramaderia, Pesca i Alimentaci\u00f3, de Salut i d\u2019Ensenyament de la Generalitat de Catalunya.<\/p>\n<p>Per millorar la salut, cal menjar fruita i verdura en cada \u00e0pat, tant a casa com a l\u2019escola, i mantenir un estil de vida actiu (caminar, pujar escales, jugar, fer esport&#8230;). Cal potenciar accions que afavoreixin la salut dels infants.<\/p>\n<div class=\"ast-oembed-container \" style=\"height: 100%;\"><iframe loading=\"lazy\" title=\"Fruita i hortalisses a les escoles\" width=\"500\" height=\"281\" src=\"https:\/\/www.youtube.com\/embed\/Ab56tlKLUZU?feature=oembed\" frameborder=\"0\" allow=\"accelerometer; autoplay; clipboard-write; encrypted-media; gyroscope; picture-in-picture; web-share\" referrerpolicy=\"strict-origin-when-cross-origin\" allowfullscreen><\/iframe><\/div>\n<p>&nbsp;<\/p>\n<p>Els objectius s\u00f3n:<\/p>\n<ul>\n<li>Menjar fruita en els esmorzars i berenars dins del centre escolar.<\/li>\n<li>Informar sobre els beneficis d\u2019incrementar el consum de fruites i verdures, i sobre la seva diversitat, caracter\u00edstiques, producci\u00f3, l\u2019estacionalitat, etc.<\/li>\n<li>Proposar el consum de fruites com una alternativa excel\u00b7lent al consum d\u2019altres aliments amb menys qualitat nutricional.<\/li>\n<\/ul>\n<p>Es pret\u00e9n potenciar accions que afavoreixin la salut dels infants, com ara augmentar el consum de fruites i verdures, fruita seca, llegums, aigua i joc actiu. I reduir el consum llaminadures, begudes refrescants, brioxeria i videojocs sedentaris.<\/p>\n<p>Per a m\u00e9s informaci\u00f3 accediu a la\u00a0<a href=\"http:\/\/agricultura.gencat.cat\/ca\/ambits\/alimentacio\/fruites-hortalisses\/fruita-escoles\/\" target=\"_blank\" rel=\"noopener noreferrer\">p\u00e0gina web del Departament<\/a>.<\/p>\n<p>FRUITA I VERDURES<br \/>\nTAMB\u00c9 A CASA I A L&#8217;ESCOLA!!<\/p>\n","protected":false},"excerpt":{"rendered":"<p>Ja fa uns anys a l&#8217;escola La Noguera portem a terme el Programa \u201cA la nostra escola mengem + fruita\u201d, el qual t\u00e9 com a objectius prioritaris promoure el consum de fruites i hortalisses entre la poblaci\u00f3 escolar i contribuir a la promoci\u00f3 d\u2019h\u00e0bits alimentaris saludables. Consisteix a distribuir gratu\u00eftament fruita i verdura fresca al [&hellip;]<\/p>\n","protected":false},"author":1,"featured_media":0,"parent":507,"menu_order":9,"comment_status":"closed","ping_status":"closed","template":"","meta":{"_bbp_topic_count":0,"_bbp_reply_count":0,"_bbp_total_topic_count":0,"_bbp_total_reply_count":0,"_bbp_voice_count":0,"_bbp_anonymous_reply_count":0,"_bbp_topic_count_hidden":0,"_bbp_reply_count_hidden":0,"_bbp_forum_subforum_count":0,"site-sidebar-layout":"default","site-content-layout":"","ast-site-content-layout":"","site-content-style":"default","site-sidebar-style":"default","ast-global-header-display":"","ast-banner-title-visibility":"","ast-main-header-display":"","ast-hfb-above-header-display":"","ast-hfb-below-header-display":"","ast-hfb-mobile-header-display":"","site-post-title":"","ast-breadcrumbs-content":"","ast-featured-img":"","footer-sml-layout":"","theme-transparent-header-meta":"","adv-header-id-meta":"","stick-header-meta":"","header-above-stick-meta":"","header-main-stick-meta":"","header-below-stick-meta":"","astra-migrate-meta-layouts":"default","ast-page-background-enabled":"default","ast-page-background-meta":{"desktop":{"background-color":"var(--ast-global-color-4)","background-image":"","background-repeat":"repeat","background-position":"center center","background-size":"auto","background-attachment":"scroll","background-type":"","background-media":"","overlay-type":"","overlay-color":"","overlay-opacity":"","overlay-gradient":""},"tablet":{"background-color":"","background-image":"","background-repeat":"repeat","background-position":"center center","background-size":"auto","background-attachment":"scroll","background-type":"","background-media":"","overlay-type":"","overlay-color":"","overlay-opacity":"","overlay-gradient":""},"mobile":{"background-color":"","background-image":"","background-repeat":"repeat","background-position":"center center","background-size":"auto","background-attachment":"scroll","background-type":"","background-media":"","overlay-type":"","overlay-color":"","overlay-opacity":"","overlay-gradient":""}},"ast-content-background-meta":{"desktop":{"background-color":"var(--ast-global-color-5)","background-image":"","background-repeat":"repeat","background-position":"center center","background-size":"auto","background-attachment":"scroll","background-type":"","background-media":"","overlay-type":"","overlay-color":"","overlay-opacity":"","overlay-gradient":""},"tablet":{"background-color":"var(--ast-global-color-5)","background-image":"","background-repeat":"repeat","background-position":"center center","background-size":"auto","background-attachment":"scroll","background-type":"","background-media":"","overlay-type":"","overlay-color":"","overlay-opacity":"","overlay-gradient":""},"mobile":{"background-color":"var(--ast-global-color-5)","background-image":"","background-repeat":"repeat","background-position":"center center","background-size":"auto","background-attachment":"scroll","background-type":"","background-media":"","overlay-type":"","overlay-color":"","overlay-opacity":"","overlay-gradient":""}},"footnotes":""},"class_list":["post-1119","page","type-page","status-publish","hentry"],"post_mailing_queue_ids":[],"_links":{"self":[{"href":"https:\/\/agora.xtec.cat\/escolalanoguera\/wp-json\/wp\/v2\/pages\/1119","targetHints":{"allow":["GET"]}}],"collection":[{"href":"https:\/\/agora.xtec.cat\/escolalanoguera\/wp-json\/wp\/v2\/pages"}],"about":[{"href":"https:\/\/agora.xtec.cat\/escolalanoguera\/wp-json\/wp\/v2\/types\/page"}],"author":[{"embeddable":true,"href":"https:\/\/agora.xtec.cat\/escolalanoguera\/wp-json\/wp\/v2\/users\/1"}],"replies":[{"embeddable":true,"href":"https:\/\/agora.xtec.cat\/escolalanoguera\/wp-json\/wp\/v2\/comments?post=1119"}],"version-history":[{"count":3,"href":"https:\/\/agora.xtec.cat\/escolalanoguera\/wp-json\/wp\/v2\/pages\/1119\/revisions"}],"predecessor-version":[{"id":1133,"href":"https:\/\/agora.xtec.cat\/escolalanoguera\/wp-json\/wp\/v2\/pages\/1119\/revisions\/1133"}],"up":[{"embeddable":true,"href":"https:\/\/agora.xtec.cat\/escolalanoguera\/wp-json\/wp\/v2\/pages\/507"}],"wp:attachment":[{"href":"https:\/\/agora.xtec.cat\/escolalanoguera\/wp-json\/wp\/v2\/media?parent=1119"}],"curies":[{"name":"wp","href":"https:\/\/api.w.org\/{rel}","templated":true}]}}