{"id":990,"date":"2024-12-02T13:12:50","date_gmt":"2024-12-02T12:12:50","guid":{"rendered":"https:\/\/agora.xtec.cat\/escolalallacuna\/?page_id=990"},"modified":"2025-01-21T17:55:08","modified_gmt":"2025-01-21T16:55:08","slug":"autoritzacions","status":"publish","type":"page","link":"https:\/\/agora.xtec.cat\/escolalallacuna\/projecte-educatiu\/autoritzacions\/","title":{"rendered":"Autoritzacions"},"content":{"rendered":"\n<h2 class=\"wp-block-heading\">Autoritzacions<\/h2>\n\n\n\n<div class=\"wp-block-getwid-toggle has-icon-left\">\n<div class=\"wp-block-getwid-toggle__row\"><div class=\"wp-block-getwid-toggle__header-wrapper\"><span class=\"wp-block-getwid-toggle__header\"><a href=\"#\"><span class=\"wp-block-getwid-toggle__header-title\">Carta de comprom\u00eds<\/span><span class=\"wp-block-getwid-toggle__icon is-active\"><i class=\"fas fa-file-alt\"><\/i><\/span><span class=\"wp-block-getwid-toggle__icon is-passive\"><i class=\"far fa-file-excel\"><\/i><\/span><\/a><\/span><\/div><div class=\"wp-block-getwid-toggle__content-wrapper\"><div class=\"wp-block-getwid-toggle__content\">\n<div data-wp-interactive=\"core\/file\" class=\"wp-block-file\"><object data-wp-bind--hidden=\"!state.hasPdfPreview\" hidden class=\"wp-block-file__embed\" data=\"https:\/\/agora.xtec.cat\/escolalallacuna\/wp-content\/uploads\/usu2352\/2024\/12\/Carta-de-compromis-1.pdf\" type=\"application\/pdf\" style=\"width:100%;height:600px\" aria-label=\"Incrustaci\u00f3 del fitxer Carta-de-compromis-1.\"><\/object><a id=\"wp-block-file--media-c55ea798-8bf7-4ea5-9f14-dc9882a1564c\" href=\"https:\/\/agora.xtec.cat\/escolalallacuna\/wp-content\/uploads\/usu2352\/2024\/12\/Carta-de-compromis-1.pdf\">Carta-de-compromis-1<\/a><a href=\"https:\/\/agora.xtec.cat\/escolalallacuna\/wp-content\/uploads\/usu2352\/2024\/12\/Carta-de-compromis-1.pdf\" class=\"wp-block-file__button wp-element-button\" download aria-describedby=\"wp-block-file--media-c55ea798-8bf7-4ea5-9f14-dc9882a1564c\">Baixa<\/a><\/div>\n<\/div><\/div><\/div>\n\n\n\n<div class=\"wp-block-getwid-toggle__row\"><div class=\"wp-block-getwid-toggle__header-wrapper\"><span class=\"wp-block-getwid-toggle__header\"><a href=\"#\"><span class=\"wp-block-getwid-toggle__header-title\">Autoritzaci\u00f3 familiar per la realitzaci\u00f3 de sortides<\/span><span class=\"wp-block-getwid-toggle__icon is-active\"><i class=\"fas fa-file-alt\"><\/i><\/span><span class=\"wp-block-getwid-toggle__icon is-passive\"><i class=\"far fa-file-excel\"><\/i><\/span><\/a><\/span><\/div><div class=\"wp-block-getwid-toggle__content-wrapper\"><div class=\"wp-block-getwid-toggle__content\">\n<div data-wp-interactive=\"core\/file\" class=\"wp-block-file\"><object data-wp-bind--hidden=\"!state.hasPdfPreview\" hidden class=\"wp-block-file__embed\" data=\"https:\/\/agora.xtec.cat\/escolalallacuna\/wp-content\/uploads\/usu2352\/2024\/12\/Autoritzacio-sortides_versio-tota-escolaritat.pdf\" type=\"application\/pdf\" style=\"width:100%;height:600px\" aria-label=\"Incrustaci\u00f3 del fitxer Autoritzacio-sortides_versio-tota-escolaritat.\"><\/object><a id=\"wp-block-file--media-b38bc8f8-b47e-4d37-a730-abbf9df096e6\" href=\"https:\/\/agora.xtec.cat\/escolalallacuna\/wp-content\/uploads\/usu2352\/2024\/12\/Autoritzacio-sortides_versio-tota-escolaritat.pdf\">Autoritzacio-sortides_versio-tota-escolaritat<\/a><a href=\"https:\/\/agora.xtec.cat\/escolalallacuna\/wp-content\/uploads\/usu2352\/2024\/12\/Autoritzacio-sortides_versio-tota-escolaritat.pdf\" class=\"wp-block-file__button wp-element-button\" download aria-describedby=\"wp-block-file--media-b38bc8f8-b47e-4d37-a730-abbf9df096e6\">Baixa<\/a><\/div>\n<\/div><\/div><\/div>\n\n\n\n<div class=\"wp-block-getwid-toggle__row\"><div class=\"wp-block-getwid-toggle__header-wrapper\"><span class=\"wp-block-getwid-toggle__header\"><a href=\"#\"><span class=\"wp-block-getwid-toggle__header-title\">Autoritzaci\u00f3 familiar per administrar medicaments<\/span><span class=\"wp-block-getwid-toggle__icon is-active\"><i class=\"fas fa-file-alt\"><\/i><\/span><span class=\"wp-block-getwid-toggle__icon is-passive\"><i class=\"far fa-file-excel\"><\/i><\/span><\/a><\/span><\/div><div class=\"wp-block-getwid-toggle__content-wrapper\"><div class=\"wp-block-getwid-toggle__content\">\n<div data-wp-interactive=\"core\/file\" class=\"wp-block-file\"><object data-wp-bind--hidden=\"!state.hasPdfPreview\" hidden class=\"wp-block-file__embed\" data=\"https:\/\/agora.xtec.cat\/escolalallacuna\/wp-content\/uploads\/usu2352\/2024\/12\/Autoritzacio-administracio-medicaments.pdf\" type=\"application\/pdf\" style=\"width:100%;height:600px\" aria-label=\"Incrustaci\u00f3 del fitxer Autoritzacio-administracio-medicaments.\"><\/object><a id=\"wp-block-file--media-53c7546c-e73e-4068-9b20-144b229d65b6\" href=\"https:\/\/agora.xtec.cat\/escolalallacuna\/wp-content\/uploads\/usu2352\/2024\/12\/Autoritzacio-administracio-medicaments.pdf\">Autoritzacio-administracio-medicaments<\/a><a href=\"https:\/\/agora.xtec.cat\/escolalallacuna\/wp-content\/uploads\/usu2352\/2024\/12\/Autoritzacio-administracio-medicaments.pdf\" class=\"wp-block-file__button wp-element-button\" download aria-describedby=\"wp-block-file--media-53c7546c-e73e-4068-9b20-144b229d65b6\">Baixa<\/a><\/div>\n<\/div><\/div><\/div>\n\n\n\n<div class=\"wp-block-getwid-toggle__row\"><div class=\"wp-block-getwid-toggle__header-wrapper\"><span class=\"wp-block-getwid-toggle__header\"><a href=\"#\"><span class=\"wp-block-getwid-toggle__header-title\">Autoritzaci\u00f3 d&#8217;\u00fas d&#8217;imatge i veu<\/span><span class=\"wp-block-getwid-toggle__icon is-active\"><i class=\"fas fa-file-alt\"><\/i><\/span><span class=\"wp-block-getwid-toggle__icon is-passive\"><i class=\"far fa-file-excel\"><\/i><\/span><\/a><\/span><\/div><div class=\"wp-block-getwid-toggle__content-wrapper\"><div class=\"wp-block-getwid-toggle__content\">\n<div data-wp-interactive=\"core\/file\" class=\"wp-block-file\"><object data-wp-bind--hidden=\"!state.hasPdfPreview\" hidden class=\"wp-block-file__embed\" data=\"https:\/\/agora.xtec.cat\/escolalallacuna\/wp-content\/uploads\/usu2352\/2024\/12\/Autoritzacio-dus-dimatge-i-veu.pdf\" type=\"application\/pdf\" style=\"width:100%;height:600px\" aria-label=\"Incrustaci\u00f3 del fitxer Autoritzacio-dus-dimatge-i-veu.\"><\/object><a id=\"wp-block-file--media-0809f9bd-68ea-4e01-8f1e-d2703b355471\" href=\"https:\/\/agora.xtec.cat\/escolalallacuna\/wp-content\/uploads\/usu2352\/2024\/12\/Autoritzacio-dus-dimatge-i-veu.pdf\">Autoritzacio-dus-dimatge-i-veu<\/a><a href=\"https:\/\/agora.xtec.cat\/escolalallacuna\/wp-content\/uploads\/usu2352\/2024\/12\/Autoritzacio-dus-dimatge-i-veu.pdf\" class=\"wp-block-file__button wp-element-button\" download aria-describedby=\"wp-block-file--media-0809f9bd-68ea-4e01-8f1e-d2703b355471\">Baixa<\/a><\/div>\n<\/div><\/div><\/div>\n\n\n\n<div class=\"wp-block-getwid-toggle__row\"><div class=\"wp-block-getwid-toggle__header-wrapper\"><span class=\"wp-block-getwid-toggle__header\"><a href=\"#\"><span class=\"wp-block-getwid-toggle__header-title\">Autoritzaci\u00f3 d&#8217;\u00fas de serveis i recursos digitals (5\u00e8 i 6\u00e8)<\/span><span class=\"wp-block-getwid-toggle__icon is-active\"><i class=\"fas fa-file-alt\"><\/i><\/span><span class=\"wp-block-getwid-toggle__icon is-passive\"><i class=\"far fa-file-excel\"><\/i><\/span><\/a><\/span><\/div><div class=\"wp-block-getwid-toggle__content-wrapper\"><div class=\"wp-block-getwid-toggle__content\">\n<div data-wp-interactive=\"core\/file\" class=\"wp-block-file\"><object data-wp-bind--hidden=\"!state.hasPdfPreview\" hidden class=\"wp-block-file__embed\" data=\"https:\/\/agora.xtec.cat\/escolalallacuna\/wp-content\/uploads\/usu2352\/2024\/12\/Autoritzacio-dus-de-serveis-i-recursos-digitals-5e-i-6e-1.pdf\" type=\"application\/pdf\" style=\"width:100%;height:600px\" aria-label=\"Incrustaci\u00f3 del fitxer Autoritzacio-dus-de-serveis-i-recursos-digitals-5e-i-6e-1.\"><\/object><a id=\"wp-block-file--media-39bba312-b787-458e-a880-40cd3080d71b\" href=\"https:\/\/agora.xtec.cat\/escolalallacuna\/wp-content\/uploads\/usu2352\/2024\/12\/Autoritzacio-dus-de-serveis-i-recursos-digitals-5e-i-6e-1.pdf\">Autoritzacio-dus-de-serveis-i-recursos-digitals-5e-i-6e-1<\/a><a href=\"https:\/\/agora.xtec.cat\/escolalallacuna\/wp-content\/uploads\/usu2352\/2024\/12\/Autoritzacio-dus-de-serveis-i-recursos-digitals-5e-i-6e-1.pdf\" class=\"wp-block-file__button wp-element-button\" download aria-describedby=\"wp-block-file--media-39bba312-b787-458e-a880-40cd3080d71b\">Baixa<\/a><\/div>\n<\/div><\/div><\/div>\n\n\n\n<div class=\"wp-block-getwid-toggle__row\"><div class=\"wp-block-getwid-toggle__header-wrapper\"><span class=\"wp-block-getwid-toggle__header\"><a href=\"#\"><span class=\"wp-block-getwid-toggle__header-title\">Notificaci\u00f3 m\u00f2bil o rellotge intel\u00b7ligent a l&#8217;escola<\/span><span class=\"wp-block-getwid-toggle__icon is-active\"><i class=\"fas fa-file-alt\"><\/i><\/span><span class=\"wp-block-getwid-toggle__icon is-passive\"><i class=\"far fa-file-excel\"><\/i><\/span><\/a><\/span><\/div><div class=\"wp-block-getwid-toggle__content-wrapper\"><div class=\"wp-block-getwid-toggle__content\">\n<div data-wp-interactive=\"core\/file\" class=\"wp-block-file\"><object data-wp-bind--hidden=\"!state.hasPdfPreview\" hidden class=\"wp-block-file__embed\" data=\"https:\/\/agora.xtec.cat\/escolalallacuna\/wp-content\/uploads\/usu2352\/2024\/12\/notificacio-mobil.pdf\" type=\"application\/pdf\" style=\"width:100%;height:600px\" aria-label=\"Incrustaci\u00f3 del fitxer notificacio-mobil.\"><\/object><a id=\"wp-block-file--media-5e9983ad-b68d-4fa8-9768-d4e586036a91\" href=\"https:\/\/agora.xtec.cat\/escolalallacuna\/wp-content\/uploads\/usu2352\/2024\/12\/notificacio-mobil.pdf\">notificacio-mobil<\/a><a href=\"https:\/\/agora.xtec.cat\/escolalallacuna\/wp-content\/uploads\/usu2352\/2024\/12\/notificacio-mobil.pdf\" class=\"wp-block-file__button wp-element-button\" download aria-describedby=\"wp-block-file--media-5e9983ad-b68d-4fa8-9768-d4e586036a91\">Baixa<\/a><\/div>\n<\/div><\/div><\/div>\n\n\n\n<div class=\"wp-block-getwid-toggle__row\"><div class=\"wp-block-getwid-toggle__header-wrapper\"><span class=\"wp-block-getwid-toggle__header\"><a href=\"#\"><span class=\"wp-block-getwid-toggle__header-title\">Autoritzaci\u00f3 familiar per arribar sol a l&#8217;escola<\/span><span class=\"wp-block-getwid-toggle__icon is-active\"><i class=\"fas fa-file-alt\"><\/i><\/span><span class=\"wp-block-getwid-toggle__icon is-passive\"><i class=\"far fa-file-excel\"><\/i><\/span><\/a><\/span><\/div><div class=\"wp-block-getwid-toggle__content-wrapper\"><div class=\"wp-block-getwid-toggle__content\">\n<div data-wp-interactive=\"core\/file\" class=\"wp-block-file\"><object data-wp-bind--hidden=\"!state.hasPdfPreview\" hidden class=\"wp-block-file__embed\" data=\"https:\/\/agora.xtec.cat\/escolalallacuna\/wp-content\/uploads\/usu2352\/2024\/12\/Autoritzacio-arribar-sol.pdf\" type=\"application\/pdf\" style=\"width:100%;height:600px\" aria-label=\"Incrustaci\u00f3 del fitxer Autoritzacio-arribar-sol.\"><\/object><a id=\"wp-block-file--media-9f77aa8b-9f96-4aa4-8f21-09a4b41b475c\" href=\"https:\/\/agora.xtec.cat\/escolalallacuna\/wp-content\/uploads\/usu2352\/2024\/12\/Autoritzacio-arribar-sol.pdf\">Autoritzacio-arribar-sol<\/a><a href=\"https:\/\/agora.xtec.cat\/escolalallacuna\/wp-content\/uploads\/usu2352\/2024\/12\/Autoritzacio-arribar-sol.pdf\" class=\"wp-block-file__button wp-element-button\" download aria-describedby=\"wp-block-file--media-9f77aa8b-9f96-4aa4-8f21-09a4b41b475c\">Baixa<\/a><\/div>\n<\/div><\/div><\/div>\n\n\n\n<div class=\"wp-block-getwid-toggle__row\"><div class=\"wp-block-getwid-toggle__header-wrapper\"><span class=\"wp-block-getwid-toggle__header\"><a href=\"#\"><span class=\"wp-block-getwid-toggle__header-title\">Autoritzaci\u00f3 familiar per marxar sol de l&#8217;escola<\/span><span class=\"wp-block-getwid-toggle__icon is-active\"><i class=\"fas fa-file-alt\"><\/i><\/span><span class=\"wp-block-getwid-toggle__icon is-passive\"><i class=\"far fa-file-excel\"><\/i><\/span><\/a><\/span><\/div><div class=\"wp-block-getwid-toggle__content-wrapper\"><div class=\"wp-block-getwid-toggle__content\">\n<div data-wp-interactive=\"core\/file\" class=\"wp-block-file\"><object data-wp-bind--hidden=\"!state.hasPdfPreview\" hidden class=\"wp-block-file__embed\" data=\"https:\/\/agora.xtec.cat\/escolalallacuna\/wp-content\/uploads\/usu2352\/2024\/12\/Autoritzacio-surt-sol.pdf\" type=\"application\/pdf\" style=\"width:100%;height:600px\" aria-label=\"Incrustaci\u00f3 del fitxer Autoritzacio-surt-sol.\"><\/object><a id=\"wp-block-file--media-20d402a6-7f37-4580-911c-60367609f9a5\" href=\"https:\/\/agora.xtec.cat\/escolalallacuna\/wp-content\/uploads\/usu2352\/2024\/12\/Autoritzacio-surt-sol.pdf\">Autoritzacio-surt-sol<\/a><a href=\"https:\/\/agora.xtec.cat\/escolalallacuna\/wp-content\/uploads\/usu2352\/2024\/12\/Autoritzacio-surt-sol.pdf\" class=\"wp-block-file__button wp-element-button\" download aria-describedby=\"wp-block-file--media-20d402a6-7f37-4580-911c-60367609f9a5\">Baixa<\/a><\/div>\n<\/div><\/div><\/div>\n<\/div>\n","protected":false},"excerpt":{"rendered":"<p>Autoritzacions<\/p>\n","protected":false},"author":1,"featured_media":0,"parent":64,"menu_order":2,"comment_status":"closed","ping_status":"close","template":"","meta":{"_bbp_topic_count":0,"_bbp_reply_count":0,"_bbp_total_topic_count":0,"_bbp_total_reply_count":0,"_bbp_voice_count":0,"_bbp_anonymous_reply_count":0,"_bbp_topic_count_hidden":0,"_bbp_reply_count_hidden":0,"_bbp_forum_subforum_count":0,"site-sidebar-layout":"default","site-content-layout":"","ast-site-content-layout":"default","site-content-style":"default","site-sidebar-style":"default","ast-global-header-display":"","ast-banner-title-visibility":"","ast-main-header-display":"","ast-hfb-above-header-display":"","ast-hfb-below-header-display":"","ast-hfb-mobile-header-display":"","site-post-title":"disabled","ast-breadcrumbs-content":"","ast-featured-img":"","footer-sml-layout":"","theme-transparent-header-meta":"","adv-header-id-meta":"","stick-header-meta":"","header-above-stick-meta":"","header-main-stick-meta":"","header-below-stick-meta":"","astra-migrate-meta-layouts":"set","ast-page-background-enabled":"default","ast-page-background-meta":{"desktop":{"background-color":"var(--ast-global-color-4)","background-image":"","background-repeat":"repeat","background-position":"center center","background-size":"auto","background-attachment":"scroll","background-type":"","background-media":"","overlay-type":"","overlay-color":"","overlay-opacity":"","overlay-gradient":""},"tablet":{"background-color":"","background-image":"","background-repeat":"repeat","background-position":"center center","background-size":"auto","background-attachment":"scroll","background-type":"","background-media":"","overlay-type":"","overlay-color":"","overlay-opacity":"","overlay-gradient":""},"mobile":{"background-color":"","background-image":"","background-repeat":"repeat","background-position":"center center","background-size":"auto","background-attachment":"scroll","background-type":"","background-media":"","overlay-type":"","overlay-color":"","overlay-opacity":"","overlay-gradient":""}},"ast-content-background-meta":{"desktop":{"background-color":"var(--ast-global-color-5)","background-image":"","background-repeat":"repeat","background-position":"center center","background-size":"auto","background-attachment":"scroll","background-type":"","background-media":"","overlay-type":"","overlay-color":"","overlay-opacity":"","overlay-gradient":""},"tablet":{"background-color":"var(--ast-global-color-5)","background-image":"","background-repeat":"repeat","background-position":"center center","background-size":"auto","background-attachment":"scroll","background-type":"","background-media":"","overlay-type":"","overlay-color":"","overlay-opacity":"","overlay-gradient":""},"mobile":{"background-color":"var(--ast-global-color-5)","background-image":"","background-repeat":"repeat","background-position":"center center","background-size":"auto","background-attachment":"scroll","background-type":"","background-media":"","overlay-type":"","overlay-color":"","overlay-opacity":"","overlay-gradient":""}},"footnotes":""},"class_list":["post-990","page","type-page","status-publish","hentry"],"post_mailing_queue_ids":[],"_links":{"self":[{"href":"https:\/\/agora.xtec.cat\/escolalallacuna\/wp-json\/wp\/v2\/pages\/990","targetHints":{"allow":["GET"]}}],"collection":[{"href":"https:\/\/agora.xtec.cat\/escolalallacuna\/wp-json\/wp\/v2\/pages"}],"about":[{"href":"https:\/\/agora.xtec.cat\/escolalallacuna\/wp-json\/wp\/v2\/types\/page"}],"author":[{"embeddable":true,"href":"https:\/\/agora.xtec.cat\/escolalallacuna\/wp-json\/wp\/v2\/users\/1"}],"replies":[{"embeddable":true,"href":"https:\/\/agora.xtec.cat\/escolalallacuna\/wp-json\/wp\/v2\/comments?post=990"}],"version-history":[{"count":6,"href":"https:\/\/agora.xtec.cat\/escolalallacuna\/wp-json\/wp\/v2\/pages\/990\/revisions"}],"predecessor-version":[{"id":1182,"href":"https:\/\/agora.xtec.cat\/escolalallacuna\/wp-json\/wp\/v2\/pages\/990\/revisions\/1182"}],"up":[{"embeddable":true,"href":"https:\/\/agora.xtec.cat\/escolalallacuna\/wp-json\/wp\/v2\/pages\/64"}],"wp:attachment":[{"href":"https:\/\/agora.xtec.cat\/escolalallacuna\/wp-json\/wp\/v2\/media?parent=990"}],"curies":[{"name":"wp","href":"https:\/\/api.w.org\/{rel}","templated":true}]}}