{"id":84,"date":"2014-09-18T14:11:31","date_gmt":"2014-09-18T13:11:31","guid":{"rendered":"http:\/\/agora.xtec.cat\/escolalallacuna\/?page_id=84"},"modified":"2024-10-31T14:49:25","modified_gmt":"2024-10-31T13:49:25","slug":"activitats-extraescolars","status":"publish","type":"page","link":"https:\/\/agora.xtec.cat\/escolalallacuna\/serveis\/activitats-extraescolars\/","title":{"rendered":"Activitats extraescolars (AFA)"},"content":{"rendered":"\n<p>Les activitats extraescolars s\u00f3n aquelles que es desenvolupen un cop acaba l&#8217;horari lectiu a l&#8217;escola (16:30 h) o en activitats concretes, dins l&#8217;Espai Migdia. Son gestionades, contractades i organitzades des de l&#8217;Associaci\u00f3 de fam\u00edlies de l&#8217;escola (AFA).<\/p>\n\n\n\n<p><strong>\u00c9s molt important la implicaci\u00f3 i la participaci\u00f3 de TOTES les fam\u00edlies de l\u2019escola.\u00a0<\/strong>Les oportunitats educatives fora del temps lectiu escolar s\u00f3n essencials en el desenvolupament social, intel\u00b7lectual i f\u00edsic dels infants.<\/p>\n\n\n\n<p>Al web de l&#8217;AFA trobareu m\u00e9s informaci\u00f3 sobre l&#8217;oferta d&#8217;activitats: <a href=\"http:\/\/La Rosa de Lima \u00e9s la coordinadora d\u2019extraescolars i la referent per qualsevol gesti\u00f3, incid\u00e8ncia, petici\u00f3 que necessiteu fer. Podreu contactar amb ella per correu electr\u00f2nic: coordinadoraextraescolars@afalallacuna.cat o per tel\u00e8fon 722 33 51 75. L\u2019horari d\u2019atenci\u00f3 presencial \u00e9s de 12 a 13 h i de 16 a 18 h.\">enlla\u00e7<\/a><\/p>\n\n\n\n<p><\/p>\n\n\n\n<p><strong>Coordinadora d&#8217;extraescolars:<\/strong><\/p>\n\n\n\n<p>La Rosa de Lima \u00e9s la coordinadora d\u2019extraescolars i la referent per qualsevol gesti\u00f3, incid\u00e8ncia, petici\u00f3 que necessiteu fer.<br>Podreu contactar amb ella per correu electr\u00f2nic: coordinadoraextraescolars@afalallacuna.cat o per tel\u00e8fon 722 33 51 75. L\u2019horari d\u2019atenci\u00f3 presencial \u00e9s de 12 a 13 h i de 16 a 18 h.<\/p>\n\n\n\n<p>Compartim amb vosaltres la graella d&#8217;extraescolars del curs 2024-2025 com a exemple:<\/p>\n\n\n\n<figure class=\"wp-block-image aligncenter size-full\"><a href=\"https:\/\/agora.xtec.cat\/escolalallacuna\/wp-content\/uploads\/usu2352\/2024\/10\/Extraescolars.jpg\"><img loading=\"lazy\" decoding=\"async\" width=\"580\" height=\"810\" src=\"https:\/\/agora.xtec.cat\/escolalallacuna\/wp-content\/uploads\/usu2352\/2024\/10\/Extraescolars.jpg\" alt=\"\" class=\"wp-image-793\" srcset=\"https:\/\/agora.xtec.cat\/escolalallacuna\/wp-content\/uploads\/usu2352\/2024\/10\/Extraescolars.jpg 580w, https:\/\/agora.xtec.cat\/escolalallacuna\/wp-content\/uploads\/usu2352\/2024\/10\/Extraescolars-215x300.jpg 215w\" sizes=\"auto, (max-width: 580px) 100vw, 580px\" \/><\/a><\/figure>\n","protected":false},"excerpt":{"rendered":"<p>Les activitats extraescolars s\u00f3n aquelles que es desenvolupen un cop acaba l&#8217;horari lectiu a l&#8217;escola (16:30 h) o en activitats concretes, dins l&#8217;Espai Migdia. Son gestionades, contractades i organitzades des de l&#8217;Associaci\u00f3 de fam\u00edlies de l&#8217;escola (AFA). \u00c9s molt important la implicaci\u00f3 i la participaci\u00f3 de TOTES les fam\u00edlies de l\u2019escola.\u00a0Les oportunitats educatives fora del [&hellip;]<\/p>\n","protected":false},"author":1,"featured_media":0,"parent":66,"menu_order":3,"comment_status":"closed","ping_status":"closed","template":"","meta":{"_bbp_topic_count":0,"_bbp_reply_count":0,"_bbp_total_topic_count":0,"_bbp_total_reply_count":0,"_bbp_voice_count":0,"_bbp_anonymous_reply_count":0,"_bbp_topic_count_hidden":0,"_bbp_reply_count_hidden":0,"_bbp_forum_subforum_count":0,"site-sidebar-layout":"default","site-content-layout":"","ast-site-content-layout":"default","site-content-style":"default","site-sidebar-style":"default","ast-global-header-display":"","ast-banner-title-visibility":"","ast-main-header-display":"","ast-hfb-above-header-display":"","ast-hfb-below-header-display":"","ast-hfb-mobile-header-display":"","site-post-title":"","ast-breadcrumbs-content":"","ast-featured-img":"","footer-sml-layout":"","theme-transparent-header-meta":"","adv-header-id-meta":"","stick-header-meta":"","header-above-stick-meta":"","header-main-stick-meta":"","header-below-stick-meta":"","astra-migrate-meta-layouts":"set","ast-page-background-enabled":"default","ast-page-background-meta":{"desktop":{"background-color":"var(--ast-global-color-4)","background-image":"","background-repeat":"repeat","background-position":"center center","background-size":"auto","background-attachment":"scroll","background-type":"","background-media":"","overlay-type":"","overlay-color":"","overlay-opacity":"","overlay-gradient":""},"tablet":{"background-color":"","background-image":"","background-repeat":"repeat","background-position":"center center","background-size":"auto","background-attachment":"scroll","background-type":"","background-media":"","overlay-type":"","overlay-color":"","overlay-opacity":"","overlay-gradient":""},"mobile":{"background-color":"","background-image":"","background-repeat":"repeat","background-position":"center center","background-size":"auto","background-attachment":"scroll","background-type":"","background-media":"","overlay-type":"","overlay-color":"","overlay-opacity":"","overlay-gradient":""}},"ast-content-background-meta":{"desktop":{"background-color":"var(--ast-global-color-5)","background-image":"","background-repeat":"repeat","background-position":"center center","background-size":"auto","background-attachment":"scroll","background-type":"","background-media":"","overlay-type":"","overlay-color":"","overlay-opacity":"","overlay-gradient":""},"tablet":{"background-color":"var(--ast-global-color-5)","background-image":"","background-repeat":"repeat","background-position":"center center","background-size":"auto","background-attachment":"scroll","background-type":"","background-media":"","overlay-type":"","overlay-color":"","overlay-opacity":"","overlay-gradient":""},"mobile":{"background-color":"var(--ast-global-color-5)","background-image":"","background-repeat":"repeat","background-position":"center center","background-size":"auto","background-attachment":"scroll","background-type":"","background-media":"","overlay-type":"","overlay-color":"","overlay-opacity":"","overlay-gradient":""}},"footnotes":""},"class_list":["post-84","page","type-page","status-publish","hentry"],"post_mailing_queue_ids":[],"_links":{"self":[{"href":"https:\/\/agora.xtec.cat\/escolalallacuna\/wp-json\/wp\/v2\/pages\/84","targetHints":{"allow":["GET"]}}],"collection":[{"href":"https:\/\/agora.xtec.cat\/escolalallacuna\/wp-json\/wp\/v2\/pages"}],"about":[{"href":"https:\/\/agora.xtec.cat\/escolalallacuna\/wp-json\/wp\/v2\/types\/page"}],"author":[{"embeddable":true,"href":"https:\/\/agora.xtec.cat\/escolalallacuna\/wp-json\/wp\/v2\/users\/1"}],"replies":[{"embeddable":true,"href":"https:\/\/agora.xtec.cat\/escolalallacuna\/wp-json\/wp\/v2\/comments?post=84"}],"version-history":[{"count":3,"href":"https:\/\/agora.xtec.cat\/escolalallacuna\/wp-json\/wp\/v2\/pages\/84\/revisions"}],"predecessor-version":[{"id":794,"href":"https:\/\/agora.xtec.cat\/escolalallacuna\/wp-json\/wp\/v2\/pages\/84\/revisions\/794"}],"up":[{"embeddable":true,"href":"https:\/\/agora.xtec.cat\/escolalallacuna\/wp-json\/wp\/v2\/pages\/66"}],"wp:attachment":[{"href":"https:\/\/agora.xtec.cat\/escolalallacuna\/wp-json\/wp\/v2\/media?parent=84"}],"curies":[{"name":"wp","href":"https:\/\/api.w.org\/{rel}","templated":true}]}}