{"id":798,"date":"2024-11-11T11:01:33","date_gmt":"2024-11-11T10:01:33","guid":{"rendered":"https:\/\/agora.xtec.cat\/escolalallacuna\/?page_id=798"},"modified":"2025-06-27T10:33:47","modified_gmt":"2025-06-27T08:33:47","slug":"projecte-faig","status":"publish","type":"page","link":"https:\/\/agora.xtec.cat\/escolalallacuna\/projectes-descola\/projecte-faig\/","title":{"rendered":"Programa d&#8217;Innovaci\u00f3 FAIG"},"content":{"rendered":"\n<figure class=\"wp-block-image aligncenter size-large is-resized has-custom-border\"><a href=\"https:\/\/agora.xtec.cat\/escolalallacuna\/wp-content\/uploads\/usu2352\/2024\/11\/image-4.png\"><img loading=\"lazy\" decoding=\"async\" width=\"1024\" height=\"365\" src=\"https:\/\/agora.xtec.cat\/escolalallacuna\/wp-content\/uploads\/usu2352\/2024\/11\/image-4-1024x365.png\" alt=\"\" class=\"wp-image-939\" style=\"border-radius:22px;width:943px;height:auto\" srcset=\"https:\/\/agora.xtec.cat\/escolalallacuna\/wp-content\/uploads\/usu2352\/2024\/11\/image-4-1024x365.png 1024w, https:\/\/agora.xtec.cat\/escolalallacuna\/wp-content\/uploads\/usu2352\/2024\/11\/image-4-300x107.png 300w, https:\/\/agora.xtec.cat\/escolalallacuna\/wp-content\/uploads\/usu2352\/2024\/11\/image-4-768x274.png 768w, https:\/\/agora.xtec.cat\/escolalallacuna\/wp-content\/uploads\/usu2352\/2024\/11\/image-4.png 1400w\" sizes=\"auto, (max-width: 1024px) 100vw, 1024px\" \/><\/a><\/figure>\n\n\n\n<p class=\"has-text-align-center\"><strong>FAIG \u00e9s un programa experimental de suport a la innovaci\u00f3 del Departament d\u2019Educaci\u00f3 de Catalunya promogut per la Direcci\u00f3 General d\u2019Innovaci\u00f3, Digitalitzaci\u00f3 i Curr\u00edculum<\/strong>, en el que participem com a centre referent.<\/p>\n\n\n\n<figure class=\"wp-block-embed is-type-video is-provider-youtube wp-block-embed-youtube wp-embed-aspect-16-9 wp-has-aspect-ratio\"><div class=\"wp-block-embed__wrapper\">\n<div class=\"ast-oembed-container \" style=\"height: 100%;\"><iframe loading=\"lazy\" title=\"Projecte FAIG\" width=\"500\" height=\"281\" src=\"https:\/\/www.youtube.com\/embed\/3Jv36LoF-7s?feature=oembed\" frameborder=\"0\" allow=\"accelerometer; autoplay; clipboard-write; encrypted-media; gyroscope; picture-in-picture; web-share\" referrerpolicy=\"strict-origin-when-cross-origin\" allowfullscreen><\/iframe><\/div>\n<\/div><\/figure>\n\n\n\n<p><\/p>\n\n\n\n<h3 class=\"wp-block-heading\"><strong>Eixos d\u2019innovaci\u00f3 del FAIG<\/strong><\/h3>\n\n\n\n<div class=\"wp-block-columns is-layout-flex wp-container-core-columns-is-layout-1 wp-block-columns-is-layout-flex\">\n<div class=\"wp-block-column is-layout-flow wp-block-column-is-layout-flow\">\n<figure class=\"wp-block-image size-full\"><a href=\"https:\/\/agora.xtec.cat\/escolalallacuna\/wp-content\/uploads\/usu2352\/2024\/11\/image-6.png\"><img loading=\"lazy\" decoding=\"async\" width=\"400\" height=\"388\" src=\"https:\/\/agora.xtec.cat\/escolalallacuna\/wp-content\/uploads\/usu2352\/2024\/11\/image-6.png\" alt=\"\" class=\"wp-image-942\" srcset=\"https:\/\/agora.xtec.cat\/escolalallacuna\/wp-content\/uploads\/usu2352\/2024\/11\/image-6.png 400w, https:\/\/agora.xtec.cat\/escolalallacuna\/wp-content\/uploads\/usu2352\/2024\/11\/image-6-300x291.png 300w\" sizes=\"auto, (max-width: 400px) 100vw, 400px\" \/><\/a><\/figure>\n<\/div>\n\n\n\n<div class=\"wp-block-column is-layout-flow wp-block-column-is-layout-flow\">\n<figure class=\"wp-block-image size-full\"><a href=\"https:\/\/agora.xtec.cat\/escolalallacuna\/wp-content\/uploads\/usu2352\/2024\/11\/image-7.png\"><img loading=\"lazy\" decoding=\"async\" width=\"386\" height=\"376\" src=\"https:\/\/agora.xtec.cat\/escolalallacuna\/wp-content\/uploads\/usu2352\/2024\/11\/image-7.png\" alt=\"\" class=\"wp-image-943\" srcset=\"https:\/\/agora.xtec.cat\/escolalallacuna\/wp-content\/uploads\/usu2352\/2024\/11\/image-7.png 386w, https:\/\/agora.xtec.cat\/escolalallacuna\/wp-content\/uploads\/usu2352\/2024\/11\/image-7-300x292.png 300w\" sizes=\"auto, (max-width: 386px) 100vw, 386px\" \/><\/a><\/figure>\n<\/div>\n\n\n\n<div class=\"wp-block-column is-layout-flow wp-block-column-is-layout-flow\">\n<figure class=\"wp-block-image size-full\"><a href=\"https:\/\/agora.xtec.cat\/escolalallacuna\/wp-content\/uploads\/usu2352\/2024\/11\/image-8.png\"><img loading=\"lazy\" decoding=\"async\" width=\"377\" height=\"373\" src=\"https:\/\/agora.xtec.cat\/escolalallacuna\/wp-content\/uploads\/usu2352\/2024\/11\/image-8.png\" alt=\"\" class=\"wp-image-944\" srcset=\"https:\/\/agora.xtec.cat\/escolalallacuna\/wp-content\/uploads\/usu2352\/2024\/11\/image-8.png 377w, https:\/\/agora.xtec.cat\/escolalallacuna\/wp-content\/uploads\/usu2352\/2024\/11\/image-8-300x297.png 300w\" sizes=\"auto, (max-width: 377px) 100vw, 377px\" \/><\/a><\/figure>\n<\/div>\n<\/div>\n\n\n\n<p class=\"has-text-align-center\">Podeu saber-ne m\u00e9s al seg\u00fcent enlla\u00e7: <a href=\"https:\/\/serveiseducatius.xtec.cat\/cesire\/faig-fent-per-aprendre-imaginant-globalment\/\">aqu\u00ed<\/a><\/p>\n\n\n\n<p class=\"has-text-align-center has-white-color has-ast-global-color-0-background-color has-text-color has-background has-link-color wp-elements-2a515b25c3131d15234d670e50d079a8\">Coneix els nostres projectes FAIG fent clic a la imatge o al seg\u00fcent <a href=\"https:\/\/agora.xtec.cat\/escolalallacuna\/els-nostres-projectes-faig\/\">enlla\u00e7<\/a><\/p>\n\n\n\n<figure class=\"wp-block-image aligncenter size-full\"><a href=\"https:\/\/agora.xtec.cat\/escolalallacuna\/els-nostres-projectes-faig\/\"><img loading=\"lazy\" decoding=\"async\" width=\"499\" height=\"573\" src=\"https:\/\/agora.xtec.cat\/escolalallacuna\/wp-content\/uploads\/usu2352\/2025\/06\/Els-nostres-projectes.png\" alt=\"\" class=\"wp-image-1455\" srcset=\"https:\/\/agora.xtec.cat\/escolalallacuna\/wp-content\/uploads\/usu2352\/2025\/06\/Els-nostres-projectes.png 499w, https:\/\/agora.xtec.cat\/escolalallacuna\/wp-content\/uploads\/usu2352\/2025\/06\/Els-nostres-projectes-261x300.png 261w\" sizes=\"auto, (max-width: 499px) 100vw, 499px\" \/><\/a><\/figure>\n","protected":false},"excerpt":{"rendered":"<p>FAIG \u00e9s un programa experimental de suport a la innovaci\u00f3 del Departament d\u2019Educaci\u00f3 de Catalunya promogut per la Direcci\u00f3 General d\u2019Innovaci\u00f3, Digitalitzaci\u00f3 i Curr\u00edculum, en el que participem com a centre referent. Eixos d\u2019innovaci\u00f3 del FAIG Podeu saber-ne m\u00e9s al seg\u00fcent enlla\u00e7: aqu\u00ed Coneix els nostres projectes FAIG fent clic a la imatge o al [&hellip;]<\/p>\n","protected":false},"author":1,"featured_media":0,"parent":796,"menu_order":5,"comment_status":"closed","ping_status":"close","template":"","meta":{"_bbp_topic_count":0,"_bbp_reply_count":0,"_bbp_total_topic_count":0,"_bbp_total_reply_count":0,"_bbp_voice_count":0,"_bbp_anonymous_reply_count":0,"_bbp_topic_count_hidden":0,"_bbp_reply_count_hidden":0,"_bbp_forum_subforum_count":0,"site-sidebar-layout":"default","site-content-layout":"","ast-site-content-layout":"default","site-content-style":"default","site-sidebar-style":"default","ast-global-header-display":"","ast-banner-title-visibility":"","ast-main-header-display":"","ast-hfb-above-header-display":"","ast-hfb-below-header-display":"","ast-hfb-mobile-header-display":"","site-post-title":"disabled","ast-breadcrumbs-content":"","ast-featured-img":"","footer-sml-layout":"","theme-transparent-header-meta":"","adv-header-id-meta":"","stick-header-meta":"","header-above-stick-meta":"","header-main-stick-meta":"","header-below-stick-meta":"","astra-migrate-meta-layouts":"set","ast-page-background-enabled":"default","ast-page-background-meta":{"desktop":{"background-color":"var(--ast-global-color-4)","background-image":"","background-repeat":"repeat","background-position":"center center","background-size":"auto","background-attachment":"scroll","background-type":"","background-media":"","overlay-type":"","overlay-color":"","overlay-opacity":"","overlay-gradient":""},"tablet":{"background-color":"","background-image":"","background-repeat":"repeat","background-position":"center center","background-size":"auto","background-attachment":"scroll","background-type":"","background-media":"","overlay-type":"","overlay-color":"","overlay-opacity":"","overlay-gradient":""},"mobile":{"background-color":"","background-image":"","background-repeat":"repeat","background-position":"center center","background-size":"auto","background-attachment":"scroll","background-type":"","background-media":"","overlay-type":"","overlay-color":"","overlay-opacity":"","overlay-gradient":""}},"ast-content-background-meta":{"desktop":{"background-color":"var(--ast-global-color-5)","background-image":"","background-repeat":"repeat","background-position":"center center","background-size":"auto","background-attachment":"scroll","background-type":"","background-media":"","overlay-type":"","overlay-color":"","overlay-opacity":"","overlay-gradient":""},"tablet":{"background-color":"var(--ast-global-color-5)","background-image":"","background-repeat":"repeat","background-position":"center center","background-size":"auto","background-attachment":"scroll","background-type":"","background-media":"","overlay-type":"","overlay-color":"","overlay-opacity":"","overlay-gradient":""},"mobile":{"background-color":"var(--ast-global-color-5)","background-image":"","background-repeat":"repeat","background-position":"center center","background-size":"auto","background-attachment":"scroll","background-type":"","background-media":"","overlay-type":"","overlay-color":"","overlay-opacity":"","overlay-gradient":""}},"footnotes":""},"class_list":["post-798","page","type-page","status-publish","hentry"],"post_mailing_queue_ids":[],"_links":{"self":[{"href":"https:\/\/agora.xtec.cat\/escolalallacuna\/wp-json\/wp\/v2\/pages\/798","targetHints":{"allow":["GET"]}}],"collection":[{"href":"https:\/\/agora.xtec.cat\/escolalallacuna\/wp-json\/wp\/v2\/pages"}],"about":[{"href":"https:\/\/agora.xtec.cat\/escolalallacuna\/wp-json\/wp\/v2\/types\/page"}],"author":[{"embeddable":true,"href":"https:\/\/agora.xtec.cat\/escolalallacuna\/wp-json\/wp\/v2\/users\/1"}],"replies":[{"embeddable":true,"href":"https:\/\/agora.xtec.cat\/escolalallacuna\/wp-json\/wp\/v2\/comments?post=798"}],"version-history":[{"count":5,"href":"https:\/\/agora.xtec.cat\/escolalallacuna\/wp-json\/wp\/v2\/pages\/798\/revisions"}],"predecessor-version":[{"id":1457,"href":"https:\/\/agora.xtec.cat\/escolalallacuna\/wp-json\/wp\/v2\/pages\/798\/revisions\/1457"}],"up":[{"embeddable":true,"href":"https:\/\/agora.xtec.cat\/escolalallacuna\/wp-json\/wp\/v2\/pages\/796"}],"wp:attachment":[{"href":"https:\/\/agora.xtec.cat\/escolalallacuna\/wp-json\/wp\/v2\/media?parent=798"}],"curies":[{"name":"wp","href":"https:\/\/api.w.org\/{rel}","templated":true}]}}