{"id":796,"date":"2024-11-11T11:00:59","date_gmt":"2024-11-11T10:00:59","guid":{"rendered":"https:\/\/agora.xtec.cat\/escolalallacuna\/?page_id=796"},"modified":"2025-02-06T15:36:43","modified_gmt":"2025-02-06T14:36:43","slug":"projectes-descola","status":"publish","type":"page","link":"https:\/\/agora.xtec.cat\/escolalallacuna\/projectes-descola\/","title":{"rendered":"Eines d&#8217;aprenentatge"},"content":{"rendered":"\n<p>El <strong>&#8220;com&#8221; <\/strong>aprenem determina el <strong>&#8220;qu\u00e8&#8221;<\/strong> aprenem. Per aix\u00f2, a l&#8217;escola treballem des del que es diuen <strong>metodologies actives<\/strong>. Aix\u00f2 vol dir que reconeixem que els infants \u00e9s l\u2019actor principal del seu proc\u00e9s d\u2019aprenentatge i promovem que tinguin un ampli ventall de <strong>viv\u00e8ncies<\/strong> que els portin a plantejar-se <strong>interrogants sobre ells mateixos i sobre el m\u00f3n que els envolta<\/strong>.<\/p>\n\n\n\n<p><strong>L\u2019adult acompanya<\/strong> aquests interrogants per tal que l\u2019infant vagi construint nous aprenentatges de mica en mica. Confiem en la capacitat innata dels nens i nenes per aprendre i construir-se, per\u00f2, com a \u00e9ssers socials que som, reconeixem la necessitat dels altres per enriquir els aprenentatges.<\/p>\n\n\n\n<p>Per donar resposta a aquesta manera de treballar els espais de l\u2019escola s\u00f3n <strong>flexibles<\/strong>,<strong> din\u00e0mics, i respectuosos<\/strong> per acollir all\u00f2 que est\u00e0 passant. No nom\u00e9s cerquem que els infants se sentin c\u00f2modes, sin\u00f3 que busquem promoure la seva <strong>autonomia<\/strong>.&nbsp;<\/p>\n\n\n\n<p>Per tot aix\u00f2 entenem que \u00e9s fonamental treballar a partir de <strong>propostes diverses o projectes globalitzats<\/strong>, sense parcel\u00b7lar el coneixement i aprenentatge en \u00e0rees o \u00e0mbits.<\/p>\n\n\n\n<p>En tots aquests moments vetllem perqu\u00e8 <strong>cada infant trobi el seu lloc<\/strong> des del reconeixement i el sentiment de pertinen\u00e7a al grup, en el qual \u00e9s capa\u00e7 d\u2019aportar i participar de forma activa en aquests projectes i propostes diverses de l\u2019aula.<\/p>\n\n\n\n<figure class=\"wp-block-image aligncenter size-full is-resized has-custom-border is-style-rounded\"><a href=\"https:\/\/agora.xtec.cat\/escolalallacuna\/wp-content\/uploads\/usu2352\/2025\/02\/Petits-pati3-1.jpg\"><img loading=\"lazy\" decoding=\"async\" width=\"1024\" height=\"768\" src=\"https:\/\/agora.xtec.cat\/escolalallacuna\/wp-content\/uploads\/usu2352\/2025\/02\/Petits-pati3-1.jpg\" alt=\"\" class=\"wp-image-1241\" style=\"border-radius:10px;aspect-ratio:4\/3;object-fit:cover;width:727px;height:auto\" srcset=\"https:\/\/agora.xtec.cat\/escolalallacuna\/wp-content\/uploads\/usu2352\/2025\/02\/Petits-pati3-1.jpg 1024w, https:\/\/agora.xtec.cat\/escolalallacuna\/wp-content\/uploads\/usu2352\/2025\/02\/Petits-pati3-1-300x225.jpg 300w, https:\/\/agora.xtec.cat\/escolalallacuna\/wp-content\/uploads\/usu2352\/2025\/02\/Petits-pati3-1-768x576.jpg 768w\" sizes=\"auto, (max-width: 1024px) 100vw, 1024px\" \/><\/a><\/figure>\n","protected":false},"excerpt":{"rendered":"<p>El &#8220;com&#8221; aprenem determina el &#8220;qu\u00e8&#8221; aprenem. Per aix\u00f2, a l&#8217;escola treballem des del que es diuen metodologies actives. Aix\u00f2 vol dir que reconeixem que els infants \u00e9s l\u2019actor principal del seu proc\u00e9s d\u2019aprenentatge i promovem que tinguin un ampli ventall de viv\u00e8ncies que els portin a plantejar-se interrogants sobre ells mateixos i sobre el [&hellip;]<\/p>\n","protected":false},"author":1,"featured_media":0,"parent":0,"menu_order":0,"comment_status":"closed","ping_status":"close","template":"","meta":{"_bbp_topic_count":0,"_bbp_reply_count":0,"_bbp_total_topic_count":0,"_bbp_total_reply_count":0,"_bbp_voice_count":0,"_bbp_anonymous_reply_count":0,"_bbp_topic_count_hidden":0,"_bbp_reply_count_hidden":0,"_bbp_forum_subforum_count":0,"site-sidebar-layout":"default","site-content-layout":"","ast-site-content-layout":"default","site-content-style":"default","site-sidebar-style":"default","ast-global-header-display":"","ast-banner-title-visibility":"","ast-main-header-display":"","ast-hfb-above-header-display":"","ast-hfb-below-header-display":"","ast-hfb-mobile-header-display":"","site-post-title":"","ast-breadcrumbs-content":"","ast-featured-img":"","footer-sml-layout":"","theme-transparent-header-meta":"","adv-header-id-meta":"","stick-header-meta":"","header-above-stick-meta":"","header-main-stick-meta":"","header-below-stick-meta":"","astra-migrate-meta-layouts":"set","ast-page-background-enabled":"default","ast-page-background-meta":{"desktop":{"background-color":"var(--ast-global-color-4)","background-image":"","background-repeat":"repeat","background-position":"center center","background-size":"auto","background-attachment":"scroll","background-type":"","background-media":"","overlay-type":"","overlay-color":"","overlay-opacity":"","overlay-gradient":""},"tablet":{"background-color":"","background-image":"","background-repeat":"repeat","background-position":"center center","background-size":"auto","background-attachment":"scroll","background-type":"","background-media":"","overlay-type":"","overlay-color":"","overlay-opacity":"","overlay-gradient":""},"mobile":{"background-color":"","background-image":"","background-repeat":"repeat","background-position":"center center","background-size":"auto","background-attachment":"scroll","background-type":"","background-media":"","overlay-type":"","overlay-color":"","overlay-opacity":"","overlay-gradient":""}},"ast-content-background-meta":{"desktop":{"background-color":"var(--ast-global-color-5)","background-image":"","background-repeat":"repeat","background-position":"center center","background-size":"auto","background-attachment":"scroll","background-type":"","background-media":"","overlay-type":"","overlay-color":"","overlay-opacity":"","overlay-gradient":""},"tablet":{"background-color":"var(--ast-global-color-5)","background-image":"","background-repeat":"repeat","background-position":"center center","background-size":"auto","background-attachment":"scroll","background-type":"","background-media":"","overlay-type":"","overlay-color":"","overlay-opacity":"","overlay-gradient":""},"mobile":{"background-color":"var(--ast-global-color-5)","background-image":"","background-repeat":"repeat","background-position":"center center","background-size":"auto","background-attachment":"scroll","background-type":"","background-media":"","overlay-type":"","overlay-color":"","overlay-opacity":"","overlay-gradient":""}},"footnotes":""},"class_list":["post-796","page","type-page","status-publish","hentry"],"post_mailing_queue_ids":[],"_links":{"self":[{"href":"https:\/\/agora.xtec.cat\/escolalallacuna\/wp-json\/wp\/v2\/pages\/796","targetHints":{"allow":["GET"]}}],"collection":[{"href":"https:\/\/agora.xtec.cat\/escolalallacuna\/wp-json\/wp\/v2\/pages"}],"about":[{"href":"https:\/\/agora.xtec.cat\/escolalallacuna\/wp-json\/wp\/v2\/types\/page"}],"author":[{"embeddable":true,"href":"https:\/\/agora.xtec.cat\/escolalallacuna\/wp-json\/wp\/v2\/users\/1"}],"replies":[{"embeddable":true,"href":"https:\/\/agora.xtec.cat\/escolalallacuna\/wp-json\/wp\/v2\/comments?post=796"}],"version-history":[{"count":6,"href":"https:\/\/agora.xtec.cat\/escolalallacuna\/wp-json\/wp\/v2\/pages\/796\/revisions"}],"predecessor-version":[{"id":1250,"href":"https:\/\/agora.xtec.cat\/escolalallacuna\/wp-json\/wp\/v2\/pages\/796\/revisions\/1250"}],"wp:attachment":[{"href":"https:\/\/agora.xtec.cat\/escolalallacuna\/wp-json\/wp\/v2\/media?parent=796"}],"curies":[{"name":"wp","href":"https:\/\/api.w.org\/{rel}","templated":true}]}}