{"id":77,"date":"2014-09-18T14:05:08","date_gmt":"2014-09-18T13:05:08","guid":{"rendered":"http:\/\/agora.xtec.cat\/escolalallacuna\/?page_id=77"},"modified":"2024-12-17T10:28:38","modified_gmt":"2024-12-17T09:28:38","slug":"acollida","status":"publish","type":"page","link":"https:\/\/agora.xtec.cat\/escolalallacuna\/serveis\/acollida\/","title":{"rendered":"Acollida de mat\u00ed i tarda"},"content":{"rendered":"\n<figure class=\"wp-block-image aligncenter size-full\"><a href=\"https:\/\/agora.xtec.cat\/escolalallacuna\/wp-content\/uploads\/usu2352\/2024\/10\/Acollida.jpg\"><img loading=\"lazy\" decoding=\"async\" width=\"991\" height=\"245\" src=\"https:\/\/agora.xtec.cat\/escolalallacuna\/wp-content\/uploads\/usu2352\/2024\/10\/Acollida.jpg\" alt=\"\" class=\"wp-image-780\" srcset=\"https:\/\/agora.xtec.cat\/escolalallacuna\/wp-content\/uploads\/usu2352\/2024\/10\/Acollida.jpg 991w, https:\/\/agora.xtec.cat\/escolalallacuna\/wp-content\/uploads\/usu2352\/2024\/10\/Acollida-300x74.jpg 300w, https:\/\/agora.xtec.cat\/escolalallacuna\/wp-content\/uploads\/usu2352\/2024\/10\/Acollida-768x190.jpg 768w\" sizes=\"auto, (max-width: 991px) 100vw, 991px\" \/><\/a><\/figure>\n\n\n\n<p><strong>Servei d\u2019Acollida Matinal i de Tardes<\/strong><\/p>\n\n\n\n<p>L\u2019Acollida Matinal i de Tardes \u00e9s un servei ofert per l\u2019escola per donar suport a les fam\u00edlies i proporcionar un ambient segur i estructurat per als infants abans i despr\u00e9s de la jornada escolar.<\/p>\n\n\n\n<p class=\"has-text-align-center\"><strong>L&#8217;horari d&#8217;aquest servei \u00e9s de 8:00 a 9:00\u202fh i, de 16:30 a 17:30\u202fh.<\/strong><\/p>\n\n\n\n<p><strong>Supervisi\u00f3 i seguretat<\/strong><\/p>\n\n\n\n<p>L\u2019Acollida Matinal i de Tardes comptar\u00e0 amb personal qualificat per supervisar i vetllar pel benestar dels infants. El personal estar\u00e0 format en les mesures de seguretat adequades i tindr\u00e0 coneixement del protocol d\u2019emerg\u00e8ncia de l\u2019escola.<\/p>\n\n\n\n<p><strong>Registre d\u2019assist\u00e8ncia<\/strong><\/p>\n\n\n\n<p>Els monitors\/es porten un control de l\u2019assist\u00e8ncia dels infants que fan \u00fas del servei. Aix\u00f2 permetr\u00e0 tenir un control adequat de la pres\u00e8ncia dels infants.<\/p>\n\n\n\n<p><strong>Activitats i entreteniment<\/strong><\/p>\n\n\n\n<p>S\u2019oferiran activitats i materials per tal que els infants puguin gaudir d\u2019aquesta estona. Aquestes activitats poden incloure jocs, manualitats, lectures o altres activitats recreatives. Es tindran en compte les edats dels infants per adaptar les activitats al seu nivell de desenvolupament.<\/p>\n\n\n\n<p><strong>Higiene i salut<\/strong><\/p>\n\n\n\n<p>Es promour\u00e0 i supervisar\u00e0 una correcta higiene personal dels infants, incloent-hi rentar-se les mans abans de l\u2019esmorzar o qualsevol altra activitat que ho requereixi. Si un infant presenta s\u00edmptomes de malaltia, se li demanar\u00e0 a la fam\u00edlia que el vinguin a buscar per garantir el benestar de tothom.<\/p>\n\n\n\n<p><\/p>\n\n\n\n<p class=\"has-text-align-center\">Podeu trobar tota la informaci\u00f3 i condicions fent clic a l&#8217;enlla\u00e7: <a href=\"https:\/\/drive.google.com\/file\/d\/1izM19Ey787-GlG09a0mjM9I3iYJiBeu6\/view?usp=sharing\">Acollida matinal i de tardes<\/a><\/p>\n\n\n\n<p><\/p>\n\n\n\n<p><strong>Coordinadora del servei de menjador:<\/strong> Anna<br><strong>Correu electr\u00f2nic:<\/strong> llacuna@menjares.com<br><strong>Tel\u00e8fon de contacte: <\/strong>634 836 173<br><strong>Horari d\u2019atenci\u00f3 telef\u00f2nica:<\/strong> de 9:00h a 15:00h<\/p>\n","protected":false},"excerpt":{"rendered":"<p>Servei d\u2019Acollida Matinal i de Tardes L\u2019Acollida Matinal i de Tardes \u00e9s un servei ofert per l\u2019escola per donar suport a les fam\u00edlies i proporcionar un ambient segur i estructurat per als infants abans i despr\u00e9s de la jornada escolar. L&#8217;horari d&#8217;aquest servei \u00e9s de 8:00 a 9:00\u202fh i, de 16:30 a 17:30\u202fh. Supervisi\u00f3 i [&hellip;]<\/p>\n","protected":false},"author":1,"featured_media":0,"parent":66,"menu_order":1,"comment_status":"closed","ping_status":"closed","template":"","meta":{"_bbp_topic_count":0,"_bbp_reply_count":0,"_bbp_total_topic_count":0,"_bbp_total_reply_count":0,"_bbp_voice_count":0,"_bbp_anonymous_reply_count":0,"_bbp_topic_count_hidden":0,"_bbp_reply_count_hidden":0,"_bbp_forum_subforum_count":0,"site-sidebar-layout":"default","site-content-layout":"","ast-site-content-layout":"default","site-content-style":"default","site-sidebar-style":"default","ast-global-header-display":"","ast-banner-title-visibility":"","ast-main-header-display":"","ast-hfb-above-header-display":"","ast-hfb-below-header-display":"","ast-hfb-mobile-header-display":"","site-post-title":"","ast-breadcrumbs-content":"","ast-featured-img":"","footer-sml-layout":"","theme-transparent-header-meta":"","adv-header-id-meta":"","stick-header-meta":"","header-above-stick-meta":"","header-main-stick-meta":"","header-below-stick-meta":"","astra-migrate-meta-layouts":"set","ast-page-background-enabled":"default","ast-page-background-meta":{"desktop":{"background-color":"var(--ast-global-color-4)","background-image":"","background-repeat":"repeat","background-position":"center center","background-size":"auto","background-attachment":"scroll","background-type":"","background-media":"","overlay-type":"","overlay-color":"","overlay-opacity":"","overlay-gradient":""},"tablet":{"background-color":"","background-image":"","background-repeat":"repeat","background-position":"center center","background-size":"auto","background-attachment":"scroll","background-type":"","background-media":"","overlay-type":"","overlay-color":"","overlay-opacity":"","overlay-gradient":""},"mobile":{"background-color":"","background-image":"","background-repeat":"repeat","background-position":"center center","background-size":"auto","background-attachment":"scroll","background-type":"","background-media":"","overlay-type":"","overlay-color":"","overlay-opacity":"","overlay-gradient":""}},"ast-content-background-meta":{"desktop":{"background-color":"var(--ast-global-color-5)","background-image":"","background-repeat":"repeat","background-position":"center center","background-size":"auto","background-attachment":"scroll","background-type":"","background-media":"","overlay-type":"","overlay-color":"","overlay-opacity":"","overlay-gradient":""},"tablet":{"background-color":"var(--ast-global-color-5)","background-image":"","background-repeat":"repeat","background-position":"center center","background-size":"auto","background-attachment":"scroll","background-type":"","background-media":"","overlay-type":"","overlay-color":"","overlay-opacity":"","overlay-gradient":""},"mobile":{"background-color":"var(--ast-global-color-5)","background-image":"","background-repeat":"repeat","background-position":"center center","background-size":"auto","background-attachment":"scroll","background-type":"","background-media":"","overlay-type":"","overlay-color":"","overlay-opacity":"","overlay-gradient":""}},"footnotes":""},"class_list":["post-77","page","type-page","status-publish","hentry"],"post_mailing_queue_ids":[],"_links":{"self":[{"href":"https:\/\/agora.xtec.cat\/escolalallacuna\/wp-json\/wp\/v2\/pages\/77","targetHints":{"allow":["GET"]}}],"collection":[{"href":"https:\/\/agora.xtec.cat\/escolalallacuna\/wp-json\/wp\/v2\/pages"}],"about":[{"href":"https:\/\/agora.xtec.cat\/escolalallacuna\/wp-json\/wp\/v2\/types\/page"}],"author":[{"embeddable":true,"href":"https:\/\/agora.xtec.cat\/escolalallacuna\/wp-json\/wp\/v2\/users\/1"}],"replies":[{"embeddable":true,"href":"https:\/\/agora.xtec.cat\/escolalallacuna\/wp-json\/wp\/v2\/comments?post=77"}],"version-history":[{"count":5,"href":"https:\/\/agora.xtec.cat\/escolalallacuna\/wp-json\/wp\/v2\/pages\/77\/revisions"}],"predecessor-version":[{"id":1160,"href":"https:\/\/agora.xtec.cat\/escolalallacuna\/wp-json\/wp\/v2\/pages\/77\/revisions\/1160"}],"up":[{"embeddable":true,"href":"https:\/\/agora.xtec.cat\/escolalallacuna\/wp-json\/wp\/v2\/pages\/66"}],"wp:attachment":[{"href":"https:\/\/agora.xtec.cat\/escolalallacuna\/wp-json\/wp\/v2\/media?parent=77"}],"curies":[{"name":"wp","href":"https:\/\/api.w.org\/{rel}","templated":true}]}}