{"id":760,"date":"2024-10-31T12:23:26","date_gmt":"2024-10-31T11:23:26","guid":{"rendered":"https:\/\/agora.xtec.cat\/escolalallacuna\/?page_id=760"},"modified":"2024-11-19T10:25:32","modified_gmt":"2024-11-19T09:25:32","slug":"per-llegir-per-pensar","status":"publish","type":"page","link":"https:\/\/agora.xtec.cat\/escolalallacuna\/recursos\/per-llegir-per-pensar\/","title":{"rendered":"Per llegir, per pensar"},"content":{"rendered":"\n<p><strong>Aqu\u00ed hi trobar\u00e0s articles, entrevistes i v\u00eddeos que ens semblen interessants i que ens ajuden a compartir una manera de mirar l\u2019educaci\u00f3<\/strong>:<\/p>\n\n\n\n<div class=\"wp-block-columns is-layout-flex wp-container-core-columns-is-layout-1 wp-block-columns-is-layout-flex\">\n<div class=\"wp-block-column is-layout-flow wp-block-column-is-layout-flow\" style=\"flex-basis:33.33%\">\n<figure class=\"wp-block-image size-full has-custom-border\"><a href=\"https:\/\/agora.xtec.cat\/escolalallacuna\/wp-content\/uploads\/usu2352\/2024\/11\/image-9.png\"><img loading=\"lazy\" decoding=\"async\" width=\"620\" height=\"349\" src=\"https:\/\/agora.xtec.cat\/escolalallacuna\/wp-content\/uploads\/usu2352\/2024\/11\/image-9.png\" alt=\"\" class=\"wp-image-949\" style=\"border-radius:24px\" srcset=\"https:\/\/agora.xtec.cat\/escolalallacuna\/wp-content\/uploads\/usu2352\/2024\/11\/image-9.png 620w, https:\/\/agora.xtec.cat\/escolalallacuna\/wp-content\/uploads\/usu2352\/2024\/11\/image-9-300x169.png 300w\" sizes=\"auto, (max-width: 620px) 100vw, 620px\" \/><\/a><\/figure>\n<\/div>\n\n\n\n<div class=\"wp-block-column is-layout-flow wp-block-column-is-layout-flow\" style=\"flex-basis:66.66%\">\n<h2 class=\"wp-block-heading\">\u201cLlegir per transformar\u201d<\/h2>\n\n\n\n<p>Us recomanem aquest article en el qual en\u00a0David Bueno\u00a0reflexiona sobre com la neuroci\u00e8ncia ens ajuda a entendre els processos d\u2019aprendre a llegir i escriure. Veureu com moltes de les seves propostes coincideixen amb un enfocament de l\u2019aprenentatge de la llengua (oral i escrita) que respecta diferents ritmes d\u2019aprenentatge i defensa la necessitat de gaudir de l\u2019experi\u00e8ncia de llegir i escriure com a pr\u00e8via imprescindible. Celebrem que, ara des de la neuroci\u00e8ncia, s\u2019avali una manera d\u2019aprendre que ja est\u00e0 consolidada a moltes de les nostres escoles.<\/p>\n\n\n\n<p>Enlla\u00e7 a l&#8217;article: <a href=\"https:\/\/www.blogrosasensat.org\/2017\/05\/llegir-per-transformar.html\">Educar avui: Llegir per transformar<\/a>.<\/p>\n<\/div>\n<\/div>\n\n\n\n<div class=\"wp-block-columns is-layout-flex wp-container-core-columns-is-layout-2 wp-block-columns-is-layout-flex\">\n<div class=\"wp-block-column is-layout-flow wp-block-column-is-layout-flow\" style=\"flex-basis:33.33%\">\n<figure class=\"wp-block-image size-large has-custom-border\"><a href=\"https:\/\/agora.xtec.cat\/escolalallacuna\/wp-content\/uploads\/usu2352\/2024\/09\/IMG_20220704_103127-edited-scaled.jpg\"><img loading=\"lazy\" decoding=\"async\" width=\"1024\" height=\"576\" src=\"https:\/\/agora.xtec.cat\/escolalallacuna\/wp-content\/uploads\/usu2352\/2024\/09\/IMG_20220704_103127-edited-1024x576.jpg\" alt=\"\" class=\"wp-image-653\" style=\"border-radius:23px\" srcset=\"https:\/\/agora.xtec.cat\/escolalallacuna\/wp-content\/uploads\/usu2352\/2024\/09\/IMG_20220704_103127-edited-1024x576.jpg 1024w, https:\/\/agora.xtec.cat\/escolalallacuna\/wp-content\/uploads\/usu2352\/2024\/09\/IMG_20220704_103127-edited-300x169.jpg 300w, https:\/\/agora.xtec.cat\/escolalallacuna\/wp-content\/uploads\/usu2352\/2024\/09\/IMG_20220704_103127-edited-768x432.jpg 768w, https:\/\/agora.xtec.cat\/escolalallacuna\/wp-content\/uploads\/usu2352\/2024\/09\/IMG_20220704_103127-edited-1536x864.jpg 1536w, https:\/\/agora.xtec.cat\/escolalallacuna\/wp-content\/uploads\/usu2352\/2024\/09\/IMG_20220704_103127-edited-2048x1152.jpg 2048w\" sizes=\"auto, (max-width: 1024px) 100vw, 1024px\" \/><\/a><\/figure>\n<\/div>\n\n\n\n<div class=\"wp-block-column is-layout-flow wp-block-column-is-layout-flow\" style=\"flex-basis:66.66%\">\n<h2 class=\"wp-block-heading\">\u201cEls espais de lliure circulaci\u00f3 de la Llacuna del Poblenou.\u201d<\/h2>\n\n\n\n<p>Els espais de lliure circulaci\u00f3 de la Llacuna del Poblenou Article publicat a la revista Kireei per Elena ferro Quan pensem en una escola normalment imaginem nens dividits per grups d\u2019edat classificats en aules, dins de les quals desenvolupen una activitat concreta dirigida per un mestre.\u00a0Per\u00f2 no totes les escoles funcionen aix\u00ed.<\/p>\n\n\n\n<p>Enlla\u00e7 a l&#8217;article: <a href=\"https:\/\/docs.google.com\/document\/d\/1xDPolzQ4WXYRNabTUIt3kw0niKY_pIknJwDHrqU6DGM\/edit?usp=sharing\">Els espais de lliure circulaci\u00f3<\/a>.<\/p>\n<\/div>\n<\/div>\n\n\n\n<div class=\"wp-block-columns is-layout-flex wp-container-core-columns-is-layout-3 wp-block-columns-is-layout-flex\">\n<div class=\"wp-block-column is-layout-flow wp-block-column-is-layout-flow\" style=\"flex-basis:33.33%\">\n<figure class=\"wp-block-image size-large has-custom-border\"><a href=\"https:\/\/agora.xtec.cat\/escolalallacuna\/wp-content\/uploads\/usu2352\/2024\/10\/IMG_20240226_170943-EDIT-scaled.jpg\"><img loading=\"lazy\" decoding=\"async\" width=\"1024\" height=\"766\" src=\"https:\/\/agora.xtec.cat\/escolalallacuna\/wp-content\/uploads\/usu2352\/2024\/10\/IMG_20240226_170943-EDIT-1024x766.jpg\" alt=\"\" class=\"wp-image-708\" style=\"border-radius:24px\" srcset=\"https:\/\/agora.xtec.cat\/escolalallacuna\/wp-content\/uploads\/usu2352\/2024\/10\/IMG_20240226_170943-EDIT-1024x766.jpg 1024w, https:\/\/agora.xtec.cat\/escolalallacuna\/wp-content\/uploads\/usu2352\/2024\/10\/IMG_20240226_170943-EDIT-300x224.jpg 300w, https:\/\/agora.xtec.cat\/escolalallacuna\/wp-content\/uploads\/usu2352\/2024\/10\/IMG_20240226_170943-EDIT-768x575.jpg 768w, https:\/\/agora.xtec.cat\/escolalallacuna\/wp-content\/uploads\/usu2352\/2024\/10\/IMG_20240226_170943-EDIT-1536x1149.jpg 1536w, https:\/\/agora.xtec.cat\/escolalallacuna\/wp-content\/uploads\/usu2352\/2024\/10\/IMG_20240226_170943-EDIT-2048x1533.jpg 2048w\" sizes=\"auto, (max-width: 1024px) 100vw, 1024px\" \/><\/a><\/figure>\n<\/div>\n\n\n\n<div class=\"wp-block-column is-layout-flow wp-block-column-is-layout-flow\" style=\"flex-basis:66.66%\">\n<h2 class=\"wp-block-heading\">\u201cEscoles que innoven La Llacuna del Poblenou\u201d<\/h2>\n\n\n\n<p>Article publicat per Jimena Pe\u00f1a en castell\u00e0 al blog educatiu Aprehendere.<\/p>\n\n\n\n<p>Enlla\u00e7 a l&#8217;article: <a href=\"https:\/\/drive.google.com\/file\/d\/1-amhP5k0qETSgaCQQ-OxtqiOT-fQWvH1\/view?usp=sharing\">Escuelas que innovan &#8221; La Llacuna del Poblenou&#8221;<\/a><\/p>\n<\/div>\n<\/div>\n","protected":false},"excerpt":{"rendered":"<p>Aqu\u00ed hi trobar\u00e0s articles, entrevistes i v\u00eddeos que ens semblen interessants i que ens ajuden a compartir una manera de mirar l\u2019educaci\u00f3: \u201cLlegir per transformar\u201d Us recomanem aquest article en el qual en\u00a0David Bueno\u00a0reflexiona sobre com la neuroci\u00e8ncia ens ajuda a entendre els processos d\u2019aprendre a llegir i escriure. Veureu com moltes de les seves [&hellip;]<\/p>\n","protected":false},"author":1,"featured_media":0,"parent":771,"menu_order":1,"comment_status":"closed","ping_status":"close","template":"","meta":{"_bbp_topic_count":0,"_bbp_reply_count":0,"_bbp_total_topic_count":0,"_bbp_total_reply_count":0,"_bbp_voice_count":0,"_bbp_anonymous_reply_count":0,"_bbp_topic_count_hidden":0,"_bbp_reply_count_hidden":0,"_bbp_forum_subforum_count":0,"site-sidebar-layout":"default","site-content-layout":"","ast-site-content-layout":"default","site-content-style":"default","site-sidebar-style":"default","ast-global-header-display":"","ast-banner-title-visibility":"","ast-main-header-display":"","ast-hfb-above-header-display":"","ast-hfb-below-header-display":"","ast-hfb-mobile-header-display":"","site-post-title":"","ast-breadcrumbs-content":"","ast-featured-img":"","footer-sml-layout":"","theme-transparent-header-meta":"","adv-header-id-meta":"","stick-header-meta":"","header-above-stick-meta":"","header-main-stick-meta":"","header-below-stick-meta":"","astra-migrate-meta-layouts":"set","ast-page-background-enabled":"default","ast-page-background-meta":{"desktop":{"background-color":"var(--ast-global-color-4)","background-image":"","background-repeat":"repeat","background-position":"center center","background-size":"auto","background-attachment":"scroll","background-type":"","background-media":"","overlay-type":"","overlay-color":"","overlay-opacity":"","overlay-gradient":""},"tablet":{"background-color":"","background-image":"","background-repeat":"repeat","background-position":"center center","background-size":"auto","background-attachment":"scroll","background-type":"","background-media":"","overlay-type":"","overlay-color":"","overlay-opacity":"","overlay-gradient":""},"mobile":{"background-color":"","background-image":"","background-repeat":"repeat","background-position":"center center","background-size":"auto","background-attachment":"scroll","background-type":"","background-media":"","overlay-type":"","overlay-color":"","overlay-opacity":"","overlay-gradient":""}},"ast-content-background-meta":{"desktop":{"background-color":"var(--ast-global-color-5)","background-image":"","background-repeat":"repeat","background-position":"center center","background-size":"auto","background-attachment":"scroll","background-type":"","background-media":"","overlay-type":"","overlay-color":"","overlay-opacity":"","overlay-gradient":""},"tablet":{"background-color":"var(--ast-global-color-5)","background-image":"","background-repeat":"repeat","background-position":"center center","background-size":"auto","background-attachment":"scroll","background-type":"","background-media":"","overlay-type":"","overlay-color":"","overlay-opacity":"","overlay-gradient":""},"mobile":{"background-color":"var(--ast-global-color-5)","background-image":"","background-repeat":"repeat","background-position":"center center","background-size":"auto","background-attachment":"scroll","background-type":"","background-media":"","overlay-type":"","overlay-color":"","overlay-opacity":"","overlay-gradient":""}},"footnotes":""},"class_list":["post-760","page","type-page","status-publish","hentry"],"post_mailing_queue_ids":[],"_links":{"self":[{"href":"https:\/\/agora.xtec.cat\/escolalallacuna\/wp-json\/wp\/v2\/pages\/760","targetHints":{"allow":["GET"]}}],"collection":[{"href":"https:\/\/agora.xtec.cat\/escolalallacuna\/wp-json\/wp\/v2\/pages"}],"about":[{"href":"https:\/\/agora.xtec.cat\/escolalallacuna\/wp-json\/wp\/v2\/types\/page"}],"author":[{"embeddable":true,"href":"https:\/\/agora.xtec.cat\/escolalallacuna\/wp-json\/wp\/v2\/users\/1"}],"replies":[{"embeddable":true,"href":"https:\/\/agora.xtec.cat\/escolalallacuna\/wp-json\/wp\/v2\/comments?post=760"}],"version-history":[{"count":5,"href":"https:\/\/agora.xtec.cat\/escolalallacuna\/wp-json\/wp\/v2\/pages\/760\/revisions"}],"predecessor-version":[{"id":950,"href":"https:\/\/agora.xtec.cat\/escolalallacuna\/wp-json\/wp\/v2\/pages\/760\/revisions\/950"}],"up":[{"embeddable":true,"href":"https:\/\/agora.xtec.cat\/escolalallacuna\/wp-json\/wp\/v2\/pages\/771"}],"wp:attachment":[{"href":"https:\/\/agora.xtec.cat\/escolalallacuna\/wp-json\/wp\/v2\/media?parent=760"}],"curies":[{"name":"wp","href":"https:\/\/api.w.org\/{rel}","templated":true}]}}