{"id":748,"date":"2024-10-31T12:06:19","date_gmt":"2024-10-31T11:06:19","guid":{"rendered":"https:\/\/agora.xtec.cat\/escolalallacuna\/?page_id=748"},"modified":"2025-02-06T16:14:54","modified_gmt":"2025-02-06T15:14:54","slug":"afa-associacio-de-families-de-lalumnat","status":"publish","type":"page","link":"https:\/\/agora.xtec.cat\/escolalallacuna\/afa-associacio-de-families-de-lalumnat\/","title":{"rendered":"Fam\u00edlies i AFA"},"content":{"rendered":"\n<p>Entenem que l\u2019escola la formem el conjunt de persones que participem d\u2019una manera o altra en la seva din\u00e0mica i funcionament. En aquest sentit, el paper de les fam\u00edlies<br>ens sembla fonamental per la permanent construcci\u00f3 i creixement de La Llacuna del Poblenou. Per treballar de la manera en qu\u00e8 ho fem a l\u2019escola \u00e9s molt important la seva<strong> participaci\u00f3<\/strong>. <\/p>\n\n\n\n<p>Participar en la vida de l\u2019escola des de la <strong>col\u00b7laboraci\u00f3 <\/strong>i el <strong>respecte <\/strong>pel treball dels professionals, vetllar per l\u2019establiment de canals de comunicaci\u00f3 que afavoreixin el coneixement i la <strong>confian\u00e7a<\/strong> i treballar pel benestar del conjunt dels infants de l\u2019escola s\u00f3n la base per construir plegades una cultura educativa comuna.<\/p>\n\n\n\n<p>Les fam\u00edlies poden participar en el dia a dia de l\u2019escola de formes diferents:<\/p>\n\n\n\n<ul class=\"wp-block-list\">\n<li>Per una banda, durant els cursos d\u2019I3, I4 i I5, les fam\u00edlies poden compartir la <strong>Benvinguda<\/strong>, la primera \u00bd h de la jornada amb els seus infants a l\u2019aula.&nbsp;<\/li>\n\n\n\n<li>Un cop al trimestre fem els \u201c<strong>Divendres oberts<\/strong>\u201d i totes les fam\u00edlies de l\u2019escola comparteixen una tarda amb els seus fills\/es a l\u2019aula.&nbsp;<\/li>\n\n\n\n<li>Tamb\u00e9 hi ha fam\u00edlies que col\u00b7laboren participant en sortides i activitats com a <strong>acompanyants<\/strong>, en l\u2019itinerari literari per Sant Jordi o en determinats projectes d&#8217;aula en qu\u00e8 us proposem participar.<\/li>\n<\/ul>\n\n\n\n<p>Una altra forma de participar \u00e9s a trav\u00e9s de l\u2019<strong>AFA<\/strong>. La nostra escola t\u00e9 una AFA molt activa. Si entreu al seu web podreu veure totes les extraescolars que organitza, les celebracions que fan, xerrades que organitzen, etc. Alhora col\u00b7laborem en comissions mixtes, on membres del claustre i fam\u00edlies treballen plegades en algun \u00e0mbit concret (Biblioteca, Inclusiva, Espai migdia, Cultura de pau).<\/p>\n\n\n\n<figure class=\"wp-block-image aligncenter size-full is-resized has-custom-border\"><a href=\"https:\/\/agora.xtec.cat\/escolalallacuna\/wp-content\/uploads\/usu2352\/2025\/02\/Com-podem-millorar-la-relacio-entre-escola-i-families-768x545-1.jpg\"><img loading=\"lazy\" decoding=\"async\" width=\"768\" height=\"545\" src=\"https:\/\/agora.xtec.cat\/escolalallacuna\/wp-content\/uploads\/usu2352\/2025\/02\/Com-podem-millorar-la-relacio-entre-escola-i-families-768x545-1.jpg\" alt=\"\" class=\"wp-image-1267\" style=\"border-radius:10px;width:573px;height:auto\" srcset=\"https:\/\/agora.xtec.cat\/escolalallacuna\/wp-content\/uploads\/usu2352\/2025\/02\/Com-podem-millorar-la-relacio-entre-escola-i-families-768x545-1.jpg 768w, https:\/\/agora.xtec.cat\/escolalallacuna\/wp-content\/uploads\/usu2352\/2025\/02\/Com-podem-millorar-la-relacio-entre-escola-i-families-768x545-1-300x213.jpg 300w\" sizes=\"auto, (max-width: 768px) 100vw, 768px\" \/><\/a><\/figure>\n","protected":false},"excerpt":{"rendered":"<p>Entenem que l\u2019escola la formem el conjunt de persones que participem d\u2019una manera o altra en la seva din\u00e0mica i funcionament. En aquest sentit, el paper de les fam\u00edliesens sembla fonamental per la permanent construcci\u00f3 i creixement de La Llacuna del Poblenou. Per treballar de la manera en qu\u00e8 ho fem a l\u2019escola \u00e9s molt [&hellip;]<\/p>\n","protected":false},"author":1,"featured_media":0,"parent":0,"menu_order":1,"comment_status":"closed","ping_status":"close","template":"","meta":{"_bbp_topic_count":0,"_bbp_reply_count":0,"_bbp_total_topic_count":0,"_bbp_total_reply_count":0,"_bbp_voice_count":0,"_bbp_anonymous_reply_count":0,"_bbp_topic_count_hidden":0,"_bbp_reply_count_hidden":0,"_bbp_forum_subforum_count":0,"site-sidebar-layout":"default","site-content-layout":"","ast-site-content-layout":"default","site-content-style":"default","site-sidebar-style":"default","ast-global-header-display":"","ast-banner-title-visibility":"","ast-main-header-display":"","ast-hfb-above-header-display":"","ast-hfb-below-header-display":"","ast-hfb-mobile-header-display":"","site-post-title":"","ast-breadcrumbs-content":"","ast-featured-img":"","footer-sml-layout":"","theme-transparent-header-meta":"","adv-header-id-meta":"","stick-header-meta":"","header-above-stick-meta":"","header-main-stick-meta":"","header-below-stick-meta":"","astra-migrate-meta-layouts":"set","ast-page-background-enabled":"default","ast-page-background-meta":{"desktop":{"background-color":"var(--ast-global-color-4)","background-image":"","background-repeat":"repeat","background-position":"center center","background-size":"auto","background-attachment":"scroll","background-type":"","background-media":"","overlay-type":"","overlay-color":"","overlay-opacity":"","overlay-gradient":""},"tablet":{"background-color":"","background-image":"","background-repeat":"repeat","background-position":"center center","background-size":"auto","background-attachment":"scroll","background-type":"","background-media":"","overlay-type":"","overlay-color":"","overlay-opacity":"","overlay-gradient":""},"mobile":{"background-color":"","background-image":"","background-repeat":"repeat","background-position":"center center","background-size":"auto","background-attachment":"scroll","background-type":"","background-media":"","overlay-type":"","overlay-color":"","overlay-opacity":"","overlay-gradient":""}},"ast-content-background-meta":{"desktop":{"background-color":"var(--ast-global-color-5)","background-image":"","background-repeat":"repeat","background-position":"center center","background-size":"auto","background-attachment":"scroll","background-type":"","background-media":"","overlay-type":"","overlay-color":"","overlay-opacity":"","overlay-gradient":""},"tablet":{"background-color":"var(--ast-global-color-5)","background-image":"","background-repeat":"repeat","background-position":"center center","background-size":"auto","background-attachment":"scroll","background-type":"","background-media":"","overlay-type":"","overlay-color":"","overlay-opacity":"","overlay-gradient":""},"mobile":{"background-color":"var(--ast-global-color-5)","background-image":"","background-repeat":"repeat","background-position":"center center","background-size":"auto","background-attachment":"scroll","background-type":"","background-media":"","overlay-type":"","overlay-color":"","overlay-opacity":"","overlay-gradient":""}},"footnotes":""},"class_list":["post-748","page","type-page","status-publish","hentry"],"post_mailing_queue_ids":[],"_links":{"self":[{"href":"https:\/\/agora.xtec.cat\/escolalallacuna\/wp-json\/wp\/v2\/pages\/748","targetHints":{"allow":["GET"]}}],"collection":[{"href":"https:\/\/agora.xtec.cat\/escolalallacuna\/wp-json\/wp\/v2\/pages"}],"about":[{"href":"https:\/\/agora.xtec.cat\/escolalallacuna\/wp-json\/wp\/v2\/types\/page"}],"author":[{"embeddable":true,"href":"https:\/\/agora.xtec.cat\/escolalallacuna\/wp-json\/wp\/v2\/users\/1"}],"replies":[{"embeddable":true,"href":"https:\/\/agora.xtec.cat\/escolalallacuna\/wp-json\/wp\/v2\/comments?post=748"}],"version-history":[{"count":5,"href":"https:\/\/agora.xtec.cat\/escolalallacuna\/wp-json\/wp\/v2\/pages\/748\/revisions"}],"predecessor-version":[{"id":1268,"href":"https:\/\/agora.xtec.cat\/escolalallacuna\/wp-json\/wp\/v2\/pages\/748\/revisions\/1268"}],"wp:attachment":[{"href":"https:\/\/agora.xtec.cat\/escolalallacuna\/wp-json\/wp\/v2\/media?parent=748"}],"curies":[{"name":"wp","href":"https:\/\/api.w.org\/{rel}","templated":true}]}}