{"id":73,"date":"2014-09-18T14:01:51","date_gmt":"2014-09-18T13:01:51","guid":{"rendered":"http:\/\/agora.xtec.cat\/escolalallacuna\/?page_id=73"},"modified":"2025-11-27T11:03:33","modified_gmt":"2025-11-27T10:03:33","slug":"menjador-escolar","status":"publish","type":"page","link":"https:\/\/agora.xtec.cat\/escolalallacuna\/serveis\/menjador-escolar\/","title":{"rendered":"Espai Migdia"},"content":{"rendered":"\n<figure class=\"wp-block-image aligncenter size-large\"><a href=\"https:\/\/agora.xtec.cat\/escolalallacuna\/wp-content\/uploads\/usu2352\/2024\/10\/image-2.png\"><img loading=\"lazy\" decoding=\"async\" width=\"1024\" height=\"244\" src=\"https:\/\/agora.xtec.cat\/escolalallacuna\/wp-content\/uploads\/usu2352\/2024\/10\/image-2-1024x244.png\" alt=\"\" class=\"wp-image-746\" srcset=\"https:\/\/agora.xtec.cat\/escolalallacuna\/wp-content\/uploads\/usu2352\/2024\/10\/image-2-1024x244.png 1024w, https:\/\/agora.xtec.cat\/escolalallacuna\/wp-content\/uploads\/usu2352\/2024\/10\/image-2-300x72.png 300w, https:\/\/agora.xtec.cat\/escolalallacuna\/wp-content\/uploads\/usu2352\/2024\/10\/image-2-768x183.png 768w, https:\/\/agora.xtec.cat\/escolalallacuna\/wp-content\/uploads\/usu2352\/2024\/10\/image-2.png 1332w\" sizes=\"auto, (max-width: 1024px) 100vw, 1024px\" \/><\/a><\/figure>\n\n\n\n<blockquote class=\"wp-block-quote has-text-align-left is-layout-flow wp-block-quote-is-layout-flow\">\n<p>\u201cEl menjador \u00e9s un espai adequat per refor\u00e7ar una s\u00e8rie d\u2019h\u00e0bits que s\u2019aprenen a casa.\u201d<\/p>\n<cite>Menjares<\/cite><\/blockquote>\n\n\n\n<p>Menjares \u00e9s una empresa que gestiona l\u2019Espai Migdia i est\u00e0 formada per un grup d\u2019especialistes compromesos amb l\u2019alimentaci\u00f3 i l\u2019educaci\u00f3 dels infants. A Menjares, creiem que un \u00e0pat \u00e9s m\u00e9s que un simple acte de menjar. El nostre cam\u00ed va comen\u00e7ar el 2009 i des d\u2019aleshores hem avan\u00e7at amb pas ferm, escoltant el centre, les fam\u00edlies i els infants que hi participen. Aix\u00f2 ens permet satisfer les seves necessitats, superar les seves expectatives i aportar el nostre coneixement i savoir-faire per a un proc\u00e9s satisfactori.<\/p>\n\n\n\n<p>Ens apassiona la nostra tasca i assumim la gran responsabilitat que tenim: alimentar els infants de manera literal i figurada, mitjan\u00e7ant un aprenentatge significatiu que tingui en compte tots els factors de l\u2019entorn de l\u2019infant i una conviv\u00e8ncia plena i gratificant. A Menjares, som conscients de la import\u00e0ncia de proporcionar una alimentaci\u00f3 saludable i equilibrada als infants, perqu\u00e8 s\u00f3n el futur de la societat.<\/p>\n\n\n\n<p>Treballem acompanyats de la comissi\u00f3 de menjador per entendre les necessitats i prefer\u00e8ncies de les fam\u00edlies i del centre, adaptant els nostres serveis i men\u00fas perqu\u00e8 compleixin amb els m\u00e9s alts est\u00e0ndards de qualitat i salut. Estem compromesos amb l\u2019aprenentatge i el creixement constant, mantenint-nos actualitzats amb les \u00faltimes tend\u00e8ncies en nutrici\u00f3 i educaci\u00f3 infantil. <\/p>\n\n\n\n<p>Aix\u00f2 ens permet oferir un servei excepcional i contribuir al desenvolupament integral dels infants, tant en l\u2019\u00e0mbit f\u00edsic com emocional. Agra\u00efm la confian\u00e7a que ens heu dipositat i continuarem treballant amb passi\u00f3 i dedicaci\u00f3 per oferir-vos una experi\u00e8ncia d\u2019espai migdia excepcional. Estem aqu\u00ed per acompanyar-vos en aquest cam\u00ed de creixement i benestar dels infants.<\/p>\n\n\n\n<p class=\"has-text-align-center\">Podeu trobar tota la informaci\u00f3 fent clic a l&#8217;enlla\u00e7: <a href=\"https:\/\/drive.google.com\/file\/d\/1wYftrdN2KTJrwQWTk1v7sgN_o14VHXkG\/view?usp=sharing\">Espai migdia a La Llacuna del Poblenou<\/a><\/p>\n\n\n\n<p><\/p>\n\n\n\n<p><strong>Coordinadora del servei de menjador:<\/strong> Elisabeth<br><strong>Correu electr\u00f2nic:<\/strong> llacuna@menjares.com<br><strong>Tel\u00e8fon de contacte: <\/strong>634 836 173<br><strong>Horari d\u2019atenci\u00f3 telef\u00f2nica:<\/strong> de 9:00h a 15:00h<\/p>\n","protected":false},"excerpt":{"rendered":"<p>\u201cEl menjador \u00e9s un espai adequat per refor\u00e7ar una s\u00e8rie d\u2019h\u00e0bits que s\u2019aprenen a casa.\u201d Menjares Menjares \u00e9s una empresa que gestiona l\u2019Espai Migdia i est\u00e0 formada per un grup d\u2019especialistes compromesos amb l\u2019alimentaci\u00f3 i l\u2019educaci\u00f3 dels infants. A Menjares, creiem que un \u00e0pat \u00e9s m\u00e9s que un simple acte de menjar. El nostre cam\u00ed [&hellip;]<\/p>\n","protected":false},"author":1,"featured_media":0,"parent":66,"menu_order":2,"comment_status":"closed","ping_status":"closed","template":"","meta":{"_bbp_topic_count":0,"_bbp_reply_count":0,"_bbp_total_topic_count":0,"_bbp_total_reply_count":0,"_bbp_voice_count":0,"_bbp_anonymous_reply_count":0,"_bbp_topic_count_hidden":0,"_bbp_reply_count_hidden":0,"_bbp_forum_subforum_count":0,"site-sidebar-layout":"default","site-content-layout":"","ast-site-content-layout":"default","site-content-style":"default","site-sidebar-style":"default","ast-global-header-display":"","ast-banner-title-visibility":"","ast-main-header-display":"","ast-hfb-above-header-display":"","ast-hfb-below-header-display":"","ast-hfb-mobile-header-display":"","site-post-title":"","ast-breadcrumbs-content":"","ast-featured-img":"","footer-sml-layout":"","theme-transparent-header-meta":"","adv-header-id-meta":"","stick-header-meta":"","header-above-stick-meta":"","header-main-stick-meta":"","header-below-stick-meta":"","astra-migrate-meta-layouts":"set","ast-page-background-enabled":"default","ast-page-background-meta":{"desktop":{"background-color":"var(--ast-global-color-4)","background-image":"","background-repeat":"repeat","background-position":"center center","background-size":"auto","background-attachment":"scroll","background-type":"","background-media":"","overlay-type":"","overlay-color":"","overlay-opacity":"","overlay-gradient":""},"tablet":{"background-color":"","background-image":"","background-repeat":"repeat","background-position":"center center","background-size":"auto","background-attachment":"scroll","background-type":"","background-media":"","overlay-type":"","overlay-color":"","overlay-opacity":"","overlay-gradient":""},"mobile":{"background-color":"","background-image":"","background-repeat":"repeat","background-position":"center center","background-size":"auto","background-attachment":"scroll","background-type":"","background-media":"","overlay-type":"","overlay-color":"","overlay-opacity":"","overlay-gradient":""}},"ast-content-background-meta":{"desktop":{"background-color":"var(--ast-global-color-5)","background-image":"","background-repeat":"repeat","background-position":"center center","background-size":"auto","background-attachment":"scroll","background-type":"","background-media":"","overlay-type":"","overlay-color":"","overlay-opacity":"","overlay-gradient":""},"tablet":{"background-color":"var(--ast-global-color-5)","background-image":"","background-repeat":"repeat","background-position":"center center","background-size":"auto","background-attachment":"scroll","background-type":"","background-media":"","overlay-type":"","overlay-color":"","overlay-opacity":"","overlay-gradient":""},"mobile":{"background-color":"var(--ast-global-color-5)","background-image":"","background-repeat":"repeat","background-position":"center center","background-size":"auto","background-attachment":"scroll","background-type":"","background-media":"","overlay-type":"","overlay-color":"","overlay-opacity":"","overlay-gradient":""}},"footnotes":""},"class_list":["post-73","page","type-page","status-publish","hentry"],"post_mailing_queue_ids":[],"_links":{"self":[{"href":"https:\/\/agora.xtec.cat\/escolalallacuna\/wp-json\/wp\/v2\/pages\/73","targetHints":{"allow":["GET"]}}],"collection":[{"href":"https:\/\/agora.xtec.cat\/escolalallacuna\/wp-json\/wp\/v2\/pages"}],"about":[{"href":"https:\/\/agora.xtec.cat\/escolalallacuna\/wp-json\/wp\/v2\/types\/page"}],"author":[{"embeddable":true,"href":"https:\/\/agora.xtec.cat\/escolalallacuna\/wp-json\/wp\/v2\/users\/1"}],"replies":[{"embeddable":true,"href":"https:\/\/agora.xtec.cat\/escolalallacuna\/wp-json\/wp\/v2\/comments?post=73"}],"version-history":[{"count":4,"href":"https:\/\/agora.xtec.cat\/escolalallacuna\/wp-json\/wp\/v2\/pages\/73\/revisions"}],"predecessor-version":[{"id":1531,"href":"https:\/\/agora.xtec.cat\/escolalallacuna\/wp-json\/wp\/v2\/pages\/73\/revisions\/1531"}],"up":[{"embeddable":true,"href":"https:\/\/agora.xtec.cat\/escolalallacuna\/wp-json\/wp\/v2\/pages\/66"}],"wp:attachment":[{"href":"https:\/\/agora.xtec.cat\/escolalallacuna\/wp-json\/wp\/v2\/media?parent=73"}],"curies":[{"name":"wp","href":"https:\/\/api.w.org\/{rel}","templated":true}]}}