{"id":489,"date":"2022-10-20T19:30:36","date_gmt":"2022-10-20T17:30:36","guid":{"rendered":"https:\/\/agora.xtec.cat\/escolalallacuna\/?page_id=489"},"modified":"2025-11-27T11:03:07","modified_gmt":"2025-11-27T10:03:07","slug":"lequip-de-professionals-de-lescola","status":"publish","type":"page","link":"https:\/\/agora.xtec.cat\/escolalallacuna\/lescola\/lequip-de-professionals-de-lescola\/","title":{"rendered":"L&#8217;equip de professionals de l&#8217;escola"},"content":{"rendered":"\n<h2 class=\"wp-block-heading has-text-align-center\">L&#8217;Equip de professionals de l&#8217;escola<\/h2>\n\n\n\n<div class=\"wp-block-columns is-layout-flex wp-container-core-columns-is-layout-1 wp-block-columns-is-layout-flex\">\n<div class=\"wp-block-column is-layout-flow wp-block-column-is-layout-flow\">\n<h3 class=\"wp-block-heading\">Equip directiu<\/h3>\n\n\n\n<ul class=\"wp-block-list\">\n<li><strong>Direcci\u00f3:<\/strong> Carme Pons Febrer<\/li>\n\n\n\n<li><strong>Cap d\u2019estudis:<\/strong> Mar Espa\u00f1ol Salvador<\/li>\n\n\n\n<li><strong>Secret\u00e0ria pedag\u00f2gica:<\/strong> Raquel Amado Mezquita<\/li>\n<\/ul>\n\n\n\n<h3 class=\"wp-block-heading\">Coordinacions<\/h3>\n\n\n\n<ul class=\"wp-block-list\">\n<li><strong>Digital:<\/strong> Marc Santanach Gibernet<\/li>\n\n\n\n<li><strong>Riscos Laborals:<\/strong> Alida Rodr\u00edguez Roman<\/li>\n\n\n\n<li><strong>Coordinadora de Petits:<\/strong> Judith Hern\u00e1ndez Villena<\/li>\n\n\n\n<li><strong>Coordinadora de Mitjans:<\/strong> Laura D\u00edaz Margalef<\/li>\n\n\n\n<li><strong>Coordinadora de Grans:<\/strong> Mariona Rius Cabr\u00e9<\/li>\n<\/ul>\n\n\n\n<h3 class=\"wp-block-heading\">Tutories<\/h3>\n\n\n\n<ul class=\"wp-block-list\">\n<li><strong>I3A:<\/strong> Judith Hern\u00e1ndez Villena<\/li>\n\n\n\n<li><strong>I3B:<\/strong> Judith Recio Pujol<\/li>\n\n\n\n<li><strong>I4A:<\/strong> Montse S\u00e1nchez Beltr\u00e1n<\/li>\n\n\n\n<li><strong>I4B:<\/strong> Eva Ginest\u00e0 Torra<\/li>\n\n\n\n<li><strong>I5A:<\/strong> Marc Santanach Gibernet<\/li>\n\n\n\n<li><strong>I5B:<\/strong> Dolors Mateu Pino \/ Alida Rodr\u00edguez Roman<\/li>\n\n\n\n<li><strong>1rA:<\/strong> Judit Amayuelas Ard\u00e8vol<\/li>\n\n\n\n<li><strong>1rB:<\/strong> Eva Bernad Camacho<\/li>\n\n\n\n<li><strong>2nA:<\/strong> Judith Estadella Vilamitjana<\/li>\n\n\n\n<li><strong>2nB:<\/strong> Aida Palomares Gonell<\/li>\n\n\n\n<li><strong>3rA:<\/strong> Bel\u00e9n L\u00f3pez Munuera<\/li>\n\n\n\n<li><strong>3rB:<\/strong> Marina Fuster Crespo<\/li>\n\n\n\n<li><strong>4tA:<\/strong> L\u00eddia Azagra Cabrerizo<\/li>\n\n\n\n<li><strong>4tB:<\/strong> N\u00faria L\u00f3pez Nogu\u00e9s<\/li>\n\n\n\n<li><strong>5\u00e8A:<\/strong> Mar Vidal Rodr\u00edguez<\/li>\n\n\n\n<li><strong>5\u00e8B:<\/strong> Laura L\u00f3pez L\u00f3pez<\/li>\n\n\n\n<li><strong>6\u00e8A:<\/strong> Marta Ferrer Alamino<\/li>\n\n\n\n<li><strong>6\u00e8B:<\/strong> Mariona Rius i Cabr\u00e9<\/li>\n<\/ul>\n<\/div>\n\n\n\n<div class=\"wp-block-column is-layout-flow wp-block-column-is-layout-flow\">\n<h3 class=\"wp-block-heading\">Especialistes i personal de suport<\/h3>\n\n\n\n<ul class=\"wp-block-list\">\n<li><strong>Angl\u00e8s:<\/strong> Lioba Serrano Dur\u00e1n \/ Marina Gonz\u00e1lez Dueso<\/li>\n\n\n\n<li><strong>Educaci\u00f3 F\u00edsica \/ Psicomotricitat:<\/strong> Pia Ivanco Casals \/ Alida Rodr\u00edguez Roman<\/li>\n\n\n\n<li><strong>M\u00fasica:<\/strong> X\u00e8nia Clar Oliva<\/li>\n\n\n\n<li><strong>Suport a Petits:<\/strong> Raquel Vall\u00e8s Aranda \/ Ester Casas G\u00f3mez \/ Raquel Amado Mezquita<\/li>\n\n\n\n<li><strong>Suport a Mitjans:<\/strong> Mar Espa\u00f1ol Salvador \/ Laura D\u00edaz Margalef<\/li>\n\n\n\n<li><strong>Suport a Grans:&nbsp;<\/strong>Carme Pons Febrer \/ Anna Mart\u00ed Canals<\/li>\n\n\n\n<li><strong>Educaci\u00f3 especial:<\/strong> Sandra Iturre Santi\u00f1o (Petits), Mireia Dom\u00e8nech Sanesteban (Mitjans), Sara Gil Fraca (Grans)<\/li>\n\n\n\n<li><strong>T\u00e8cnica d\u2019educaci\u00f3 infantil:<\/strong> Rosa Maria Remolar Garc\u00eda \/ Noelia Mata Serrano<\/li>\n\n\n\n<li><strong>Educador Educaci\u00f3 Especial:<\/strong> Pol Casadevall Gual<\/li>\n\n\n\n<li><strong>Auxiliar Educaci\u00f3 Especial:<\/strong> Joana Codina \/ Marta V\u00edlchez del Cerro \/ Alicia Serrano Roig \/ M. Carmen Alonso Gonz\u00e1lez<\/li>\n\n\n\n<li><strong>Suports externs:<\/strong>  (EAP) \/  (CREDA)<\/li>\n<\/ul>\n\n\n\n<h3 class=\"wp-block-heading\">Personal no docent<\/h3>\n\n\n\n<ul class=\"wp-block-list\">\n<li><strong>Conserge:<\/strong> Laura Valls Palau<\/li>\n\n\n\n<li><strong>Auxiliar administratiu:<\/strong> Montse Villaf\u00e1fila Mu\u00f1iz<\/li>\n<\/ul>\n\n\n\n<h3 class=\"wp-block-heading\">Espai Migdia i extraescolars<\/h3>\n\n\n\n<ul class=\"wp-block-list\">\n<li><strong>Coordinadora espai migdia:<\/strong> Elisabeth D\u00edaz<\/li>\n\n\n\n<li><strong>Coordinadora extraescolars:<\/strong> Rosa de Lima Garc\u00eda<\/li>\n\n\n\n<li><strong>Equip de Monitors i de cuina<\/strong><\/li>\n<\/ul>\n<\/div>\n<\/div>\n\n\n\n<figure class=\"wp-block-image size-large\"><a href=\"https:\/\/agora.xtec.cat\/escolalallacuna\/wp-content\/uploads\/usu2352\/2025\/09\/PETITS.jpg\"><img loading=\"lazy\" decoding=\"async\" width=\"1024\" height=\"576\" src=\"https:\/\/agora.xtec.cat\/escolalallacuna\/wp-content\/uploads\/usu2352\/2025\/09\/PETITS-1024x576.jpg\" alt=\"\" class=\"wp-image-1477\" srcset=\"https:\/\/agora.xtec.cat\/escolalallacuna\/wp-content\/uploads\/usu2352\/2025\/09\/PETITS-1024x576.jpg 1024w, https:\/\/agora.xtec.cat\/escolalallacuna\/wp-content\/uploads\/usu2352\/2025\/09\/PETITS-300x169.jpg 300w, https:\/\/agora.xtec.cat\/escolalallacuna\/wp-content\/uploads\/usu2352\/2025\/09\/PETITS-768x432.jpg 768w, https:\/\/agora.xtec.cat\/escolalallacuna\/wp-content\/uploads\/usu2352\/2025\/09\/PETITS-1536x864.jpg 1536w, https:\/\/agora.xtec.cat\/escolalallacuna\/wp-content\/uploads\/usu2352\/2025\/09\/PETITS.jpg 1920w\" sizes=\"auto, (max-width: 1024px) 100vw, 1024px\" \/><\/a><\/figure>\n\n\n\n<figure class=\"wp-block-image size-large\"><a href=\"https:\/\/agora.xtec.cat\/escolalallacuna\/wp-content\/uploads\/usu2352\/2025\/09\/MITJANS.jpg\"><img loading=\"lazy\" decoding=\"async\" width=\"1024\" height=\"576\" src=\"https:\/\/agora.xtec.cat\/escolalallacuna\/wp-content\/uploads\/usu2352\/2025\/09\/MITJANS-1024x576.jpg\" alt=\"\" class=\"wp-image-1476\" srcset=\"https:\/\/agora.xtec.cat\/escolalallacuna\/wp-content\/uploads\/usu2352\/2025\/09\/MITJANS-1024x576.jpg 1024w, https:\/\/agora.xtec.cat\/escolalallacuna\/wp-content\/uploads\/usu2352\/2025\/09\/MITJANS-300x169.jpg 300w, https:\/\/agora.xtec.cat\/escolalallacuna\/wp-content\/uploads\/usu2352\/2025\/09\/MITJANS-768x432.jpg 768w, https:\/\/agora.xtec.cat\/escolalallacuna\/wp-content\/uploads\/usu2352\/2025\/09\/MITJANS-1536x864.jpg 1536w, https:\/\/agora.xtec.cat\/escolalallacuna\/wp-content\/uploads\/usu2352\/2025\/09\/MITJANS.jpg 1920w\" sizes=\"auto, (max-width: 1024px) 100vw, 1024px\" \/><\/a><\/figure>\n\n\n\n<figure class=\"wp-block-image size-large\"><a href=\"https:\/\/agora.xtec.cat\/escolalallacuna\/wp-content\/uploads\/usu2352\/2025\/09\/GRANS.jpg\"><img loading=\"lazy\" decoding=\"async\" width=\"1024\" height=\"576\" src=\"https:\/\/agora.xtec.cat\/escolalallacuna\/wp-content\/uploads\/usu2352\/2025\/09\/GRANS-1024x576.jpg\" alt=\"\" class=\"wp-image-1475\" srcset=\"https:\/\/agora.xtec.cat\/escolalallacuna\/wp-content\/uploads\/usu2352\/2025\/09\/GRANS-1024x576.jpg 1024w, https:\/\/agora.xtec.cat\/escolalallacuna\/wp-content\/uploads\/usu2352\/2025\/09\/GRANS-300x169.jpg 300w, https:\/\/agora.xtec.cat\/escolalallacuna\/wp-content\/uploads\/usu2352\/2025\/09\/GRANS-768x432.jpg 768w, https:\/\/agora.xtec.cat\/escolalallacuna\/wp-content\/uploads\/usu2352\/2025\/09\/GRANS-1536x864.jpg 1536w, https:\/\/agora.xtec.cat\/escolalallacuna\/wp-content\/uploads\/usu2352\/2025\/09\/GRANS.jpg 1920w\" sizes=\"auto, (max-width: 1024px) 100vw, 1024px\" \/><\/a><\/figure>\n","protected":false},"excerpt":{"rendered":"<p>L&#8217;Equip de professionals de l&#8217;escola Equip directiu Coordinacions Tutories Especialistes i personal de suport Personal no docent Espai Migdia i extraescolars<\/p>\n","protected":false},"author":1,"featured_media":0,"parent":22,"menu_order":3,"comment_status":"closed","ping_status":"close","template":"","meta":{"_bbp_topic_count":0,"_bbp_reply_count":0,"_bbp_total_topic_count":0,"_bbp_total_reply_count":0,"_bbp_voice_count":0,"_bbp_anonymous_reply_count":0,"_bbp_topic_count_hidden":0,"_bbp_reply_count_hidden":0,"_bbp_forum_subforum_count":0,"site-sidebar-layout":"default","site-content-layout":"","ast-site-content-layout":"default","site-content-style":"default","site-sidebar-style":"default","ast-global-header-display":"","ast-banner-title-visibility":"","ast-main-header-display":"","ast-hfb-above-header-display":"","ast-hfb-below-header-display":"","ast-hfb-mobile-header-display":"","site-post-title":"disabled","ast-breadcrumbs-content":"","ast-featured-img":"","footer-sml-layout":"","theme-transparent-header-meta":"","adv-header-id-meta":"","stick-header-meta":"","header-above-stick-meta":"","header-main-stick-meta":"","header-below-stick-meta":"","astra-migrate-meta-layouts":"set","ast-page-background-enabled":"default","ast-page-background-meta":{"desktop":{"background-color":"var(--ast-global-color-4)","background-image":"","background-repeat":"repeat","background-position":"center center","background-size":"auto","background-attachment":"scroll","background-type":"","background-media":"","overlay-type":"","overlay-color":"","overlay-opacity":"","overlay-gradient":""},"tablet":{"background-color":"","background-image":"","background-repeat":"repeat","background-position":"center center","background-size":"auto","background-attachment":"scroll","background-type":"","background-media":"","overlay-type":"","overlay-color":"","overlay-opacity":"","overlay-gradient":""},"mobile":{"background-color":"","background-image":"","background-repeat":"repeat","background-position":"center center","background-size":"auto","background-attachment":"scroll","background-type":"","background-media":"","overlay-type":"","overlay-color":"","overlay-opacity":"","overlay-gradient":""}},"ast-content-background-meta":{"desktop":{"background-color":"var(--ast-global-color-5)","background-image":"","background-repeat":"repeat","background-position":"center center","background-size":"auto","background-attachment":"scroll","background-type":"","background-media":"","overlay-type":"","overlay-color":"","overlay-opacity":"","overlay-gradient":""},"tablet":{"background-color":"var(--ast-global-color-5)","background-image":"","background-repeat":"repeat","background-position":"center center","background-size":"auto","background-attachment":"scroll","background-type":"","background-media":"","overlay-type":"","overlay-color":"","overlay-opacity":"","overlay-gradient":""},"mobile":{"background-color":"var(--ast-global-color-5)","background-image":"","background-repeat":"repeat","background-position":"center center","background-size":"auto","background-attachment":"scroll","background-type":"","background-media":"","overlay-type":"","overlay-color":"","overlay-opacity":"","overlay-gradient":""}},"footnotes":""},"class_list":["post-489","page","type-page","status-publish","hentry"],"post_mailing_queue_ids":[],"_links":{"self":[{"href":"https:\/\/agora.xtec.cat\/escolalallacuna\/wp-json\/wp\/v2\/pages\/489","targetHints":{"allow":["GET"]}}],"collection":[{"href":"https:\/\/agora.xtec.cat\/escolalallacuna\/wp-json\/wp\/v2\/pages"}],"about":[{"href":"https:\/\/agora.xtec.cat\/escolalallacuna\/wp-json\/wp\/v2\/types\/page"}],"author":[{"embeddable":true,"href":"https:\/\/agora.xtec.cat\/escolalallacuna\/wp-json\/wp\/v2\/users\/1"}],"replies":[{"embeddable":true,"href":"https:\/\/agora.xtec.cat\/escolalallacuna\/wp-json\/wp\/v2\/comments?post=489"}],"version-history":[{"count":6,"href":"https:\/\/agora.xtec.cat\/escolalallacuna\/wp-json\/wp\/v2\/pages\/489\/revisions"}],"predecessor-version":[{"id":1530,"href":"https:\/\/agora.xtec.cat\/escolalallacuna\/wp-json\/wp\/v2\/pages\/489\/revisions\/1530"}],"up":[{"embeddable":true,"href":"https:\/\/agora.xtec.cat\/escolalallacuna\/wp-json\/wp\/v2\/pages\/22"}],"wp:attachment":[{"href":"https:\/\/agora.xtec.cat\/escolalallacuna\/wp-json\/wp\/v2\/media?parent=489"}],"curies":[{"name":"wp","href":"https:\/\/api.w.org\/{rel}","templated":true}]}}