{"id":38,"date":"2014-09-18T12:34:08","date_gmt":"2014-09-18T11:34:08","guid":{"rendered":"http:\/\/agora.xtec.cat\/escolalallacuna\/?page_id=38"},"modified":"2025-01-28T13:30:21","modified_gmt":"2025-01-28T12:30:21","slug":"salut","status":"publish","type":"page","link":"https:\/\/agora.xtec.cat\/escolalallacuna\/lescola\/salut\/","title":{"rendered":"Salut"},"content":{"rendered":"\n<p>A l\u2019escola s\u2019hi ha d\u2019estar b\u00e9, ateses, acollides i en disposici\u00f3 de fer moltes coses. Per aix\u00f2 quan un infant est\u00e0 malalt \u00e9s millor que no estigui a l\u2019escola. Conv\u00e9 que descansi en un ambient tranquil per tal de sentir-se b\u00e9 i recuperar-se com m\u00e9s aviat millor. A m\u00e9s, l\u2019escola \u00e9s un espai social i, per tant, hem d\u2019evitar els contagis: un infant no pot venir a escola amb febre, diarrea o malalties de f\u00e0cil contagi que, per altra banda, s\u00f3n habituals en aquesta edat (conjuntivitis, polls, varicel\u00b7la, cucs\u2026).<\/p>\n\n\n\n<p>Compartim amb vosaltres les instruccions del Departament de Salut que detallen els <em>Criteris de la no assist\u00e8ncia de l\u2019alumnat a l\u2019escola durant un per\u00edode de temps determinat a causa de malalties transmissibles<\/em>.<\/p>\n\n\n\n<div class=\"wp-block-getwid-toggle has-icon-left\">\n<div class=\"wp-block-getwid-toggle__row\"><div class=\"wp-block-getwid-toggle__header-wrapper\"><span class=\"wp-block-getwid-toggle__header\"><a href=\"#\"><span class=\"wp-block-getwid-toggle__header-title\">Document &#8220;<em>Criteris de la no assist\u00e8ncia de l\u2019alumnat<\/em>&#8220;<\/span><span class=\"wp-block-getwid-toggle__icon is-active\"><i class=\"fas fa-plus\"><\/i><\/span><span class=\"wp-block-getwid-toggle__icon is-passive\"><i class=\"fas fa-minus\"><\/i><\/span><\/a><\/span><\/div><div class=\"wp-block-getwid-toggle__content-wrapper\"><div class=\"wp-block-getwid-toggle__content\">\n<div data-wp-interactive=\"core\/file\" class=\"wp-block-file\"><object data-wp-bind--hidden=\"!state.hasPdfPreview\" hidden class=\"wp-block-file__embed\" data=\"https:\/\/agora.xtec.cat\/escolalallacuna\/wp-content\/uploads\/usu2352\/2024\/12\/criteris_no_assistencia_alumnat_escola_llar_infants_durant_periode_temps_determina_causa_malalties_transmisibles_2023.pdf\" type=\"application\/pdf\" style=\"width:100%;height:600px\" aria-label=\"Incrustaci\u00f3 del fitxer criteris_no_assistencia_alumnat_escola_llar_infants_durant_periode_temps_determina_causa_malalties_transmisibles_2023.\"><\/object><a id=\"wp-block-file--media-a990ab43-9635-434d-a3c7-0ef6683e92a0\" href=\"https:\/\/agora.xtec.cat\/escolalallacuna\/wp-content\/uploads\/usu2352\/2024\/12\/criteris_no_assistencia_alumnat_escola_llar_infants_durant_periode_temps_determina_causa_malalties_transmisibles_2023.pdf\">criteris_no_assistencia_alumnat_escola_llar_infants_durant_periode_temps_determina_causa_malalties_transmisibles_2023<\/a><a href=\"https:\/\/agora.xtec.cat\/escolalallacuna\/wp-content\/uploads\/usu2352\/2024\/12\/criteris_no_assistencia_alumnat_escola_llar_infants_durant_periode_temps_determina_causa_malalties_transmisibles_2023.pdf\" class=\"wp-block-file__button wp-element-button\" download aria-describedby=\"wp-block-file--media-a990ab43-9635-434d-a3c7-0ef6683e92a0\">Baixa<\/a><\/div>\n<\/div><\/div><\/div>\n<\/div>\n\n\n\n<div style=\"height:45px\" aria-hidden=\"true\" class=\"wp-block-spacer\"><\/div>\n\n\n\n<h2 class=\"wp-block-heading has-large-font-size\">Medicaments<\/h2>\n\n\n\n<p>Nom\u00e9s en casos excepcionals i amb prescripci\u00f3 m\u00e8dica, les mestres donaran medicaments durant la jornada escolar. Fora bo que procureu que les dosis a prendre no coincideixin amb l\u2019horari lectiu. Si aix\u00f2 no fos possible, haur\u00edeu de marcar a la capsa del medicament el nom i cognom de la persona que l\u2019ha de prendre, l\u2019hora i la dosi. Cal donar-ho directament a la mestra, mai deixar-ho en mans del nen o la nena o dins la seva motxilla. A m\u00e9s, cal portar la recepta\/justificant del personal m\u00e8dic i emplenar l\u2019autoritzaci\u00f3 de l\u2019escola, que est\u00e0 disponible al despatx d\u2019administraci\u00f3 i la secci\u00f3 <a href=\"https:\/\/agora.xtec.cat\/escolalallacuna\/projecte-educatiu\/autoritzacions\/\">Autoritzacions<\/a> del web<\/p>\n","protected":false},"excerpt":{"rendered":"<p>A l\u2019escola s\u2019hi ha d\u2019estar b\u00e9, ateses, acollides i en disposici\u00f3 de fer moltes coses. Per aix\u00f2 quan un infant est\u00e0 malalt \u00e9s millor que no estigui a l\u2019escola. Conv\u00e9 que descansi en un ambient tranquil per tal de sentir-se b\u00e9 i recuperar-se com m\u00e9s aviat millor. A m\u00e9s, l\u2019escola \u00e9s un espai social i, [&hellip;]<\/p>\n","protected":false},"author":1,"featured_media":0,"parent":22,"menu_order":9,"comment_status":"closed","ping_status":"closed","template":"","meta":{"_bbp_topic_count":0,"_bbp_reply_count":0,"_bbp_total_topic_count":0,"_bbp_total_reply_count":0,"_bbp_voice_count":0,"_bbp_anonymous_reply_count":0,"_bbp_topic_count_hidden":0,"_bbp_reply_count_hidden":0,"_bbp_forum_subforum_count":0,"site-sidebar-layout":"default","site-content-layout":"","ast-site-content-layout":"default","site-content-style":"default","site-sidebar-style":"default","ast-global-header-display":"","ast-banner-title-visibility":"","ast-main-header-display":"","ast-hfb-above-header-display":"","ast-hfb-below-header-display":"","ast-hfb-mobile-header-display":"","site-post-title":"","ast-breadcrumbs-content":"","ast-featured-img":"","footer-sml-layout":"","theme-transparent-header-meta":"","adv-header-id-meta":"","stick-header-meta":"","header-above-stick-meta":"","header-main-stick-meta":"","header-below-stick-meta":"","astra-migrate-meta-layouts":"set","ast-page-background-enabled":"default","ast-page-background-meta":{"desktop":{"background-color":"var(--ast-global-color-4)","background-image":"","background-repeat":"repeat","background-position":"center center","background-size":"auto","background-attachment":"scroll","background-type":"","background-media":"","overlay-type":"","overlay-color":"","overlay-opacity":"","overlay-gradient":""},"tablet":{"background-color":"","background-image":"","background-repeat":"repeat","background-position":"center center","background-size":"auto","background-attachment":"scroll","background-type":"","background-media":"","overlay-type":"","overlay-color":"","overlay-opacity":"","overlay-gradient":""},"mobile":{"background-color":"","background-image":"","background-repeat":"repeat","background-position":"center center","background-size":"auto","background-attachment":"scroll","background-type":"","background-media":"","overlay-type":"","overlay-color":"","overlay-opacity":"","overlay-gradient":""}},"ast-content-background-meta":{"desktop":{"background-color":"var(--ast-global-color-5)","background-image":"","background-repeat":"repeat","background-position":"center center","background-size":"auto","background-attachment":"scroll","background-type":"","background-media":"","overlay-type":"","overlay-color":"","overlay-opacity":"","overlay-gradient":""},"tablet":{"background-color":"var(--ast-global-color-5)","background-image":"","background-repeat":"repeat","background-position":"center center","background-size":"auto","background-attachment":"scroll","background-type":"","background-media":"","overlay-type":"","overlay-color":"","overlay-opacity":"","overlay-gradient":""},"mobile":{"background-color":"var(--ast-global-color-5)","background-image":"","background-repeat":"repeat","background-position":"center center","background-size":"auto","background-attachment":"scroll","background-type":"","background-media":"","overlay-type":"","overlay-color":"","overlay-opacity":"","overlay-gradient":""}},"footnotes":""},"class_list":["post-38","page","type-page","status-publish","hentry"],"post_mailing_queue_ids":[],"_links":{"self":[{"href":"https:\/\/agora.xtec.cat\/escolalallacuna\/wp-json\/wp\/v2\/pages\/38","targetHints":{"allow":["GET"]}}],"collection":[{"href":"https:\/\/agora.xtec.cat\/escolalallacuna\/wp-json\/wp\/v2\/pages"}],"about":[{"href":"https:\/\/agora.xtec.cat\/escolalallacuna\/wp-json\/wp\/v2\/types\/page"}],"author":[{"embeddable":true,"href":"https:\/\/agora.xtec.cat\/escolalallacuna\/wp-json\/wp\/v2\/users\/1"}],"replies":[{"embeddable":true,"href":"https:\/\/agora.xtec.cat\/escolalallacuna\/wp-json\/wp\/v2\/comments?post=38"}],"version-history":[{"count":5,"href":"https:\/\/agora.xtec.cat\/escolalallacuna\/wp-json\/wp\/v2\/pages\/38\/revisions"}],"predecessor-version":[{"id":1230,"href":"https:\/\/agora.xtec.cat\/escolalallacuna\/wp-json\/wp\/v2\/pages\/38\/revisions\/1230"}],"up":[{"embeddable":true,"href":"https:\/\/agora.xtec.cat\/escolalallacuna\/wp-json\/wp\/v2\/pages\/22"}],"wp:attachment":[{"href":"https:\/\/agora.xtec.cat\/escolalallacuna\/wp-json\/wp\/v2\/media?parent=38"}],"curies":[{"name":"wp","href":"https:\/\/api.w.org\/{rel}","templated":true}]}}