{"id":36,"date":"2014-09-18T12:33:11","date_gmt":"2014-09-18T11:33:11","guid":{"rendered":"http:\/\/agora.xtec.cat\/escolalallacuna\/?page_id=36"},"modified":"2024-12-16T11:55:22","modified_gmt":"2024-12-16T10:55:22","slug":"material-escolar","status":"publish","type":"page","link":"https:\/\/agora.xtec.cat\/escolalallacuna\/lescola\/material-escolar\/","title":{"rendered":"Material escolar"},"content":{"rendered":"\n<p>Llibres de tota mena, materials audiovisuals, cartells, mapes, fustes, jocs, joguines, papers de qualsevol mida, colors, pintures, robes, fang\u2026 qualsevol material ens serveix per aprendre, tot dependr\u00e0 de quina relaci\u00f3 som capa\u00e7os d\u2019establir amb ell, de descobrir quins mons amagats hi ha al darrere.<\/p>\n\n\n\n<p>Compartir a vegades costa, per aix\u00f2 ens cal aprendre\u2019n. El material \u00e9s una bona eina per fer aquest aprenentatge. A vegades us demanarem que ens ajudeu a trobar-ne de nous o d\u2019aconseguir-ne alguns de molt especials, per\u00f2 en la majoria dels casos el material estar\u00e0 ja a l\u2019escola. L\u2019haurem comprat amb l\u2019aportaci\u00f3 econ\u00f2mica anual de les fam\u00edlies.<\/p>\n\n\n\n<figure class=\"wp-block-image size-large has-custom-border\"><img loading=\"lazy\" decoding=\"async\" width=\"1024\" height=\"766\" src=\"https:\/\/agora.xtec.cat\/escolalallacuna\/wp-content\/uploads\/usu2352\/2024\/11\/IMG_20241018_085952-EDIT-1024x766.jpg\" alt=\"Imatge on es mostra una zona de lectura tranquil\u00b7la amb una petita biblioteca m\u00f2bil.\" class=\"wp-image-863\" style=\"border-style:none;border-width:0px;border-radius:15px;aspect-ratio:16\/9;object-fit:cover\" srcset=\"https:\/\/agora.xtec.cat\/escolalallacuna\/wp-content\/uploads\/usu2352\/2024\/11\/IMG_20241018_085952-EDIT-1024x766.jpg 1024w, https:\/\/agora.xtec.cat\/escolalallacuna\/wp-content\/uploads\/usu2352\/2024\/11\/IMG_20241018_085952-EDIT-300x224.jpg 300w, https:\/\/agora.xtec.cat\/escolalallacuna\/wp-content\/uploads\/usu2352\/2024\/11\/IMG_20241018_085952-EDIT-768x575.jpg 768w, https:\/\/agora.xtec.cat\/escolalallacuna\/wp-content\/uploads\/usu2352\/2024\/11\/IMG_20241018_085952-EDIT-1536x1149.jpg 1536w, https:\/\/agora.xtec.cat\/escolalallacuna\/wp-content\/uploads\/usu2352\/2024\/11\/IMG_20241018_085952-EDIT-2048x1532.jpg 2048w\" sizes=\"auto, (max-width: 1024px) 100vw, 1024px\" \/><\/figure>\n","protected":false},"excerpt":{"rendered":"<p>Llibres de tota mena, materials audiovisuals, cartells, mapes, fustes, jocs, joguines, papers de qualsevol mida, colors, pintures, robes, fang\u2026 qualsevol material ens serveix per aprendre, tot dependr\u00e0 de quina relaci\u00f3 som capa\u00e7os d\u2019establir amb ell, de descobrir quins mons amagats hi ha al darrere. Compartir a vegades costa, per aix\u00f2 ens cal aprendre\u2019n. El material [&hellip;]<\/p>\n","protected":false},"author":1,"featured_media":0,"parent":22,"menu_order":8,"comment_status":"closed","ping_status":"closed","template":"","meta":{"_bbp_topic_count":0,"_bbp_reply_count":0,"_bbp_total_topic_count":0,"_bbp_total_reply_count":0,"_bbp_voice_count":0,"_bbp_anonymous_reply_count":0,"_bbp_topic_count_hidden":0,"_bbp_reply_count_hidden":0,"_bbp_forum_subforum_count":0,"site-sidebar-layout":"default","site-content-layout":"","ast-site-content-layout":"default","site-content-style":"default","site-sidebar-style":"default","ast-global-header-display":"","ast-banner-title-visibility":"","ast-main-header-display":"","ast-hfb-above-header-display":"","ast-hfb-below-header-display":"","ast-hfb-mobile-header-display":"","site-post-title":"","ast-breadcrumbs-content":"","ast-featured-img":"","footer-sml-layout":"","theme-transparent-header-meta":"","adv-header-id-meta":"","stick-header-meta":"","header-above-stick-meta":"","header-main-stick-meta":"","header-below-stick-meta":"","astra-migrate-meta-layouts":"set","ast-page-background-enabled":"default","ast-page-background-meta":{"desktop":{"background-color":"var(--ast-global-color-4)","background-image":"","background-repeat":"repeat","background-position":"center center","background-size":"auto","background-attachment":"scroll","background-type":"","background-media":"","overlay-type":"","overlay-color":"","overlay-opacity":"","overlay-gradient":""},"tablet":{"background-color":"","background-image":"","background-repeat":"repeat","background-position":"center center","background-size":"auto","background-attachment":"scroll","background-type":"","background-media":"","overlay-type":"","overlay-color":"","overlay-opacity":"","overlay-gradient":""},"mobile":{"background-color":"","background-image":"","background-repeat":"repeat","background-position":"center center","background-size":"auto","background-attachment":"scroll","background-type":"","background-media":"","overlay-type":"","overlay-color":"","overlay-opacity":"","overlay-gradient":""}},"ast-content-background-meta":{"desktop":{"background-color":"var(--ast-global-color-5)","background-image":"","background-repeat":"repeat","background-position":"center center","background-size":"auto","background-attachment":"scroll","background-type":"","background-media":"","overlay-type":"","overlay-color":"","overlay-opacity":"","overlay-gradient":""},"tablet":{"background-color":"var(--ast-global-color-5)","background-image":"","background-repeat":"repeat","background-position":"center center","background-size":"auto","background-attachment":"scroll","background-type":"","background-media":"","overlay-type":"","overlay-color":"","overlay-opacity":"","overlay-gradient":""},"mobile":{"background-color":"var(--ast-global-color-5)","background-image":"","background-repeat":"repeat","background-position":"center center","background-size":"auto","background-attachment":"scroll","background-type":"","background-media":"","overlay-type":"","overlay-color":"","overlay-opacity":"","overlay-gradient":""}},"footnotes":""},"class_list":["post-36","page","type-page","status-publish","hentry"],"post_mailing_queue_ids":[],"_links":{"self":[{"href":"https:\/\/agora.xtec.cat\/escolalallacuna\/wp-json\/wp\/v2\/pages\/36","targetHints":{"allow":["GET"]}}],"collection":[{"href":"https:\/\/agora.xtec.cat\/escolalallacuna\/wp-json\/wp\/v2\/pages"}],"about":[{"href":"https:\/\/agora.xtec.cat\/escolalallacuna\/wp-json\/wp\/v2\/types\/page"}],"author":[{"embeddable":true,"href":"https:\/\/agora.xtec.cat\/escolalallacuna\/wp-json\/wp\/v2\/users\/1"}],"replies":[{"embeddable":true,"href":"https:\/\/agora.xtec.cat\/escolalallacuna\/wp-json\/wp\/v2\/comments?post=36"}],"version-history":[{"count":3,"href":"https:\/\/agora.xtec.cat\/escolalallacuna\/wp-json\/wp\/v2\/pages\/36\/revisions"}],"predecessor-version":[{"id":1098,"href":"https:\/\/agora.xtec.cat\/escolalallacuna\/wp-json\/wp\/v2\/pages\/36\/revisions\/1098"}],"up":[{"embeddable":true,"href":"https:\/\/agora.xtec.cat\/escolalallacuna\/wp-json\/wp\/v2\/pages\/22"}],"wp:attachment":[{"href":"https:\/\/agora.xtec.cat\/escolalallacuna\/wp-json\/wp\/v2\/media?parent=36"}],"curies":[{"name":"wp","href":"https:\/\/api.w.org\/{rel}","templated":true}]}}