{"id":1354,"date":"2025-02-24T08:19:09","date_gmt":"2025-02-24T07:19:09","guid":{"rendered":"https:\/\/agora.xtec.cat\/escolalallacuna\/?page_id=1354"},"modified":"2026-03-03T10:34:41","modified_gmt":"2026-03-03T09:34:41","slug":"preinscripcio-curs","status":"publish","type":"page","link":"https:\/\/agora.xtec.cat\/escolalallacuna\/preinscripcio-curs\/","title":{"rendered":"Preinscripci\u00f3 curs 2026-27"},"content":{"rendered":"\n<p>El Departament d&#8217;Educaci\u00f3 i Formaci\u00f3 Professional regula el proc\u00e9s de preinscripci\u00f3 i matr\u00edcula de l&#8217;alumnat als centres del Servei d&#8217;Educaci\u00f3 de Catalunya i altres centres educatius. A Barcelona aquest proc\u00e9s el gestiona el Consorci d&#8217;Educaci\u00f3 de Barcelona.<\/p>\n\n\n\n<h2 class=\"wp-block-heading\">Dates de la preinscripci\u00f3 i matr\u00edcula<\/h2>\n\n\n\n<h3 class=\"wp-block-heading\"><strong>Educaci\u00f3 infantil (3-6 anys), educaci\u00f3 prim\u00e0ria i educaci\u00f3 secund\u00e0ria obligat\u00f2ria<\/strong><\/h3>\n\n\n\n<p><strong>Presentaci\u00f3 de sol\u00b7licituds:<\/strong><\/p>\n\n\n\n<ul class=\"wp-block-list\">\n<li><strong>Educaci\u00f3 infantil (3-6 anys) i educaci\u00f3 prim\u00e0ria:<\/strong>&nbsp;del 4 al 18 de mar\u00e7<\/li>\n\n\n\n<li><strong>Educaci\u00f3 secund\u00e0ria obligat\u00f2ria:<\/strong>&nbsp;del 6 al 18 de mar\u00e7<\/li>\n<\/ul>\n\n\n\n<h2 class=\"wp-block-heading\">On us podeu informar<\/h2>\n\n\n\n<p>Per participar en el proc\u00e9s de preinscripci\u00f3 amb totes les garanties, teniu al vostre abast la p\u00e0gina web del<strong>&nbsp;Consorci d&#8217;Educaci\u00f3 de Barcelona<\/strong>:<br><\/p>\n\n\n\n<div class=\"wp-block-buttons is-content-justification-center is-layout-flex wp-container-core-buttons-is-layout-1 wp-block-buttons-is-layout-flex\">\n<div class=\"wp-block-button is-style-fill\"><a class=\"wp-block-button__link wp-element-button\" href=\"https:\/\/www.edubcn.cat\/ca\/alumnat_i_familia\/informacio_general_matriculacio\/preinscripcio_info\">edubcn.cat<\/a><\/div>\n<\/div>\n\n\n\n<p><\/p>\n","protected":false},"excerpt":{"rendered":"<p>El Departament d&#8217;Educaci\u00f3 i Formaci\u00f3 Professional regula el proc\u00e9s de preinscripci\u00f3 i matr\u00edcula de l&#8217;alumnat als centres del Servei d&#8217;Educaci\u00f3 de Catalunya i altres centres educatius. A Barcelona aquest proc\u00e9s el gestiona el Consorci d&#8217;Educaci\u00f3 de Barcelona. Dates de la preinscripci\u00f3 i matr\u00edcula Educaci\u00f3 infantil (3-6 anys), educaci\u00f3 prim\u00e0ria i educaci\u00f3 secund\u00e0ria obligat\u00f2ria Presentaci\u00f3 de [&hellip;]<\/p>\n","protected":false},"author":1,"featured_media":0,"parent":0,"menu_order":0,"comment_status":"closed","ping_status":"close","template":"","meta":{"_bbp_topic_count":0,"_bbp_reply_count":0,"_bbp_total_topic_count":0,"_bbp_total_reply_count":0,"_bbp_voice_count":0,"_bbp_anonymous_reply_count":0,"_bbp_topic_count_hidden":0,"_bbp_reply_count_hidden":0,"_bbp_forum_subforum_count":0,"site-sidebar-layout":"default","site-content-layout":"","ast-site-content-layout":"default","site-content-style":"default","site-sidebar-style":"default","ast-global-header-display":"","ast-banner-title-visibility":"","ast-main-header-display":"","ast-hfb-above-header-display":"","ast-hfb-below-header-display":"","ast-hfb-mobile-header-display":"","site-post-title":"","ast-breadcrumbs-content":"","ast-featured-img":"","footer-sml-layout":"","theme-transparent-header-meta":"","adv-header-id-meta":"","stick-header-meta":"","header-above-stick-meta":"","header-main-stick-meta":"","header-below-stick-meta":"","astra-migrate-meta-layouts":"set","ast-page-background-enabled":"default","ast-page-background-meta":{"desktop":{"background-color":"var(--ast-global-color-4)","background-image":"","background-repeat":"repeat","background-position":"center center","background-size":"auto","background-attachment":"scroll","background-type":"","background-media":"","overlay-type":"","overlay-color":"","overlay-opacity":"","overlay-gradient":""},"tablet":{"background-color":"","background-image":"","background-repeat":"repeat","background-position":"center center","background-size":"auto","background-attachment":"scroll","background-type":"","background-media":"","overlay-type":"","overlay-color":"","overlay-opacity":"","overlay-gradient":""},"mobile":{"background-color":"","background-image":"","background-repeat":"repeat","background-position":"center center","background-size":"auto","background-attachment":"scroll","background-type":"","background-media":"","overlay-type":"","overlay-color":"","overlay-opacity":"","overlay-gradient":""}},"ast-content-background-meta":{"desktop":{"background-color":"var(--ast-global-color-5)","background-image":"","background-repeat":"repeat","background-position":"center center","background-size":"auto","background-attachment":"scroll","background-type":"","background-media":"","overlay-type":"","overlay-color":"","overlay-opacity":"","overlay-gradient":""},"tablet":{"background-color":"var(--ast-global-color-5)","background-image":"","background-repeat":"repeat","background-position":"center center","background-size":"auto","background-attachment":"scroll","background-type":"","background-media":"","overlay-type":"","overlay-color":"","overlay-opacity":"","overlay-gradient":""},"mobile":{"background-color":"var(--ast-global-color-5)","background-image":"","background-repeat":"repeat","background-position":"center center","background-size":"auto","background-attachment":"scroll","background-type":"","background-media":"","overlay-type":"","overlay-color":"","overlay-opacity":"","overlay-gradient":""}},"footnotes":""},"class_list":["post-1354","page","type-page","status-publish","hentry"],"post_mailing_queue_ids":[],"_links":{"self":[{"href":"https:\/\/agora.xtec.cat\/escolalallacuna\/wp-json\/wp\/v2\/pages\/1354","targetHints":{"allow":["GET"]}}],"collection":[{"href":"https:\/\/agora.xtec.cat\/escolalallacuna\/wp-json\/wp\/v2\/pages"}],"about":[{"href":"https:\/\/agora.xtec.cat\/escolalallacuna\/wp-json\/wp\/v2\/types\/page"}],"author":[{"embeddable":true,"href":"https:\/\/agora.xtec.cat\/escolalallacuna\/wp-json\/wp\/v2\/users\/1"}],"replies":[{"embeddable":true,"href":"https:\/\/agora.xtec.cat\/escolalallacuna\/wp-json\/wp\/v2\/comments?post=1354"}],"version-history":[{"count":6,"href":"https:\/\/agora.xtec.cat\/escolalallacuna\/wp-json\/wp\/v2\/pages\/1354\/revisions"}],"predecessor-version":[{"id":1681,"href":"https:\/\/agora.xtec.cat\/escolalallacuna\/wp-json\/wp\/v2\/pages\/1354\/revisions\/1681"}],"wp:attachment":[{"href":"https:\/\/agora.xtec.cat\/escolalallacuna\/wp-json\/wp\/v2\/media?parent=1354"}],"curies":[{"name":"wp","href":"https:\/\/api.w.org\/{rel}","templated":true}]}}