{"id":1274,"date":"2025-02-08T23:33:53","date_gmt":"2025-02-08T22:33:53","guid":{"rendered":"https:\/\/agora.xtec.cat\/escolalallacuna\/?page_id=1274"},"modified":"2025-02-15T23:08:29","modified_gmt":"2025-02-15T22:08:29","slug":"equips-de-treball","status":"publish","type":"page","link":"https:\/\/agora.xtec.cat\/escolalallacuna\/projectes-descola\/equips-de-treball\/","title":{"rendered":"Equips de Treball"},"content":{"rendered":"\n<p>Els Equips de Treball s\u00f3n l&#8217;evoluci\u00f3 natural de la cultura pedag\u00f2gica que hi ha al darrere dels Espais de Lliure Circulaci\u00f3 de Petits i Mitjans.<\/p>\n\n\n\n<p>Els infants de Grans (4t, 5\u00e8 i 6\u00e8) es barregen durant 3 franges setmanals per treballar a partir de <strong>reptes<\/strong> intel\u00b7lectuals o culturals significatius relacionats amb una <strong>tem\u00e0tica comuna<\/strong>. Es parteix de les necessitats d&#8217;aprenentatge per dissenyar propostes per a fer i <strong>construir coneixement<\/strong> que permeten q\u00fcestionar la realitat.<\/p>\n\n\n\n<p>Trobar-se amb nens i nenes d&#8217;altres edats aporta <strong>flexibilitat<\/strong> i <strong>riquesa<\/strong>, perqu\u00e8 en cap cas l&#8217;edat \u00e9s una barrera que dificulta la relaci\u00f3 i l&#8217;aprenentatge social, sin\u00f3 que potencia la disponibilitat de treballar des de necessitats i recursos diferents.<\/p>\n\n\n\n<div class=\"wp-block-getwid-images-slider has-arrows-inside has-dots-inside has-images-center has-cropped-images\"><div class=\"wp-block-getwid-images-slider__wrapper\" data-effect=\"slide\" data-slides-show=\"1\" data-slides-show-laptop=\"1\" data-slides-show-tablet=\"1\" data-slides-show-mobile=\"1\" data-slides-scroll=\"1\" data-autoplay=\"true\" data-pause-hover=\"true\" data-autoplay-speed=\"6000\" data-infinite=\"true\" data-animation-speed=\"800\" data-center-mode=\"false\" data-variable-width=\"false\" data-arrows=\"inside\" data-dots=\"inside\" data-spacing=\"none\"><div class=\"wp-block-getwid-images-slider__item\"><figure><img loading=\"lazy\" decoding=\"async\" width=\"1024\" height=\"768\" src=\"https:\/\/agora.xtec.cat\/escolalallacuna\/wp-content\/uploads\/usu2352\/2025\/02\/Equips-de-treball-4.jpg\" alt=\"\" data-id=\"1338\" data-link=\"https:\/\/agora.xtec.cat\/escolalallacuna\/projectes-descola\/equips-de-treball\/attachment\/equips-de-treball-4\/\" data-original-link=\"https:\/\/agora.xtec.cat\/escolalallacuna\/wp-content\/uploads\/usu2352\/2025\/02\/Equips-de-treball-4.jpg\" class=\"wp-block-getwid-images-slider__image wp-image-1338\" srcset=\"https:\/\/agora.xtec.cat\/escolalallacuna\/wp-content\/uploads\/usu2352\/2025\/02\/Equips-de-treball-4.jpg 1024w, https:\/\/agora.xtec.cat\/escolalallacuna\/wp-content\/uploads\/usu2352\/2025\/02\/Equips-de-treball-4-300x225.jpg 300w, https:\/\/agora.xtec.cat\/escolalallacuna\/wp-content\/uploads\/usu2352\/2025\/02\/Equips-de-treball-4-768x576.jpg 768w\" sizes=\"auto, (max-width: 1024px) 100vw, 1024px\" \/><\/figure><\/div><div class=\"wp-block-getwid-images-slider__item\"><figure><img loading=\"lazy\" decoding=\"async\" width=\"1024\" height=\"766\" src=\"https:\/\/agora.xtec.cat\/escolalallacuna\/wp-content\/uploads\/usu2352\/2025\/02\/Grans-ordinador.jpg\" alt=\"\" data-id=\"1337\" data-link=\"https:\/\/agora.xtec.cat\/escolalallacuna\/projectes-descola\/equips-de-treball\/attachment\/grans-ordinador\/\" data-original-link=\"https:\/\/agora.xtec.cat\/escolalallacuna\/wp-content\/uploads\/usu2352\/2025\/02\/Grans-ordinador.jpg\" class=\"wp-block-getwid-images-slider__image wp-image-1337\" srcset=\"https:\/\/agora.xtec.cat\/escolalallacuna\/wp-content\/uploads\/usu2352\/2025\/02\/Grans-ordinador.jpg 1024w, https:\/\/agora.xtec.cat\/escolalallacuna\/wp-content\/uploads\/usu2352\/2025\/02\/Grans-ordinador-300x224.jpg 300w, https:\/\/agora.xtec.cat\/escolalallacuna\/wp-content\/uploads\/usu2352\/2025\/02\/Grans-ordinador-768x575.jpg 768w\" sizes=\"auto, (max-width: 1024px) 100vw, 1024px\" \/><\/figure><\/div><div class=\"wp-block-getwid-images-slider__item\"><figure><img loading=\"lazy\" decoding=\"async\" width=\"1024\" height=\"768\" src=\"https:\/\/agora.xtec.cat\/escolalallacuna\/wp-content\/uploads\/usu2352\/2025\/02\/Grans-joc.jpg\" alt=\"\" data-id=\"1336\" data-link=\"https:\/\/agora.xtec.cat\/escolalallacuna\/projectes-descola\/equips-de-treball\/attachment\/grans-joc\/\" data-original-link=\"https:\/\/agora.xtec.cat\/escolalallacuna\/wp-content\/uploads\/usu2352\/2025\/02\/Grans-joc.jpg\" class=\"wp-block-getwid-images-slider__image wp-image-1336\" srcset=\"https:\/\/agora.xtec.cat\/escolalallacuna\/wp-content\/uploads\/usu2352\/2025\/02\/Grans-joc.jpg 1024w, https:\/\/agora.xtec.cat\/escolalallacuna\/wp-content\/uploads\/usu2352\/2025\/02\/Grans-joc-300x225.jpg 300w, https:\/\/agora.xtec.cat\/escolalallacuna\/wp-content\/uploads\/usu2352\/2025\/02\/Grans-joc-768x576.jpg 768w\" sizes=\"auto, (max-width: 1024px) 100vw, 1024px\" \/><\/figure><\/div><div class=\"wp-block-getwid-images-slider__item\"><figure><img loading=\"lazy\" decoding=\"async\" width=\"1024\" height=\"768\" src=\"https:\/\/agora.xtec.cat\/escolalallacuna\/wp-content\/uploads\/usu2352\/2025\/02\/Equips-de-treball-5.jpg\" alt=\"\" data-id=\"1324\" data-link=\"https:\/\/agora.xtec.cat\/escolalallacuna\/projectes-descola\/equips-de-treball\/attachment\/equips-de-treball-5\/\" data-original-link=\"https:\/\/agora.xtec.cat\/escolalallacuna\/wp-content\/uploads\/usu2352\/2025\/02\/Equips-de-treball-5.jpg\" class=\"wp-block-getwid-images-slider__image wp-image-1324\" srcset=\"https:\/\/agora.xtec.cat\/escolalallacuna\/wp-content\/uploads\/usu2352\/2025\/02\/Equips-de-treball-5.jpg 1024w, https:\/\/agora.xtec.cat\/escolalallacuna\/wp-content\/uploads\/usu2352\/2025\/02\/Equips-de-treball-5-300x225.jpg 300w, https:\/\/agora.xtec.cat\/escolalallacuna\/wp-content\/uploads\/usu2352\/2025\/02\/Equips-de-treball-5-768x576.jpg 768w\" sizes=\"auto, (max-width: 1024px) 100vw, 1024px\" \/><\/figure><\/div><div class=\"wp-block-getwid-images-slider__item\"><figure><img loading=\"lazy\" decoding=\"async\" width=\"1024\" height=\"768\" src=\"https:\/\/agora.xtec.cat\/escolalallacuna\/wp-content\/uploads\/usu2352\/2025\/02\/Equips-de-treball-2-1.jpg\" alt=\"\" data-id=\"1323\" data-link=\"https:\/\/agora.xtec.cat\/escolalallacuna\/projectes-descola\/equips-de-treball\/attachment\/equips-de-treball-2-3\/\" data-original-link=\"https:\/\/agora.xtec.cat\/escolalallacuna\/wp-content\/uploads\/usu2352\/2025\/02\/Equips-de-treball-2-1.jpg\" class=\"wp-block-getwid-images-slider__image wp-image-1323\" srcset=\"https:\/\/agora.xtec.cat\/escolalallacuna\/wp-content\/uploads\/usu2352\/2025\/02\/Equips-de-treball-2-1.jpg 1024w, https:\/\/agora.xtec.cat\/escolalallacuna\/wp-content\/uploads\/usu2352\/2025\/02\/Equips-de-treball-2-1-300x225.jpg 300w, https:\/\/agora.xtec.cat\/escolalallacuna\/wp-content\/uploads\/usu2352\/2025\/02\/Equips-de-treball-2-1-768x576.jpg 768w\" sizes=\"auto, (max-width: 1024px) 100vw, 1024px\" \/><\/figure><\/div><div class=\"wp-block-getwid-images-slider__item\"><figure><img loading=\"lazy\" decoding=\"async\" width=\"1024\" height=\"1365\" src=\"https:\/\/agora.xtec.cat\/escolalallacuna\/wp-content\/uploads\/usu2352\/2025\/02\/Equips-de-treball-1.jpg\" alt=\"\" data-id=\"1322\" data-link=\"https:\/\/agora.xtec.cat\/escolalallacuna\/projectes-descola\/equips-de-treball\/attachment\/equips-de-treball-1\/\" data-original-link=\"https:\/\/agora.xtec.cat\/escolalallacuna\/wp-content\/uploads\/usu2352\/2025\/02\/Equips-de-treball-1.jpg\" class=\"wp-block-getwid-images-slider__image wp-image-1322\" srcset=\"https:\/\/agora.xtec.cat\/escolalallacuna\/wp-content\/uploads\/usu2352\/2025\/02\/Equips-de-treball-1.jpg 1024w, https:\/\/agora.xtec.cat\/escolalallacuna\/wp-content\/uploads\/usu2352\/2025\/02\/Equips-de-treball-1-225x300.jpg 225w, https:\/\/agora.xtec.cat\/escolalallacuna\/wp-content\/uploads\/usu2352\/2025\/02\/Equips-de-treball-1-768x1024.jpg 768w\" sizes=\"auto, (max-width: 1024px) 100vw, 1024px\" \/><\/figure><\/div><\/div><\/div>\n","protected":false},"excerpt":{"rendered":"<p>Els Equips de Treball s\u00f3n l&#8217;evoluci\u00f3 natural de la cultura pedag\u00f2gica que hi ha al darrere dels Espais de Lliure Circulaci\u00f3 de Petits i Mitjans. Els infants de Grans (4t, 5\u00e8 i 6\u00e8) es barregen durant 3 franges setmanals per treballar a partir de reptes intel\u00b7lectuals o culturals significatius relacionats amb una tem\u00e0tica comuna. Es [&hellip;]<\/p>\n","protected":false},"author":1,"featured_media":0,"parent":796,"menu_order":3,"comment_status":"closed","ping_status":"close","template":"","meta":{"_bbp_topic_count":0,"_bbp_reply_count":0,"_bbp_total_topic_count":0,"_bbp_total_reply_count":0,"_bbp_voice_count":0,"_bbp_anonymous_reply_count":0,"_bbp_topic_count_hidden":0,"_bbp_reply_count_hidden":0,"_bbp_forum_subforum_count":0,"site-sidebar-layout":"default","site-content-layout":"","ast-site-content-layout":"default","site-content-style":"default","site-sidebar-style":"default","ast-global-header-display":"","ast-banner-title-visibility":"","ast-main-header-display":"","ast-hfb-above-header-display":"","ast-hfb-below-header-display":"","ast-hfb-mobile-header-display":"","site-post-title":"","ast-breadcrumbs-content":"","ast-featured-img":"","footer-sml-layout":"","theme-transparent-header-meta":"","adv-header-id-meta":"","stick-header-meta":"","header-above-stick-meta":"","header-main-stick-meta":"","header-below-stick-meta":"","astra-migrate-meta-layouts":"set","ast-page-background-enabled":"default","ast-page-background-meta":{"desktop":{"background-color":"var(--ast-global-color-4)","background-image":"","background-repeat":"repeat","background-position":"center center","background-size":"auto","background-attachment":"scroll","background-type":"","background-media":"","overlay-type":"","overlay-color":"","overlay-opacity":"","overlay-gradient":""},"tablet":{"background-color":"","background-image":"","background-repeat":"repeat","background-position":"center center","background-size":"auto","background-attachment":"scroll","background-type":"","background-media":"","overlay-type":"","overlay-color":"","overlay-opacity":"","overlay-gradient":""},"mobile":{"background-color":"","background-image":"","background-repeat":"repeat","background-position":"center center","background-size":"auto","background-attachment":"scroll","background-type":"","background-media":"","overlay-type":"","overlay-color":"","overlay-opacity":"","overlay-gradient":""}},"ast-content-background-meta":{"desktop":{"background-color":"var(--ast-global-color-5)","background-image":"","background-repeat":"repeat","background-position":"center center","background-size":"auto","background-attachment":"scroll","background-type":"","background-media":"","overlay-type":"","overlay-color":"","overlay-opacity":"","overlay-gradient":""},"tablet":{"background-color":"var(--ast-global-color-5)","background-image":"","background-repeat":"repeat","background-position":"center center","background-size":"auto","background-attachment":"scroll","background-type":"","background-media":"","overlay-type":"","overlay-color":"","overlay-opacity":"","overlay-gradient":""},"mobile":{"background-color":"var(--ast-global-color-5)","background-image":"","background-repeat":"repeat","background-position":"center center","background-size":"auto","background-attachment":"scroll","background-type":"","background-media":"","overlay-type":"","overlay-color":"","overlay-opacity":"","overlay-gradient":""}},"footnotes":""},"class_list":["post-1274","page","type-page","status-publish","hentry"],"post_mailing_queue_ids":[],"_links":{"self":[{"href":"https:\/\/agora.xtec.cat\/escolalallacuna\/wp-json\/wp\/v2\/pages\/1274","targetHints":{"allow":["GET"]}}],"collection":[{"href":"https:\/\/agora.xtec.cat\/escolalallacuna\/wp-json\/wp\/v2\/pages"}],"about":[{"href":"https:\/\/agora.xtec.cat\/escolalallacuna\/wp-json\/wp\/v2\/types\/page"}],"author":[{"embeddable":true,"href":"https:\/\/agora.xtec.cat\/escolalallacuna\/wp-json\/wp\/v2\/users\/1"}],"replies":[{"embeddable":true,"href":"https:\/\/agora.xtec.cat\/escolalallacuna\/wp-json\/wp\/v2\/comments?post=1274"}],"version-history":[{"count":6,"href":"https:\/\/agora.xtec.cat\/escolalallacuna\/wp-json\/wp\/v2\/pages\/1274\/revisions"}],"predecessor-version":[{"id":1345,"href":"https:\/\/agora.xtec.cat\/escolalallacuna\/wp-json\/wp\/v2\/pages\/1274\/revisions\/1345"}],"up":[{"embeddable":true,"href":"https:\/\/agora.xtec.cat\/escolalallacuna\/wp-json\/wp\/v2\/pages\/796"}],"wp:attachment":[{"href":"https:\/\/agora.xtec.cat\/escolalallacuna\/wp-json\/wp\/v2\/media?parent=1274"}],"curies":[{"name":"wp","href":"https:\/\/api.w.org\/{rel}","templated":true}]}}