{"id":1272,"date":"2025-02-08T23:27:23","date_gmt":"2025-02-08T22:27:23","guid":{"rendered":"https:\/\/agora.xtec.cat\/escolalallacuna\/?page_id=1272"},"modified":"2025-02-15T23:07:41","modified_gmt":"2025-02-15T22:07:41","slug":"espais-de-lliure-circulacio","status":"publish","type":"page","link":"https:\/\/agora.xtec.cat\/escolalallacuna\/projectes-descola\/espais-de-lliure-circulacio\/","title":{"rendered":"Espais de Lliure Circulaci\u00f3"},"content":{"rendered":"\n<p>Els Espais de Lliure Circulaci\u00f3 permeten als infants <strong>manipular<\/strong> i <strong>jugar<\/strong> a trav\u00e9s de propostes diverses pensades per les mestres i que responen als diferents \u00e0mbits de coneixement (art\u00edstic, matem\u00e0tic, literari, comunicatiu, cient\u00edfic, d&#8217;expressi\u00f3 corporal i musical&#8230;), a l&#8217;etapa evolutiva dels nens i nenes i el respecte a la seva diversitat.<\/p>\n\n\n\n<p>Poden trobar propostes m\u00e9s obertes, d&#8217;altres m\u00e9s dirigides, i en el cas dels m\u00e9s Petits, es dona un paper prioritari als espais amb propostes m\u00e9s l\u00fadiques, perqu\u00e8 entenem <strong>el joc com a eina d&#8217;aprenentatge fonamental<\/strong>. S&#8217;afavoreix que els infants desenvolupin la capacitat de resoldre situacions i problemes amb <strong>creativitat<\/strong>, aplicant els coneixements previs a situacions noves que se&#8217;ls poden presentar.<\/p>\n\n\n\n<p>Durant aquestes franges els nens i nenes de Petits (I3, I4, I5) i Mitjans (1r, 2n 3r) escullen els Espais on volen anar i l&#8217;entona que hi dediquen a cadascun lliurement i sense cap comprom\u00eds previ. De mica en mica, en funci\u00f3 de l&#8217;edat i la personalitat de cada infant, van adquirint cert comprom\u00eds. Aquesta gesti\u00f3 del propi temps afavoreix <strong>l&#8217;autonomia<\/strong>, les prefer\u00e8ncies, la iniciativa personal i la <strong>presa de decisions<\/strong>. Es tracta de desenvolupar la <strong>responsabilitat<\/strong> a partir de l&#8217;exercici de la llibertat (respectant uns l\u00edmits clars) i no des de la imposici\u00f3.<\/p>\n\n\n\n<div class=\"wp-block-getwid-images-slider has-arrows-inside has-dots-inside has-images-center has-cropped-images\"><div class=\"wp-block-getwid-images-slider__wrapper\" data-effect=\"slide\" data-slides-show=\"1\" data-slides-show-laptop=\"1\" data-slides-show-tablet=\"1\" data-slides-show-mobile=\"1\" data-slides-scroll=\"1\" data-autoplay=\"true\" data-pause-hover=\"true\" data-autoplay-speed=\"6000\" data-infinite=\"true\" data-animation-speed=\"800\" data-center-mode=\"false\" data-variable-width=\"false\" data-arrows=\"inside\" data-dots=\"inside\" data-spacing=\"none\"><div class=\"wp-block-getwid-images-slider__item\"><figure><img loading=\"lazy\" decoding=\"async\" width=\"1024\" height=\"1365\" src=\"https:\/\/agora.xtec.cat\/escolalallacuna\/wp-content\/uploads\/usu2352\/2025\/02\/Petits-fang.jpg\" data-id=\"1331\" data-link=\"https:\/\/agora.xtec.cat\/escolalallacuna\/projectes-descola\/espais-de-lliure-circulacio\/attachment\/petits-fang\/\" data-original-link=\"https:\/\/agora.xtec.cat\/escolalallacuna\/wp-content\/uploads\/usu2352\/2025\/02\/Petits-fang.jpg\" class=\"wp-block-getwid-images-slider__image wp-image-1331\" srcset=\"https:\/\/agora.xtec.cat\/escolalallacuna\/wp-content\/uploads\/usu2352\/2025\/02\/Petits-fang.jpg 1024w, https:\/\/agora.xtec.cat\/escolalallacuna\/wp-content\/uploads\/usu2352\/2025\/02\/Petits-fang-225x300.jpg 225w, https:\/\/agora.xtec.cat\/escolalallacuna\/wp-content\/uploads\/usu2352\/2025\/02\/Petits-fang-768x1024.jpg 768w\" sizes=\"auto, (max-width: 1024px) 100vw, 1024px\" \/><\/figure><\/div><div class=\"wp-block-getwid-images-slider__item\"><figure><img loading=\"lazy\" decoding=\"async\" width=\"1920\" height=\"2560\" src=\"https:\/\/agora.xtec.cat\/escolalallacuna\/wp-content\/uploads\/usu2352\/2025\/02\/IMG_0002-scaled.jpg\" data-id=\"1302\" data-link=\"https:\/\/agora.xtec.cat\/escolalallacuna\/projectes-descola\/espais-de-lliure-circulacio\/attachment\/img_0002\/\" data-original-link=\"https:\/\/agora.xtec.cat\/escolalallacuna\/wp-content\/uploads\/usu2352\/2025\/02\/IMG_0002-scaled.jpg\" class=\"wp-block-getwid-images-slider__image wp-image-1302\" srcset=\"https:\/\/agora.xtec.cat\/escolalallacuna\/wp-content\/uploads\/usu2352\/2025\/02\/IMG_0002-scaled.jpg 1920w, https:\/\/agora.xtec.cat\/escolalallacuna\/wp-content\/uploads\/usu2352\/2025\/02\/IMG_0002-225x300.jpg 225w, https:\/\/agora.xtec.cat\/escolalallacuna\/wp-content\/uploads\/usu2352\/2025\/02\/IMG_0002-768x1024.jpg 768w, https:\/\/agora.xtec.cat\/escolalallacuna\/wp-content\/uploads\/usu2352\/2025\/02\/IMG_0002-1152x1536.jpg 1152w, https:\/\/agora.xtec.cat\/escolalallacuna\/wp-content\/uploads\/usu2352\/2025\/02\/IMG_0002-1536x2048.jpg 1536w\" sizes=\"auto, (max-width: 1920px) 100vw, 1920px\" \/><\/figure><\/div><div class=\"wp-block-getwid-images-slider__item\"><figure><img loading=\"lazy\" decoding=\"async\" width=\"1920\" height=\"2560\" src=\"https:\/\/agora.xtec.cat\/escolalallacuna\/wp-content\/uploads\/usu2352\/2025\/02\/IMG_0007-scaled.jpg\" data-id=\"1296\" data-link=\"https:\/\/agora.xtec.cat\/escolalallacuna\/projectes-descola\/espais-de-lliure-circulacio\/attachment\/img_0007\/\" data-original-link=\"https:\/\/agora.xtec.cat\/escolalallacuna\/wp-content\/uploads\/usu2352\/2025\/02\/IMG_0007-scaled.jpg\" class=\"wp-block-getwid-images-slider__image wp-image-1296\" srcset=\"https:\/\/agora.xtec.cat\/escolalallacuna\/wp-content\/uploads\/usu2352\/2025\/02\/IMG_0007-scaled.jpg 1920w, https:\/\/agora.xtec.cat\/escolalallacuna\/wp-content\/uploads\/usu2352\/2025\/02\/IMG_0007-225x300.jpg 225w, https:\/\/agora.xtec.cat\/escolalallacuna\/wp-content\/uploads\/usu2352\/2025\/02\/IMG_0007-768x1024.jpg 768w, https:\/\/agora.xtec.cat\/escolalallacuna\/wp-content\/uploads\/usu2352\/2025\/02\/IMG_0007-1152x1536.jpg 1152w, https:\/\/agora.xtec.cat\/escolalallacuna\/wp-content\/uploads\/usu2352\/2025\/02\/IMG_0007-1536x2048.jpg 1536w\" sizes=\"auto, (max-width: 1920px) 100vw, 1920px\" \/><\/figure><\/div><div class=\"wp-block-getwid-images-slider__item\"><figure><img loading=\"lazy\" decoding=\"async\" width=\"1920\" height=\"2560\" src=\"https:\/\/agora.xtec.cat\/escolalallacuna\/wp-content\/uploads\/usu2352\/2025\/02\/IMG_0045-scaled.jpg\" data-id=\"1297\" data-link=\"https:\/\/agora.xtec.cat\/escolalallacuna\/projectes-descola\/espais-de-lliure-circulacio\/attachment\/img_0045\/\" data-original-link=\"https:\/\/agora.xtec.cat\/escolalallacuna\/wp-content\/uploads\/usu2352\/2025\/02\/IMG_0045-scaled.jpg\" class=\"wp-block-getwid-images-slider__image wp-image-1297\" srcset=\"https:\/\/agora.xtec.cat\/escolalallacuna\/wp-content\/uploads\/usu2352\/2025\/02\/IMG_0045-scaled.jpg 1920w, https:\/\/agora.xtec.cat\/escolalallacuna\/wp-content\/uploads\/usu2352\/2025\/02\/IMG_0045-225x300.jpg 225w, https:\/\/agora.xtec.cat\/escolalallacuna\/wp-content\/uploads\/usu2352\/2025\/02\/IMG_0045-768x1024.jpg 768w, https:\/\/agora.xtec.cat\/escolalallacuna\/wp-content\/uploads\/usu2352\/2025\/02\/IMG_0045-1152x1536.jpg 1152w, https:\/\/agora.xtec.cat\/escolalallacuna\/wp-content\/uploads\/usu2352\/2025\/02\/IMG_0045-1536x2048.jpg 1536w\" sizes=\"auto, (max-width: 1920px) 100vw, 1920px\" \/><\/figure><\/div><div class=\"wp-block-getwid-images-slider__item\"><figure><img loading=\"lazy\" decoding=\"async\" width=\"1024\" height=\"1365\" src=\"https:\/\/agora.xtec.cat\/escolalallacuna\/wp-content\/uploads\/usu2352\/2025\/02\/Petits-estones-a-laula-1-rotated.jpg\" data-id=\"1334\" data-link=\"https:\/\/agora.xtec.cat\/escolalallacuna\/projectes-descola\/espais-de-lliure-circulacio\/attachment\/petits-estones-a-laula-1\/\" data-original-link=\"https:\/\/agora.xtec.cat\/escolalallacuna\/wp-content\/uploads\/usu2352\/2025\/02\/Petits-estones-a-laula-1-rotated.jpg\" class=\"wp-block-getwid-images-slider__image wp-image-1334\" srcset=\"https:\/\/agora.xtec.cat\/escolalallacuna\/wp-content\/uploads\/usu2352\/2025\/02\/Petits-estones-a-laula-1-rotated.jpg 1024w, https:\/\/agora.xtec.cat\/escolalallacuna\/wp-content\/uploads\/usu2352\/2025\/02\/Petits-estones-a-laula-1-225x300.jpg 225w, https:\/\/agora.xtec.cat\/escolalallacuna\/wp-content\/uploads\/usu2352\/2025\/02\/Petits-estones-a-laula-1-768x1024.jpg 768w\" sizes=\"auto, (max-width: 1024px) 100vw, 1024px\" \/><\/figure><\/div><div class=\"wp-block-getwid-images-slider__item\"><figure><img loading=\"lazy\" decoding=\"async\" width=\"1920\" height=\"2560\" src=\"https:\/\/agora.xtec.cat\/escolalallacuna\/wp-content\/uploads\/usu2352\/2025\/02\/IMG_0023-scaled.jpg\" data-id=\"1298\" data-link=\"https:\/\/agora.xtec.cat\/escolalallacuna\/projectes-descola\/espais-de-lliure-circulacio\/attachment\/img_0023\/\" data-original-link=\"https:\/\/agora.xtec.cat\/escolalallacuna\/wp-content\/uploads\/usu2352\/2025\/02\/IMG_0023-scaled.jpg\" class=\"wp-block-getwid-images-slider__image wp-image-1298\" srcset=\"https:\/\/agora.xtec.cat\/escolalallacuna\/wp-content\/uploads\/usu2352\/2025\/02\/IMG_0023-scaled.jpg 1920w, https:\/\/agora.xtec.cat\/escolalallacuna\/wp-content\/uploads\/usu2352\/2025\/02\/IMG_0023-225x300.jpg 225w, https:\/\/agora.xtec.cat\/escolalallacuna\/wp-content\/uploads\/usu2352\/2025\/02\/IMG_0023-768x1024.jpg 768w, https:\/\/agora.xtec.cat\/escolalallacuna\/wp-content\/uploads\/usu2352\/2025\/02\/IMG_0023-1152x1536.jpg 1152w, https:\/\/agora.xtec.cat\/escolalallacuna\/wp-content\/uploads\/usu2352\/2025\/02\/IMG_0023-1536x2048.jpg 1536w\" sizes=\"auto, (max-width: 1920px) 100vw, 1920px\" \/><\/figure><\/div><div class=\"wp-block-getwid-images-slider__item\"><figure><img loading=\"lazy\" decoding=\"async\" width=\"1920\" height=\"2560\" src=\"https:\/\/agora.xtec.cat\/escolalallacuna\/wp-content\/uploads\/usu2352\/2025\/02\/IMG_9999-scaled.jpg\" data-id=\"1300\" data-link=\"https:\/\/agora.xtec.cat\/escolalallacuna\/projectes-descola\/espais-de-lliure-circulacio\/attachment\/img_9999\/\" data-original-link=\"https:\/\/agora.xtec.cat\/escolalallacuna\/wp-content\/uploads\/usu2352\/2025\/02\/IMG_9999-scaled.jpg\" class=\"wp-block-getwid-images-slider__image wp-image-1300\" srcset=\"https:\/\/agora.xtec.cat\/escolalallacuna\/wp-content\/uploads\/usu2352\/2025\/02\/IMG_9999-scaled.jpg 1920w, https:\/\/agora.xtec.cat\/escolalallacuna\/wp-content\/uploads\/usu2352\/2025\/02\/IMG_9999-225x300.jpg 225w, https:\/\/agora.xtec.cat\/escolalallacuna\/wp-content\/uploads\/usu2352\/2025\/02\/IMG_9999-768x1024.jpg 768w, https:\/\/agora.xtec.cat\/escolalallacuna\/wp-content\/uploads\/usu2352\/2025\/02\/IMG_9999-1152x1536.jpg 1152w, https:\/\/agora.xtec.cat\/escolalallacuna\/wp-content\/uploads\/usu2352\/2025\/02\/IMG_9999-1536x2048.jpg 1536w\" sizes=\"auto, (max-width: 1920px) 100vw, 1920px\" \/><\/figure><\/div><div class=\"wp-block-getwid-images-slider__item\"><figure><img loading=\"lazy\" decoding=\"async\" width=\"1920\" height=\"2560\" src=\"https:\/\/agora.xtec.cat\/escolalallacuna\/wp-content\/uploads\/usu2352\/2025\/02\/IMG_0021-scaled.jpg\" data-id=\"1299\" data-link=\"https:\/\/agora.xtec.cat\/escolalallacuna\/projectes-descola\/espais-de-lliure-circulacio\/attachment\/img_0021\/\" data-original-link=\"https:\/\/agora.xtec.cat\/escolalallacuna\/wp-content\/uploads\/usu2352\/2025\/02\/IMG_0021-scaled.jpg\" class=\"wp-block-getwid-images-slider__image wp-image-1299\" srcset=\"https:\/\/agora.xtec.cat\/escolalallacuna\/wp-content\/uploads\/usu2352\/2025\/02\/IMG_0021-scaled.jpg 1920w, https:\/\/agora.xtec.cat\/escolalallacuna\/wp-content\/uploads\/usu2352\/2025\/02\/IMG_0021-225x300.jpg 225w, https:\/\/agora.xtec.cat\/escolalallacuna\/wp-content\/uploads\/usu2352\/2025\/02\/IMG_0021-768x1024.jpg 768w, https:\/\/agora.xtec.cat\/escolalallacuna\/wp-content\/uploads\/usu2352\/2025\/02\/IMG_0021-1152x1536.jpg 1152w, https:\/\/agora.xtec.cat\/escolalallacuna\/wp-content\/uploads\/usu2352\/2025\/02\/IMG_0021-1536x2048.jpg 1536w\" sizes=\"auto, (max-width: 1920px) 100vw, 1920px\" \/><\/figure><\/div><div class=\"wp-block-getwid-images-slider__item\"><figure><img loading=\"lazy\" decoding=\"async\" width=\"1920\" height=\"2560\" src=\"https:\/\/agora.xtec.cat\/escolalallacuna\/wp-content\/uploads\/usu2352\/2025\/02\/IMG_0049-scaled.jpg\" data-id=\"1301\" data-link=\"https:\/\/agora.xtec.cat\/escolalallacuna\/projectes-descola\/espais-de-lliure-circulacio\/attachment\/img_0049\/\" data-original-link=\"https:\/\/agora.xtec.cat\/escolalallacuna\/wp-content\/uploads\/usu2352\/2025\/02\/IMG_0049-scaled.jpg\" class=\"wp-block-getwid-images-slider__image wp-image-1301\" srcset=\"https:\/\/agora.xtec.cat\/escolalallacuna\/wp-content\/uploads\/usu2352\/2025\/02\/IMG_0049-scaled.jpg 1920w, https:\/\/agora.xtec.cat\/escolalallacuna\/wp-content\/uploads\/usu2352\/2025\/02\/IMG_0049-225x300.jpg 225w, https:\/\/agora.xtec.cat\/escolalallacuna\/wp-content\/uploads\/usu2352\/2025\/02\/IMG_0049-768x1024.jpg 768w, https:\/\/agora.xtec.cat\/escolalallacuna\/wp-content\/uploads\/usu2352\/2025\/02\/IMG_0049-1152x1536.jpg 1152w, https:\/\/agora.xtec.cat\/escolalallacuna\/wp-content\/uploads\/usu2352\/2025\/02\/IMG_0049-1536x2048.jpg 1536w\" sizes=\"auto, (max-width: 1920px) 100vw, 1920px\" \/><\/figure><\/div><div class=\"wp-block-getwid-images-slider__item\"><figure><img loading=\"lazy\" decoding=\"async\" width=\"1024\" height=\"768\" src=\"https:\/\/agora.xtec.cat\/escolalallacuna\/wp-content\/uploads\/usu2352\/2025\/02\/IMG20241022112217.jpg\" data-id=\"1332\" data-link=\"https:\/\/agora.xtec.cat\/escolalallacuna\/projectes-descola\/espais-de-lliure-circulacio\/attachment\/img20241022112217\/\" data-original-link=\"https:\/\/agora.xtec.cat\/escolalallacuna\/wp-content\/uploads\/usu2352\/2025\/02\/IMG20241022112217.jpg\" class=\"wp-block-getwid-images-slider__image wp-image-1332\" srcset=\"https:\/\/agora.xtec.cat\/escolalallacuna\/wp-content\/uploads\/usu2352\/2025\/02\/IMG20241022112217.jpg 1024w, https:\/\/agora.xtec.cat\/escolalallacuna\/wp-content\/uploads\/usu2352\/2025\/02\/IMG20241022112217-300x225.jpg 300w, https:\/\/agora.xtec.cat\/escolalallacuna\/wp-content\/uploads\/usu2352\/2025\/02\/IMG20241022112217-768x576.jpg 768w\" sizes=\"auto, (max-width: 1024px) 100vw, 1024px\" \/><\/figure><\/div><div class=\"wp-block-getwid-images-slider__item\"><figure><img loading=\"lazy\" decoding=\"async\" width=\"1024\" height=\"1365\" src=\"https:\/\/agora.xtec.cat\/escolalallacuna\/wp-content\/uploads\/usu2352\/2025\/02\/IMG20250124101001.jpg\" data-id=\"1333\" data-link=\"https:\/\/agora.xtec.cat\/escolalallacuna\/projectes-descola\/espais-de-lliure-circulacio\/attachment\/img20250124101001\/\" data-original-link=\"https:\/\/agora.xtec.cat\/escolalallacuna\/wp-content\/uploads\/usu2352\/2025\/02\/IMG20250124101001.jpg\" class=\"wp-block-getwid-images-slider__image wp-image-1333\" srcset=\"https:\/\/agora.xtec.cat\/escolalallacuna\/wp-content\/uploads\/usu2352\/2025\/02\/IMG20250124101001.jpg 1024w, https:\/\/agora.xtec.cat\/escolalallacuna\/wp-content\/uploads\/usu2352\/2025\/02\/IMG20250124101001-225x300.jpg 225w, https:\/\/agora.xtec.cat\/escolalallacuna\/wp-content\/uploads\/usu2352\/2025\/02\/IMG20250124101001-768x1024.jpg 768w\" sizes=\"auto, (max-width: 1024px) 100vw, 1024px\" \/><\/figure><\/div><div class=\"wp-block-getwid-images-slider__item\"><figure><img loading=\"lazy\" decoding=\"async\" width=\"1024\" height=\"768\" src=\"https:\/\/agora.xtec.cat\/escolalallacuna\/wp-content\/uploads\/usu2352\/2025\/02\/andromines-1.jpg\" data-id=\"1340\" data-link=\"https:\/\/agora.xtec.cat\/escolalallacuna\/projectes-descola\/espais-de-lliure-circulacio\/attachment\/andromines-1\/\" data-original-link=\"https:\/\/agora.xtec.cat\/escolalallacuna\/wp-content\/uploads\/usu2352\/2025\/02\/andromines-1.jpg\" class=\"wp-block-getwid-images-slider__image wp-image-1340\" srcset=\"https:\/\/agora.xtec.cat\/escolalallacuna\/wp-content\/uploads\/usu2352\/2025\/02\/andromines-1.jpg 1024w, https:\/\/agora.xtec.cat\/escolalallacuna\/wp-content\/uploads\/usu2352\/2025\/02\/andromines-1-300x225.jpg 300w, https:\/\/agora.xtec.cat\/escolalallacuna\/wp-content\/uploads\/usu2352\/2025\/02\/andromines-1-768x576.jpg 768w\" sizes=\"auto, (max-width: 1024px) 100vw, 1024px\" \/><\/figure><\/div><div class=\"wp-block-getwid-images-slider__item\"><figure><img loading=\"lazy\" decoding=\"async\" width=\"1024\" height=\"768\" src=\"https:\/\/agora.xtec.cat\/escolalallacuna\/wp-content\/uploads\/usu2352\/2025\/02\/andromines.jpg\" data-id=\"1341\" data-link=\"https:\/\/agora.xtec.cat\/escolalallacuna\/projectes-descola\/espais-de-lliure-circulacio\/attachment\/andromines\/\" data-original-link=\"https:\/\/agora.xtec.cat\/escolalallacuna\/wp-content\/uploads\/usu2352\/2025\/02\/andromines.jpg\" class=\"wp-block-getwid-images-slider__image wp-image-1341\" srcset=\"https:\/\/agora.xtec.cat\/escolalallacuna\/wp-content\/uploads\/usu2352\/2025\/02\/andromines.jpg 1024w, https:\/\/agora.xtec.cat\/escolalallacuna\/wp-content\/uploads\/usu2352\/2025\/02\/andromines-300x225.jpg 300w, https:\/\/agora.xtec.cat\/escolalallacuna\/wp-content\/uploads\/usu2352\/2025\/02\/andromines-768x576.jpg 768w\" sizes=\"auto, (max-width: 1024px) 100vw, 1024px\" \/><\/figure><\/div><div class=\"wp-block-getwid-images-slider__item\"><figure><img loading=\"lazy\" decoding=\"async\" width=\"1024\" height=\"768\" src=\"https:\/\/agora.xtec.cat\/escolalallacuna\/wp-content\/uploads\/usu2352\/2025\/02\/mapa-del-mon.jpg\" data-id=\"1342\" data-link=\"https:\/\/agora.xtec.cat\/escolalallacuna\/projectes-descola\/espais-de-lliure-circulacio\/attachment\/mapa-del-mon\/\" data-original-link=\"https:\/\/agora.xtec.cat\/escolalallacuna\/wp-content\/uploads\/usu2352\/2025\/02\/mapa-del-mon.jpg\" class=\"wp-block-getwid-images-slider__image wp-image-1342\" srcset=\"https:\/\/agora.xtec.cat\/escolalallacuna\/wp-content\/uploads\/usu2352\/2025\/02\/mapa-del-mon.jpg 1024w, https:\/\/agora.xtec.cat\/escolalallacuna\/wp-content\/uploads\/usu2352\/2025\/02\/mapa-del-mon-300x225.jpg 300w, https:\/\/agora.xtec.cat\/escolalallacuna\/wp-content\/uploads\/usu2352\/2025\/02\/mapa-del-mon-768x576.jpg 768w\" sizes=\"auto, (max-width: 1024px) 100vw, 1024px\" \/><\/figure><\/div><div class=\"wp-block-getwid-images-slider__item\"><figure><img loading=\"lazy\" decoding=\"async\" width=\"1024\" height=\"1266\" src=\"https:\/\/agora.xtec.cat\/escolalallacuna\/wp-content\/uploads\/usu2352\/2025\/02\/Petits-aigua.jpg\" data-id=\"1343\" data-link=\"https:\/\/agora.xtec.cat\/escolalallacuna\/projectes-descola\/espais-de-lliure-circulacio\/attachment\/petits-aigua\/\" data-original-link=\"https:\/\/agora.xtec.cat\/escolalallacuna\/wp-content\/uploads\/usu2352\/2025\/02\/Petits-aigua.jpg\" class=\"wp-block-getwid-images-slider__image wp-image-1343\" srcset=\"https:\/\/agora.xtec.cat\/escolalallacuna\/wp-content\/uploads\/usu2352\/2025\/02\/Petits-aigua.jpg 1024w, https:\/\/agora.xtec.cat\/escolalallacuna\/wp-content\/uploads\/usu2352\/2025\/02\/Petits-aigua-243x300.jpg 243w, https:\/\/agora.xtec.cat\/escolalallacuna\/wp-content\/uploads\/usu2352\/2025\/02\/Petits-aigua-828x1024.jpg 828w, https:\/\/agora.xtec.cat\/escolalallacuna\/wp-content\/uploads\/usu2352\/2025\/02\/Petits-aigua-768x950.jpg 768w\" sizes=\"auto, (max-width: 1024px) 100vw, 1024px\" \/><\/figure><\/div><\/div><\/div>\n\n\n\n<blockquote class=\"wp-block-quote is-style-default is-layout-flow wp-block-quote-is-layout-flow\">\n<p><mark style=\"background-color:#7dcdf3\" class=\"has-inline-color\">L&#8217;experi\u00e8ncia ens confirma que els infants necessiten molta llibertat per indagar, provar, equivocar-se i corregir. Per triar on i amb qui volen invertir la seva curiositat, les seves emocions; per apreciar els infinits recursos de les mans, de la vista, de l&#8217;o\u00efda, de les formes, dels sons i dels colors. <\/mark><\/p>\n<cite>(Loris Malaguzzi)<\/cite><\/blockquote>\n","protected":false},"excerpt":{"rendered":"<p>Els Espais de Lliure Circulaci\u00f3 permeten als infants manipular i jugar a trav\u00e9s de propostes diverses pensades per les mestres i que responen als diferents \u00e0mbits de coneixement (art\u00edstic, matem\u00e0tic, literari, comunicatiu, cient\u00edfic, d&#8217;expressi\u00f3 corporal i musical&#8230;), a l&#8217;etapa evolutiva dels nens i nenes i el respecte a la seva diversitat. Poden trobar propostes m\u00e9s [&hellip;]<\/p>\n","protected":false},"author":1,"featured_media":0,"parent":796,"menu_order":2,"comment_status":"closed","ping_status":"close","template":"","meta":{"_bbp_topic_count":0,"_bbp_reply_count":0,"_bbp_total_topic_count":0,"_bbp_total_reply_count":0,"_bbp_voice_count":0,"_bbp_anonymous_reply_count":0,"_bbp_topic_count_hidden":0,"_bbp_reply_count_hidden":0,"_bbp_forum_subforum_count":0,"site-sidebar-layout":"default","site-content-layout":"","ast-site-content-layout":"default","site-content-style":"default","site-sidebar-style":"default","ast-global-header-display":"","ast-banner-title-visibility":"","ast-main-header-display":"","ast-hfb-above-header-display":"","ast-hfb-below-header-display":"","ast-hfb-mobile-header-display":"","site-post-title":"","ast-breadcrumbs-content":"","ast-featured-img":"","footer-sml-layout":"","theme-transparent-header-meta":"","adv-header-id-meta":"","stick-header-meta":"","header-above-stick-meta":"","header-main-stick-meta":"","header-below-stick-meta":"","astra-migrate-meta-layouts":"set","ast-page-background-enabled":"default","ast-page-background-meta":{"desktop":{"background-color":"var(--ast-global-color-4)","background-image":"","background-repeat":"repeat","background-position":"center center","background-size":"auto","background-attachment":"scroll","background-type":"","background-media":"","overlay-type":"","overlay-color":"","overlay-opacity":"","overlay-gradient":""},"tablet":{"background-color":"","background-image":"","background-repeat":"repeat","background-position":"center center","background-size":"auto","background-attachment":"scroll","background-type":"","background-media":"","overlay-type":"","overlay-color":"","overlay-opacity":"","overlay-gradient":""},"mobile":{"background-color":"","background-image":"","background-repeat":"repeat","background-position":"center center","background-size":"auto","background-attachment":"scroll","background-type":"","background-media":"","overlay-type":"","overlay-color":"","overlay-opacity":"","overlay-gradient":""}},"ast-content-background-meta":{"desktop":{"background-color":"var(--ast-global-color-5)","background-image":"","background-repeat":"repeat","background-position":"center center","background-size":"auto","background-attachment":"scroll","background-type":"","background-media":"","overlay-type":"","overlay-color":"","overlay-opacity":"","overlay-gradient":""},"tablet":{"background-color":"var(--ast-global-color-5)","background-image":"","background-repeat":"repeat","background-position":"center center","background-size":"auto","background-attachment":"scroll","background-type":"","background-media":"","overlay-type":"","overlay-color":"","overlay-opacity":"","overlay-gradient":""},"mobile":{"background-color":"var(--ast-global-color-5)","background-image":"","background-repeat":"repeat","background-position":"center center","background-size":"auto","background-attachment":"scroll","background-type":"","background-media":"","overlay-type":"","overlay-color":"","overlay-opacity":"","overlay-gradient":""}},"footnotes":""},"class_list":["post-1272","page","type-page","status-publish","hentry"],"post_mailing_queue_ids":[],"_links":{"self":[{"href":"https:\/\/agora.xtec.cat\/escolalallacuna\/wp-json\/wp\/v2\/pages\/1272","targetHints":{"allow":["GET"]}}],"collection":[{"href":"https:\/\/agora.xtec.cat\/escolalallacuna\/wp-json\/wp\/v2\/pages"}],"about":[{"href":"https:\/\/agora.xtec.cat\/escolalallacuna\/wp-json\/wp\/v2\/types\/page"}],"author":[{"embeddable":true,"href":"https:\/\/agora.xtec.cat\/escolalallacuna\/wp-json\/wp\/v2\/users\/1"}],"replies":[{"embeddable":true,"href":"https:\/\/agora.xtec.cat\/escolalallacuna\/wp-json\/wp\/v2\/comments?post=1272"}],"version-history":[{"count":6,"href":"https:\/\/agora.xtec.cat\/escolalallacuna\/wp-json\/wp\/v2\/pages\/1272\/revisions"}],"predecessor-version":[{"id":1344,"href":"https:\/\/agora.xtec.cat\/escolalallacuna\/wp-json\/wp\/v2\/pages\/1272\/revisions\/1344"}],"up":[{"embeddable":true,"href":"https:\/\/agora.xtec.cat\/escolalallacuna\/wp-json\/wp\/v2\/pages\/796"}],"wp:attachment":[{"href":"https:\/\/agora.xtec.cat\/escolalallacuna\/wp-json\/wp\/v2\/media?parent=1272"}],"curies":[{"name":"wp","href":"https:\/\/api.w.org\/{rel}","templated":true}]}}