{"id":1257,"date":"2025-02-06T15:48:03","date_gmt":"2025-02-06T14:48:03","guid":{"rendered":"https:\/\/agora.xtec.cat\/escolalallacuna\/?page_id=1257"},"modified":"2025-02-10T21:48:11","modified_gmt":"2025-02-10T20:48:11","slug":"associacio-de-families-afa","status":"publish","type":"page","link":"https:\/\/agora.xtec.cat\/escolalallacuna\/afa-associacio-de-families-de-lalumnat\/associacio-de-families-afa\/","title":{"rendered":"Associaci\u00f3 de fam\u00edlies (AFA)"},"content":{"rendered":"\n<p>L\u2019AFA \u00e9s un espai on totes les fam\u00edlies troben una manera de participar directament en l\u2019organitzaci\u00f3 d\u2019alguns aspectes de l\u2019escola. Com qualsevol altra associaci\u00f3, l\u2019AFA s\u2019estructura en una junta directiva, que es tria a l\u2019assemblea general de tots els socis i s\u00f2cies, i en diverses <strong>comissions de treball<\/strong> que duen a terme diferents tasques i fan propostes en diferents \u00e0mbits.<\/p>\n\n\n\n<p>Tot i que l\u2019AFA t\u00e9 una funci\u00f3 molt important i treballa en coordinaci\u00f3 amb l\u2019escola i en l\u00ednia amb el seu projecte pedag\u00f2gic, \u00e9s important diferenciar les iniciatives que sorgeixen d\u2019una o altra, ja que aix\u00f2 facilita la comunicaci\u00f3 entre totes nosaltres.<\/p>\n\n\n\n<p>Actualment, l\u2019AFA consta de 13 comissions o grups de treball: Biblioteca, Comunicaci\u00f3, Escola inclusiva, Extraescolars, Festes, Festa de les cultures, Colla gegantera, Instituts, Espai de migdia, Sostenibilitat i medi ambient, Mobilitat, Educaci\u00f3 feminista i No viol\u00e8ncies.<\/p>\n\n\n\n<p>Tot i que la seva feina va m\u00e9s enll\u00e0, una de les responsabilitats m\u00e9s visibles de l\u2019AFA \u00e9s la gesti\u00f3 de les <strong>activitats extraescolars<\/strong>.<\/p>\n\n\n\n<p>Podeu trobar tota la informaci\u00f3 fent clic a la imatge o accedint a: <a href=\"https:\/\/afalallacuna.cat\/\">Inici \u2022 AFA Escola la Llacuna del Poblenou<\/a><\/p>\n\n\n\n<figure class=\"wp-block-image aligncenter size-large\"><a href=\"https:\/\/afalallacuna.cat\/\"><img loading=\"lazy\" decoding=\"async\" width=\"1024\" height=\"483\" src=\"https:\/\/agora.xtec.cat\/escolalallacuna\/wp-content\/uploads\/usu2352\/2024\/10\/AFA-1024x483.jpg\" alt=\"\" class=\"wp-image-749\" srcset=\"https:\/\/agora.xtec.cat\/escolalallacuna\/wp-content\/uploads\/usu2352\/2024\/10\/AFA-1024x483.jpg 1024w, https:\/\/agora.xtec.cat\/escolalallacuna\/wp-content\/uploads\/usu2352\/2024\/10\/AFA-300x141.jpg 300w, https:\/\/agora.xtec.cat\/escolalallacuna\/wp-content\/uploads\/usu2352\/2024\/10\/AFA-768x362.jpg 768w, https:\/\/agora.xtec.cat\/escolalallacuna\/wp-content\/uploads\/usu2352\/2024\/10\/AFA-1536x724.jpg 1536w, https:\/\/agora.xtec.cat\/escolalallacuna\/wp-content\/uploads\/usu2352\/2024\/10\/AFA.jpg 1859w\" sizes=\"auto, (max-width: 1024px) 100vw, 1024px\" \/><\/a><\/figure>\n","protected":false},"excerpt":{"rendered":"<p>L\u2019AFA \u00e9s un espai on totes les fam\u00edlies troben una manera de participar directament en l\u2019organitzaci\u00f3 d\u2019alguns aspectes de l\u2019escola. Com qualsevol altra associaci\u00f3, l\u2019AFA s\u2019estructura en una junta directiva, que es tria a l\u2019assemblea general de tots els socis i s\u00f2cies, i en diverses comissions de treball que duen a terme diferents tasques i [&hellip;]<\/p>\n","protected":false},"author":1,"featured_media":0,"parent":748,"menu_order":2,"comment_status":"closed","ping_status":"close","template":"","meta":{"_bbp_topic_count":0,"_bbp_reply_count":0,"_bbp_total_topic_count":0,"_bbp_total_reply_count":0,"_bbp_voice_count":0,"_bbp_anonymous_reply_count":0,"_bbp_topic_count_hidden":0,"_bbp_reply_count_hidden":0,"_bbp_forum_subforum_count":0,"site-sidebar-layout":"default","site-content-layout":"","ast-site-content-layout":"default","site-content-style":"default","site-sidebar-style":"default","ast-global-header-display":"","ast-banner-title-visibility":"","ast-main-header-display":"","ast-hfb-above-header-display":"","ast-hfb-below-header-display":"","ast-hfb-mobile-header-display":"","site-post-title":"","ast-breadcrumbs-content":"","ast-featured-img":"","footer-sml-layout":"","theme-transparent-header-meta":"","adv-header-id-meta":"","stick-header-meta":"","header-above-stick-meta":"","header-main-stick-meta":"","header-below-stick-meta":"","astra-migrate-meta-layouts":"set","ast-page-background-enabled":"default","ast-page-background-meta":{"desktop":{"background-color":"var(--ast-global-color-4)","background-image":"","background-repeat":"repeat","background-position":"center center","background-size":"auto","background-attachment":"scroll","background-type":"","background-media":"","overlay-type":"","overlay-color":"","overlay-opacity":"","overlay-gradient":""},"tablet":{"background-color":"","background-image":"","background-repeat":"repeat","background-position":"center center","background-size":"auto","background-attachment":"scroll","background-type":"","background-media":"","overlay-type":"","overlay-color":"","overlay-opacity":"","overlay-gradient":""},"mobile":{"background-color":"","background-image":"","background-repeat":"repeat","background-position":"center center","background-size":"auto","background-attachment":"scroll","background-type":"","background-media":"","overlay-type":"","overlay-color":"","overlay-opacity":"","overlay-gradient":""}},"ast-content-background-meta":{"desktop":{"background-color":"var(--ast-global-color-5)","background-image":"","background-repeat":"repeat","background-position":"center center","background-size":"auto","background-attachment":"scroll","background-type":"","background-media":"","overlay-type":"","overlay-color":"","overlay-opacity":"","overlay-gradient":""},"tablet":{"background-color":"var(--ast-global-color-5)","background-image":"","background-repeat":"repeat","background-position":"center center","background-size":"auto","background-attachment":"scroll","background-type":"","background-media":"","overlay-type":"","overlay-color":"","overlay-opacity":"","overlay-gradient":""},"mobile":{"background-color":"var(--ast-global-color-5)","background-image":"","background-repeat":"repeat","background-position":"center center","background-size":"auto","background-attachment":"scroll","background-type":"","background-media":"","overlay-type":"","overlay-color":"","overlay-opacity":"","overlay-gradient":""}},"footnotes":""},"class_list":["post-1257","page","type-page","status-publish","hentry"],"post_mailing_queue_ids":[],"_links":{"self":[{"href":"https:\/\/agora.xtec.cat\/escolalallacuna\/wp-json\/wp\/v2\/pages\/1257","targetHints":{"allow":["GET"]}}],"collection":[{"href":"https:\/\/agora.xtec.cat\/escolalallacuna\/wp-json\/wp\/v2\/pages"}],"about":[{"href":"https:\/\/agora.xtec.cat\/escolalallacuna\/wp-json\/wp\/v2\/types\/page"}],"author":[{"embeddable":true,"href":"https:\/\/agora.xtec.cat\/escolalallacuna\/wp-json\/wp\/v2\/users\/1"}],"replies":[{"embeddable":true,"href":"https:\/\/agora.xtec.cat\/escolalallacuna\/wp-json\/wp\/v2\/comments?post=1257"}],"version-history":[{"count":4,"href":"https:\/\/agora.xtec.cat\/escolalallacuna\/wp-json\/wp\/v2\/pages\/1257\/revisions"}],"predecessor-version":[{"id":1329,"href":"https:\/\/agora.xtec.cat\/escolalallacuna\/wp-json\/wp\/v2\/pages\/1257\/revisions\/1329"}],"up":[{"embeddable":true,"href":"https:\/\/agora.xtec.cat\/escolalallacuna\/wp-json\/wp\/v2\/pages\/748"}],"wp:attachment":[{"href":"https:\/\/agora.xtec.cat\/escolalallacuna\/wp-json\/wp\/v2\/media?parent=1257"}],"curies":[{"name":"wp","href":"https:\/\/api.w.org\/{rel}","templated":true}]}}