{"id":1255,"date":"2025-02-06T15:43:04","date_gmt":"2025-02-06T14:43:04","guid":{"rendered":"https:\/\/agora.xtec.cat\/escolalallacuna\/?page_id=1255"},"modified":"2025-02-06T15:43:04","modified_gmt":"2025-02-06T14:43:04","slug":"les-families","status":"publish","type":"page","link":"https:\/\/agora.xtec.cat\/escolalallacuna\/afa-associacio-de-families-de-lalumnat\/les-families\/","title":{"rendered":"Les Fam\u00edlies"},"content":{"rendered":"\n<p>L\u2019escola ha de ser un espai obert a les fam\u00edlies. S\u00f3n molts els moments en qu\u00e8 ens heu ajudat a fer realitat l\u2019escola que volem: venint a pintar les parets de dins i de fora, ajudant a muntar mobles o duent a terme activitats que porten La Llacuna m\u00e9s enll\u00e0 del centre com fer ballar les nostres b\u00e8sties a les festes populars. Us estem molt agra\u00efts per la vostra dedicaci\u00f3.<\/p>\n\n\n\n<p>Per\u00f2 sobretot ens agrada que compartiu <strong>la vostra experi\u00e8ncia i coneixements<\/strong>&nbsp;amb nosaltres dins l\u2019horari escolar de diferents maneres: fent una petita exposici\u00f3 sobre un tema que domineu, ensenyant-nos a cuinar una recepta que us surt deliciosa, ajudant-nos a cosir, participant i col\u00b7laborant en algun projecte d&#8217;aula, etc.<\/p>\n\n\n\n<p>Si hi esteu interessats, estem oberts a qualsevol proposta. Mestres i infants estarem encantats de rebre-us. Feu-nos-ho saber per correu electr\u00f2nic a l\u2019adre\u00e7a&nbsp;<a href=\"mailto:escolalallacuna@xtec.cat\">escolalallacuna@xtec.cat<\/a><\/p>\n\n\n\n<p>Us estem esperant!<\/p>\n","protected":false},"excerpt":{"rendered":"<p>L\u2019escola ha de ser un espai obert a les fam\u00edlies. S\u00f3n molts els moments en qu\u00e8 ens heu ajudat a fer realitat l\u2019escola que volem: venint a pintar les parets de dins i de fora, ajudant a muntar mobles o duent a terme activitats que porten La Llacuna m\u00e9s enll\u00e0 del centre com fer ballar [&hellip;]<\/p>\n","protected":false},"author":1,"featured_media":0,"parent":748,"menu_order":1,"comment_status":"closed","ping_status":"close","template":"","meta":{"_bbp_topic_count":0,"_bbp_reply_count":0,"_bbp_total_topic_count":0,"_bbp_total_reply_count":0,"_bbp_voice_count":0,"_bbp_anonymous_reply_count":0,"_bbp_topic_count_hidden":0,"_bbp_reply_count_hidden":0,"_bbp_forum_subforum_count":0,"site-sidebar-layout":"default","site-content-layout":"","ast-site-content-layout":"default","site-content-style":"default","site-sidebar-style":"default","ast-global-header-display":"","ast-banner-title-visibility":"","ast-main-header-display":"","ast-hfb-above-header-display":"","ast-hfb-below-header-display":"","ast-hfb-mobile-header-display":"","site-post-title":"","ast-breadcrumbs-content":"","ast-featured-img":"","footer-sml-layout":"","theme-transparent-header-meta":"","adv-header-id-meta":"","stick-header-meta":"","header-above-stick-meta":"","header-main-stick-meta":"","header-below-stick-meta":"","astra-migrate-meta-layouts":"set","ast-page-background-enabled":"default","ast-page-background-meta":{"desktop":{"background-color":"var(--ast-global-color-4)","background-image":"","background-repeat":"repeat","background-position":"center center","background-size":"auto","background-attachment":"scroll","background-type":"","background-media":"","overlay-type":"","overlay-color":"","overlay-opacity":"","overlay-gradient":""},"tablet":{"background-color":"","background-image":"","background-repeat":"repeat","background-position":"center center","background-size":"auto","background-attachment":"scroll","background-type":"","background-media":"","overlay-type":"","overlay-color":"","overlay-opacity":"","overlay-gradient":""},"mobile":{"background-color":"","background-image":"","background-repeat":"repeat","background-position":"center center","background-size":"auto","background-attachment":"scroll","background-type":"","background-media":"","overlay-type":"","overlay-color":"","overlay-opacity":"","overlay-gradient":""}},"ast-content-background-meta":{"desktop":{"background-color":"var(--ast-global-color-5)","background-image":"","background-repeat":"repeat","background-position":"center center","background-size":"auto","background-attachment":"scroll","background-type":"","background-media":"","overlay-type":"","overlay-color":"","overlay-opacity":"","overlay-gradient":""},"tablet":{"background-color":"var(--ast-global-color-5)","background-image":"","background-repeat":"repeat","background-position":"center center","background-size":"auto","background-attachment":"scroll","background-type":"","background-media":"","overlay-type":"","overlay-color":"","overlay-opacity":"","overlay-gradient":""},"mobile":{"background-color":"var(--ast-global-color-5)","background-image":"","background-repeat":"repeat","background-position":"center center","background-size":"auto","background-attachment":"scroll","background-type":"","background-media":"","overlay-type":"","overlay-color":"","overlay-opacity":"","overlay-gradient":""}},"footnotes":""},"class_list":["post-1255","page","type-page","status-publish","hentry"],"post_mailing_queue_ids":[],"_links":{"self":[{"href":"https:\/\/agora.xtec.cat\/escolalallacuna\/wp-json\/wp\/v2\/pages\/1255","targetHints":{"allow":["GET"]}}],"collection":[{"href":"https:\/\/agora.xtec.cat\/escolalallacuna\/wp-json\/wp\/v2\/pages"}],"about":[{"href":"https:\/\/agora.xtec.cat\/escolalallacuna\/wp-json\/wp\/v2\/types\/page"}],"author":[{"embeddable":true,"href":"https:\/\/agora.xtec.cat\/escolalallacuna\/wp-json\/wp\/v2\/users\/1"}],"replies":[{"embeddable":true,"href":"https:\/\/agora.xtec.cat\/escolalallacuna\/wp-json\/wp\/v2\/comments?post=1255"}],"version-history":[{"count":1,"href":"https:\/\/agora.xtec.cat\/escolalallacuna\/wp-json\/wp\/v2\/pages\/1255\/revisions"}],"predecessor-version":[{"id":1256,"href":"https:\/\/agora.xtec.cat\/escolalallacuna\/wp-json\/wp\/v2\/pages\/1255\/revisions\/1256"}],"up":[{"embeddable":true,"href":"https:\/\/agora.xtec.cat\/escolalallacuna\/wp-json\/wp\/v2\/pages\/748"}],"wp:attachment":[{"href":"https:\/\/agora.xtec.cat\/escolalallacuna\/wp-json\/wp\/v2\/media?parent=1255"}],"curies":[{"name":"wp","href":"https:\/\/api.w.org\/{rel}","templated":true}]}}