{"id":77,"date":"2014-09-18T14:05:08","date_gmt":"2014-09-18T13:05:08","guid":{"rendered":"http:\/\/agora.xtec.cat\/escolalaguardia\/?page_id=77"},"modified":"2019-02-04T14:53:06","modified_gmt":"2019-02-04T13:53:06","slug":"acollida","status":"publish","type":"page","link":"https:\/\/agora.xtec.cat\/escolalaguardia\/serveis\/acollida\/","title":{"rendered":"Acollida"},"content":{"rendered":"<p>L&#8217;acollida matinal \u00e9s un servei que l&#8217;escola ofereix a les fam\u00edlies que tenen dificultats per poder deixar els\/les seus\/ves fills\/es a l&#8217;hora d&#8217;entrada al centre (les 9 del mat\u00ed).<\/p>\n<p>L&#8217;hora d&#8217;inici de l&#8217;activitat no \u00e9s fixa, tot i que la majoria dels alumnes comencen a les 8 del mat\u00ed. En casos excepcionals, l&#8217;hora d&#8217;inici es pot avan\u00e7ar amb un acord previ entre la fam\u00edlia i la monitora encarregada de l&#8217;acollida.<\/p>\n<p>En aquesta estona els\/les nens\/es poden portar i prendre l&#8217;esmorzar si la fam\u00edlia ho comunica a la monitora.<\/p>\n<p>La informaci\u00f3 sobre els preus us la poden oferir a l&#8217;AMPA de l&#8217;escola: <a href=\"mailto:ampalaguardia@hotmail.com\">ampalaguardia@hotmail.com<\/a>.<\/p>\n","protected":false},"excerpt":{"rendered":"<p>L&#8217;acollida matinal \u00e9s un servei que l&#8217;escola ofereix a les fam\u00edlies que tenen dificultats per poder deixar els\/les seus\/ves fills\/es a l&#8217;hora d&#8217;entrada al centre (les 9 del mat\u00ed).<br \/>\nL&#8217;hora d&#8217;inici de l&#8217;activitat no \u00e9s fixa, tot i que la majoria dels alumnes comencen a les&hellip;  <a href=\"https:\/\/agora.xtec.cat\/escolalaguardia\/serveis\/acollida\/\" title=\"Read Acollida\">Llegeix m\u00e9s\u00bb<\/a><\/p>\n","protected":false},"author":1,"featured_media":0,"parent":66,"menu_order":20,"comment_status":"closed","ping_status":"closed","template":"page-templates\/side-menu.php","meta":{"_bbp_topic_count":0,"_bbp_reply_count":0,"_bbp_total_topic_count":0,"_bbp_total_reply_count":0,"_bbp_voice_count":0,"_bbp_anonymous_reply_count":0,"_bbp_topic_count_hidden":0,"_bbp_reply_count_hidden":0,"_bbp_forum_subforum_count":0,"footnotes":""},"class_list":["post-77","page","type-page","status-publish","hentry"],"post_mailing_queue_ids":[],"_links":{"self":[{"href":"https:\/\/agora.xtec.cat\/escolalaguardia\/wp-json\/wp\/v2\/pages\/77","targetHints":{"allow":["GET"]}}],"collection":[{"href":"https:\/\/agora.xtec.cat\/escolalaguardia\/wp-json\/wp\/v2\/pages"}],"about":[{"href":"https:\/\/agora.xtec.cat\/escolalaguardia\/wp-json\/wp\/v2\/types\/page"}],"author":[{"embeddable":true,"href":"https:\/\/agora.xtec.cat\/escolalaguardia\/wp-json\/wp\/v2\/users\/1"}],"replies":[{"embeddable":true,"href":"https:\/\/agora.xtec.cat\/escolalaguardia\/wp-json\/wp\/v2\/comments?post=77"}],"version-history":[{"count":2,"href":"https:\/\/agora.xtec.cat\/escolalaguardia\/wp-json\/wp\/v2\/pages\/77\/revisions"}],"predecessor-version":[{"id":15817,"href":"https:\/\/agora.xtec.cat\/escolalaguardia\/wp-json\/wp\/v2\/pages\/77\/revisions\/15817"}],"up":[{"embeddable":true,"href":"https:\/\/agora.xtec.cat\/escolalaguardia\/wp-json\/wp\/v2\/pages\/66"}],"wp:attachment":[{"href":"https:\/\/agora.xtec.cat\/escolalaguardia\/wp-json\/wp\/v2\/media?parent=77"}],"curies":[{"name":"wp","href":"https:\/\/api.w.org\/{rel}","templated":true}]}}