{"id":64,"date":"2014-09-18T12:39:08","date_gmt":"2014-09-18T11:39:08","guid":{"rendered":"http:\/\/agora.xtec.cat\/escolalaguardia\/?page_id=64"},"modified":"2019-12-04T13:10:46","modified_gmt":"2019-12-04T12:10:46","slug":"projecte-educatiu","status":"publish","type":"page","link":"https:\/\/agora.xtec.cat\/escolalaguardia\/projecte-educatiu\/","title":{"rendered":"Projecte educatiu"},"content":{"rendered":"<p>D&#8217;acord amb la <a title=\"Article 91 LEC\" href=\"http:\/\/www20.gencat.cat\/portal\/site\/portaljuridic\/menuitem.d15a4e5dfb99396dc366ec10b0c0e1a0\/?vgnextoid=b85297b5a87d6210VgnVCM1000000b0c1e0aRCRD&amp;vgnextchannel=b85297b5a87d6210VgnVCM1000000b0c1e0aRCRD&amp;vgnextfmt=default&amp;action=fitxa&amp;portalId=1&amp;documentId=480169&amp;newLang=ca_ES#fragment-1182442\" target=\"_blank\" rel=\"noopener noreferrer\">Llei d&#8217;Educaci\u00f3 de Catalunya<\/a>, (article 91) t<span style=\"font-family: inherit; font-size: 1em;\">ots els centres vinculats al Servei d&#8217;Educaci\u00f3 de Catalunya han de disposar de projecte educatiu. En el marc de l&#8217;ordenament jur\u00eddic, el projecte educatiu, que \u00e9s la m\u00e0xima expressi\u00f3 de l&#8217;autonomia dels centres educatius, recull la identitat del centre, n&#8217;explicita els objectius, n&#8217;orienta l&#8217;activitat i hi d\u00f3na sentit amb la finalitat que els alumnes assoleixin les compet\u00e8ncies b\u00e0siques i el m\u00e0xim aprofitament educatiu. El projecte educatiu incorpora el car\u00e0cter propi del centre.<\/span><\/p>\n<div class=\"fitxaFragment\">\n<p align=\"JUSTIFY\">El projecte educatiu contribueix a impulsar la col\u00b7laboraci\u00f3 entre els diversos sectors de la comunitat educativa i la relaci\u00f3 del centre amb l&#8217;entorn social, i ha de tenir en compte, si n&#8217;hi ha, els projectes educatius territorials.<\/p>\n<p align=\"JUSTIFY\">Per a definir el projecte educatiu s&#8217;han de valorar les caracter\u00edstiques socials i culturals del context escolar i les necessitats educatives dels alumnes.<\/p>\n<p align=\"JUSTIFY\">El projecte educatiu ha de contenir, com a m\u00ednim, els elements seg\u00fcents:<\/p>\n<p align=\"JUSTIFY\">a) L&#8217;aplicaci\u00f3 dels criteris d&#8217;organitzaci\u00f3 pedag\u00f2gica, les prioritats i els plantejaments educatius, els procediments d&#8217;inclusi\u00f3 i altres actuacions que caracteritzen el centre.<\/p>\n<p align=\"JUSTIFY\">b) Els indicadors de progr\u00e9s pertinents.<\/p>\n<p align=\"JUSTIFY\">c) La concreci\u00f3 i el desenvolupament dels curr\u00edculums.<\/p>\n<p align=\"JUSTIFY\">d) Els criteris que defineixen l&#8217;estructura organitzativa pr\u00f2pia.<\/p>\n<p align=\"JUSTIFY\">e) El projecte ling\u00fc\u00edstic, d&#8217;acord amb les determinacions del t\u00edtol II, que es concreta a partir de la realitat socioling\u00fc\u00edstica de l&#8217;entorn.<\/p>\n<p align=\"JUSTIFY\">f) El car\u00e0cter propi del centre, si n&#8217;hi ha.<\/p>\n<\/div>\n<p align=\"JUSTIFY\"><a href=\"https:\/\/agora.xtec.cat\/escolalaguardia\/wp-content\/uploads\/usu1636\/2019\/12\/PEC-Escola-La-Gu\u00e0rdia.pdf\">Enlla\u00e7 al Projecte Educatiu de l&#8217;escola<\/a><\/p>\n","protected":false},"excerpt":{"rendered":"<p>D&#8217;acord amb la <a title=\"Article 91 LEC\" href=\"http:\/\/www20.gencat.cat\/portal\/site\/portaljuridic\/menuitem.d15a4e5dfb99396dc366ec10b0c0e1a0\/?vgnextoid=b85297b5a87d6210VgnVCM1000000b0c1e0aRCRD&amp;vgnextchannel=b85297b5a87d6210VgnVCM1000000b0c1e0aRCRD&amp;vgnextfmt=default&amp;action=fitxa&amp;portalId=1&amp;documentId=480169&amp;newLang=ca_ES#fragment-1182442\" target=\"_blank\" rel=\"noopener noreferrer\">Llei d&#8217;Educaci\u00f3 de Catalunya<\/a>, (article 91) tots els centres vinculats al Servei d&#8217;Educaci\u00f3 de Catalunya han de disposar de projecte educatiu. En el marc de l&#8217;ordenament jur\u00eddic, el projecte educatiu, que \u00e9s la m\u00e0xima expressi\u00f3&hellip;  <a href=\"https:\/\/agora.xtec.cat\/escolalaguardia\/projecte-educatiu\/\" title=\"Read Projecte educatiu\">Llegeix m\u00e9s\u00bb<\/a><\/p>\n","protected":false},"author":1,"featured_media":0,"parent":0,"menu_order":0,"comment_status":"closed","ping_status":"closed","template":"page-templates\/side-menu.php","meta":{"_bbp_topic_count":0,"_bbp_reply_count":0,"_bbp_total_topic_count":0,"_bbp_total_reply_count":0,"_bbp_voice_count":0,"_bbp_anonymous_reply_count":0,"_bbp_topic_count_hidden":0,"_bbp_reply_count_hidden":0,"_bbp_forum_subforum_count":0,"footnotes":""},"class_list":["post-64","page","type-page","status-publish","hentry"],"post_mailing_queue_ids":[],"_links":{"self":[{"href":"https:\/\/agora.xtec.cat\/escolalaguardia\/wp-json\/wp\/v2\/pages\/64","targetHints":{"allow":["GET"]}}],"collection":[{"href":"https:\/\/agora.xtec.cat\/escolalaguardia\/wp-json\/wp\/v2\/pages"}],"about":[{"href":"https:\/\/agora.xtec.cat\/escolalaguardia\/wp-json\/wp\/v2\/types\/page"}],"author":[{"embeddable":true,"href":"https:\/\/agora.xtec.cat\/escolalaguardia\/wp-json\/wp\/v2\/users\/1"}],"replies":[{"embeddable":true,"href":"https:\/\/agora.xtec.cat\/escolalaguardia\/wp-json\/wp\/v2\/comments?post=64"}],"version-history":[{"count":4,"href":"https:\/\/agora.xtec.cat\/escolalaguardia\/wp-json\/wp\/v2\/pages\/64\/revisions"}],"predecessor-version":[{"id":17692,"href":"https:\/\/agora.xtec.cat\/escolalaguardia\/wp-json\/wp\/v2\/pages\/64\/revisions\/17692"}],"wp:attachment":[{"href":"https:\/\/agora.xtec.cat\/escolalaguardia\/wp-json\/wp\/v2\/media?parent=64"}],"curies":[{"name":"wp","href":"https:\/\/api.w.org\/{rel}","templated":true}]}}