{"id":26,"date":"2014-09-18T12:24:32","date_gmt":"2014-09-18T11:24:32","guid":{"rendered":"http:\/\/agora.xtec.cat\/escolalaguardia\/?page_id=26"},"modified":"2019-01-31T10:33:21","modified_gmt":"2019-01-31T09:33:21","slug":"historia","status":"publish","type":"page","link":"https:\/\/agora.xtec.cat\/escolalaguardia\/lescola\/historia\/","title":{"rendered":"Hist\u00f2ria"},"content":{"rendered":"<p>Fem una mica de mem\u00f2ria&#8230;<\/p>\n<p>Fa anys i panys l&#8217;escola LA GU\u00c0RDIA estava ubicada en els antics locals de l&#8217;escola salesiana, al centre del poble i molt a prop de l&#8217;Ajuntament.<\/p>\n<p>L&#8217;Associaci\u00f3 de ve\u00efns del barri de la Gu\u00e0rdia reclamava la construcci\u00f3 d&#8217;un nou edifici per l&#8217;escola, ubicat en el mateix barri, ja qu\u00e8 la poblaci\u00f3 anava creixent a molta velocitat i la dist\u00e0ncia que havien de fer molts alumnes fins arribar al \u201ccol\u00b7le\u201d era gran. Diuen els que van viure aquella \u00e8poca que les negociacions van ser complicades i llargues, per\u00f2 a la fi el Departament d&#8217;Ensenyament i l&#8217;Ajuntament de Sant Vicen\u00e7 dels Horts es van posar d&#8217;acord en el lloc d&#8217;ubicaci\u00f3 i en la construcci\u00f3 de la nova escola.<\/p>\n<p>L&#8217;any 1988, a l&#8217;octubre, s&#8217;obren les portes de la nova escola.<\/p>\n<p>L&#8217;escola \u00e9s va convertir en diversa i plural, amb una gran riquesa cultural pr\u00f2pia de la conviv\u00e8ncia de diferents cultures tant del nostre pa\u00eds com dels que estan m\u00e9s enll\u00e0 de les nostres fronteres.<\/p>\n<p>Al llarg d&#8217;aquests anys, molts han estat els canvis experimentats per l&#8217;escola, a nivell estructural i hum\u00e0. A nivell estructural s&#8217;han millorat molts aspectes interns i externs del centre. L&#8217;escola no comptava amb una biblioteca, on els alumnes aprengu\u00e9ssim a estimar i valorar els llibres, i l&#8217;any 1995, els professors, els pares i l&#8217;Ajuntament, tots plegats, van fer un esfor\u00e7 i van poder inaugurar la Biblioteca del CEIP La Gu\u00e0rdia. La biblioteca es va convertir en una biblioteca oberta al barri.<\/p>\n<p>Un altre canvi important va ser la introducci\u00f3 de les noves tecnologies al centre. Alguns professors amb el recolzament de l&#8217;AMPA, tenien molt clar que el futur de l&#8217;ensenyament no passaria per alt el servei que les noves tecnologies farien a les escoles, per aix\u00f2 no vam ser gasius en dedicar hores i recursos econ\u00f2mics per poder aconseguir una aula d&#8217;inform\u00e0tica pels nostres alumnes.<\/p>\n<p>L&#8217;any 1997 es va habilitar una aula i es van comprar els primers ordinadors, fins que van arribar les dotacions del Departament d&#8217;Ensenyament.<\/p>\n<p>A nivell hum\u00e0 els que encara estem aqu\u00ed hem vist com cada any han marxat alumnes, pares i mestres. Cadascun d&#8217;ells ha deixat una petjada a l&#8217;escola i en el nostre cor.<\/p>\n<p><img decoding=\"async\" src=\"https:\/\/agora.xtec.cat\/escolalaguardia\/wp-content\/uploads\/usu1636\/2019\/01\/historia1.jpg\" \/> <img decoding=\"async\" src=\"https:\/\/agora.xtec.cat\/escolalaguardia\/wp-content\/uploads\/usu1636\/2019\/01\/historia2.jpg\" \/><\/p>\n","protected":false},"excerpt":{"rendered":"<p>Fem una mica de mem\u00f2ria&#8230;<br \/>\nFa anys i panys l&#8217;escola LA GU\u00c0RDIA estava ubicada en els antics locals de l&#8217;escola salesiana, al centre del poble i molt a prop de l&#8217;Ajuntament.<br \/>\nL&#8217;Associaci\u00f3 de ve\u00efns del barri de la Gu\u00e0rdia reclamava la construcci\u00f3 d&#8217;un nou edifici per l&#8217;escola,&hellip;  <a href=\"https:\/\/agora.xtec.cat\/escolalaguardia\/lescola\/historia\/\" title=\"Read Hist\u00f2ria\">Llegeix m\u00e9s\u00bb<\/a><\/p>\n","protected":false},"author":1,"featured_media":0,"parent":22,"menu_order":20,"comment_status":"closed","ping_status":"closed","template":"page-templates\/side-menu.php","meta":{"_bbp_topic_count":0,"_bbp_reply_count":0,"_bbp_total_topic_count":0,"_bbp_total_reply_count":0,"_bbp_voice_count":0,"_bbp_anonymous_reply_count":0,"_bbp_topic_count_hidden":0,"_bbp_reply_count_hidden":0,"_bbp_forum_subforum_count":0,"footnotes":""},"class_list":["post-26","page","type-page","status-publish","hentry"],"post_mailing_queue_ids":[],"_links":{"self":[{"href":"https:\/\/agora.xtec.cat\/escolalaguardia\/wp-json\/wp\/v2\/pages\/26","targetHints":{"allow":["GET"]}}],"collection":[{"href":"https:\/\/agora.xtec.cat\/escolalaguardia\/wp-json\/wp\/v2\/pages"}],"about":[{"href":"https:\/\/agora.xtec.cat\/escolalaguardia\/wp-json\/wp\/v2\/types\/page"}],"author":[{"embeddable":true,"href":"https:\/\/agora.xtec.cat\/escolalaguardia\/wp-json\/wp\/v2\/users\/1"}],"replies":[{"embeddable":true,"href":"https:\/\/agora.xtec.cat\/escolalaguardia\/wp-json\/wp\/v2\/comments?post=26"}],"version-history":[{"count":4,"href":"https:\/\/agora.xtec.cat\/escolalaguardia\/wp-json\/wp\/v2\/pages\/26\/revisions"}],"predecessor-version":[{"id":15638,"href":"https:\/\/agora.xtec.cat\/escolalaguardia\/wp-json\/wp\/v2\/pages\/26\/revisions\/15638"}],"up":[{"embeddable":true,"href":"https:\/\/agora.xtec.cat\/escolalaguardia\/wp-json\/wp\/v2\/pages\/22"}],"wp:attachment":[{"href":"https:\/\/agora.xtec.cat\/escolalaguardia\/wp-json\/wp\/v2\/media?parent=26"}],"curies":[{"name":"wp","href":"https:\/\/api.w.org\/{rel}","templated":true}]}}