{"id":20458,"date":"2021-03-10T09:50:16","date_gmt":"2021-03-10T08:50:16","guid":{"rendered":"https:\/\/agora.xtec.cat\/escolalaguardia\/?page_id=20458"},"modified":"2026-03-03T10:36:34","modified_gmt":"2026-03-03T09:36:34","slug":"preinscripcio-22_23","status":"publish","type":"page","link":"https:\/\/agora.xtec.cat\/escolalaguardia\/preinscripcio-22_23\/","title":{"rendered":"Preinscripci\u00f3 2026-2027"},"content":{"rendered":"<p><strong>INFORMACI\u00d3 SOBRE LA PREINSCRIPCI\u00d3 I MATR\u00cdCULA PER AL CURS 2026-2027<a id=\"index\"><\/a><\/strong><\/p>\n<p><a href=\"https:\/\/preinscripcio.gencat.cat\/ca\/inici\/\">Web de la preinscripci\u00f3\u00a0 del Departament d\u2019Educaci\u00f3\u00a0<\/a><\/p>\n<p><a href=\"#calendari\">Calendari<\/a><\/p>\n<h5>Calendari<a id=\"calendari\"><\/a> \u00a0<a href=\"#index\">(Torna a l&#8217;\u00edndex)<\/a><\/h5>\n<table>\n<tbody>\n<tr>\n<td><a href=\"https:\/\/agora.xtec.cat\/escolalaguardia\/wp-content\/uploads\/usu1636\/2026\/03\/Oferta-de-places_26_27.pdf\">Publicaci\u00f3 de l&#8217;oferta inicial (places per nivell)<\/a><\/td>\n<td>3 de mar\u00e7<\/td>\n<\/tr>\n<tr>\n<td><span style=\"color: #ff0000;\">Presentaci\u00f3 de sol\u00b7licituds<\/span><\/td>\n<td><span style=\"color: #ff0000;\">Del 4 al 18 de mar\u00e7<\/span><\/td>\n<\/tr>\n<tr>\n<td>Llista de sol\u00b7licituds amb puntuaci\u00f3 provisional<\/td>\n<td>15 d&#8217;abril<\/td>\n<\/tr>\n<tr>\n<td>Reclamacions a les\u00a0 llistes del barem<\/td>\n<td>Del 15 al 20 d&#8217;abril<\/td>\n<\/tr>\n<tr>\n<td>Publicaci\u00f3 llistes amb el barem \u00a0definitiu<\/td>\n<td>23 d&#8217;abril<\/td>\n<\/tr>\n<tr>\n<td>Sorteig<\/td>\n<td>28 d&#8217;abril<\/td>\n<\/tr>\n<tr>\n<td>Publicaci\u00f3 llistes ordenades definitives<\/td>\n<td>29 d&#8217;abril<\/td>\n<\/tr>\n<tr>\n<td>Publicaci\u00f3 de l&#8217;oferta final<\/td>\n<td>10 de juny<\/td>\n<\/tr>\n<tr>\n<td><span style=\"background-color: #f9f9f9;\">Publicaci\u00f3 llistes d&#8217;admesos <\/span><span style=\"background-color: #f9f9f9;\">i llista d\u2019espera<\/span><\/td>\n<td>10 de juny<\/td>\n<\/tr>\n<tr>\n<td><span style=\"background-color: #ffffff;\">Reclamacions sobre l&#8217;assignaci\u00f3<\/span><\/td>\n<td>Del 10 al 12 de juny<\/td>\n<\/tr>\n<tr>\n<td><span style=\"color: #ff0000;\">Per\u00edode de matriculaci\u00f3<\/span><\/td>\n<td><span style=\"color: #ff0000;\">Del 22 al 30 de juny<\/span><\/td>\n<\/tr>\n<\/tbody>\n<\/table>\n<p><a href=\"https:\/\/agora.xtec.cat\/escolalaguardia\/wp-content\/uploads\/usu1636\/2026\/02\/Calendari-de-preinscripcio-2026-2027.pdf\">Descarrega&#8217;t el calendari de la preinscripci\u00f3 (pdf)<\/a><\/p>\n<p>&nbsp;<\/p>\n<h1><\/h1>\n","protected":false},"excerpt":{"rendered":"<p>INFORMACI\u00d3 SOBRE LA PREINSCRIPCI\u00d3 I MATR\u00cdCULA PER AL CURS 2026-2027<a id=\"index\"><\/a><br \/>\n<a href=\"https:\/\/preinscripcio.gencat.cat\/ca\/inici\/\">Web de la preinscripci\u00f3\u00a0 del Departament d\u2019Educaci\u00f3\u00a0<\/a><br \/>\n<a href=\"#calendari\">Calendari<\/a><br \/>\nCalendari<a id=\"calendari\"><\/a> \u00a0<a href=\"#index\">(Torna a l&#8217;\u00edndex)<\/a><\/p>\n<p><a href=\"https:\/\/agora.xtec.cat\/escolalaguardia\/wp-content\/uploads\/usu1636\/2026\/03\/Oferta-de-places_26_27.pdf\">Publicaci\u00f3 de l&#8217;oferta inicial (places per nivell)<\/a><br \/>\n3 de mar\u00e7<\/p>\n<p>Presentaci\u00f3 de sol\u00b7licituds<br \/>\nDel 4 al 18 de mar\u00e7<\/p>\n<p>Llista de sol\u00b7licituds amb puntuaci\u00f3 provisional<br \/>\n15&hellip;  <a href=\"https:\/\/agora.xtec.cat\/escolalaguardia\/preinscripcio-22_23\/\" title=\"Read Preinscripci\u00f3 2026-2027\">Llegeix m\u00e9s\u00bb<\/a><\/p>\n","protected":false},"author":1,"featured_media":0,"parent":0,"menu_order":0,"comment_status":"closed","ping_status":"closed","template":"","meta":{"_bbp_topic_count":0,"_bbp_reply_count":0,"_bbp_total_topic_count":0,"_bbp_total_reply_count":0,"_bbp_voice_count":0,"_bbp_anonymous_reply_count":0,"_bbp_topic_count_hidden":0,"_bbp_reply_count_hidden":0,"_bbp_forum_subforum_count":0,"footnotes":""},"class_list":["post-20458","page","type-page","status-publish","hentry"],"post_mailing_queue_ids":[],"_links":{"self":[{"href":"https:\/\/agora.xtec.cat\/escolalaguardia\/wp-json\/wp\/v2\/pages\/20458","targetHints":{"allow":["GET"]}}],"collection":[{"href":"https:\/\/agora.xtec.cat\/escolalaguardia\/wp-json\/wp\/v2\/pages"}],"about":[{"href":"https:\/\/agora.xtec.cat\/escolalaguardia\/wp-json\/wp\/v2\/types\/page"}],"author":[{"embeddable":true,"href":"https:\/\/agora.xtec.cat\/escolalaguardia\/wp-json\/wp\/v2\/users\/1"}],"replies":[{"embeddable":true,"href":"https:\/\/agora.xtec.cat\/escolalaguardia\/wp-json\/wp\/v2\/comments?post=20458"}],"version-history":[{"count":7,"href":"https:\/\/agora.xtec.cat\/escolalaguardia\/wp-json\/wp\/v2\/pages\/20458\/revisions"}],"predecessor-version":[{"id":25846,"href":"https:\/\/agora.xtec.cat\/escolalaguardia\/wp-json\/wp\/v2\/pages\/20458\/revisions\/25846"}],"wp:attachment":[{"href":"https:\/\/agora.xtec.cat\/escolalaguardia\/wp-json\/wp\/v2\/media?parent=20458"}],"curies":[{"name":"wp","href":"https:\/\/api.w.org\/{rel}","templated":true}]}}