{"id":15811,"date":"2019-02-04T13:49:19","date_gmt":"2019-02-04T12:49:19","guid":{"rendered":"http:\/\/agora.xtec.cat\/escolalaguardia\/?page_id=15811"},"modified":"2019-02-04T13:49:29","modified_gmt":"2019-02-04T12:49:29","slug":"lhort","status":"publish","type":"page","link":"https:\/\/agora.xtec.cat\/escolalaguardia\/lescola\/instal%c2%b7lacions\/lhort\/","title":{"rendered":"L&#8217;hort"},"content":{"rendered":"<p>Aprofitant l&#8217;entorn natural que tenim a l&#8217;escola, hem iniciat les tasques d&#8217;arrenjament d&#8217;un espai de 30 m\u00b2 per destinar-lo a plantar diferents hortalisses i treballar d&#8217;una forma pr\u00e0ctica aspectes curriculars de l&#8217;\u00e0rea de Coneixement del medi, Llengua catalana, Matem\u00e0tiques. Un grup de pares del centre estan col\u00b7laborant molt activament en les feines d&#8217;arrenjament de l&#8217;espai destinat a l&#8217;hort.<\/p>\n","protected":false},"excerpt":{"rendered":"<p>Aprofitant l&#8217;entorn natural que tenim a l&#8217;escola, hem iniciat les tasques d&#8217;arrenjament d&#8217;un espai de 30 m\u00b2 per destinar-lo a plantar diferents hortalisses i treballar d&#8217;una forma pr\u00e0ctica aspectes curriculars de l&#8217;\u00e0rea de Coneixement del medi, Llengua catalana, Matem\u00e0tiques. Un grup de pares del centre&hellip;  <a href=\"https:\/\/agora.xtec.cat\/escolalaguardia\/lescola\/instal%c2%b7lacions\/lhort\/\" title=\"Read L&#8217;hort\">Llegeix m\u00e9s\u00bb<\/a><\/p>\n","protected":false},"author":2,"featured_media":0,"parent":30,"menu_order":80,"comment_status":"closed","ping_status":"closed","template":"page-templates\/side-menu.php","meta":{"_bbp_topic_count":0,"_bbp_reply_count":0,"_bbp_total_topic_count":0,"_bbp_total_reply_count":0,"_bbp_voice_count":0,"_bbp_anonymous_reply_count":0,"_bbp_topic_count_hidden":0,"_bbp_reply_count_hidden":0,"_bbp_forum_subforum_count":0,"footnotes":""},"class_list":["post-15811","page","type-page","status-publish","hentry"],"post_mailing_queue_ids":[],"_links":{"self":[{"href":"https:\/\/agora.xtec.cat\/escolalaguardia\/wp-json\/wp\/v2\/pages\/15811","targetHints":{"allow":["GET"]}}],"collection":[{"href":"https:\/\/agora.xtec.cat\/escolalaguardia\/wp-json\/wp\/v2\/pages"}],"about":[{"href":"https:\/\/agora.xtec.cat\/escolalaguardia\/wp-json\/wp\/v2\/types\/page"}],"author":[{"embeddable":true,"href":"https:\/\/agora.xtec.cat\/escolalaguardia\/wp-json\/wp\/v2\/users\/2"}],"replies":[{"embeddable":true,"href":"https:\/\/agora.xtec.cat\/escolalaguardia\/wp-json\/wp\/v2\/comments?post=15811"}],"version-history":[{"count":1,"href":"https:\/\/agora.xtec.cat\/escolalaguardia\/wp-json\/wp\/v2\/pages\/15811\/revisions"}],"predecessor-version":[{"id":15812,"href":"https:\/\/agora.xtec.cat\/escolalaguardia\/wp-json\/wp\/v2\/pages\/15811\/revisions\/15812"}],"up":[{"embeddable":true,"href":"https:\/\/agora.xtec.cat\/escolalaguardia\/wp-json\/wp\/v2\/pages\/30"}],"wp:attachment":[{"href":"https:\/\/agora.xtec.cat\/escolalaguardia\/wp-json\/wp\/v2\/media?parent=15811"}],"curies":[{"name":"wp","href":"https:\/\/api.w.org\/{rel}","templated":true}]}}