{"id":15807,"date":"2019-02-04T13:45:40","date_gmt":"2019-02-04T12:45:40","guid":{"rendered":"http:\/\/agora.xtec.cat\/escolalaguardia\/?page_id=15807"},"modified":"2019-02-04T13:45:40","modified_gmt":"2019-02-04T12:45:40","slug":"laula-dinformatica","status":"publish","type":"page","link":"https:\/\/agora.xtec.cat\/escolalaguardia\/lescola\/instal%c2%b7lacions\/laula-dinformatica\/","title":{"rendered":"L&#8217;aula d&#8217;inform\u00e0tica"},"content":{"rendered":"<p>L&#8217;aula d&#8217;informatica compta amb una dotaci\u00f3 de 19 ordinadors d&#8217;\u00faltima generaci\u00f3 i una PDI (Pissarra digital interactiva).<\/p>\n<p>Durant la setmana tots els alumnes del centre, des de P3 fins a 6\u00e8, realitzen dues sessions de treball a l&#8217;aula. Les tasques que es realitzen s\u00f3n: activitats de refor\u00e7 i estudi de temes ja tractats a l&#8217;aula ordin\u00e0ria, d&#8217;alfabetitzaci\u00f3 tecnol\u00f2gica (introducci\u00f3 a programes de dibuix, de tractament de textos, de presentacions, el bon \u00fas d&#8217;internet&#8230;) i de recerca.<\/p>\n","protected":false},"excerpt":{"rendered":"<p>L&#8217;aula d&#8217;informatica compta amb una dotaci\u00f3 de 19 ordinadors d&#8217;\u00faltima generaci\u00f3 i una PDI (Pissarra digital interactiva).<br \/>\nDurant la setmana tots els alumnes del centre, des de P3 fins a 6\u00e8, realitzen dues sessions de treball a l&#8217;aula. Les tasques que es realitzen s\u00f3n: activitats de&hellip;  <a href=\"https:\/\/agora.xtec.cat\/escolalaguardia\/lescola\/instal%c2%b7lacions\/laula-dinformatica\/\" title=\"Read L&#8217;aula d&#8217;inform\u00e0tica\">Llegeix m\u00e9s\u00bb<\/a><\/p>\n","protected":false},"author":2,"featured_media":0,"parent":30,"menu_order":60,"comment_status":"closed","ping_status":"closed","template":"page-templates\/side-menu.php","meta":{"_bbp_topic_count":0,"_bbp_reply_count":0,"_bbp_total_topic_count":0,"_bbp_total_reply_count":0,"_bbp_voice_count":0,"_bbp_anonymous_reply_count":0,"_bbp_topic_count_hidden":0,"_bbp_reply_count_hidden":0,"_bbp_forum_subforum_count":0,"footnotes":""},"class_list":["post-15807","page","type-page","status-publish","hentry"],"post_mailing_queue_ids":[],"_links":{"self":[{"href":"https:\/\/agora.xtec.cat\/escolalaguardia\/wp-json\/wp\/v2\/pages\/15807","targetHints":{"allow":["GET"]}}],"collection":[{"href":"https:\/\/agora.xtec.cat\/escolalaguardia\/wp-json\/wp\/v2\/pages"}],"about":[{"href":"https:\/\/agora.xtec.cat\/escolalaguardia\/wp-json\/wp\/v2\/types\/page"}],"author":[{"embeddable":true,"href":"https:\/\/agora.xtec.cat\/escolalaguardia\/wp-json\/wp\/v2\/users\/2"}],"replies":[{"embeddable":true,"href":"https:\/\/agora.xtec.cat\/escolalaguardia\/wp-json\/wp\/v2\/comments?post=15807"}],"version-history":[{"count":1,"href":"https:\/\/agora.xtec.cat\/escolalaguardia\/wp-json\/wp\/v2\/pages\/15807\/revisions"}],"predecessor-version":[{"id":15808,"href":"https:\/\/agora.xtec.cat\/escolalaguardia\/wp-json\/wp\/v2\/pages\/15807\/revisions\/15808"}],"up":[{"embeddable":true,"href":"https:\/\/agora.xtec.cat\/escolalaguardia\/wp-json\/wp\/v2\/pages\/30"}],"wp:attachment":[{"href":"https:\/\/agora.xtec.cat\/escolalaguardia\/wp-json\/wp\/v2\/media?parent=15807"}],"curies":[{"name":"wp","href":"https:\/\/api.w.org\/{rel}","templated":true}]}}