{"id":15805,"date":"2019-02-04T13:44:04","date_gmt":"2019-02-04T12:44:04","guid":{"rendered":"http:\/\/agora.xtec.cat\/escolalaguardia\/?page_id=15805"},"modified":"2019-02-04T13:44:04","modified_gmt":"2019-02-04T12:44:04","slug":"el-laboratori","status":"publish","type":"page","link":"https:\/\/agora.xtec.cat\/escolalaguardia\/lescola\/instal%c2%b7lacions\/el-laboratori\/","title":{"rendered":"El laboratori"},"content":{"rendered":"<p>El laboratori \u00e9s una aula de recent creaci\u00f3, on tots els alumnes de l\u2019escola experimenten, estudien i treballen l&#8217;\u00e0rea de Coneixement del medi natural i desenvolupen les seves capacitats investigadores.<\/p>\n<p>L&#8217;espai est\u00e0 dotat amb el material de laboratori i d&#8217;instrumental amb suport TIC per ajudar a l&#8217;experimentaci\u00f3 i la recollida de dades (Projecte Aula de Ci\u00e8ncies).<\/p>\n","protected":false},"excerpt":{"rendered":"<p>El laboratori \u00e9s una aula de recent creaci\u00f3, on tots els alumnes de l\u2019escola experimenten, estudien i treballen l&#8217;\u00e0rea de Coneixement del medi natural i desenvolupen les seves capacitats investigadores.<br \/>\nL&#8217;espai est\u00e0 dotat amb el material de laboratori i d&#8217;instrumental amb suport TIC per ajudar a&hellip;  <a href=\"https:\/\/agora.xtec.cat\/escolalaguardia\/lescola\/instal%c2%b7lacions\/el-laboratori\/\" title=\"Read El laboratori\">Llegeix m\u00e9s\u00bb<\/a><\/p>\n","protected":false},"author":2,"featured_media":0,"parent":30,"menu_order":50,"comment_status":"closed","ping_status":"closed","template":"page-templates\/side-menu.php","meta":{"_bbp_topic_count":0,"_bbp_reply_count":0,"_bbp_total_topic_count":0,"_bbp_total_reply_count":0,"_bbp_voice_count":0,"_bbp_anonymous_reply_count":0,"_bbp_topic_count_hidden":0,"_bbp_reply_count_hidden":0,"_bbp_forum_subforum_count":0,"footnotes":""},"class_list":["post-15805","page","type-page","status-publish","hentry"],"post_mailing_queue_ids":[],"_links":{"self":[{"href":"https:\/\/agora.xtec.cat\/escolalaguardia\/wp-json\/wp\/v2\/pages\/15805","targetHints":{"allow":["GET"]}}],"collection":[{"href":"https:\/\/agora.xtec.cat\/escolalaguardia\/wp-json\/wp\/v2\/pages"}],"about":[{"href":"https:\/\/agora.xtec.cat\/escolalaguardia\/wp-json\/wp\/v2\/types\/page"}],"author":[{"embeddable":true,"href":"https:\/\/agora.xtec.cat\/escolalaguardia\/wp-json\/wp\/v2\/users\/2"}],"replies":[{"embeddable":true,"href":"https:\/\/agora.xtec.cat\/escolalaguardia\/wp-json\/wp\/v2\/comments?post=15805"}],"version-history":[{"count":1,"href":"https:\/\/agora.xtec.cat\/escolalaguardia\/wp-json\/wp\/v2\/pages\/15805\/revisions"}],"predecessor-version":[{"id":15806,"href":"https:\/\/agora.xtec.cat\/escolalaguardia\/wp-json\/wp\/v2\/pages\/15805\/revisions\/15806"}],"up":[{"embeddable":true,"href":"https:\/\/agora.xtec.cat\/escolalaguardia\/wp-json\/wp\/v2\/pages\/30"}],"wp:attachment":[{"href":"https:\/\/agora.xtec.cat\/escolalaguardia\/wp-json\/wp\/v2\/media?parent=15805"}],"curies":[{"name":"wp","href":"https:\/\/api.w.org\/{rel}","templated":true}]}}