{"id":15799,"date":"2019-02-04T13:39:38","date_gmt":"2019-02-04T12:39:38","guid":{"rendered":"http:\/\/agora.xtec.cat\/escolalaguardia\/?page_id=15799"},"modified":"2019-02-04T13:39:38","modified_gmt":"2019-02-04T12:39:38","slug":"lamfiteatre","status":"publish","type":"page","link":"https:\/\/agora.xtec.cat\/escolalaguardia\/lescola\/instal%c2%b7lacions\/lamfiteatre\/","title":{"rendered":"L&#8217;amfiteatre"},"content":{"rendered":"<p>L&#8217;amfiteatre \u00e9s un espai d&#8217;usos diversos. L&#8217;utilitzem a teatre per a fer representacions i festivals escolars. Normalment s&#8217;omple de les fam\u00edlies que ens venen a veure. Tamb\u00e9 el fem servir per altres esdeveniments en els qu\u00e8 es fa necess\u00e0ria la reuni\u00f3 de tots els alumnes de l&#8217;escola: xerrades, lliurament de premis de Sant Jordi, desfilades de disfresses&#8230;<\/p>\n<p>Una altra funci\u00f3 de l&#8217;amfiteatre \u00e9s com a sala per a practicar Psicomotricitat amb els alumnes d&#8217;Educaci\u00f3 Infantil. L&#8217;espai est\u00e0 dotat amb espatlleres i altres elements per poder realitzar aquesta activitat.<\/p>\n","protected":false},"excerpt":{"rendered":"<p>L&#8217;amfiteatre \u00e9s un espai d&#8217;usos diversos. L&#8217;utilitzem a teatre per a fer representacions i festivals escolars. Normalment s&#8217;omple de les fam\u00edlies que ens venen a veure. Tamb\u00e9 el fem servir per altres esdeveniments en els qu\u00e8 es fa necess\u00e0ria la reuni\u00f3 de tots els alumnes&hellip;  <a href=\"https:\/\/agora.xtec.cat\/escolalaguardia\/lescola\/instal%c2%b7lacions\/lamfiteatre\/\" title=\"Read L&#8217;amfiteatre\">Llegeix m\u00e9s\u00bb<\/a><\/p>\n","protected":false},"author":2,"featured_media":0,"parent":30,"menu_order":30,"comment_status":"closed","ping_status":"closed","template":"page-templates\/side-menu.php","meta":{"_bbp_topic_count":0,"_bbp_reply_count":0,"_bbp_total_topic_count":0,"_bbp_total_reply_count":0,"_bbp_voice_count":0,"_bbp_anonymous_reply_count":0,"_bbp_topic_count_hidden":0,"_bbp_reply_count_hidden":0,"_bbp_forum_subforum_count":0,"footnotes":""},"class_list":["post-15799","page","type-page","status-publish","hentry"],"post_mailing_queue_ids":[],"_links":{"self":[{"href":"https:\/\/agora.xtec.cat\/escolalaguardia\/wp-json\/wp\/v2\/pages\/15799","targetHints":{"allow":["GET"]}}],"collection":[{"href":"https:\/\/agora.xtec.cat\/escolalaguardia\/wp-json\/wp\/v2\/pages"}],"about":[{"href":"https:\/\/agora.xtec.cat\/escolalaguardia\/wp-json\/wp\/v2\/types\/page"}],"author":[{"embeddable":true,"href":"https:\/\/agora.xtec.cat\/escolalaguardia\/wp-json\/wp\/v2\/users\/2"}],"replies":[{"embeddable":true,"href":"https:\/\/agora.xtec.cat\/escolalaguardia\/wp-json\/wp\/v2\/comments?post=15799"}],"version-history":[{"count":1,"href":"https:\/\/agora.xtec.cat\/escolalaguardia\/wp-json\/wp\/v2\/pages\/15799\/revisions"}],"predecessor-version":[{"id":15800,"href":"https:\/\/agora.xtec.cat\/escolalaguardia\/wp-json\/wp\/v2\/pages\/15799\/revisions\/15800"}],"up":[{"embeddable":true,"href":"https:\/\/agora.xtec.cat\/escolalaguardia\/wp-json\/wp\/v2\/pages\/30"}],"wp:attachment":[{"href":"https:\/\/agora.xtec.cat\/escolalaguardia\/wp-json\/wp\/v2\/media?parent=15799"}],"curies":[{"name":"wp","href":"https:\/\/api.w.org\/{rel}","templated":true}]}}