{"id":15796,"date":"2019-02-04T13:37:19","date_gmt":"2019-02-04T12:37:19","guid":{"rendered":"http:\/\/agora.xtec.cat\/escolalaguardia\/?page_id=15796"},"modified":"2019-02-04T13:37:55","modified_gmt":"2019-02-04T12:37:55","slug":"les-aules","status":"publish","type":"page","link":"https:\/\/agora.xtec.cat\/escolalaguardia\/lescola\/instal%c2%b7lacions\/les-aules\/","title":{"rendered":"Les aules"},"content":{"rendered":"<p>A l&#8217;escola hi ha nou aules ordin\u00e0ries, una per nivell des de P3 fins a 6\u00e8. Tres s\u00f3n d&#8217;Educaci\u00f3 Infantil, dues estan situades a la planta baixa (P3 i P4 s\u00f3n les \u00faniques aules que compten amb lavabos a dins) i la tercera en la planta d&#8217;entrada. Les sis aules restants s\u00f3n d&#8217;Educaci\u00f3 Prim\u00e0ria. Les sis estan ubicades a la primera planta de l&#8217;edifici: primer, segon i tercer en un passad\u00eds i quart, cinqu\u00e8 i sis\u00e8 a l&#8217;altre.<\/p>\n<p>An la primera planta tamb\u00e9 hi podem trobar l&#8217;aula de m\u00fasica, en la qual tamb\u00e9 es duen a terme algunes activitats de llengua anglesa.<\/p>\n<p>Totes les aules tenen unes caracter\u00edstiques similars, s\u00f3n espaioses (60 m\u00b2) i amb molta llum.<\/p>\n","protected":false},"excerpt":{"rendered":"<p>A l&#8217;escola hi ha nou aules ordin\u00e0ries, una per nivell des de P3 fins a 6\u00e8. Tres s\u00f3n d&#8217;Educaci\u00f3 Infantil, dues estan situades a la planta baixa (P3 i P4 s\u00f3n les \u00faniques aules que compten amb lavabos a dins) i la tercera en la&hellip;  <a href=\"https:\/\/agora.xtec.cat\/escolalaguardia\/lescola\/instal%c2%b7lacions\/les-aules\/\" title=\"Read Les aules\">Llegeix m\u00e9s\u00bb<\/a><\/p>\n","protected":false},"author":2,"featured_media":0,"parent":30,"menu_order":20,"comment_status":"closed","ping_status":"closed","template":"page-templates\/side-menu.php","meta":{"_bbp_topic_count":0,"_bbp_reply_count":0,"_bbp_total_topic_count":0,"_bbp_total_reply_count":0,"_bbp_voice_count":0,"_bbp_anonymous_reply_count":0,"_bbp_topic_count_hidden":0,"_bbp_reply_count_hidden":0,"_bbp_forum_subforum_count":0,"footnotes":""},"class_list":["post-15796","page","type-page","status-publish","hentry"],"post_mailing_queue_ids":[],"_links":{"self":[{"href":"https:\/\/agora.xtec.cat\/escolalaguardia\/wp-json\/wp\/v2\/pages\/15796","targetHints":{"allow":["GET"]}}],"collection":[{"href":"https:\/\/agora.xtec.cat\/escolalaguardia\/wp-json\/wp\/v2\/pages"}],"about":[{"href":"https:\/\/agora.xtec.cat\/escolalaguardia\/wp-json\/wp\/v2\/types\/page"}],"author":[{"embeddable":true,"href":"https:\/\/agora.xtec.cat\/escolalaguardia\/wp-json\/wp\/v2\/users\/2"}],"replies":[{"embeddable":true,"href":"https:\/\/agora.xtec.cat\/escolalaguardia\/wp-json\/wp\/v2\/comments?post=15796"}],"version-history":[{"count":2,"href":"https:\/\/agora.xtec.cat\/escolalaguardia\/wp-json\/wp\/v2\/pages\/15796\/revisions"}],"predecessor-version":[{"id":15798,"href":"https:\/\/agora.xtec.cat\/escolalaguardia\/wp-json\/wp\/v2\/pages\/15796\/revisions\/15798"}],"up":[{"embeddable":true,"href":"https:\/\/agora.xtec.cat\/escolalaguardia\/wp-json\/wp\/v2\/pages\/30"}],"wp:attachment":[{"href":"https:\/\/agora.xtec.cat\/escolalaguardia\/wp-json\/wp\/v2\/media?parent=15796"}],"curies":[{"name":"wp","href":"https:\/\/api.w.org\/{rel}","templated":true}]}}