{"id":9496,"date":"2024-06-28T11:01:18","date_gmt":"2024-06-28T09:01:18","guid":{"rendered":"https:\/\/agora.xtec.cat\/escolalafont\/?page_id=9496"},"modified":"2024-06-28T14:58:06","modified_gmt":"2024-06-28T12:58:06","slug":"projecte-agrupaciones-escolares","status":"publish","type":"page","link":"https:\/\/agora.xtec.cat\/escolalafont\/projecte-agrupaciones-escolares\/","title":{"rendered":"PROJECTE &#8220;AGRUPACIONES ESCOLARES&#8221;"},"content":{"rendered":"<p>Durant els cursos 2023-24 i 2024-2025, l&#8217;Escola la Font de Manresa conjuntament amb el<a href=\"http:\/\/cpcanraspalls.blogspot.com\/\"> C.P. Can Raspalls<\/a> d&#8217;Eivissa estem participant en un projecte d&#8217;intercanvi i col\u00b7laboraci\u00f3. En aquest projecte l&#8217;Escola la Font comparteix el seu saber respecte al treball cooperatiu ja que fa anys que aquest forma part de la seva l\u00ednia d&#8217;escola i Can Raspalls comparteix els seus coneixements relacionats amb la pr\u00e0ctica restaurativa dels que tamb\u00e9 en s\u00f3n especialistes.<\/p>\n<p style=\"text-align: center;\"><a href=\"https:\/\/agora.xtec.cat\/escolalafont\/wp-content\/uploads\/usu300\/2024\/06\/828251.jpg\"><img loading=\"lazy\" decoding=\"async\" class=\"alignnone size-full wp-image-9499\" src=\"https:\/\/agora.xtec.cat\/escolalafont\/wp-content\/uploads\/usu300\/2024\/06\/828251.jpg\" alt=\"\" width=\"1024\" height=\"664\" srcset=\"https:\/\/agora.xtec.cat\/escolalafont\/wp-content\/uploads\/usu300\/2024\/06\/828251.jpg 1024w, https:\/\/agora.xtec.cat\/escolalafont\/wp-content\/uploads\/usu300\/2024\/06\/828251-300x195.jpg 300w, https:\/\/agora.xtec.cat\/escolalafont\/wp-content\/uploads\/usu300\/2024\/06\/828251-768x498.jpg 768w\" sizes=\"auto, (max-width: 1024px) 100vw, 1024px\" \/><\/a><\/p>\n<p><strong>JUNY 2024<\/strong><\/p>\n<p>Acaba el primer curs en el qual hem participat i apr\u00e8s cooperativament amb el CP Can Raspalls que com sabeu ha estat\u00a0possible gr\u00e0cies al projecte com\u00fa\u00a0<b>Coopera y Convive<\/b>, promogut pel programa\u00a0<i><b>Agrupaciones de Centros Educativos<\/b><\/i>\u00a0del\u00a0<i>Ministerio de Educaci\u00f3n, Formaci\u00f3n Profesional y Deportes<\/i>.<\/p>\n<p>Aqu\u00ed us deixem un petit resum realitzat per Can Raspalls de l&#8217;intercanvi que hem realitzat amb l&#8217;alumnat i de la primera visita que van realitzar part de l&#8217;equip docent d&#8217;Eivissa a la nostra escola:<\/p>\n<div>\n<div><\/div>\n<div><\/div>\n<div><iframe src=\"https:\/\/www.canva.com\/design\/DAGIme-w8EY\/FxAfIzq1A6BJLbhBCdlQnw\/view?embed\" allowfullscreen=\"allowfullscreen\" data-mce-fragment=\"1\"><\/iframe><\/div>\n<div><\/div>\n<div><iframe src=\"https:\/\/www.canva.com\/design\/DAGImXSDkCs\/dlU3JyILakTAcTWbDDGRgA\/view?embed\" allowfullscreen=\"allowfullscreen\" data-mce-fragment=\"1\"><\/iframe><\/div>\n<\/div>\n","protected":false},"excerpt":{"rendered":"<p>Durant els cursos 2023-24 i 2024-2025, l&#8217;Escola la Font de Manresa conjuntament amb el C.P. Can Raspalls d&#8217;Eivissa estem participant en un projecte d&#8217;intercanvi i col\u00b7laboraci\u00f3. En aquest projecte l&#8217;Escola la Font comparteix el seu saber respecte al treball cooperatiu ja que fa anys que aquest forma part de la seva l\u00ednia d&#8217;escola i Can [&hellip;]<\/p>\n","protected":false},"author":160,"featured_media":0,"parent":0,"menu_order":0,"comment_status":"closed","ping_status":"closed","template":"","meta":{"_bbp_topic_count":0,"_bbp_reply_count":0,"_bbp_total_topic_count":0,"_bbp_total_reply_count":0,"_bbp_voice_count":0,"_bbp_anonymous_reply_count":0,"_bbp_topic_count_hidden":0,"_bbp_reply_count_hidden":0,"_bbp_forum_subforum_count":0,"site-sidebar-layout":"default","site-content-layout":"","ast-site-content-layout":"","site-content-style":"default","site-sidebar-style":"default","ast-global-header-display":"","ast-banner-title-visibility":"","ast-main-header-display":"","ast-hfb-above-header-display":"","ast-hfb-below-header-display":"","ast-hfb-mobile-header-display":"","site-post-title":"","ast-breadcrumbs-content":"","ast-featured-img":"","footer-sml-layout":"","theme-transparent-header-meta":"","adv-header-id-meta":"","stick-header-meta":"","header-above-stick-meta":"","header-main-stick-meta":"","header-below-stick-meta":"","astra-migrate-meta-layouts":"default","ast-page-background-enabled":"default","ast-page-background-meta":{"desktop":{"background-color":"var(--ast-global-color-4)","background-image":"","background-repeat":"repeat","background-position":"center center","background-size":"auto","background-attachment":"scroll","background-type":"","background-media":"","overlay-type":"","overlay-color":"","overlay-opacity":"","overlay-gradient":""},"tablet":{"background-color":"","background-image":"","background-repeat":"repeat","background-position":"center center","background-size":"auto","background-attachment":"scroll","background-type":"","background-media":"","overlay-type":"","overlay-color":"","overlay-opacity":"","overlay-gradient":""},"mobile":{"background-color":"","background-image":"","background-repeat":"repeat","background-position":"center center","background-size":"auto","background-attachment":"scroll","background-type":"","background-media":"","overlay-type":"","overlay-color":"","overlay-opacity":"","overlay-gradient":""}},"ast-content-background-meta":{"desktop":{"background-color":"var(--ast-global-color-5)","background-image":"","background-repeat":"repeat","background-position":"center center","background-size":"auto","background-attachment":"scroll","background-type":"","background-media":"","overlay-type":"","overlay-color":"","overlay-opacity":"","overlay-gradient":""},"tablet":{"background-color":"var(--ast-global-color-5)","background-image":"","background-repeat":"repeat","background-position":"center center","background-size":"auto","background-attachment":"scroll","background-type":"","background-media":"","overlay-type":"","overlay-color":"","overlay-opacity":"","overlay-gradient":""},"mobile":{"background-color":"var(--ast-global-color-5)","background-image":"","background-repeat":"repeat","background-position":"center center","background-size":"auto","background-attachment":"scroll","background-type":"","background-media":"","overlay-type":"","overlay-color":"","overlay-opacity":"","overlay-gradient":""}},"footnotes":""},"class_list":["post-9496","page","type-page","status-publish","hentry"],"post_mailing_queue_ids":[],"_links":{"self":[{"href":"https:\/\/agora.xtec.cat\/escolalafont\/wp-json\/wp\/v2\/pages\/9496","targetHints":{"allow":["GET"]}}],"collection":[{"href":"https:\/\/agora.xtec.cat\/escolalafont\/wp-json\/wp\/v2\/pages"}],"about":[{"href":"https:\/\/agora.xtec.cat\/escolalafont\/wp-json\/wp\/v2\/types\/page"}],"author":[{"embeddable":true,"href":"https:\/\/agora.xtec.cat\/escolalafont\/wp-json\/wp\/v2\/users\/160"}],"replies":[{"embeddable":true,"href":"https:\/\/agora.xtec.cat\/escolalafont\/wp-json\/wp\/v2\/comments?post=9496"}],"version-history":[{"count":5,"href":"https:\/\/agora.xtec.cat\/escolalafont\/wp-json\/wp\/v2\/pages\/9496\/revisions"}],"predecessor-version":[{"id":9505,"href":"https:\/\/agora.xtec.cat\/escolalafont\/wp-json\/wp\/v2\/pages\/9496\/revisions\/9505"}],"wp:attachment":[{"href":"https:\/\/agora.xtec.cat\/escolalafont\/wp-json\/wp\/v2\/media?parent=9496"}],"curies":[{"name":"wp","href":"https:\/\/api.w.org\/{rel}","templated":true}]}}