{"id":927,"date":"2016-01-28T15:37:37","date_gmt":"2016-01-28T14:37:37","guid":{"rendered":"http:\/\/agora.xtec.cat\/escolalafont\/?page_id=927"},"modified":"2025-10-18T18:03:39","modified_gmt":"2025-10-18T16:03:39","slug":"9-perfil-del-contractant","status":"publish","type":"page","link":"https:\/\/agora.xtec.cat\/escolalafont\/lescola\/9-perfil-del-contractant\/","title":{"rendered":"Perfil del contractant"},"content":{"rendered":"<p>Informaci\u00f3 sobre el concurs al servei menjador 2023 (publicat al DOGC). El termini per rebre ofertes acaba el 10\/05\/2023 a les 12 hores.<\/p>\n<p><a href=\"https:\/\/agora.xtec.cat\/escolalafont\/wp-content\/uploads\/usu300\/2023\/04\/0.0.-Resolucio-dinici-i-daprovacio-dun-expedient-de-contractacio-de-serveis-V2-3.pdf\">0.0. Resoluci\u00f3 d\u2019inici i d\u2019aprovaci\u00f3 d\u2019un expedient de contractaci\u00f3 de serveis V2<\/a><\/p>\n<p><a href=\"https:\/\/agora.xtec.cat\/escolalafont\/wp-content\/uploads\/usu300\/2023\/04\/0.1-Informe-justificacio-necessitat-contracte-v2-1.pdf\">0.1 Informe justificaci\u00f3 necessitat contracte v2<\/a><\/p>\n<p><a href=\"https:\/\/agora.xtec.cat\/escolalafont\/wp-content\/uploads\/usu300\/2023\/04\/0.2-Prescripcions-tecniques-v1-1.pdf\">0.2 Prescripcions t\u00e8cniques v1<\/a><\/p>\n<p><a href=\"https:\/\/agora.xtec.cat\/escolalafont\/wp-content\/uploads\/usu300\/2023\/04\/0.3-Plec-clausules-administratives-v2-1.pdf\">0.3 Plec cl\u00e0usules administratives v2<\/a><\/p>\n<p><a href=\"https:\/\/agora.xtec.cat\/escolalafont\/wp-content\/uploads\/usu300\/2023\/04\/0.4-Informe-justificatiu-del-preu-v2-1.pdf\">0.4 Informe justificatiu del preu v2<\/a><\/p>\n<p>Enlla\u00e7 a la <a href=\"https:\/\/contractaciopublica.cat\/ca\/detall-publicacio\/200037114\">Plataforma P\u00fablica de contractaci\u00f3<\/a>.<\/p>\n","protected":false},"excerpt":{"rendered":"<p>Informaci\u00f3 sobre el concurs al servei menjador 2023 (publicat al DOGC). El termini per rebre ofertes acaba el 10\/05\/2023 a les 12 hores. 0.0. Resoluci\u00f3 d\u2019inici i d\u2019aprovaci\u00f3 d\u2019un expedient de contractaci\u00f3 de serveis V2 0.1 Informe justificaci\u00f3 necessitat contracte v2 0.2 Prescripcions t\u00e8cniques v1 0.3 Plec cl\u00e0usules administratives v2 0.4 Informe justificatiu del preu [&hellip;]<\/p>\n","protected":false},"author":1,"featured_media":0,"parent":22,"menu_order":10,"comment_status":"closed","ping_status":"closed","template":"","meta":{"_bbp_topic_count":0,"_bbp_reply_count":0,"_bbp_total_topic_count":0,"_bbp_total_reply_count":0,"_bbp_voice_count":0,"_bbp_anonymous_reply_count":0,"_bbp_topic_count_hidden":0,"_bbp_reply_count_hidden":0,"_bbp_forum_subforum_count":0,"site-sidebar-layout":"left-sidebar","site-content-layout":"","ast-site-content-layout":"default","site-content-style":"default","site-sidebar-style":"default","ast-global-header-display":"","ast-banner-title-visibility":"","ast-main-header-display":"","ast-hfb-above-header-display":"","ast-hfb-below-header-display":"","ast-hfb-mobile-header-display":"","site-post-title":"","ast-breadcrumbs-content":"","ast-featured-img":"","footer-sml-layout":"","theme-transparent-header-meta":"","adv-header-id-meta":"","stick-header-meta":"","header-above-stick-meta":"","header-main-stick-meta":"","header-below-stick-meta":"","astra-migrate-meta-layouts":"set","ast-page-background-enabled":"default","ast-page-background-meta":{"desktop":{"background-color":"var(--ast-global-color-4)","background-image":"","background-repeat":"repeat","background-position":"center center","background-size":"auto","background-attachment":"scroll","background-type":"","background-media":"","overlay-type":"","overlay-color":"","overlay-opacity":"","overlay-gradient":""},"tablet":{"background-color":"","background-image":"","background-repeat":"repeat","background-position":"center center","background-size":"auto","background-attachment":"scroll","background-type":"","background-media":"","overlay-type":"","overlay-color":"","overlay-opacity":"","overlay-gradient":""},"mobile":{"background-color":"","background-image":"","background-repeat":"repeat","background-position":"center center","background-size":"auto","background-attachment":"scroll","background-type":"","background-media":"","overlay-type":"","overlay-color":"","overlay-opacity":"","overlay-gradient":""}},"ast-content-background-meta":{"desktop":{"background-color":"var(--ast-global-color-5)","background-image":"","background-repeat":"repeat","background-position":"center center","background-size":"auto","background-attachment":"scroll","background-type":"","background-media":"","overlay-type":"","overlay-color":"","overlay-opacity":"","overlay-gradient":""},"tablet":{"background-color":"var(--ast-global-color-5)","background-image":"","background-repeat":"repeat","background-position":"center center","background-size":"auto","background-attachment":"scroll","background-type":"","background-media":"","overlay-type":"","overlay-color":"","overlay-opacity":"","overlay-gradient":""},"mobile":{"background-color":"var(--ast-global-color-5)","background-image":"","background-repeat":"repeat","background-position":"center center","background-size":"auto","background-attachment":"scroll","background-type":"","background-media":"","overlay-type":"","overlay-color":"","overlay-opacity":"","overlay-gradient":""}},"footnotes":""},"class_list":["post-927","page","type-page","status-publish","hentry"],"post_mailing_queue_ids":[],"_links":{"self":[{"href":"https:\/\/agora.xtec.cat\/escolalafont\/wp-json\/wp\/v2\/pages\/927","targetHints":{"allow":["GET"]}}],"collection":[{"href":"https:\/\/agora.xtec.cat\/escolalafont\/wp-json\/wp\/v2\/pages"}],"about":[{"href":"https:\/\/agora.xtec.cat\/escolalafont\/wp-json\/wp\/v2\/types\/page"}],"author":[{"embeddable":true,"href":"https:\/\/agora.xtec.cat\/escolalafont\/wp-json\/wp\/v2\/users\/1"}],"replies":[{"embeddable":true,"href":"https:\/\/agora.xtec.cat\/escolalafont\/wp-json\/wp\/v2\/comments?post=927"}],"version-history":[{"count":4,"href":"https:\/\/agora.xtec.cat\/escolalafont\/wp-json\/wp\/v2\/pages\/927\/revisions"}],"predecessor-version":[{"id":10065,"href":"https:\/\/agora.xtec.cat\/escolalafont\/wp-json\/wp\/v2\/pages\/927\/revisions\/10065"}],"up":[{"embeddable":true,"href":"https:\/\/agora.xtec.cat\/escolalafont\/wp-json\/wp\/v2\/pages\/22"}],"wp:attachment":[{"href":"https:\/\/agora.xtec.cat\/escolalafont\/wp-json\/wp\/v2\/media?parent=927"}],"curies":[{"name":"wp","href":"https:\/\/api.w.org\/{rel}","templated":true}]}}