{"id":3935,"date":"2018-04-04T13:46:38","date_gmt":"2018-04-04T11:46:38","guid":{"rendered":"http:\/\/agora.xtec.cat\/escolalafont\/?page_id=3935"},"modified":"2026-04-15T09:40:32","modified_gmt":"2026-04-15T07:40:32","slug":"10-preinscripcio-i-matricula","status":"publish","type":"page","link":"https:\/\/agora.xtec.cat\/escolalafont\/cicle-inicial\/10-preinscripcio-i-matricula\/","title":{"rendered":"Preinscripci\u00f3 i matr\u00edcula."},"content":{"rendered":"<p style=\"text-align: center;\">INFORMACI\u00d3<\/p>\n<p>\u21d2 Publicaci\u00f3 de la llista de places 2026-2027 : <a href=\"https:\/\/agora.xtec.cat\/escolalafont\/wp-content\/uploads\/usu300\/2026\/03\/Oferta-inicial-de-places.pdf\">Oferta inicial de places<\/a><\/p>\n<p>\u21d2 Publicaci\u00f3 del barem provisional: <a href=\"https:\/\/agora.xtec.cat\/escolalafont\/wp-content\/uploads\/usu300\/2026\/04\/Llistes-amb-barem-provisional.pdf\">Llistes amb barem provisional<\/a><\/p>\n<p>INFORMACI\u00d3 ESCOLA:<\/p>\n<p><a href=\"https:\/\/agora.xtec.cat\/escolalafont\/wp-content\/uploads\/usu300\/2026\/01\/Triptic-Portes-Obertes.pdf\">Tr\u00edptic informatiu<\/a> del centre.<\/p>\n<p>\u00c0rea d&#8217;influ\u00e8ncia del centre:\u00a0<a href=\"https:\/\/www.manresa.cat\/web\/escoles_proximitat\/\">https:\/\/www.manresa.cat\/web\/escoles_proximitat\/<\/a><\/p>\n<p>Recomanem la visita al <a href=\"http:\/\/queestudiar.gencat.cat\/ca\/preinscripcio\/estudis\/obligatoris\/\">web de la Generalitat<\/a> per a una informaci\u00f3 actualitzada sobre el proc\u00e9s de preinscripci\u00f3 i matr\u00edcula.<\/p>\n<p>Si tens previst fer la preinscripci\u00f3 a l&#8217;Escola la Font consulta el proc\u00e9s a <strong><a href=\"https:\/\/preinscripcio.gencat.cat\/ca\/inici\/\" target=\"_blank\" rel=\"noopener noreferrer\" data-saferedirecturl=\"https:\/\/www.google.com\/url?q=https:\/\/preinscripcio.gencat.cat\/ca\/inici\/&amp;source=gmail&amp;ust=1613896087144000&amp;usg=AFQjCNEOjMYfl8XZaW20ACzmWvarCoTwZw\">preinscripcio.gencat.cat<\/a><\/strong>.<\/p>\n","protected":false},"excerpt":{"rendered":"<p>INFORMACI\u00d3 \u21d2 Publicaci\u00f3 de la llista de places 2026-2027 : Oferta inicial de places \u21d2 Publicaci\u00f3 del barem provisional: Llistes amb barem provisional INFORMACI\u00d3 ESCOLA: Tr\u00edptic informatiu del centre. \u00c0rea d&#8217;influ\u00e8ncia del centre:\u00a0https:\/\/www.manresa.cat\/web\/escoles_proximitat\/ Recomanem la visita al web de la Generalitat per a una informaci\u00f3 actualitzada sobre el proc\u00e9s de preinscripci\u00f3 i matr\u00edcula. Si tens [&hellip;]<\/p>\n","protected":false},"author":1,"featured_media":0,"parent":9995,"menu_order":100,"comment_status":"closed","ping_status":"closed","template":"","meta":{"_bbp_topic_count":0,"_bbp_reply_count":0,"_bbp_total_topic_count":0,"_bbp_total_reply_count":0,"_bbp_voice_count":0,"_bbp_anonymous_reply_count":0,"_bbp_topic_count_hidden":0,"_bbp_reply_count_hidden":0,"_bbp_forum_subforum_count":0,"site-sidebar-layout":"no-sidebar","site-content-layout":"","ast-site-content-layout":"default","site-content-style":"default","site-sidebar-style":"default","ast-global-header-display":"","ast-banner-title-visibility":"","ast-main-header-display":"","ast-hfb-above-header-display":"","ast-hfb-below-header-display":"","ast-hfb-mobile-header-display":"","site-post-title":"","ast-breadcrumbs-content":"","ast-featured-img":"","footer-sml-layout":"","theme-transparent-header-meta":"","adv-header-id-meta":"","stick-header-meta":"","header-above-stick-meta":"","header-main-stick-meta":"","header-below-stick-meta":"","astra-migrate-meta-layouts":"set","ast-page-background-enabled":"default","ast-page-background-meta":{"desktop":{"background-color":"var(--ast-global-color-4)","background-image":"","background-repeat":"repeat","background-position":"center center","background-size":"auto","background-attachment":"scroll","background-type":"","background-media":"","overlay-type":"","overlay-color":"","overlay-opacity":"","overlay-gradient":""},"tablet":{"background-color":"","background-image":"","background-repeat":"repeat","background-position":"center center","background-size":"auto","background-attachment":"scroll","background-type":"","background-media":"","overlay-type":"","overlay-color":"","overlay-opacity":"","overlay-gradient":""},"mobile":{"background-color":"","background-image":"","background-repeat":"repeat","background-position":"center center","background-size":"auto","background-attachment":"scroll","background-type":"","background-media":"","overlay-type":"","overlay-color":"","overlay-opacity":"","overlay-gradient":""}},"ast-content-background-meta":{"desktop":{"background-color":"var(--ast-global-color-5)","background-image":"","background-repeat":"repeat","background-position":"center center","background-size":"auto","background-attachment":"scroll","background-type":"","background-media":"","overlay-type":"","overlay-color":"","overlay-opacity":"","overlay-gradient":""},"tablet":{"background-color":"var(--ast-global-color-5)","background-image":"","background-repeat":"repeat","background-position":"center center","background-size":"auto","background-attachment":"scroll","background-type":"","background-media":"","overlay-type":"","overlay-color":"","overlay-opacity":"","overlay-gradient":""},"mobile":{"background-color":"var(--ast-global-color-5)","background-image":"","background-repeat":"repeat","background-position":"center center","background-size":"auto","background-attachment":"scroll","background-type":"","background-media":"","overlay-type":"","overlay-color":"","overlay-opacity":"","overlay-gradient":""}},"footnotes":""},"class_list":["post-3935","page","type-page","status-publish","hentry"],"post_mailing_queue_ids":[],"_links":{"self":[{"href":"https:\/\/agora.xtec.cat\/escolalafont\/wp-json\/wp\/v2\/pages\/3935","targetHints":{"allow":["GET"]}}],"collection":[{"href":"https:\/\/agora.xtec.cat\/escolalafont\/wp-json\/wp\/v2\/pages"}],"about":[{"href":"https:\/\/agora.xtec.cat\/escolalafont\/wp-json\/wp\/v2\/types\/page"}],"author":[{"embeddable":true,"href":"https:\/\/agora.xtec.cat\/escolalafont\/wp-json\/wp\/v2\/users\/1"}],"replies":[{"embeddable":true,"href":"https:\/\/agora.xtec.cat\/escolalafont\/wp-json\/wp\/v2\/comments?post=3935"}],"version-history":[{"count":6,"href":"https:\/\/agora.xtec.cat\/escolalafont\/wp-json\/wp\/v2\/pages\/3935\/revisions"}],"predecessor-version":[{"id":10425,"href":"https:\/\/agora.xtec.cat\/escolalafont\/wp-json\/wp\/v2\/pages\/3935\/revisions\/10425"}],"up":[{"embeddable":true,"href":"https:\/\/agora.xtec.cat\/escolalafont\/wp-json\/wp\/v2\/pages\/9995"}],"wp:attachment":[{"href":"https:\/\/agora.xtec.cat\/escolalafont\/wp-json\/wp\/v2\/media?parent=3935"}],"curies":[{"name":"wp","href":"https:\/\/api.w.org\/{rel}","templated":true}]}}