{"id":28,"date":"2014-09-18T12:29:35","date_gmt":"2014-09-18T12:29:35","guid":{"rendered":"http:\/\/agora.xtec.cat\/escolalafont\/\/?page_id=28"},"modified":"2025-10-18T18:01:10","modified_gmt":"2025-10-18T16:01:10","slug":"consell-escolar","status":"publish","type":"page","link":"https:\/\/agora.xtec.cat\/escolalafont\/lescola\/consell-escolar\/","title":{"rendered":"Consell escolar"},"content":{"rendered":"<p>El Consell Escolar \u00e9s el m\u00e0xim \u00f2rgan de govern del centre.<\/p>\n<p>Actualment el componen les seg\u00fcents professionals:<\/p>\n<p>Equip Directiu.<\/p>\n<p>6 membres del claustre,<\/p>\n<p>5 membres de fam\u00edlies,<\/p>\n<p>1 representant de l&#8217;AFA,<\/p>\n<p>1 representant del Personal d&#8217;Administraci\u00f3 i Serveis,<\/p>\n<p>1 representant del Personal d&#8217;Atenci\u00f3 Educativa i<\/p>\n<p>1 representant de l&#8217;Ajuntament de Manresa.<\/p>\n<p><img loading=\"lazy\" decoding=\"async\" class=\"aligncenter  wp-image-10059\" src=\"https:\/\/agora.xtec.cat\/escolalafont\/wp-content\/uploads\/usu300\/2025\/10\/manos-colores.jpg\" alt=\"\" width=\"273\" height=\"175\" srcset=\"https:\/\/agora.xtec.cat\/escolalafont\/wp-content\/uploads\/usu300\/2025\/10\/manos-colores.jpg 1024w, https:\/\/agora.xtec.cat\/escolalafont\/wp-content\/uploads\/usu300\/2025\/10\/manos-colores-300x192.jpg 300w, https:\/\/agora.xtec.cat\/escolalafont\/wp-content\/uploads\/usu300\/2025\/10\/manos-colores-768x491.jpg 768w\" sizes=\"auto, (max-width: 273px) 100vw, 273px\" \/><\/p>\n\n\n<p><\/p>\n","protected":false},"excerpt":{"rendered":"<p>El Consell Escolar \u00e9s el m\u00e0xim \u00f2rgan de govern del centre. Actualment el componen les seg\u00fcents professionals: Equip Directiu. 6 membres del claustre, 5 membres de fam\u00edlies, 1 representant de l&#8217;AFA, 1 representant del Personal d&#8217;Administraci\u00f3 i Serveis, 1 representant del Personal d&#8217;Atenci\u00f3 Educativa i 1 representant de l&#8217;Ajuntament de Manresa.<\/p>\n","protected":false},"author":2,"featured_media":0,"parent":22,"menu_order":8,"comment_status":"closed","ping_status":"closed","template":"page-templates\/side-menu.php","meta":{"_bbp_topic_count":0,"_bbp_reply_count":0,"_bbp_total_topic_count":0,"_bbp_total_reply_count":0,"_bbp_voice_count":0,"_bbp_anonymous_reply_count":0,"_bbp_topic_count_hidden":0,"_bbp_reply_count_hidden":0,"_bbp_forum_subforum_count":0,"site-sidebar-layout":"left-sidebar","site-content-layout":"","ast-site-content-layout":"default","site-content-style":"default","site-sidebar-style":"default","ast-global-header-display":"","ast-banner-title-visibility":"","ast-main-header-display":"","ast-hfb-above-header-display":"","ast-hfb-below-header-display":"","ast-hfb-mobile-header-display":"","site-post-title":"","ast-breadcrumbs-content":"","ast-featured-img":"","footer-sml-layout":"","theme-transparent-header-meta":"","adv-header-id-meta":"","stick-header-meta":"","header-above-stick-meta":"","header-main-stick-meta":"","header-below-stick-meta":"","astra-migrate-meta-layouts":"set","ast-page-background-enabled":"default","ast-page-background-meta":{"desktop":{"background-color":"var(--ast-global-color-4)","background-image":"","background-repeat":"repeat","background-position":"center center","background-size":"auto","background-attachment":"scroll","background-type":"","background-media":"","overlay-type":"","overlay-color":"","overlay-opacity":"","overlay-gradient":""},"tablet":{"background-color":"","background-image":"","background-repeat":"repeat","background-position":"center center","background-size":"auto","background-attachment":"scroll","background-type":"","background-media":"","overlay-type":"","overlay-color":"","overlay-opacity":"","overlay-gradient":""},"mobile":{"background-color":"","background-image":"","background-repeat":"repeat","background-position":"center center","background-size":"auto","background-attachment":"scroll","background-type":"","background-media":"","overlay-type":"","overlay-color":"","overlay-opacity":"","overlay-gradient":""}},"ast-content-background-meta":{"desktop":{"background-color":"var(--ast-global-color-5)","background-image":"","background-repeat":"repeat","background-position":"center center","background-size":"auto","background-attachment":"scroll","background-type":"","background-media":"","overlay-type":"","overlay-color":"","overlay-opacity":"","overlay-gradient":""},"tablet":{"background-color":"var(--ast-global-color-5)","background-image":"","background-repeat":"repeat","background-position":"center center","background-size":"auto","background-attachment":"scroll","background-type":"","background-media":"","overlay-type":"","overlay-color":"","overlay-opacity":"","overlay-gradient":""},"mobile":{"background-color":"var(--ast-global-color-5)","background-image":"","background-repeat":"repeat","background-position":"center center","background-size":"auto","background-attachment":"scroll","background-type":"","background-media":"","overlay-type":"","overlay-color":"","overlay-opacity":"","overlay-gradient":""}},"footnotes":""},"class_list":["post-28","page","type-page","status-publish","hentry"],"post_mailing_queue_ids":[],"_links":{"self":[{"href":"https:\/\/agora.xtec.cat\/escolalafont\/wp-json\/wp\/v2\/pages\/28","targetHints":{"allow":["GET"]}}],"collection":[{"href":"https:\/\/agora.xtec.cat\/escolalafont\/wp-json\/wp\/v2\/pages"}],"about":[{"href":"https:\/\/agora.xtec.cat\/escolalafont\/wp-json\/wp\/v2\/types\/page"}],"author":[{"embeddable":true,"href":"https:\/\/agora.xtec.cat\/escolalafont\/wp-json\/wp\/v2\/users\/2"}],"replies":[{"embeddable":true,"href":"https:\/\/agora.xtec.cat\/escolalafont\/wp-json\/wp\/v2\/comments?post=28"}],"version-history":[{"count":5,"href":"https:\/\/agora.xtec.cat\/escolalafont\/wp-json\/wp\/v2\/pages\/28\/revisions"}],"predecessor-version":[{"id":10060,"href":"https:\/\/agora.xtec.cat\/escolalafont\/wp-json\/wp\/v2\/pages\/28\/revisions\/10060"}],"up":[{"embeddable":true,"href":"https:\/\/agora.xtec.cat\/escolalafont\/wp-json\/wp\/v2\/pages\/22"}],"wp:attachment":[{"href":"https:\/\/agora.xtec.cat\/escolalafont\/wp-json\/wp\/v2\/media?parent=28"}],"curies":[{"name":"wp","href":"https:\/\/api.w.org\/{rel}","templated":true}]}}