{"id":233,"date":"2015-03-27T12:09:46","date_gmt":"2015-03-27T11:09:46","guid":{"rendered":"http:\/\/agora.xtec.cat\/escolalafont\/?page_id=233"},"modified":"2026-02-12T17:21:54","modified_gmt":"2026-02-12T16:21:54","slug":"4-ampa","status":"publish","type":"page","link":"https:\/\/agora.xtec.cat\/escolalafont\/4-ampa\/","title":{"rendered":"4. AFA"},"content":{"rendered":"<p>L&#8217;AFA sempre t\u00e9 iniciativa d&#8217;ajudar, organitzar o idear qualsevol festa en benefici de la comunitat educativa.<\/p>\n<p>\u00c9s voluntat de l&#8217;AFA fomentar les relacions entre tota la comunitat educativa, omplir d&#8217;il\u00b7lusi\u00f3 i fer gaudir a tots els nostres fills i filles i fam\u00edlies abocant tot el nostre esfor\u00e7 en les festes m\u00e9s tradicionals del pa\u00eds: Castanyada, Nadal, Carnestoltes, Sant Jordi, Curs Solid\u00e0ria i Festa Final de curs.<\/p>\n<p>L&#8217;AFA de l&#8217;escola tamb\u00e9 organitza diferents extraescolars per a l&#8217;alumnat.<\/p>\n<p>Estem disposats a donar tot el suport i col\u00b7laboraci\u00f3 que necessiti l&#8217;escola per ajudar-la a millorar dia a dia at\u00e8s que els nostres fills i filles hi passaran molts anys.<\/p>\n<p>Per aix\u00f2 \u00e9s important la col\u00b7laboraci\u00f3 de totes les fam\u00edlies que hi formen part per aconseguir que la nostra escola arribi als seus objectius.<\/p>\n<p>Us esperem a tots i totes a les reunions que fem al llarg del curs i, si no us \u00e9s possible, nom\u00e9s cal que contacteu amb nosaltres i us informarem de tot!<br \/>\nSi teniu ganes de col\u00b7laborar nom\u00e9s cal que ens feu un correu a l&#8217;adre\u00e7a <strong>afa@escolalafont.cat<\/strong><\/p>\n<p>Tamb\u00e9, disposem de canal de <strong>Telegram: &#8220;AFA La Font Manresa&#8221;.\u00a0<\/strong><\/p>\n<p><img loading=\"lazy\" decoding=\"async\" class=\"aligncenter size-large wp-image-10301\" src=\"https:\/\/agora.xtec.cat\/escolalafont\/wp-content\/uploads\/usu300\/2026\/01\/QUE-IMPLICA-PAGAR-LA-QUOTA-DE-LAFA_page-0001ok-725x1024.jpg\" alt=\"\" width=\"725\" height=\"1024\" srcset=\"https:\/\/agora.xtec.cat\/escolalafont\/wp-content\/uploads\/usu300\/2026\/01\/QUE-IMPLICA-PAGAR-LA-QUOTA-DE-LAFA_page-0001ok-725x1024.jpg 725w, https:\/\/agora.xtec.cat\/escolalafont\/wp-content\/uploads\/usu300\/2026\/01\/QUE-IMPLICA-PAGAR-LA-QUOTA-DE-LAFA_page-0001ok-212x300.jpg 212w, https:\/\/agora.xtec.cat\/escolalafont\/wp-content\/uploads\/usu300\/2026\/01\/QUE-IMPLICA-PAGAR-LA-QUOTA-DE-LAFA_page-0001ok-768x1085.jpg 768w, https:\/\/agora.xtec.cat\/escolalafont\/wp-content\/uploads\/usu300\/2026\/01\/QUE-IMPLICA-PAGAR-LA-QUOTA-DE-LAFA_page-0001ok.jpg 1024w\" sizes=\"auto, (max-width: 725px) 100vw, 725px\" \/><\/p>\n","protected":false},"excerpt":{"rendered":"<p>L&#8217;AFA sempre t\u00e9 iniciativa d&#8217;ajudar, organitzar o idear qualsevol festa en benefici de la comunitat educativa. \u00c9s voluntat de l&#8217;AFA fomentar les relacions entre tota la comunitat educativa, omplir d&#8217;il\u00b7lusi\u00f3 i fer gaudir a tots els nostres fills i filles i fam\u00edlies abocant tot el nostre esfor\u00e7 en les festes m\u00e9s tradicionals del pa\u00eds: Castanyada, [&hellip;]<\/p>\n","protected":false},"author":1,"featured_media":0,"parent":0,"menu_order":0,"comment_status":"closed","ping_status":"closed","template":"","meta":{"_bbp_topic_count":0,"_bbp_reply_count":0,"_bbp_total_topic_count":0,"_bbp_total_reply_count":0,"_bbp_voice_count":0,"_bbp_anonymous_reply_count":0,"_bbp_topic_count_hidden":0,"_bbp_reply_count_hidden":0,"_bbp_forum_subforum_count":0,"site-sidebar-layout":"no-sidebar","site-content-layout":"","ast-site-content-layout":"default","site-content-style":"default","site-sidebar-style":"default","ast-global-header-display":"","ast-banner-title-visibility":"","ast-main-header-display":"","ast-hfb-above-header-display":"","ast-hfb-below-header-display":"","ast-hfb-mobile-header-display":"","site-post-title":"","ast-breadcrumbs-content":"","ast-featured-img":"","footer-sml-layout":"","theme-transparent-header-meta":"","adv-header-id-meta":"","stick-header-meta":"","header-above-stick-meta":"","header-main-stick-meta":"","header-below-stick-meta":"","astra-migrate-meta-layouts":"set","ast-page-background-enabled":"default","ast-page-background-meta":{"desktop":{"background-color":"var(--ast-global-color-4)","background-image":"","background-repeat":"repeat","background-position":"center center","background-size":"auto","background-attachment":"scroll","background-type":"","background-media":"","overlay-type":"","overlay-color":"","overlay-opacity":"","overlay-gradient":""},"tablet":{"background-color":"","background-image":"","background-repeat":"repeat","background-position":"center center","background-size":"auto","background-attachment":"scroll","background-type":"","background-media":"","overlay-type":"","overlay-color":"","overlay-opacity":"","overlay-gradient":""},"mobile":{"background-color":"","background-image":"","background-repeat":"repeat","background-position":"center center","background-size":"auto","background-attachment":"scroll","background-type":"","background-media":"","overlay-type":"","overlay-color":"","overlay-opacity":"","overlay-gradient":""}},"ast-content-background-meta":{"desktop":{"background-color":"var(--ast-global-color-5)","background-image":"","background-repeat":"repeat","background-position":"center center","background-size":"auto","background-attachment":"scroll","background-type":"","background-media":"","overlay-type":"","overlay-color":"","overlay-opacity":"","overlay-gradient":""},"tablet":{"background-color":"var(--ast-global-color-5)","background-image":"","background-repeat":"repeat","background-position":"center center","background-size":"auto","background-attachment":"scroll","background-type":"","background-media":"","overlay-type":"","overlay-color":"","overlay-opacity":"","overlay-gradient":""},"mobile":{"background-color":"var(--ast-global-color-5)","background-image":"","background-repeat":"repeat","background-position":"center center","background-size":"auto","background-attachment":"scroll","background-type":"","background-media":"","overlay-type":"","overlay-color":"","overlay-opacity":"","overlay-gradient":""}},"footnotes":""},"class_list":["post-233","page","type-page","status-publish","hentry"],"post_mailing_queue_ids":[],"_links":{"self":[{"href":"https:\/\/agora.xtec.cat\/escolalafont\/wp-json\/wp\/v2\/pages\/233","targetHints":{"allow":["GET"]}}],"collection":[{"href":"https:\/\/agora.xtec.cat\/escolalafont\/wp-json\/wp\/v2\/pages"}],"about":[{"href":"https:\/\/agora.xtec.cat\/escolalafont\/wp-json\/wp\/v2\/types\/page"}],"author":[{"embeddable":true,"href":"https:\/\/agora.xtec.cat\/escolalafont\/wp-json\/wp\/v2\/users\/1"}],"replies":[{"embeddable":true,"href":"https:\/\/agora.xtec.cat\/escolalafont\/wp-json\/wp\/v2\/comments?post=233"}],"version-history":[{"count":5,"href":"https:\/\/agora.xtec.cat\/escolalafont\/wp-json\/wp\/v2\/pages\/233\/revisions"}],"predecessor-version":[{"id":10359,"href":"https:\/\/agora.xtec.cat\/escolalafont\/wp-json\/wp\/v2\/pages\/233\/revisions\/10359"}],"wp:attachment":[{"href":"https:\/\/agora.xtec.cat\/escolalafont\/wp-json\/wp\/v2\/media?parent=233"}],"curies":[{"name":"wp","href":"https:\/\/api.w.org\/{rel}","templated":true}]}}