{"id":205,"date":"2015-03-26T15:46:25","date_gmt":"2015-03-26T14:46:25","guid":{"rendered":"http:\/\/agora.xtec.cat\/escolalafont\/?page_id=205"},"modified":"2025-10-18T17:57:10","modified_gmt":"2025-10-18T15:57:10","slug":"1-trets-didentitat","status":"publish","type":"page","link":"https:\/\/agora.xtec.cat\/escolalafont\/lescola\/1-trets-didentitat\/","title":{"rendered":"Caracter\u00edstiques del centre"},"content":{"rendered":"\n<p>L&#8217;escola la Font s&#8217;identifica com una escola <strong>cooperativa, inclusiva i competencial.<\/strong><br><br>\u00c9s un centre educatiu que imparteix dues etapes: el segon cicle d&#8217;Educaci\u00f3 Infantil i l&#8217;Educaci\u00f3 Prim\u00e0ria.<br><br>Som un centre oficialment de doble l\u00ednia, per\u00f2 internament ens organitzem per aules multinivell a educaci\u00f3 I3 i I4, en dos grups a I5. Pel que fa al&#8217;educaci\u00f3 prim\u00e0ria es fan tres l\u00ednies.<br><br>La l\u00ednia pedag\u00f2gica del centre es basa en el treball cooperatiu, la inclusi\u00f3 de tot l&#8217;alumnat i el treball per compet\u00e8ncies.<\/p>\n\n\n\n<hr class=\"wp-block-separator has-alpha-channel-opacity\"\/>\n\n\n\n<h2 class=\"wp-block-heading\">Trets d\u2019identitat del centre<\/h2>\n\n\n<table style=\"height: 125px; border-color: #030000; background-color: #b8aeae; width: 100%;\" border=\"2\" width=\"786\">\n<tbody>\n<tr style=\"height: 125px;\">\n<td style=\"height: 125px;\"><em>No \u00e9s ser humil, \u00e9s saber tenir identitat. Tenir identitat \u00e9s tenir consci\u00e8ncia. Tenir consci\u00e8ncia \u00e9s creure en un mateix. Creure \u00e9s la capacitat de crear i realitzar somnis i idees. Crear \u00e9s creixer. Crear \u00e9s viure.<\/em>\n<p style=\"text-align: right;\"><strong>Mauricio Reyna<\/strong><\/p>\n<\/td>\n<\/tr>\n<\/tbody>\n<\/table>\n<p><strong>Treball cooperatiu.<\/strong><\/p>\n<p>L&#8217;Escola la Font implementa una l\u00ednia metodol\u00f2gica de treball cooperatiu a totes les aules. L&#8217;alumnat de forma individual aporta els seus coneixements i les seves capacitats fent aprenentatge entre iguals i portant a terme activitats d&#8217;ensenyament-aprenentatge enfocades a l&#8217;assoliment de les compet\u00e8ncies b\u00e0siques.<\/p>\n<p><strong>Treball competencial.<\/strong><\/p>\n<p>L&#8217;Escola la Font proposa activitats significatives i vinculades a la quotidianitat del nostre alumnat. D&#8217;aquesta manera es desenvolupen les habilitats necess\u00e0ries per al seu desenvolupament com a persona.<\/p>\n<p><strong>Inclusiva.<\/strong><\/p>\n<p>L&#8217;Escola la Font prioritza la inclusi\u00f3 en espais ordinaris de tot l&#8217;alumnat, independentment de les necessitats educatives espcials i\/o espec\u00edfiques que presenti. Treballem per tal que l&#8217;infant es reconegui com a persona \u00fanica i diferent, acceptant-se tal com \u00e9s, de manera f\u00edsica, ps\u00edquica i intel\u00b7lectual.<\/p>\n<p>Volem fer entendre als i a les alumnes i a tota la comunitat educativa que tothom \u00e9s capa\u00e7 d&#8217;aportar coses positives al grup, a la societat i al m\u00f3n que ens envolta.<\/p>\n<p><strong>Catalana.<\/strong><\/p>\n<p>L&#8217;Escola la Font intrudeix els infants en la cultura i llengua catalana assolint el domini de les dues lleng\u00fces oficials a Catalunya i una compet\u00e8ncia adequada en llengua anglesa, cercant la satisfacci\u00f3 personal d&#8217;alumnes, personal docent i no docent i facilitant la participaci\u00f3 i confian\u00e7a de les fam\u00edlies i llur responsabilitat.<\/p>\n<p><strong>Laica.<\/strong><\/p>\n<p>L&#8217;Escola la Font pret\u00e9n que l&#8217;alumnat s&#8217;identifiqui socialment amb una manera d&#8217;entendre la vida compromesa amb els valors de la racionalitat, la democr\u00e0cia i el lliurepensament en l&#8217;acci\u00f3 di\u00e0ria de les seves decisions. L&#8217;Escola la Font est\u00e0 compromesa amb la salvaguarda de la dignitat humana i la defensa de les persones contra qualsevol limitaci\u00f3 o pressi\u00f3 injusta, aix\u00ed com amb un impuls de canvi de la societat a favor de la toler\u00e0ncia de la difer\u00e8ncia, dels drets humans i de la plena ciutadania.<\/p>\n<p><strong>Oberta a l&#8217;entorn.<\/strong><\/p>\n<p>L&#8217;Escola la Font \u00e9s oberta a tota la comunitat educativa, on docents, fam\u00edlies i alumnat tenen espais de participaci\u00f3 democr\u00e0tica i on totes les veus s\u00f3n escoltades amb respecte i toler\u00e0ncia.<\/p>\n<p>L&#8217;Escola la Font es mostra amb actitud dialogant davant de la resta d&#8217;entitats dels barris propers i de la ciutat de Manresa, participant de forma activa amb moltes d&#8217;elles.<\/p>\n<p>Volem que totes les activitats, tant acad\u00e8miques com l\u00fadiques, arribin a la totalitat dels i les alumnes, atenent a la diversitat.<\/p>\n<p><strong>Plural.<\/strong><\/p>\n<p>A l&#8217;Escola la Font es tracta amb igualtat, equitat i just\u00edcia qualsevol persona independentment del seu g\u00e8nere, proced\u00e8ncia, nacionalitat, creen\u00e7a&#8230;<\/p>\n<p><strong>Sostenible.<\/strong><\/p>\n<p>A l&#8217;Escola la Font s&#8217;inculca el valor de la sostenibilitat com a eix principal de cohesi\u00f3 social i coher\u00e8ncia personal en el desenvolupament dels projectes de vida de cadascun dels nostres infants, aix\u00ed com s&#8217;intenta estendre aquest valor a la resta de comunitat educativa.<\/p>\n<p><strong>Coeducativa.<\/strong><\/p>\n<p>Entenem la coeducaci\u00f3 com la condici\u00f3 necess\u00e0ria per desenvolupar tots els aspectes de la personalitat i qualsevol iniciativa. La igualtat entre homes i dones ha de comen\u00e7ar educant les noves generacions en aquests principis. Tractem igualit\u00e0riament ambd\u00f3s sexes, sense cap tipus de discriminaci\u00f3, exigint-los les mateixes responsabilitats intel\u00b7lectuals i socials. El coneixement de les difer\u00e8ncies fisiol\u00f2giques i psicol\u00f2giques \u00e9s garantia i base del respecte mutu.<\/p>\n<p>L&#8217;educaci\u00f3 no sexista est\u00e0 present en totes les accions educatives que es realitzen a l&#8217;escola i es planifiquen activitats educatives encaminades a compensar desigualtats, encara existents a la nostra societat.<\/p>\n<p><strong>Respectuosa.<\/strong><\/p>\n<p>Treballem el respecte:<\/p>\n<p>a) a s\u00ed mateix\/a.<\/p>\n<p>b) als i les altres, els m\u00e9s propers (companys\/es, mestres, personal no docent, fam\u00edlia) i els m\u00e9s llunyans (la societat en general).<\/p>\n<p>c) a l&#8217;entorn proper (escola, instal\u00b7lacions, material propi i dels altres, casa seva) i lluny\u00e0 (barri, ciutat, entorn natural i altres).<\/p>\n<p><strong>Treball emocional.<\/strong><\/p>\n<p>L&#8217;escola treballa per tal que l&#8217;alumne\/a trobi un suport emocional continuat, actuant sempre amb actituds positives.<\/p>\n<p><strong>Responsabilitat.<\/strong><\/p>\n<p>Fomentem la responsabilitat, tant en el treball com en l&#8217;acompliment de les normes, com a membres de l&#8217;escola i la societat.<\/p>\n<p><strong>Esperit cr\u00edtic.<\/strong><\/p>\n<p>Ensenyem a analitzar la realitat, valorant els aspectes positius i negatius d&#8217;aquesta, per tal de poder triar les pr\u00f2pies opcions i anar-se definint un criteri propi.<\/p>\n\n\n<hr class=\"wp-block-separator has-alpha-channel-opacity\"\/>\n\n\n\n<p><\/p>\n","protected":false},"excerpt":{"rendered":"<p>L&#8217;escola la Font s&#8217;identifica com una escola cooperativa, inclusiva i competencial. \u00c9s un centre educatiu que imparteix dues etapes: el segon cicle d&#8217;Educaci\u00f3 Infantil i l&#8217;Educaci\u00f3 Prim\u00e0ria. Som un centre oficialment de doble l\u00ednia, per\u00f2 internament ens organitzem per aules multinivell a educaci\u00f3 I3 i I4, en dos grups a I5. Pel que fa al&#8217;educaci\u00f3 [&hellip;]<\/p>\n","protected":false},"author":1,"featured_media":0,"parent":22,"menu_order":4,"comment_status":"closed","ping_status":"closed","template":"page-templates\/side-menu.php","meta":{"_bbp_topic_count":0,"_bbp_reply_count":0,"_bbp_total_topic_count":0,"_bbp_total_reply_count":0,"_bbp_voice_count":0,"_bbp_anonymous_reply_count":0,"_bbp_topic_count_hidden":0,"_bbp_reply_count_hidden":0,"_bbp_forum_subforum_count":0,"site-sidebar-layout":"left-sidebar","site-content-layout":"","ast-site-content-layout":"default","site-content-style":"default","site-sidebar-style":"default","ast-global-header-display":"","ast-banner-title-visibility":"","ast-main-header-display":"","ast-hfb-above-header-display":"","ast-hfb-below-header-display":"","ast-hfb-mobile-header-display":"","site-post-title":"","ast-breadcrumbs-content":"","ast-featured-img":"","footer-sml-layout":"","theme-transparent-header-meta":"","adv-header-id-meta":"","stick-header-meta":"","header-above-stick-meta":"","header-main-stick-meta":"","header-below-stick-meta":"","astra-migrate-meta-layouts":"set","ast-page-background-enabled":"default","ast-page-background-meta":{"desktop":{"background-color":"var(--ast-global-color-4)","background-image":"","background-repeat":"repeat","background-position":"center center","background-size":"auto","background-attachment":"scroll","background-type":"","background-media":"","overlay-type":"","overlay-color":"","overlay-opacity":"","overlay-gradient":""},"tablet":{"background-color":"","background-image":"","background-repeat":"repeat","background-position":"center center","background-size":"auto","background-attachment":"scroll","background-type":"","background-media":"","overlay-type":"","overlay-color":"","overlay-opacity":"","overlay-gradient":""},"mobile":{"background-color":"","background-image":"","background-repeat":"repeat","background-position":"center center","background-size":"auto","background-attachment":"scroll","background-type":"","background-media":"","overlay-type":"","overlay-color":"","overlay-opacity":"","overlay-gradient":""}},"ast-content-background-meta":{"desktop":{"background-color":"var(--ast-global-color-5)","background-image":"","background-repeat":"repeat","background-position":"center center","background-size":"auto","background-attachment":"scroll","background-type":"","background-media":"","overlay-type":"","overlay-color":"","overlay-opacity":"","overlay-gradient":""},"tablet":{"background-color":"var(--ast-global-color-5)","background-image":"","background-repeat":"repeat","background-position":"center center","background-size":"auto","background-attachment":"scroll","background-type":"","background-media":"","overlay-type":"","overlay-color":"","overlay-opacity":"","overlay-gradient":""},"mobile":{"background-color":"var(--ast-global-color-5)","background-image":"","background-repeat":"repeat","background-position":"center center","background-size":"auto","background-attachment":"scroll","background-type":"","background-media":"","overlay-type":"","overlay-color":"","overlay-opacity":"","overlay-gradient":""}},"footnotes":""},"class_list":["post-205","page","type-page","status-publish","hentry"],"post_mailing_queue_ids":[],"_links":{"self":[{"href":"https:\/\/agora.xtec.cat\/escolalafont\/wp-json\/wp\/v2\/pages\/205","targetHints":{"allow":["GET"]}}],"collection":[{"href":"https:\/\/agora.xtec.cat\/escolalafont\/wp-json\/wp\/v2\/pages"}],"about":[{"href":"https:\/\/agora.xtec.cat\/escolalafont\/wp-json\/wp\/v2\/types\/page"}],"author":[{"embeddable":true,"href":"https:\/\/agora.xtec.cat\/escolalafont\/wp-json\/wp\/v2\/users\/1"}],"replies":[{"embeddable":true,"href":"https:\/\/agora.xtec.cat\/escolalafont\/wp-json\/wp\/v2\/comments?post=205"}],"version-history":[{"count":5,"href":"https:\/\/agora.xtec.cat\/escolalafont\/wp-json\/wp\/v2\/pages\/205\/revisions"}],"predecessor-version":[{"id":10080,"href":"https:\/\/agora.xtec.cat\/escolalafont\/wp-json\/wp\/v2\/pages\/205\/revisions\/10080"}],"up":[{"embeddable":true,"href":"https:\/\/agora.xtec.cat\/escolalafont\/wp-json\/wp\/v2\/pages\/22"}],"wp:attachment":[{"href":"https:\/\/agora.xtec.cat\/escolalafont\/wp-json\/wp\/v2\/media?parent=205"}],"curies":[{"name":"wp","href":"https:\/\/api.w.org\/{rel}","templated":true}]}}