{"id":84,"date":"2014-09-18T14:11:31","date_gmt":"2014-09-18T12:11:31","guid":{"rendered":"http:\/\/agora.xtec.cat\/escolalacustaria\/?page_id=84"},"modified":"2025-09-04T12:45:54","modified_gmt":"2025-09-04T10:45:54","slug":"activitats-extraescolars","status":"publish","type":"page","link":"https:\/\/agora.xtec.cat\/escolalacustaria\/serveis\/activitats-extraescolars\/","title":{"rendered":"Activitats extraescolars"},"content":{"rendered":"<p><strong>Heu vist totes les activitats extraescolars que oferim aquest curs a l&#8217;escola?!\u00a0<\/strong><\/p>\n<p>L&#8217;AFA, conjuntament amb l&#8217;escola de m\u00fasica de Llagostera i Actiescola, us hem preparat unes activitats per gaudir al migdia de dilluns a divendres. Els enlla\u00e7os per fer les inscripcions els trobareu m\u00e9s avall.<\/p>\n<p>Per fer les inscripcions a les activitats d&#8217;<strong>angl\u00e8s, mecanograf\u00eda o el servei de bon dia<\/strong> <a href=\"https:\/\/www.actiescola.cat\/ca\/formularis\/llagostera-afa-escola-lacustaria-full-inscripcio-extraescolars-25-26\/\" target=\"_blank\" rel=\"noopener\">cliqueu aqu\u00ed.<\/a><\/p>\n<p>Per les inscripcions de <strong>m\u00fasica de i4, i5 i 1r<\/strong>, <a href=\"https:\/\/drive.google.com\/file\/d\/1uVHzzpQ87tRaLdAlBt5Ar7VrE5z7cjxA\/view?usp=sharing\" target=\"_blank\" rel=\"noopener\">cliqueu aqu\u00ed.<\/a><\/p>\n<p>NOTA: Activitats subjectes a canvis segons el nombre d&#8217;inscrits.<\/p>\n","protected":false},"excerpt":{"rendered":"<p>Heu vist totes les activitats extraescolars que oferim aquest curs a l&#8217;escola?!\u00a0 L&#8217;AFA, conjuntament amb l&#8217;escola de m\u00fasica de Llagostera i Actiescola, us hem preparat unes activitats per gaudir al migdia de dilluns a divendres. Els enlla\u00e7os per fer les inscripcions els trobareu m\u00e9s avall. Per fer les inscripcions a les activitats d&#8217;angl\u00e8s, mecanograf\u00eda o [&hellip;]<\/p>\n","protected":false},"author":26,"featured_media":0,"parent":66,"menu_order":60,"comment_status":"closed","ping_status":"closed","template":"","meta":{"_bbp_topic_count":0,"_bbp_reply_count":0,"_bbp_total_topic_count":0,"_bbp_total_reply_count":0,"_bbp_voice_count":0,"_bbp_anonymous_reply_count":0,"_bbp_topic_count_hidden":0,"_bbp_reply_count_hidden":0,"_bbp_forum_subforum_count":0,"site-sidebar-layout":"default","site-content-layout":"","ast-site-content-layout":"default","site-content-style":"default","site-sidebar-style":"default","ast-global-header-display":"","ast-banner-title-visibility":"","ast-main-header-display":"","ast-hfb-above-header-display":"","ast-hfb-below-header-display":"","ast-hfb-mobile-header-display":"","site-post-title":"","ast-breadcrumbs-content":"","ast-featured-img":"","footer-sml-layout":"","theme-transparent-header-meta":"","adv-header-id-meta":"","stick-header-meta":"","header-above-stick-meta":"","header-main-stick-meta":"","header-below-stick-meta":"","astra-migrate-meta-layouts":"set","ast-page-background-enabled":"default","ast-page-background-meta":{"desktop":{"background-color":"var(--ast-global-color-4)","background-image":"","background-repeat":"repeat","background-position":"center center","background-size":"auto","background-attachment":"scroll","background-type":"","background-media":"","overlay-type":"","overlay-color":"","overlay-opacity":"","overlay-gradient":""},"tablet":{"background-color":"","background-image":"","background-repeat":"repeat","background-position":"center center","background-size":"auto","background-attachment":"scroll","background-type":"","background-media":"","overlay-type":"","overlay-color":"","overlay-opacity":"","overlay-gradient":""},"mobile":{"background-color":"","background-image":"","background-repeat":"repeat","background-position":"center center","background-size":"auto","background-attachment":"scroll","background-type":"","background-media":"","overlay-type":"","overlay-color":"","overlay-opacity":"","overlay-gradient":""}},"ast-content-background-meta":{"desktop":{"background-color":"var(--ast-global-color-5)","background-image":"","background-repeat":"repeat","background-position":"center center","background-size":"auto","background-attachment":"scroll","background-type":"","background-media":"","overlay-type":"","overlay-color":"","overlay-opacity":"","overlay-gradient":""},"tablet":{"background-color":"var(--ast-global-color-5)","background-image":"","background-repeat":"repeat","background-position":"center center","background-size":"auto","background-attachment":"scroll","background-type":"","background-media":"","overlay-type":"","overlay-color":"","overlay-opacity":"","overlay-gradient":""},"mobile":{"background-color":"var(--ast-global-color-5)","background-image":"","background-repeat":"repeat","background-position":"center center","background-size":"auto","background-attachment":"scroll","background-type":"","background-media":"","overlay-type":"","overlay-color":"","overlay-opacity":"","overlay-gradient":""}},"footnotes":""},"class_list":["post-84","page","type-page","status-publish","hentry"],"post_mailing_queue_ids":[],"_links":{"self":[{"href":"https:\/\/agora.xtec.cat\/escolalacustaria\/wp-json\/wp\/v2\/pages\/84","targetHints":{"allow":["GET"]}}],"collection":[{"href":"https:\/\/agora.xtec.cat\/escolalacustaria\/wp-json\/wp\/v2\/pages"}],"about":[{"href":"https:\/\/agora.xtec.cat\/escolalacustaria\/wp-json\/wp\/v2\/types\/page"}],"author":[{"embeddable":true,"href":"https:\/\/agora.xtec.cat\/escolalacustaria\/wp-json\/wp\/v2\/users\/26"}],"replies":[{"embeddable":true,"href":"https:\/\/agora.xtec.cat\/escolalacustaria\/wp-json\/wp\/v2\/comments?post=84"}],"version-history":[{"count":5,"href":"https:\/\/agora.xtec.cat\/escolalacustaria\/wp-json\/wp\/v2\/pages\/84\/revisions"}],"predecessor-version":[{"id":24610,"href":"https:\/\/agora.xtec.cat\/escolalacustaria\/wp-json\/wp\/v2\/pages\/84\/revisions\/24610"}],"up":[{"embeddable":true,"href":"https:\/\/agora.xtec.cat\/escolalacustaria\/wp-json\/wp\/v2\/pages\/66"}],"wp:attachment":[{"href":"https:\/\/agora.xtec.cat\/escolalacustaria\/wp-json\/wp\/v2\/media?parent=84"}],"curies":[{"name":"wp","href":"https:\/\/api.w.org\/{rel}","templated":true}]}}