{"id":73,"date":"2014-09-18T14:01:51","date_gmt":"2014-09-18T12:01:51","guid":{"rendered":"http:\/\/agora.xtec.cat\/escolalacustaria\/?page_id=73"},"modified":"2026-05-13T13:32:33","modified_gmt":"2026-05-13T11:32:33","slug":"menjador-escolar","status":"publish","type":"page","link":"https:\/\/agora.xtec.cat\/escolalacustaria\/serveis\/menjador-escolar\/","title":{"rendered":"Menjador escolar"},"content":{"rendered":"\n<p>El menjador de l&#8217;escola \u00e9s gestionat per l&#8217;AFA. Els men\u00fas s&#8217;elaboren amb l&#8217;ajuda d&#8217;una persona professional (nutricionista) i sempre mirem d&#8217;incloure productes de temporada i de proximitat.<\/p>\n\n\n\n<p>Els men\u00fas tamb\u00e9 els podeu trobar al nostre perfil d&#8217;<a href=\"https:\/\/www.instagram.com\/afalacustaria\/\" target=\"_blank\" rel=\"noopener\">Instagram<\/a>! O si prefereixes, pots unir-te al canal de <a href=\"https:\/\/t.me\/+arSKsAhQNyU2ZmFk\" target=\"_blank\" rel=\"noopener\">Telegram de L&#8217;AFA<\/a> i t&#8217;enviarem el men\u00fa al m\u00f2bil cada mes!<\/p>\n\n\n\n<div class=\"wp-block-buttons is-content-justification-center is-layout-flex wp-container-core-buttons-is-layout-1 wp-block-buttons-is-layout-flex\">\n<div class=\"wp-block-button has-custom-font-size has-medium-font-size\"><a class=\"wp-block-button__link has-text-align-center wp-element-button\" href=\"https:\/\/drive.google.com\/file\/d\/1aARjrUkcX6IUrUEJ0y2vQkoSJG_fhfpi\/view?usp=drive_link\" style=\"border-width:6px;padding-top:var(--wp--preset--spacing--40);padding-right:var(--wp--preset--spacing--40);padding-bottom:var(--wp--preset--spacing--40);padding-left:var(--wp--preset--spacing--40)\" target=\"_blank\" rel=\"noreferrer noopener\"><strong>MEN\u00da MAIG<\/strong><\/a><\/div>\n<\/div>\n\n\n\n<p>&nbsp;Podeu descarregar aqu\u00ed l&#8217;alta i baixa del menjador, aix\u00ed com la normativa:<\/p>\n\n\n\n<ul class=\"wp-block-list\">\n<li><a href=\"https:\/\/drive.google.com\/file\/d\/1SBHUz8Db6CQ_BTNkGHO4fOgNfCimQGfj\/view?usp=sharing\" data-type=\"link\" data-id=\"https:\/\/drive.google.com\/file\/d\/1SBHUz8Db6CQ_BTNkGHO4fOgNfCimQGfj\/view?usp=sharing\" target=\"_blank\" rel=\"noreferrer noopener\">Alta menjador<\/a><\/li>\n\n\n\n<li><a href=\"https:\/\/drive.google.com\/file\/d\/1BHcZRC8ZDbMLyPDkzYexsyKGXwLG0DMx\/view?usp=sharing\" data-type=\"link\" data-id=\"https:\/\/drive.google.com\/file\/d\/1BHcZRC8ZDbMLyPDkzYexsyKGXwLG0DMx\/view?usp=sharing\" target=\"_blank\" rel=\"noreferrer noopener\">Baixa menjador<\/a><\/li>\n\n\n\n<li><a href=\"https:\/\/drive.google.com\/file\/d\/15Bw6uF13WgdLt3USJ75rEP7fOfg2VXoq\/view?usp=sharing\" data-type=\"link\" data-id=\"https:\/\/drive.google.com\/file\/d\/15Bw6uF13WgdLt3USJ75rEP7fOfg2VXoq\/view?usp=sharing\" target=\"_blank\" rel=\"noreferrer noopener\">Normativa menjador<\/a><\/li>\n<\/ul>\n\n\n\n<p><strong>Us recordem que els alumnes JA INSCRITS al servei de menjador, i que no tinguin cap modificaci\u00f3 a fer, NO HAN DE FER CAP GESTI\u00d3.<\/strong><\/p>\n\n\n\n<p>Per gestions de cada dia i m\u00e9s informaci\u00f3, teniu a la vostra disposici\u00f3 aquest tel\u00e8fon de contacte: 648065147<span style=\"border-radius: 2px; text-indent: 20px; width: auto; padding: 0px 4px 0px 0px; text-align: center; font: bold 11px\/20px 'Helvetica Neue',Helvetica,sans-serif; color: #ffffff; background: #bd081c no-repeat scroll 3px 50% \/ 14px 14px; position: absolute; opacity: 1; z-index: 8675309; display: none; cursor: pointer;\">Save<\/span><\/p>\n","protected":false},"excerpt":{"rendered":"<p>El menjador de l&#8217;escola \u00e9s gestionat per l&#8217;AFA. Els men\u00fas s&#8217;elaboren amb l&#8217;ajuda d&#8217;una persona professional (nutricionista) i sempre mirem d&#8217;incloure productes de temporada i de proximitat. Els men\u00fas tamb\u00e9 els podeu trobar al nostre perfil d&#8217;Instagram! O si prefereixes, pots unir-te al canal de Telegram de L&#8217;AFA i t&#8217;enviarem el men\u00fa al m\u00f2bil cada [&hellip;]<\/p>\n","protected":false},"author":26,"featured_media":0,"parent":66,"menu_order":30,"comment_status":"closed","ping_status":"closed","template":"","meta":{"_bbp_topic_count":0,"_bbp_reply_count":0,"_bbp_total_topic_count":0,"_bbp_total_reply_count":0,"_bbp_voice_count":0,"_bbp_anonymous_reply_count":0,"_bbp_topic_count_hidden":0,"_bbp_reply_count_hidden":0,"_bbp_forum_subforum_count":0,"site-sidebar-layout":"default","site-content-layout":"","ast-site-content-layout":"default","site-content-style":"default","site-sidebar-style":"default","ast-global-header-display":"","ast-banner-title-visibility":"","ast-main-header-display":"","ast-hfb-above-header-display":"","ast-hfb-below-header-display":"","ast-hfb-mobile-header-display":"","site-post-title":"","ast-breadcrumbs-content":"","ast-featured-img":"","footer-sml-layout":"","theme-transparent-header-meta":"","adv-header-id-meta":"","stick-header-meta":"","header-above-stick-meta":"","header-main-stick-meta":"","header-below-stick-meta":"","astra-migrate-meta-layouts":"set","ast-page-background-enabled":"default","ast-page-background-meta":{"desktop":{"background-color":"var(--ast-global-color-4)","background-image":"","background-repeat":"repeat","background-position":"center center","background-size":"auto","background-attachment":"scroll","background-type":"","background-media":"","overlay-type":"","overlay-color":"","overlay-opacity":"","overlay-gradient":""},"tablet":{"background-color":"","background-image":"","background-repeat":"repeat","background-position":"center center","background-size":"auto","background-attachment":"scroll","background-type":"","background-media":"","overlay-type":"","overlay-color":"","overlay-opacity":"","overlay-gradient":""},"mobile":{"background-color":"","background-image":"","background-repeat":"repeat","background-position":"center center","background-size":"auto","background-attachment":"scroll","background-type":"","background-media":"","overlay-type":"","overlay-color":"","overlay-opacity":"","overlay-gradient":""}},"ast-content-background-meta":{"desktop":{"background-color":"var(--ast-global-color-5)","background-image":"","background-repeat":"repeat","background-position":"center center","background-size":"auto","background-attachment":"scroll","background-type":"","background-media":"","overlay-type":"","overlay-color":"","overlay-opacity":"","overlay-gradient":""},"tablet":{"background-color":"var(--ast-global-color-5)","background-image":"","background-repeat":"repeat","background-position":"center center","background-size":"auto","background-attachment":"scroll","background-type":"","background-media":"","overlay-type":"","overlay-color":"","overlay-opacity":"","overlay-gradient":""},"mobile":{"background-color":"var(--ast-global-color-5)","background-image":"","background-repeat":"repeat","background-position":"center center","background-size":"auto","background-attachment":"scroll","background-type":"","background-media":"","overlay-type":"","overlay-color":"","overlay-opacity":"","overlay-gradient":""}},"footnotes":""},"class_list":["post-73","page","type-page","status-publish","hentry"],"post_mailing_queue_ids":[],"_links":{"self":[{"href":"https:\/\/agora.xtec.cat\/escolalacustaria\/wp-json\/wp\/v2\/pages\/73","targetHints":{"allow":["GET"]}}],"collection":[{"href":"https:\/\/agora.xtec.cat\/escolalacustaria\/wp-json\/wp\/v2\/pages"}],"about":[{"href":"https:\/\/agora.xtec.cat\/escolalacustaria\/wp-json\/wp\/v2\/types\/page"}],"author":[{"embeddable":true,"href":"https:\/\/agora.xtec.cat\/escolalacustaria\/wp-json\/wp\/v2\/users\/26"}],"replies":[{"embeddable":true,"href":"https:\/\/agora.xtec.cat\/escolalacustaria\/wp-json\/wp\/v2\/comments?post=73"}],"version-history":[{"count":5,"href":"https:\/\/agora.xtec.cat\/escolalacustaria\/wp-json\/wp\/v2\/pages\/73\/revisions"}],"predecessor-version":[{"id":25175,"href":"https:\/\/agora.xtec.cat\/escolalacustaria\/wp-json\/wp\/v2\/pages\/73\/revisions\/25175"}],"up":[{"embeddable":true,"href":"https:\/\/agora.xtec.cat\/escolalacustaria\/wp-json\/wp\/v2\/pages\/66"}],"wp:attachment":[{"href":"https:\/\/agora.xtec.cat\/escolalacustaria\/wp-json\/wp\/v2\/media?parent=73"}],"curies":[{"name":"wp","href":"https:\/\/api.w.org\/{rel}","templated":true}]}}