{"id":64,"date":"2014-09-18T12:39:08","date_gmt":"2014-09-18T10:39:08","guid":{"rendered":"http:\/\/agora.xtec.cat\/escolalacustaria\/?page_id=64"},"modified":"2025-11-13T11:48:25","modified_gmt":"2025-11-13T10:48:25","slug":"projecte-educatiu","status":"publish","type":"page","link":"https:\/\/agora.xtec.cat\/escolalacustaria\/lescola\/projecte-educatiu\/","title":{"rendered":"Projecte educatiu"},"content":{"rendered":"<p style=\"text-align: justify;\">D\u2019acord amb la LEC (Llei d\u2019Educaci\u00f3 de Catalana) tots els centres educatius vinculats al Servei d\u2019Educaci\u00f3 de Catalunya han de disposar de projecte educatiu. En el marc de l\u2019ordenament jur\u00eddic, el projecte educatiu, que \u00e9s la m\u00e0xima expressi\u00f3 de l\u2019autonomia dels centres educatius, recull la identitat del centre, n\u2019explicita els objectius, n\u2019orienta l\u2019activitat i hi d\u00f3na sentit amb la finalitat que els alumnes assoleixin les compet\u00e8ncies b\u00e0siques i el m\u00e0xim aprofitament educatiu.<\/p>\n<p style=\"text-align: justify;\">El projecte educatiu incorpora el car\u00e0cter propi del centre, contribueix a impulsar la col\u00b7laboraci\u00f3 entre els diversos sectors de la comunitat educativa i la relaci\u00f3 del centre amb l\u2019entorn social, i ha de tenir en compte, si n\u2019hi ha, els projectes educatius territorials.<\/p>\n<p style=\"text-align: justify;\">El darrer Projecte Educatiu de Centre elaborat a l\u2019escola Lacust\u00e0ria va ser presentat com a document definitiu al Consell Escolar el 2 de juliol de 2007 i es va aprovar per unanimitat. Passats 8 anys elaborem el present per adaptar\u00ad-nos a la normativa expressada a la LEC, amb vocaci\u00f3 de continu\u00eftat i amb perspectiva de millora. La formulaci\u00f3 dels projectes educatius dels centres p\u00fablics correspon al claustre del professorat, a iniciativa del director o directora i amb la participaci\u00f3 dels professionals d\u2019atenci\u00f3 educativa.<\/p>\n<p style=\"text-align: justify;\">L\u2019aprovaci\u00f3 del projecte educatiu correspon al consell escolar.<\/p>\n<p style=\"text-align: justify;\">Correspon al director o directora posar el projecte educatiu a disposici\u00f3 de l\u2019Administraci\u00f3 educativa, que n\u2019ha de requerir la modificaci\u00f3 en cas que no s\u2019ajusti a l\u2019ordenament.<\/p>\n<div class=\"row\" style=\"margin-bottom: 1em !important;\">\u00a0<\/div>\n\n\n<div class=\"wp-block-getwid-button-group\"><div class=\"wp-block-getwid-button-group__wrapper has-spacing-normal\">\n<div class=\"wp-block-button\"><a class=\"wp-block-button__link wp-element-button\" href=\"https:\/\/drive.google.com\/file\/d\/1iDGiMX6Q1YrVcGclbO9VLOJs4hlWFZnq\/view\">Projecte educatiu de Centre (PEC)<\/a><\/div>\n\n\n\n<div class=\"wp-block-button\"><a class=\"wp-block-button__link wp-element-button\" href=\"https:\/\/drive.google.com\/file\/d\/1pA7IhT0ITSDg-aMedZAVTaibWNeCjkgH\/view?usp=drive_link\">Normes d&#8217;organitzaci\u00f3 i funcionament de centre (NOFC)<\/a><\/div>\n<\/div><\/div>\n\n\n\n<div style=\"height:69px\" aria-hidden=\"true\" class=\"wp-block-spacer\"><\/div>\n\n\n\n<div class=\"wp-block-getwid-button-group\"><div class=\"wp-block-getwid-button-group__wrapper has-spacing-normal\">\n<div class=\"wp-block-button\"><a class=\"wp-block-button__link has-ast-global-color-1-background-color has-background wp-element-button\" href=\"https:\/\/drive.google.com\/file\/d\/1PfpO_3K1-oN_3q4pHi_mMMF4DpIw1_jN\/view\">Projecte ling\u00fc\u00edstic<\/a><\/div>\n\n\n\n<div class=\"wp-block-button\"><a class=\"wp-block-button__link has-ast-global-color-1-background-color has-background wp-element-button\">Carta de comprom\u00eds<\/a><\/div>\n\n\n\n<div class=\"wp-block-button\"><a class=\"wp-block-button__link has-ast-global-color-1-background-color has-background wp-element-button\" href=\"https:\/\/sites.google.com\/xtec.cat\/edc-escola-lacustaria\/inici\">Estrat\u00e8gia digital de centre<\/a><\/div>\n<\/div><\/div>\n\n\n\n<p><\/p>\n","protected":false},"excerpt":{"rendered":"<p>D\u2019acord amb la LEC (Llei d\u2019Educaci\u00f3 de Catalana) tots els centres educatius vinculats al Servei d\u2019Educaci\u00f3 de Catalunya han de disposar de projecte educatiu. En el marc de l\u2019ordenament jur\u00eddic, el projecte educatiu, que \u00e9s la m\u00e0xima expressi\u00f3 de l\u2019autonomia dels centres educatius, recull la identitat del centre, n\u2019explicita els objectius, n\u2019orienta l\u2019activitat i hi [&hellip;]<\/p>\n","protected":false},"author":1,"featured_media":0,"parent":22,"menu_order":2,"comment_status":"closed","ping_status":"closed","template":"","meta":{"_bbp_topic_count":0,"_bbp_reply_count":0,"_bbp_total_topic_count":0,"_bbp_total_reply_count":0,"_bbp_voice_count":0,"_bbp_anonymous_reply_count":0,"_bbp_topic_count_hidden":0,"_bbp_reply_count_hidden":0,"_bbp_forum_subforum_count":0,"site-sidebar-layout":"default","site-content-layout":"","ast-site-content-layout":"default","site-content-style":"default","site-sidebar-style":"default","ast-global-header-display":"","ast-banner-title-visibility":"","ast-main-header-display":"","ast-hfb-above-header-display":"","ast-hfb-below-header-display":"","ast-hfb-mobile-header-display":"","site-post-title":"","ast-breadcrumbs-content":"","ast-featured-img":"","footer-sml-layout":"","theme-transparent-header-meta":"default","adv-header-id-meta":"","stick-header-meta":"","header-above-stick-meta":"","header-main-stick-meta":"","header-below-stick-meta":"","astra-migrate-meta-layouts":"set","ast-page-background-enabled":"default","ast-page-background-meta":{"desktop":{"background-color":"var(--ast-global-color-4)","background-image":"","background-repeat":"repeat","background-position":"center center","background-size":"auto","background-attachment":"scroll","background-type":"","background-media":"","overlay-type":"","overlay-color":"","overlay-opacity":"","overlay-gradient":""},"tablet":{"background-color":"","background-image":"","background-repeat":"repeat","background-position":"center center","background-size":"auto","background-attachment":"scroll","background-type":"","background-media":"","overlay-type":"","overlay-color":"","overlay-opacity":"","overlay-gradient":""},"mobile":{"background-color":"","background-image":"","background-repeat":"repeat","background-position":"center center","background-size":"auto","background-attachment":"scroll","background-type":"","background-media":"","overlay-type":"","overlay-color":"","overlay-opacity":"","overlay-gradient":""}},"ast-content-background-meta":{"desktop":{"background-color":"var(--ast-global-color-5)","background-image":"","background-repeat":"repeat","background-position":"center center","background-size":"auto","background-attachment":"scroll","background-type":"","background-media":"","overlay-type":"","overlay-color":"","overlay-opacity":"","overlay-gradient":""},"tablet":{"background-color":"var(--ast-global-color-5)","background-image":"","background-repeat":"repeat","background-position":"center center","background-size":"auto","background-attachment":"scroll","background-type":"","background-media":"","overlay-type":"","overlay-color":"","overlay-opacity":"","overlay-gradient":""},"mobile":{"background-color":"var(--ast-global-color-5)","background-image":"","background-repeat":"repeat","background-position":"center center","background-size":"auto","background-attachment":"scroll","background-type":"","background-media":"","overlay-type":"","overlay-color":"","overlay-opacity":"","overlay-gradient":""}},"footnotes":""},"class_list":["post-64","page","type-page","status-publish","hentry"],"post_mailing_queue_ids":[],"_links":{"self":[{"href":"https:\/\/agora.xtec.cat\/escolalacustaria\/wp-json\/wp\/v2\/pages\/64","targetHints":{"allow":["GET"]}}],"collection":[{"href":"https:\/\/agora.xtec.cat\/escolalacustaria\/wp-json\/wp\/v2\/pages"}],"about":[{"href":"https:\/\/agora.xtec.cat\/escolalacustaria\/wp-json\/wp\/v2\/types\/page"}],"author":[{"embeddable":true,"href":"https:\/\/agora.xtec.cat\/escolalacustaria\/wp-json\/wp\/v2\/users\/1"}],"replies":[{"embeddable":true,"href":"https:\/\/agora.xtec.cat\/escolalacustaria\/wp-json\/wp\/v2\/comments?post=64"}],"version-history":[{"count":5,"href":"https:\/\/agora.xtec.cat\/escolalacustaria\/wp-json\/wp\/v2\/pages\/64\/revisions"}],"predecessor-version":[{"id":24756,"href":"https:\/\/agora.xtec.cat\/escolalacustaria\/wp-json\/wp\/v2\/pages\/64\/revisions\/24756"}],"up":[{"embeddable":true,"href":"https:\/\/agora.xtec.cat\/escolalacustaria\/wp-json\/wp\/v2\/pages\/22"}],"wp:attachment":[{"href":"https:\/\/agora.xtec.cat\/escolalacustaria\/wp-json\/wp\/v2\/media?parent=64"}],"curies":[{"name":"wp","href":"https:\/\/api.w.org\/{rel}","templated":true}]}}