{"id":488,"date":"2017-07-23T18:55:16","date_gmt":"2017-07-23T16:55:16","guid":{"rendered":"http:\/\/agora.xtec.cat\/escolalacustaria\/?page_id=488"},"modified":"2026-02-04T09:53:20","modified_gmt":"2026-02-04T08:53:20","slug":"despeses","status":"publish","type":"page","link":"https:\/\/agora.xtec.cat\/escolalacustaria\/despeses\/","title":{"rendered":"Despeses"},"content":{"rendered":"<p>Anualment, se sol aportar, de manera orientativa:<\/p>\n<ol>\n<li>Volunt\u00e0riament, en concepte de\u00a0<strong>material fungible did\u00e0ctic:<\/strong><\/li>\n<\/ol>\n<ul>\n<li><strong>Grup de petits\u00a0<\/strong> (I-3, I-4, I-5): 81\u20ac (tot incl\u00f2s)<\/li>\n<li><strong>Grups de mitjans i grans <\/strong>(1r, 2n, 3r, 4t, 5\u00e8 i 6\u00e8): 51\u20ac<\/li>\n<\/ul>\n<p>La despesa de <strong>quaderns i altre material a Prim\u00e0ria <\/strong>\u00e9s variable segons el curs.<\/p>\n<p>L\u2019Ajuntament convoca els Ajuts per a material escolar i sortides.<\/p>\n<ol start=\"2\">\n<li>Les\u00a0<strong>sortides i excursions<\/strong>\u00a0que tenen lloc al llarg del curs:\n<ul data-blogger-escaped-style=\"margin-top: 0cm;\">\n<li data-blogger-escaped-style=\"margin-bottom: 0.0001pt; margin-right: 11pt; text-align: justify;\">Excursions: entre 10 i 25 \u20ac aprox. per curs.<\/li>\n<li data-blogger-escaped-style=\"margin-bottom: 0.0001pt; margin-right: 11pt; text-align: justify;\">Viatge 6\u00e8: aportaci\u00f3 segons guanys activitats pro-viatge.<\/li>\n<\/ul>\n<\/li>\n<\/ol>\n<ol start=\"3\">\n<li>El Consell Comarcal del Giron\u00e8s convoca dos tipus d\u2019ajuts per a l\u2019alumnat\u00a0d\u2019infantil i prim\u00e0ria:<\/li>\n<\/ol>\n<ul>\n<li><strong>Ajuts individuals de menjador escolar <\/strong>( aproximadament a l&#8217;abril)<strong><br \/>\n<\/strong><\/li>\n<li><strong data-blogger-escaped-style=\"font-family: inherit; text-indent: 19pt;\">Ajuts individuals de despla\u00e7ament <\/strong>(aproximadament al mar\u00e7)<strong data-blogger-escaped-style=\"font-family: inherit; text-indent: 19pt;\"><br \/>\n<\/strong><\/li>\n<\/ul>\n<ol start=\"4\">\n<li>La\u00a0<strong>quota de l\u2019Associaci\u00f3 de Fam\u00edlies (<a href=\"http:\/\/agora.xtec.cat\/escolalacustaria\/categoria\/afa\/\">AFA<\/a>)<\/strong> \u00e9s de 29 euros per curs i per fam\u00edlia. Els socis tenen descompte en el material escolar de la llibreria i la roba, i en les activitats extraescolars organitzades per l\u2019AFA.<\/li>\n<li>Les\u00a0<a href=\"http:\/\/agora.xtec.cat\/escolalacustaria\/serveis\/activitats-extraescolars\/\"><strong>activitats extraescolars<\/strong><\/a> organitzades per l\u2019AFA tenen un cost variable: Servei de Bon dia (a partir de les 8h o 8:30h) angl\u00e8s, rob\u00f2tica, m\u00fasica&#8230;, si hi ha un m\u00ednim de sol\u00b7licituds.<\/li>\n<\/ol>\n","protected":false},"excerpt":{"rendered":"<p>Anualment, se sol aportar, de manera orientativa: Volunt\u00e0riament, en concepte de\u00a0material fungible did\u00e0ctic: Grup de petits\u00a0 (I-3, I-4, I-5): 81\u20ac (tot incl\u00f2s) Grups de mitjans i grans (1r, 2n, 3r, 4t, 5\u00e8 i 6\u00e8): 51\u20ac La despesa de quaderns i altre material a Prim\u00e0ria \u00e9s variable segons el curs. L\u2019Ajuntament convoca els Ajuts per a [&hellip;]<\/p>\n","protected":false},"author":1,"featured_media":0,"parent":0,"menu_order":0,"comment_status":"closed","ping_status":"closed","template":"","meta":{"_bbp_topic_count":0,"_bbp_reply_count":0,"_bbp_total_topic_count":0,"_bbp_total_reply_count":0,"_bbp_voice_count":0,"_bbp_anonymous_reply_count":0,"_bbp_topic_count_hidden":0,"_bbp_reply_count_hidden":0,"_bbp_forum_subforum_count":0,"site-sidebar-layout":"default","site-content-layout":"","ast-site-content-layout":"default","site-content-style":"default","site-sidebar-style":"default","ast-global-header-display":"","ast-banner-title-visibility":"","ast-main-header-display":"","ast-hfb-above-header-display":"","ast-hfb-below-header-display":"","ast-hfb-mobile-header-display":"","site-post-title":"","ast-breadcrumbs-content":"","ast-featured-img":"","footer-sml-layout":"","theme-transparent-header-meta":"","adv-header-id-meta":"","stick-header-meta":"","header-above-stick-meta":"","header-main-stick-meta":"","header-below-stick-meta":"","astra-migrate-meta-layouts":"set","ast-page-background-enabled":"default","ast-page-background-meta":{"desktop":{"background-color":"var(--ast-global-color-4)","background-image":"","background-repeat":"repeat","background-position":"center center","background-size":"auto","background-attachment":"scroll","background-type":"","background-media":"","overlay-type":"","overlay-color":"","overlay-opacity":"","overlay-gradient":""},"tablet":{"background-color":"","background-image":"","background-repeat":"repeat","background-position":"center center","background-size":"auto","background-attachment":"scroll","background-type":"","background-media":"","overlay-type":"","overlay-color":"","overlay-opacity":"","overlay-gradient":""},"mobile":{"background-color":"","background-image":"","background-repeat":"repeat","background-position":"center center","background-size":"auto","background-attachment":"scroll","background-type":"","background-media":"","overlay-type":"","overlay-color":"","overlay-opacity":"","overlay-gradient":""}},"ast-content-background-meta":{"desktop":{"background-color":"var(--ast-global-color-5)","background-image":"","background-repeat":"repeat","background-position":"center center","background-size":"auto","background-attachment":"scroll","background-type":"","background-media":"","overlay-type":"","overlay-color":"","overlay-opacity":"","overlay-gradient":""},"tablet":{"background-color":"var(--ast-global-color-5)","background-image":"","background-repeat":"repeat","background-position":"center center","background-size":"auto","background-attachment":"scroll","background-type":"","background-media":"","overlay-type":"","overlay-color":"","overlay-opacity":"","overlay-gradient":""},"mobile":{"background-color":"var(--ast-global-color-5)","background-image":"","background-repeat":"repeat","background-position":"center center","background-size":"auto","background-attachment":"scroll","background-type":"","background-media":"","overlay-type":"","overlay-color":"","overlay-opacity":"","overlay-gradient":""}},"footnotes":""},"class_list":["post-488","page","type-page","status-publish","hentry"],"post_mailing_queue_ids":[],"_links":{"self":[{"href":"https:\/\/agora.xtec.cat\/escolalacustaria\/wp-json\/wp\/v2\/pages\/488","targetHints":{"allow":["GET"]}}],"collection":[{"href":"https:\/\/agora.xtec.cat\/escolalacustaria\/wp-json\/wp\/v2\/pages"}],"about":[{"href":"https:\/\/agora.xtec.cat\/escolalacustaria\/wp-json\/wp\/v2\/types\/page"}],"author":[{"embeddable":true,"href":"https:\/\/agora.xtec.cat\/escolalacustaria\/wp-json\/wp\/v2\/users\/1"}],"replies":[{"embeddable":true,"href":"https:\/\/agora.xtec.cat\/escolalacustaria\/wp-json\/wp\/v2\/comments?post=488"}],"version-history":[{"count":6,"href":"https:\/\/agora.xtec.cat\/escolalacustaria\/wp-json\/wp\/v2\/pages\/488\/revisions"}],"predecessor-version":[{"id":24907,"href":"https:\/\/agora.xtec.cat\/escolalacustaria\/wp-json\/wp\/v2\/pages\/488\/revisions\/24907"}],"wp:attachment":[{"href":"https:\/\/agora.xtec.cat\/escolalacustaria\/wp-json\/wp\/v2\/media?parent=488"}],"curies":[{"name":"wp","href":"https:\/\/api.w.org\/{rel}","templated":true}]}}