{"id":3741,"date":"2018-04-13T13:08:39","date_gmt":"2018-04-13T11:08:39","guid":{"rendered":"http:\/\/agora.xtec.cat\/escolalacustaria\/?page_id=3741"},"modified":"2022-01-28T17:10:22","modified_gmt":"2022-01-28T16:10:22","slug":"ajuts-individuals-de-menjador-curs-2022-2023","status":"publish","type":"page","link":"https:\/\/agora.xtec.cat\/escolalacustaria\/ajuts-individuals-de-menjador-curs-2022-2023\/","title":{"rendered":"AJUTS DE MENJADOR i TRANSPORT curs 2022-2023"},"content":{"rendered":"<h3 data-blogger-escaped-style=\"clear: both; text-align: center;\"><\/h3>\n<h3 data-blogger-escaped-style=\"clear: both; text-align: center;\">.<\/h3>\n<h3 data-blogger-escaped-style=\"clear: both; text-align: center;\"><\/h3>\n<h3 class=\"separator\" style=\"text-align: center;\" data-blogger-escaped-style=\"clear: both; text-align: center;\"><a href=\"http:\/\/agora.xtec.cat\/escolalacustaria\/wp-content\/uploads\/usu1252\/2018\/04\/consell.jpg\"><img loading=\"lazy\" decoding=\"async\" class=\"size-full wp-image-10890 alignleft\" src=\"http:\/\/agora.xtec.cat\/escolalacustaria\/wp-content\/uploads\/usu1252\/2018\/04\/consell.jpg\" alt=\"\" width=\"216\" height=\"96\" \/><\/a><\/h3>\n<h3 class=\"separator\" style=\"text-align: center;\" data-blogger-escaped-style=\"clear: both; text-align: center;\"><\/h3>\n<h3 class=\"separator\" style=\"text-align: center;\" data-blogger-escaped-style=\"clear: both; text-align: center;\"><\/h3>\n<h3 class=\"separator\" style=\"text-align: center;\" data-blogger-escaped-style=\"clear: both; text-align: center;\"><\/h3>\n<h3 class=\"separator\" style=\"text-align: center;\" data-blogger-escaped-style=\"clear: both; text-align: center;\">CONVOCAT\u00d2RIA D&#8217;AJUTS DE MENJADOR (AIMS) I TRANSPORT<\/h3>\n<h3 class=\"separator\" style=\"text-align: center;\" data-blogger-escaped-style=\"clear: both; text-align: center;\">CURS 2022 &#8211; 2023<\/h3>\n<p>.<\/p>\n<p>&nbsp;<\/p>\n<h3>Aquest any les beques de menjador i de transport seran online i primer us haureu de registrar a <a href=\"https:\/\/idcatmobil.seu.cat\" target=\"_blank\" rel=\"noopener noreferrer\">https:\/\/idcatmobil.seu.cat<\/a> per poder-les tramitar.<\/h3>\n<p>&nbsp;<\/p>\n<p>&nbsp;<\/p>\n<h4 style=\"text-align: left;\">Trobareu tota la informaci\u00f3 a la web del Consell Comarcal:<\/h4>\n<p>&nbsp;<\/p>\n<ul>\n<li>\n<h4><a href=\"https:\/\/www.girones.cat\/arees\/ensenyament-cultura-turisme-catala-joventut-i-esports\/ensenyament\/ajuts-de-menjador\/\"><span style=\"text-decoration: underline;\">Menjador <\/span><\/a>\u00a0 Termini: del 10 al 31 de maig<\/h4>\n<\/li>\n<\/ul>\n<p>&nbsp;<\/p>\n<p><a class=\"button normal\" style=\"padding: 1em; font-weight: 400; margin: 0.1em; color: white !important; background-color: #2ca698bf;\" href=\"https:\/\/drive.google.com\/file\/d\/1L8hAxn2hpx4XV4eFvgRtx2lNycOOP8Al\/view\" target=\"_blank\" rel=\"noopener noreferrer\">Nota informativa<\/a><\/p>\n<p><a class=\"button normal\" style=\"padding: 1em; font-weight: 400; margin: 0.1em; color: white !important; background-color: #9e9e9e;\" href=\"https:\/\/drive.google.com\/file\/d\/1L8hAxn2hpx4XV4eFvgRtx2lNycOOP8Al\/view?usp=sharing\" target=\"_blank\" rel=\"noopener noreferrer\">Bases de la convocat\u00f2ria<\/a><\/p>\n<p style=\"font-weight: 400;\">Destaquem la novetat de que els ciutadans hauran d&#8217;accedir al tr\u00e0mit mitjan\u00e7ant qualsevol dels\u00a0<strong>certificats digitals autoritzats\u00a0<\/strong><em>(FNMT, tCat, Cl@ve, idCat m\u00f2bil, etc.),\u00a0<\/em>com ja us vam avan\u00e7ar.\u00a0Sens perjudici que els alumnes de renovaci\u00f3, per aquest curs, encara tindran l&#8217;opci\u00f3, sin\u00f3 disposen de cap certificat digital, de sol\u00b7licitar CODI per fer la renovaci\u00f3 de la sol\u00b7licitud.<\/p>\n<p>&nbsp;<\/p>\n<ul>\n<li>\n<h4><a href=\"https:\/\/www.girones.cat\/arees\/ensenyament-cultura-turisme-catala-joventut-i-esports\/ensenyament\/transport-escolar\/\"><span style=\"text-decoration: underline;\">Transport<\/span> \u00a0 <\/a>Termini: del 15 de mar\u00e7 al 9 d&#8217;abril<\/h4>\n<\/li>\n<\/ul>\n<p><a class=\"button normal\" style=\"padding: 1em; font-weight: 400; margin: 0.1em; color: white !important; background-color: #2ca698bf;\" href=\"https:\/\/drive.google.com\/file\/d\/1S2RjUfH_N0cOx27Ml0LEAe_WG7AAe3zM\/view\" target=\"_blank\" rel=\"noopener noreferrer\">Nota informativa<\/a><\/p>\n<p><a class=\"button normal\" style=\"padding: 1em; font-weight: 400; margin: 0.1em; color: white !important; background-color: #9e9e9e;\" href=\"https:\/\/drive.google.com\/file\/d\/1wdpyrU6VywNhCCKL42Q_zqE3iQzZkfZl\/view?usp=sharing\" target=\"_blank\" rel=\"noopener noreferrer\">Bases de la convocat\u00f2ria<\/a><\/p>\n<p>&nbsp;<\/p>\n<p>&nbsp;<\/p>\n<p>&nbsp;<\/p>\n<p>&nbsp;<\/p>\n<p>\u00c9s molt recomanable tenir l\u2019idCAT m\u00f2bil per poder realitzar la sol\u00b7licitud de les beques de menjador i transport. Tamb\u00e9 us servir\u00e0 per fer tr\u00e0mits electr\u00f2nics amb les administracions catalanes.<br \/>\nProperament us informarem de les dates per tramitar les sol\u00b7licituds.<\/p>\n<p>El registre \u00e9s molt senzill: tingueu a m\u00e0 el vostre DNI o TIE, la targeta sanit\u00e0ria i el vostre correu electr\u00f2nic.<\/p>\n<p>&nbsp;<\/p>\n<h5 style=\"text-align: center;\"><\/h5>\n<p style=\"text-align: center;\"><img loading=\"lazy\" decoding=\"async\" class=\"aligncenter wp-image-17646\" src=\"https:\/\/agora.xtec.cat\/escolalacustaria\/wp-content\/uploads\/usu1252\/2021\/02\/idescatmobil-723x1024-212x300.jpg\" alt=\"\" width=\"319\" height=\"451\" srcset=\"https:\/\/agora.xtec.cat\/escolalacustaria\/wp-content\/uploads\/usu1252\/2021\/02\/idescatmobil-723x1024-212x300.jpg 212w, https:\/\/agora.xtec.cat\/escolalacustaria\/wp-content\/uploads\/usu1252\/2021\/02\/idescatmobil-723x1024.jpg 723w\" sizes=\"auto, (max-width: 319px) 100vw, 319px\" \/><\/p>\n<p style=\"text-align: center;\"><img loading=\"lazy\" decoding=\"async\" class=\"aligncenter wp-image-17749\" src=\"https:\/\/agora.xtec.cat\/escolalacustaria\/wp-content\/uploads\/usu1252\/2021\/02\/WhatsApp-Image-2021-02-19-at-12.40.05-300x245.jpeg\" alt=\"\" width=\"370\" height=\"302\" srcset=\"https:\/\/agora.xtec.cat\/escolalacustaria\/wp-content\/uploads\/usu1252\/2021\/02\/WhatsApp-Image-2021-02-19-at-12.40.05-300x245.jpeg 300w, https:\/\/agora.xtec.cat\/escolalacustaria\/wp-content\/uploads\/usu1252\/2021\/02\/WhatsApp-Image-2021-02-19-at-12.40.05-768x626.jpeg 768w, https:\/\/agora.xtec.cat\/escolalacustaria\/wp-content\/uploads\/usu1252\/2021\/02\/WhatsApp-Image-2021-02-19-at-12.40.05-1024x835.jpeg 1024w, https:\/\/agora.xtec.cat\/escolalacustaria\/wp-content\/uploads\/usu1252\/2021\/02\/WhatsApp-Image-2021-02-19-at-12.40.05.jpeg 1489w\" sizes=\"auto, (max-width: 370px) 100vw, 370px\" \/><\/p>\n<p>&nbsp;<\/p>\n<p><img loading=\"lazy\" decoding=\"async\" class=\"aligncenter wp-image-17647\" src=\"https:\/\/agora.xtec.cat\/escolalacustaria\/wp-content\/uploads\/usu1252\/2021\/02\/No-trobes-el-teu-correu-electro\u0300nic__page-0001-1080x2700-120x300.jpg\" alt=\"\" width=\"297\" height=\"743\" srcset=\"https:\/\/agora.xtec.cat\/escolalacustaria\/wp-content\/uploads\/usu1252\/2021\/02\/No-trobes-el-teu-correu-electro\u0300nic__page-0001-1080x2700-120x300.jpg 120w, https:\/\/agora.xtec.cat\/escolalacustaria\/wp-content\/uploads\/usu1252\/2021\/02\/No-trobes-el-teu-correu-electro\u0300nic__page-0001-1080x2700-768x1920.jpg 768w, https:\/\/agora.xtec.cat\/escolalacustaria\/wp-content\/uploads\/usu1252\/2021\/02\/No-trobes-el-teu-correu-electro\u0300nic__page-0001-1080x2700-410x1024.jpg 410w, https:\/\/agora.xtec.cat\/escolalacustaria\/wp-content\/uploads\/usu1252\/2021\/02\/No-trobes-el-teu-correu-electro\u0300nic__page-0001-1080x2700.jpg 1080w\" sizes=\"auto, (max-width: 297px) 100vw, 297px\" \/><\/p>\n<p>&nbsp;<\/p>\n<p style=\"font-weight: 400;\">\n","protected":false},"excerpt":{"rendered":"<p>. CONVOCAT\u00d2RIA D&#8217;AJUTS DE MENJADOR (AIMS) I TRANSPORT CURS 2022 &#8211; 2023 . &nbsp; Aquest any les beques de menjador i de transport seran online i primer us haureu de registrar a https:\/\/idcatmobil.seu.cat per poder-les tramitar. &nbsp; &nbsp; Trobareu tota la informaci\u00f3 a la web del Consell Comarcal: &nbsp; Menjador \u00a0 Termini: del 10 al [&hellip;]<\/p>\n","protected":false},"author":1,"featured_media":0,"parent":0,"menu_order":0,"comment_status":"closed","ping_status":"closed","template":"","meta":{"_bbp_topic_count":0,"_bbp_reply_count":0,"_bbp_total_topic_count":0,"_bbp_total_reply_count":0,"_bbp_voice_count":0,"_bbp_anonymous_reply_count":0,"_bbp_topic_count_hidden":0,"_bbp_reply_count_hidden":0,"_bbp_forum_subforum_count":0,"site-sidebar-layout":"default","site-content-layout":"","ast-site-content-layout":"","site-content-style":"default","site-sidebar-style":"default","ast-global-header-display":"","ast-banner-title-visibility":"","ast-main-header-display":"","ast-hfb-above-header-display":"","ast-hfb-below-header-display":"","ast-hfb-mobile-header-display":"","site-post-title":"","ast-breadcrumbs-content":"","ast-featured-img":"","footer-sml-layout":"","theme-transparent-header-meta":"","adv-header-id-meta":"","stick-header-meta":"","header-above-stick-meta":"","header-main-stick-meta":"","header-below-stick-meta":"","astra-migrate-meta-layouts":"default","ast-page-background-enabled":"default","ast-page-background-meta":{"desktop":{"background-color":"var(--ast-global-color-4)","background-image":"","background-repeat":"repeat","background-position":"center center","background-size":"auto","background-attachment":"scroll","background-type":"","background-media":"","overlay-type":"","overlay-color":"","overlay-opacity":"","overlay-gradient":""},"tablet":{"background-color":"","background-image":"","background-repeat":"repeat","background-position":"center center","background-size":"auto","background-attachment":"scroll","background-type":"","background-media":"","overlay-type":"","overlay-color":"","overlay-opacity":"","overlay-gradient":""},"mobile":{"background-color":"","background-image":"","background-repeat":"repeat","background-position":"center center","background-size":"auto","background-attachment":"scroll","background-type":"","background-media":"","overlay-type":"","overlay-color":"","overlay-opacity":"","overlay-gradient":""}},"ast-content-background-meta":{"desktop":{"background-color":"var(--ast-global-color-5)","background-image":"","background-repeat":"repeat","background-position":"center center","background-size":"auto","background-attachment":"scroll","background-type":"","background-media":"","overlay-type":"","overlay-color":"","overlay-opacity":"","overlay-gradient":""},"tablet":{"background-color":"var(--ast-global-color-5)","background-image":"","background-repeat":"repeat","background-position":"center center","background-size":"auto","background-attachment":"scroll","background-type":"","background-media":"","overlay-type":"","overlay-color":"","overlay-opacity":"","overlay-gradient":""},"mobile":{"background-color":"var(--ast-global-color-5)","background-image":"","background-repeat":"repeat","background-position":"center center","background-size":"auto","background-attachment":"scroll","background-type":"","background-media":"","overlay-type":"","overlay-color":"","overlay-opacity":"","overlay-gradient":""}},"footnotes":""},"class_list":["post-3741","page","type-page","status-publish","hentry"],"post_mailing_queue_ids":[],"_links":{"self":[{"href":"https:\/\/agora.xtec.cat\/escolalacustaria\/wp-json\/wp\/v2\/pages\/3741","targetHints":{"allow":["GET"]}}],"collection":[{"href":"https:\/\/agora.xtec.cat\/escolalacustaria\/wp-json\/wp\/v2\/pages"}],"about":[{"href":"https:\/\/agora.xtec.cat\/escolalacustaria\/wp-json\/wp\/v2\/types\/page"}],"author":[{"embeddable":true,"href":"https:\/\/agora.xtec.cat\/escolalacustaria\/wp-json\/wp\/v2\/users\/1"}],"replies":[{"embeddable":true,"href":"https:\/\/agora.xtec.cat\/escolalacustaria\/wp-json\/wp\/v2\/comments?post=3741"}],"version-history":[{"count":3,"href":"https:\/\/agora.xtec.cat\/escolalacustaria\/wp-json\/wp\/v2\/pages\/3741\/revisions"}],"predecessor-version":[{"id":19904,"href":"https:\/\/agora.xtec.cat\/escolalacustaria\/wp-json\/wp\/v2\/pages\/3741\/revisions\/19904"}],"wp:attachment":[{"href":"https:\/\/agora.xtec.cat\/escolalacustaria\/wp-json\/wp\/v2\/media?parent=3741"}],"curies":[{"name":"wp","href":"https:\/\/api.w.org\/{rel}","templated":true}]}}