{"id":3514,"date":"2017-08-03T18:30:55","date_gmt":"2017-08-03T16:30:55","guid":{"rendered":"http:\/\/agora.xtec.cat\/escolalacustaria\/?page_id=3514"},"modified":"2017-08-03T18:37:34","modified_gmt":"2017-08-03T16:37:34","slug":"setmana-de-la-ciencia","status":"publish","type":"page","link":"https:\/\/agora.xtec.cat\/escolalacustaria\/setmana-de-la-ciencia\/","title":{"rendered":"SETMANA DE LA CI\u00c8NCIA"},"content":{"rendered":"<p>Durant la Setmana de la Ci\u00e8ncia es celebraren tot un munt d\u2019activitats de divulgaci\u00f3 cient\u00edfica arreu del nostre territori. Jornades de portes obertes, exposicions, xerrades, jocs, tallers cient\u00edfics\u2026 tot un ventall de possibilitats al nostre abast.<\/p>\n<p>La Setmana de la Ci\u00e8ncia \u00e9s una iniciativa coordinada per la Fundaci\u00f3 Catalana per a la Recerca i la Innovaci\u00f3.<\/p>\n<p>&nbsp;<\/p>\n<p>A la nostra escola durant la SETMANA DE LA CI\u00c8NCIA fem diferents activitats recollides a continuaci\u00f3 (premeu damunt de les imatges):<\/p>\n<table style=\"width: 912px;\">\n<tbody>\n<tr style=\"height: 33px;\">\n<td style=\"width: 281px; text-align: center; height: 33px;\">\n<h3><strong>CURS 2011 &#8211; 2012<\/strong><\/h3>\n<\/td>\n<td style=\"width: 622px; text-align: center; height: 33px;\"><a href=\"https:\/\/docs.google.com\/presentation\/d\/1mUhg9erR9bU8cktFT1pazcp_3awTBVBnEqRNRcEHsS4\/present#slide=id.i0\"><img loading=\"lazy\" decoding=\"async\" class=\"aligncenter size-medium wp-image-3515\" src=\"http:\/\/agora.xtec.cat\/escolalacustaria\/wp-content\/uploads\/usu1252\/2017\/08\/setmana-ci\u00e8ncia-2011-213x300.jpg\" alt=\"\" width=\"213\" height=\"300\" \/><\/a><\/td>\n<\/tr>\n<tr style=\"height: 33px;\">\n<td style=\"width: 281px; text-align: center; height: 33px;\">\n<h3><strong>CURS 2012 &#8211; 2013<\/strong><\/h3>\n<\/td>\n<td style=\"width: 622px; text-align: center; height: 33px;\"><a href=\"https:\/\/docs.google.com\/presentation\/d\/1tKBPq3EvKDfwFQ6pEVscvLE6tfRO9tqEz7l85p9Kxlw\/pub?start=false&amp;loop=false&amp;delayms=3000#slide=id.p\"><img loading=\"lazy\" decoding=\"async\" class=\"aligncenter size-medium wp-image-3516\" src=\"http:\/\/agora.xtec.cat\/escolalacustaria\/wp-content\/uploads\/usu1252\/2017\/08\/setmana-ci\u00e8ncia-2012-212x300.jpg\" alt=\"\" width=\"212\" height=\"300\" \/><\/a><\/td>\n<\/tr>\n<tr style=\"height: 33px;\">\n<td style=\"width: 281px; text-align: center; height: 33px;\">\n<h3><strong>CURS 2013 &#8211; 2014<\/strong><\/h3>\n<\/td>\n<td style=\"width: 622px; text-align: center; height: 33px;\"><a href=\"https:\/\/docs.google.com\/presentation\/d\/1A3AyLHxKrI7M0AN5ifDBiTeyMrz7z4QvC9uIYHFaKYY\/pub?start=false&amp;loop=false&amp;delayms=3000#slide=id.i0\"><img loading=\"lazy\" decoding=\"async\" class=\"aligncenter size-medium wp-image-3517\" src=\"http:\/\/agora.xtec.cat\/escolalacustaria\/wp-content\/uploads\/usu1252\/2017\/08\/setmana-ci\u00e8ncia-2013-216x300.jpg\" alt=\"\" width=\"216\" height=\"300\" \/><\/a><\/td>\n<\/tr>\n<tr style=\"height: 183px;\">\n<td style=\"width: 281px; text-align: center; height: 183px;\">\n<h3><strong>CURS 2014 &#8211; 2015<\/strong><\/h3>\n<\/td>\n<td style=\"width: 622px; text-align: center; height: 183px;\"><a href=\"https:\/\/docs.google.com\/presentation\/d\/1uGSlTqmzcdGD5Pe8vbj6cnxlh8RqrRFRl_T25L1WWaI\/pub?start=false&amp;loop=false&amp;delayms=3000#slide=id.p\"><img loading=\"lazy\" decoding=\"async\" class=\"aligncenter wp-image-3518 size-medium\" src=\"http:\/\/agora.xtec.cat\/escolalacustaria\/wp-content\/uploads\/usu1252\/2017\/08\/setmana-ci\u00e8ncia-2014-212x300.jpg\" alt=\"\" width=\"212\" height=\"300\" \/><\/a><\/td>\n<\/tr>\n<tr style=\"height: 183px;\">\n<td style=\"width: 281px; text-align: center; height: 183px;\">\n<h3><strong>CURS 2015 &#8211; 2016<\/strong><\/h3>\n<\/td>\n<td style=\"width: 622px; text-align: center; height: 183px;\"><a href=\"https:\/\/docs.google.com\/presentation\/d\/1yy-2IFQIJt2HSvS-m-1tXsT_4HB9m_D1qm1zp06gcaE\/pub?start=false&amp;loop=false&amp;delayms=3000#slide=id.i0\"><img loading=\"lazy\" decoding=\"async\" class=\"aligncenter wp-image-3519 size-medium\" src=\"http:\/\/agora.xtec.cat\/escolalacustaria\/wp-content\/uploads\/usu1252\/2017\/08\/setmana-ci\u00e8ncia-2015-212x300.jpg\" alt=\"\" width=\"212\" height=\"300\" \/><\/a><\/td>\n<\/tr>\n<tr style=\"height: 175px;\">\n<td style=\"width: 281px; text-align: center; height: 175px;\">\n<h3><strong>CURS 2016 &#8211; 2017<\/strong><\/h3>\n<\/td>\n<td style=\"width: 622px; text-align: center; height: 175px;\"><a href=\"http:\/\/agora.xtec.cat\/escolalacustaria\/wp-content\/uploads\/usu1252\/2017\/08\/setmana-ci\u00e8ncia-2016.jpg\"><img loading=\"lazy\" decoding=\"async\" class=\"aligncenter size-medium wp-image-3520\" src=\"http:\/\/agora.xtec.cat\/escolalacustaria\/wp-content\/uploads\/usu1252\/2017\/08\/setmana-ci\u00e8ncia-2016-212x300.jpg\" alt=\"\" width=\"212\" height=\"300\" \/><\/a><\/td>\n<\/tr>\n<\/tbody>\n<\/table>\n<p>&nbsp;<\/p>\n<p>&nbsp;<\/p>\n<p><b>\u00a0<\/b><\/p>\n<p>&nbsp;<\/p>\n<p><span style=\"border-radius: 2px; text-indent: 20px; width: auto; padding: 0px 4px 0px 0px; text-align: center; font: bold 11px\/20px 'Helvetica Neue',Helvetica,sans-serif; color: #ffffff; background: #bd081c no-repeat scroll 3px 50% \/ 14px 14px; position: absolute; opacity: 1; z-index: 8675309; display: none; cursor: pointer; top: 69px; left: 654px;\">Save<\/span><\/p>\n<p><span style=\"border-radius: 2px; text-indent: 20px; width: auto; padding: 0px 4px 0px 0px; text-align: center; font: bold 11px\/20px 'Helvetica Neue',Helvetica,sans-serif; color: #ffffff; background: #bd081c no-repeat scroll 3px 50% \/ 14px 14px; position: absolute; opacity: 1; z-index: 8675309; display: none; cursor: pointer;\">Save<\/span><\/p>\n<p><span style=\"border-radius: 2px; text-indent: 20px; width: auto; padding: 0px 4px 0px 0px; text-align: center; font: bold 11px\/20px 'Helvetica Neue',Helvetica,sans-serif; color: #ffffff; background: #bd081c  no-repeat scroll 3px 50% \/ 14px 14px; position: absolute; opacity: 1; z-index: 8675309; display: none; cursor: pointer;\">Save<\/span><\/p>\n","protected":false},"excerpt":{"rendered":"<p>Durant la Setmana de la Ci\u00e8ncia es celebraren tot un munt d\u2019activitats de divulgaci\u00f3 cient\u00edfica arreu del nostre territori. Jornades de portes obertes, exposicions, xerrades, jocs, tallers cient\u00edfics\u2026 tot un ventall de possibilitats al nostre abast. La Setmana de la Ci\u00e8ncia \u00e9s una iniciativa coordinada per la Fundaci\u00f3 Catalana per a la Recerca i la [&hellip;]<\/p>\n","protected":false},"author":1,"featured_media":0,"parent":0,"menu_order":0,"comment_status":"closed","ping_status":"closed","template":"","meta":{"_bbp_topic_count":0,"_bbp_reply_count":0,"_bbp_total_topic_count":0,"_bbp_total_reply_count":0,"_bbp_voice_count":0,"_bbp_anonymous_reply_count":0,"_bbp_topic_count_hidden":0,"_bbp_reply_count_hidden":0,"_bbp_forum_subforum_count":0,"site-sidebar-layout":"default","site-content-layout":"","ast-site-content-layout":"","site-content-style":"default","site-sidebar-style":"default","ast-global-header-display":"","ast-banner-title-visibility":"","ast-main-header-display":"","ast-hfb-above-header-display":"","ast-hfb-below-header-display":"","ast-hfb-mobile-header-display":"","site-post-title":"","ast-breadcrumbs-content":"","ast-featured-img":"","footer-sml-layout":"","theme-transparent-header-meta":"","adv-header-id-meta":"","stick-header-meta":"","header-above-stick-meta":"","header-main-stick-meta":"","header-below-stick-meta":"","astra-migrate-meta-layouts":"default","ast-page-background-enabled":"default","ast-page-background-meta":{"desktop":{"background-color":"var(--ast-global-color-4)","background-image":"","background-repeat":"repeat","background-position":"center center","background-size":"auto","background-attachment":"scroll","background-type":"","background-media":"","overlay-type":"","overlay-color":"","overlay-opacity":"","overlay-gradient":""},"tablet":{"background-color":"","background-image":"","background-repeat":"repeat","background-position":"center center","background-size":"auto","background-attachment":"scroll","background-type":"","background-media":"","overlay-type":"","overlay-color":"","overlay-opacity":"","overlay-gradient":""},"mobile":{"background-color":"","background-image":"","background-repeat":"repeat","background-position":"center center","background-size":"auto","background-attachment":"scroll","background-type":"","background-media":"","overlay-type":"","overlay-color":"","overlay-opacity":"","overlay-gradient":""}},"ast-content-background-meta":{"desktop":{"background-color":"var(--ast-global-color-5)","background-image":"","background-repeat":"repeat","background-position":"center center","background-size":"auto","background-attachment":"scroll","background-type":"","background-media":"","overlay-type":"","overlay-color":"","overlay-opacity":"","overlay-gradient":""},"tablet":{"background-color":"var(--ast-global-color-5)","background-image":"","background-repeat":"repeat","background-position":"center center","background-size":"auto","background-attachment":"scroll","background-type":"","background-media":"","overlay-type":"","overlay-color":"","overlay-opacity":"","overlay-gradient":""},"mobile":{"background-color":"var(--ast-global-color-5)","background-image":"","background-repeat":"repeat","background-position":"center center","background-size":"auto","background-attachment":"scroll","background-type":"","background-media":"","overlay-type":"","overlay-color":"","overlay-opacity":"","overlay-gradient":""}},"footnotes":""},"class_list":["post-3514","page","type-page","status-publish","hentry"],"post_mailing_queue_ids":[],"_links":{"self":[{"href":"https:\/\/agora.xtec.cat\/escolalacustaria\/wp-json\/wp\/v2\/pages\/3514","targetHints":{"allow":["GET"]}}],"collection":[{"href":"https:\/\/agora.xtec.cat\/escolalacustaria\/wp-json\/wp\/v2\/pages"}],"about":[{"href":"https:\/\/agora.xtec.cat\/escolalacustaria\/wp-json\/wp\/v2\/types\/page"}],"author":[{"embeddable":true,"href":"https:\/\/agora.xtec.cat\/escolalacustaria\/wp-json\/wp\/v2\/users\/1"}],"replies":[{"embeddable":true,"href":"https:\/\/agora.xtec.cat\/escolalacustaria\/wp-json\/wp\/v2\/comments?post=3514"}],"version-history":[{"count":3,"href":"https:\/\/agora.xtec.cat\/escolalacustaria\/wp-json\/wp\/v2\/pages\/3514\/revisions"}],"predecessor-version":[{"id":3524,"href":"https:\/\/agora.xtec.cat\/escolalacustaria\/wp-json\/wp\/v2\/pages\/3514\/revisions\/3524"}],"wp:attachment":[{"href":"https:\/\/agora.xtec.cat\/escolalacustaria\/wp-json\/wp\/v2\/media?parent=3514"}],"curies":[{"name":"wp","href":"https:\/\/api.w.org\/{rel}","templated":true}]}}