{"id":28,"date":"2014-09-18T12:29:35","date_gmt":"2014-09-18T10:29:35","guid":{"rendered":"http:\/\/agora.xtec.cat\/escolalacustaria\/?page_id=28"},"modified":"2025-11-21T11:12:55","modified_gmt":"2025-11-21T10:12:55","slug":"consell-escolar","status":"publish","type":"page","link":"https:\/\/agora.xtec.cat\/escolalacustaria\/lescola\/consell-escolar\/","title":{"rendered":"Consell escolar"},"content":{"rendered":"<p>El consell escolar del centre \u00e9s l&#8217;<strong>\u00f2rgan col\u00b7legiat de participaci\u00f3<\/strong> de la comunitat escolar en el govern del centre. En el consell escolar hi ha representats tots els col\u00b7lectius que intervenen en la comunitat educativa: director, professorat, alumnat, personal d&#8217;administraci\u00f3 i serveis, etc.<\/p>\n<p>En els centres p\u00fablics, la funci\u00f3 principal del consell escolar \u00e9s participar en la presa de decisions en relaci\u00f3 amb aquells temes importants per al funcionament i l&#8217;organitzaci\u00f3 del centre: el projecte educatiu, la programaci\u00f3 general, la gesti\u00f3 econ\u00f2mica, etc. En el cas dels centres privats concertats, el consell escolar debat, avalua, analitza i pren decisions sobre els temes proposats pel titular del centre.<\/p>\n<p>Els membres del consell escolar s\u00f3n elegits per un per\u00edode de quatre anys i es renoven per meitats cada dos anys.<\/p>\n<div>\n<p><b>QUI SOM?<\/b><\/p>\n<p>Directora, <b>Gemma Oriol Romaguera<\/b><br \/>\nSecret\u00e0ria<b>, S\u00edlvia Lara Moreno<\/b><br \/>\nCap d\u2019estudis,\u00a0<b>N\u00faria Gascons Pag\u00e8s<\/b><br \/>\n<b><br \/>\n<\/b> Representant de l\u2019Ajuntament,\u00a0<strong>Irene Miquel<\/strong><br \/>\n<b><br \/>\n<\/b> Representants electes del sector mestres, <b>Albert Domenech, Llu\u00efsa S\u00e0bat , Vanessa Blasco Talavera i T\u00e0nia Pareja Lisalde.<\/b><br \/>\n<b><br \/>\n<\/b> Representants electes del sector fam\u00edlies,<strong> Anna Cadenas, Isabel Miquel i Patricia Jim\u00e9nez Ru\u00edz.<\/strong><\/p>\n<p>Representant de l\u2019Associaci\u00f3 de Fam\u00edlies d\u2019Alumnes,\u00a0<strong>L\u00eddia Real Sureda<\/strong>.<br \/>\n<b><br \/>\n<\/b> Representant del Personal\u00a0 l\u2019Administraci\u00f3 i Serveis,\u00a0<b>Anna Palah\u00ed i Eva Barn\u00e9s Noguer.<\/b><\/p>\n<p><b style=\"font-family: inherit; font-size: 1em; text-align: center;\">PER A M\u00c9S INFORMACI\u00d3 DE QU\u00c8 \u00c9S I COM FORMAR-NE PART PODEU ANAR AL SEG\u00dcENT ENLLA\u00c7 DE LA WEB DEL DEPARTAMENT: \u00a0 <a href=\"http:\/\/familiaiescola.gencat.cat\/ca\/escolaritat\/participacio-compromis\/participacio-coresponsabilitzacio\/participacio-funcionament-centre\/consell-escolar\/\" target=\"_blank\" rel=\"noopener noreferrer\">CONSELL ESCOLAR<\/a><\/b><\/p>\n<\/div>\n<ul style=\"list-style-type: disc;\">\n<li><a href=\"https:\/\/agora.xtec.cat\/escolalacustaria\/lescola\/consell-escolar\/acords-consell-escolar\/\" target=\"_blank\" rel=\"noopener noreferrer\"><b>\u00a0 \u00a0ACORDS DEL CONSELL ESCOLAR<\/b><\/a><\/li>\n<\/ul>\n","protected":false},"excerpt":{"rendered":"<p>El consell escolar del centre \u00e9s l&#8217;\u00f2rgan col\u00b7legiat de participaci\u00f3 de la comunitat escolar en el govern del centre. En el consell escolar hi ha representats tots els col\u00b7lectius que intervenen en la comunitat educativa: director, professorat, alumnat, personal d&#8217;administraci\u00f3 i serveis, etc. En els centres p\u00fablics, la funci\u00f3 principal del consell escolar \u00e9s participar [&hellip;]<\/p>\n","protected":false},"author":1,"featured_media":0,"parent":22,"menu_order":4,"comment_status":"closed","ping_status":"closed","template":"","meta":{"_bbp_topic_count":0,"_bbp_reply_count":0,"_bbp_total_topic_count":0,"_bbp_total_reply_count":0,"_bbp_voice_count":0,"_bbp_anonymous_reply_count":0,"_bbp_topic_count_hidden":0,"_bbp_reply_count_hidden":0,"_bbp_forum_subforum_count":0,"site-sidebar-layout":"default","site-content-layout":"","ast-site-content-layout":"default","site-content-style":"default","site-sidebar-style":"default","ast-global-header-display":"","ast-banner-title-visibility":"","ast-main-header-display":"","ast-hfb-above-header-display":"","ast-hfb-below-header-display":"","ast-hfb-mobile-header-display":"","site-post-title":"","ast-breadcrumbs-content":"","ast-featured-img":"","footer-sml-layout":"","theme-transparent-header-meta":"","adv-header-id-meta":"","stick-header-meta":"","header-above-stick-meta":"","header-main-stick-meta":"","header-below-stick-meta":"","astra-migrate-meta-layouts":"set","ast-page-background-enabled":"default","ast-page-background-meta":{"desktop":{"background-color":"var(--ast-global-color-4)","background-image":"","background-repeat":"repeat","background-position":"center center","background-size":"auto","background-attachment":"scroll","background-type":"","background-media":"","overlay-type":"","overlay-color":"","overlay-opacity":"","overlay-gradient":""},"tablet":{"background-color":"","background-image":"","background-repeat":"repeat","background-position":"center center","background-size":"auto","background-attachment":"scroll","background-type":"","background-media":"","overlay-type":"","overlay-color":"","overlay-opacity":"","overlay-gradient":""},"mobile":{"background-color":"","background-image":"","background-repeat":"repeat","background-position":"center center","background-size":"auto","background-attachment":"scroll","background-type":"","background-media":"","overlay-type":"","overlay-color":"","overlay-opacity":"","overlay-gradient":""}},"ast-content-background-meta":{"desktop":{"background-color":"var(--ast-global-color-5)","background-image":"","background-repeat":"repeat","background-position":"center center","background-size":"auto","background-attachment":"scroll","background-type":"","background-media":"","overlay-type":"","overlay-color":"","overlay-opacity":"","overlay-gradient":""},"tablet":{"background-color":"var(--ast-global-color-5)","background-image":"","background-repeat":"repeat","background-position":"center center","background-size":"auto","background-attachment":"scroll","background-type":"","background-media":"","overlay-type":"","overlay-color":"","overlay-opacity":"","overlay-gradient":""},"mobile":{"background-color":"var(--ast-global-color-5)","background-image":"","background-repeat":"repeat","background-position":"center center","background-size":"auto","background-attachment":"scroll","background-type":"","background-media":"","overlay-type":"","overlay-color":"","overlay-opacity":"","overlay-gradient":""}},"footnotes":""},"class_list":["post-28","page","type-page","status-publish","hentry"],"post_mailing_queue_ids":[],"_links":{"self":[{"href":"https:\/\/agora.xtec.cat\/escolalacustaria\/wp-json\/wp\/v2\/pages\/28","targetHints":{"allow":["GET"]}}],"collection":[{"href":"https:\/\/agora.xtec.cat\/escolalacustaria\/wp-json\/wp\/v2\/pages"}],"about":[{"href":"https:\/\/agora.xtec.cat\/escolalacustaria\/wp-json\/wp\/v2\/types\/page"}],"author":[{"embeddable":true,"href":"https:\/\/agora.xtec.cat\/escolalacustaria\/wp-json\/wp\/v2\/users\/1"}],"replies":[{"embeddable":true,"href":"https:\/\/agora.xtec.cat\/escolalacustaria\/wp-json\/wp\/v2\/comments?post=28"}],"version-history":[{"count":5,"href":"https:\/\/agora.xtec.cat\/escolalacustaria\/wp-json\/wp\/v2\/pages\/28\/revisions"}],"predecessor-version":[{"id":24793,"href":"https:\/\/agora.xtec.cat\/escolalacustaria\/wp-json\/wp\/v2\/pages\/28\/revisions\/24793"}],"up":[{"embeddable":true,"href":"https:\/\/agora.xtec.cat\/escolalacustaria\/wp-json\/wp\/v2\/pages\/22"}],"wp:attachment":[{"href":"https:\/\/agora.xtec.cat\/escolalacustaria\/wp-json\/wp\/v2\/media?parent=28"}],"curies":[{"name":"wp","href":"https:\/\/api.w.org\/{rel}","templated":true}]}}