{"id":24,"date":"2014-09-18T12:23:15","date_gmt":"2014-09-18T10:23:15","guid":{"rendered":"http:\/\/agora.xtec.cat\/escolalacustaria\/?page_id=24"},"modified":"2026-02-10T19:30:26","modified_gmt":"2026-02-10T18:30:26","slug":"qui-som","status":"publish","type":"page","link":"https:\/\/agora.xtec.cat\/escolalacustaria\/lescola\/qui-som\/","title":{"rendered":"Qui som?"},"content":{"rendered":"<p><a href=\"https:\/\/drive.google.com\/file\/d\/1-0jOY7WIpozhuFftxXLXgVy0e1sfCN1x\/view?usp=drive_link\"><img loading=\"lazy\" decoding=\"async\" class=\"size-full wp-image-23704 aligncenter\" src=\"https:\/\/agora.xtec.cat\/escolalacustaria\/wp-content\/uploads\/usu1252\/2025\/01\/diptic-escola-24-25.jpg\" alt=\"\" width=\"369\" height=\"717\" srcset=\"https:\/\/agora.xtec.cat\/escolalacustaria\/wp-content\/uploads\/usu1252\/2025\/01\/diptic-escola-24-25.jpg 369w, https:\/\/agora.xtec.cat\/escolalacustaria\/wp-content\/uploads\/usu1252\/2025\/01\/diptic-escola-24-25-154x300.jpg 154w\" sizes=\"auto, (max-width: 369px) 100vw, 369px\" \/><\/a><\/p>\n<p style=\"text-align: center;\"><iframe loading=\"lazy\" src=\"https:\/\/www.youtube.com\/embed\/6-tFZJmVf4E\" width=\"560\" height=\"315\" frameborder=\"0\"><\/iframe><\/p>\n<p style=\"text-align: center;\"><iframe loading=\"lazy\" src=\"https:\/\/www.youtube.com\/embed\/EBGY4TIkLZw\" width=\"560\" height=\"315\" frameborder=\"0\"><\/iframe><\/p>\n<p>Som un equip de professionals motivat i format que vetlla pel desenvolupament de les capacitats dels nens i nenes per tal que siguin competents en el m\u00f3n plural del seu present i del seu futur.<\/p>\n<p>El Projecte Educatiu del Centre ens defineix com\u00a0<strong>escola catalana, aconfessional, oberta al seu entorn, respectuosa amb totes les creences i ideologies que permeten una educaci\u00f3 oberta i solid\u00e0ria.<\/strong><\/p>\n<p>L&#8217;escola fonamenta la seva tasca en\u00a0<strong>l&#8217;atenci\u00f3 a la diversitat que presenten els<\/strong>\u00a0<strong>alumnes<\/strong>, respectant els diferents ritmes, capacitats i particularitats de cadasc\u00fa. Ens proposem la formaci\u00f3 global i la valoraci\u00f3 positiva de la persona.<\/p>\n<p>L&#8217;escola compta amb servei de\u00a0<strong>Menjador<\/strong>, gestionat per l&#8217;AFA, amb cuina al propi centre.<\/p>\n<p><strong>L&#8217;Associaci\u00f3 de Fam\u00edlies (AFA)<\/strong> de l&#8217;escola ofereix diferents activitats als seus socis, a m\u00e9s de facilitar la venda de material escolar, dessuadores&#8230; Col\u00b7labora en l&#8217;adquisici\u00f3 de material i equipament pedag\u00f2gic per al centre.<\/p>\n<p>Disposem de mestres especialistes en Educaci\u00f3 Especial, Audici\u00f3 i Llenguatge, Angl\u00e8s, M\u00fasica i Educaci\u00f3 F\u00edsica, psic\u00f2loga<strong>\u00a0<\/strong>de l&#8217;EAP,<strong>\u00a0<\/strong>a m\u00e9s de<strong>\u00a0\u00a0<\/strong>psicopedagoga<strong>\u00a0<\/strong>concertada. Tamb\u00e9 comptem amb els serveis d&#8217;una auxiliar T\u00e8cnica d&#8217;Educaci\u00f3 Especial i una T\u00e8cnica d&#8217;Educaci\u00f3 Infantil a I-3.<\/p>\n<p style=\"text-align: center;\"><a href=\"https:\/\/photos.app.goo.gl\/qTzcoc4Ro357ApNK7\"><img loading=\"lazy\" decoding=\"async\" class=\"aligncenter wp-image-17677 size-medium\" src=\"https:\/\/agora.xtec.cat\/escolalacustaria\/wp-content\/uploads\/usu1252\/2021\/02\/Di\u0301ptic-portada_opt-207x300.png\" alt=\"\" width=\"207\" height=\"300\" srcset=\"https:\/\/agora.xtec.cat\/escolalacustaria\/wp-content\/uploads\/usu1252\/2021\/02\/Di\u0301ptic-portada_opt-207x300.png 207w, https:\/\/agora.xtec.cat\/escolalacustaria\/wp-content\/uploads\/usu1252\/2021\/02\/Di\u0301ptic-portada_opt.png 400w\" sizes=\"auto, (max-width: 207px) 100vw, 207px\" \/><\/a><\/p>\n<p>Comptem amb el distintiu d&#8217;<strong>Escola Verda<\/strong>\u00a0pel comprom\u00eds de sostenibilitat mediambiental.<\/p>\n<p>Ens coordinem amb Serveis Socials, Centre d&#8217;Atenci\u00f3 Prim\u00e0ria (pediatria i odontologia), Ajuntament, Equip d&#8217;Assessorament Psicopedag\u00f2gic del Giron\u00e8s (EAP), EAIA, Institut de Llagostera,\u00a0Escola Puig\u00a0de les Cadiretes i Escoles Bressol municipals.<\/p>\n<p>Mestres, fam\u00edlies, personal no docent i representant municipal,\u00a0 intervenen directament en el m\u00e0xim \u00f2rgan de decisi\u00f3, el\u00a0<strong>Consell Escolar,\u00a0<\/strong>que alhora forma part del Consell Escolar Municipal. Aix\u00f2 garanteix una\u00a0<strong>escola oberta i participativa<\/strong>.<\/p>\n<p style=\"text-align: center;\"><a href=\"http:\/\/agora.xtec.cat\/escolalacustaria\/lescola\/despeses\/\"><strong>PER TENIR EN COMPTE<\/strong><\/a><\/p>\n","protected":false},"excerpt":{"rendered":"<p>Som un equip de professionals motivat i format que vetlla pel desenvolupament de les capacitats dels nens i nenes per tal que siguin competents en el m\u00f3n plural del seu present i del seu futur. El Projecte Educatiu del Centre ens defineix com\u00a0escola catalana, aconfessional, oberta al seu entorn, respectuosa amb totes les creences i [&hellip;]<\/p>\n","protected":false},"author":1,"featured_media":0,"parent":22,"menu_order":1,"comment_status":"closed","ping_status":"closed","template":"","meta":{"_bbp_topic_count":0,"_bbp_reply_count":0,"_bbp_total_topic_count":0,"_bbp_total_reply_count":0,"_bbp_voice_count":0,"_bbp_anonymous_reply_count":0,"_bbp_topic_count_hidden":0,"_bbp_reply_count_hidden":0,"_bbp_forum_subforum_count":0,"site-sidebar-layout":"default","site-content-layout":"","ast-site-content-layout":"default","site-content-style":"default","site-sidebar-style":"default","ast-global-header-display":"","ast-banner-title-visibility":"","ast-main-header-display":"","ast-hfb-above-header-display":"","ast-hfb-below-header-display":"","ast-hfb-mobile-header-display":"","site-post-title":"","ast-breadcrumbs-content":"","ast-featured-img":"","footer-sml-layout":"","theme-transparent-header-meta":"","adv-header-id-meta":"","stick-header-meta":"","header-above-stick-meta":"","header-main-stick-meta":"","header-below-stick-meta":"","astra-migrate-meta-layouts":"set","ast-page-background-enabled":"default","ast-page-background-meta":{"desktop":{"background-color":"var(--ast-global-color-4)","background-image":"","background-repeat":"repeat","background-position":"center center","background-size":"auto","background-attachment":"scroll","background-type":"","background-media":"","overlay-type":"","overlay-color":"","overlay-opacity":"","overlay-gradient":""},"tablet":{"background-color":"","background-image":"","background-repeat":"repeat","background-position":"center center","background-size":"auto","background-attachment":"scroll","background-type":"","background-media":"","overlay-type":"","overlay-color":"","overlay-opacity":"","overlay-gradient":""},"mobile":{"background-color":"","background-image":"","background-repeat":"repeat","background-position":"center center","background-size":"auto","background-attachment":"scroll","background-type":"","background-media":"","overlay-type":"","overlay-color":"","overlay-opacity":"","overlay-gradient":""}},"ast-content-background-meta":{"desktop":{"background-color":"var(--ast-global-color-5)","background-image":"","background-repeat":"repeat","background-position":"center center","background-size":"auto","background-attachment":"scroll","background-type":"","background-media":"","overlay-type":"","overlay-color":"","overlay-opacity":"","overlay-gradient":""},"tablet":{"background-color":"var(--ast-global-color-5)","background-image":"","background-repeat":"repeat","background-position":"center center","background-size":"auto","background-attachment":"scroll","background-type":"","background-media":"","overlay-type":"","overlay-color":"","overlay-opacity":"","overlay-gradient":""},"mobile":{"background-color":"var(--ast-global-color-5)","background-image":"","background-repeat":"repeat","background-position":"center center","background-size":"auto","background-attachment":"scroll","background-type":"","background-media":"","overlay-type":"","overlay-color":"","overlay-opacity":"","overlay-gradient":""}},"footnotes":""},"class_list":["post-24","page","type-page","status-publish","hentry"],"post_mailing_queue_ids":[],"_links":{"self":[{"href":"https:\/\/agora.xtec.cat\/escolalacustaria\/wp-json\/wp\/v2\/pages\/24","targetHints":{"allow":["GET"]}}],"collection":[{"href":"https:\/\/agora.xtec.cat\/escolalacustaria\/wp-json\/wp\/v2\/pages"}],"about":[{"href":"https:\/\/agora.xtec.cat\/escolalacustaria\/wp-json\/wp\/v2\/types\/page"}],"author":[{"embeddable":true,"href":"https:\/\/agora.xtec.cat\/escolalacustaria\/wp-json\/wp\/v2\/users\/1"}],"replies":[{"embeddable":true,"href":"https:\/\/agora.xtec.cat\/escolalacustaria\/wp-json\/wp\/v2\/comments?post=24"}],"version-history":[{"count":6,"href":"https:\/\/agora.xtec.cat\/escolalacustaria\/wp-json\/wp\/v2\/pages\/24\/revisions"}],"predecessor-version":[{"id":24596,"href":"https:\/\/agora.xtec.cat\/escolalacustaria\/wp-json\/wp\/v2\/pages\/24\/revisions\/24596"}],"up":[{"embeddable":true,"href":"https:\/\/agora.xtec.cat\/escolalacustaria\/wp-json\/wp\/v2\/pages\/22"}],"wp:attachment":[{"href":"https:\/\/agora.xtec.cat\/escolalacustaria\/wp-json\/wp\/v2\/media?parent=24"}],"curies":[{"name":"wp","href":"https:\/\/api.w.org\/{rel}","templated":true}]}}