{"id":23485,"date":"2024-05-24T12:58:50","date_gmt":"2024-05-24T10:58:50","guid":{"rendered":"https:\/\/agora.xtec.cat\/escolalacustaria\/?page_id=23485"},"modified":"2025-05-30T10:31:15","modified_gmt":"2025-05-30T08:31:15","slug":"podcast","status":"publish","type":"page","link":"https:\/\/agora.xtec.cat\/escolalacustaria\/podcast\/","title":{"rendered":"P\u00d2DCAST: POSEM L&#8217;ACCENT A LACUST\u00c0RIA"},"content":{"rendered":"<p>EPISODI 0: PRELUDI<\/p>\n<p><span style=\"font-weight: 400;\">PRELUDI parla d&#8217;aquell moment abans de saltar al buit, de les pors i les inseguretats, d&#8217;aquells segons abans de la tempesta. Preludi s\u00f3n tots els somnis fets veu per l&#8217;alumnat de 5\u00e8 de l&#8217;escola Lacust\u00e0ria, que mostra com fer un p\u00f2dcast totalment produ\u00eft per ells i elles des dels inicis. Preludi nom\u00e9s \u00e9s el principi, la primera passa d&#8217;un llarg cam\u00ed.<\/span><\/p>\n<p>Aqu\u00ed el podeu escoltar: <a href=\"https:\/\/drive.google.com\/file\/d\/19ZNKTLzClyTbKfB6ODUDhGNKtvqQW8WY\/view?usp=sharing\">EPISODI 0: PRELUDI<\/a><\/p>\n<p>Tamb\u00e9 podeu escoltar-lo a trav\u00e9s de l&#8217;spotify des d&#8217;aqu\u00ed: <a href=\"https:\/\/open.spotify.com\/episode\/4IYgEJPaEwZCLWvMkTSWRn?si=RZ3Etxz-RK6pT4dUElssOQ\">EPISODI 0: PRELUDI-SPOTIFY<\/a><\/p>\n<p>EPISODI ESPECIAL: FESTA MAJOR<\/p>\n<p>Un abans i un despr\u00e9s del P\u00f2dcast a Llagostera, en un dia que passar\u00e0 a la hist\u00f2ria per als nens i nenes, i sobretot per la gent que vam tenir el plaer de veure i gaudir-ho en directe. Els protagonistes es posen davant un micr\u00f2fon per gravar un programa en directe i tem\u00e0tic sobre la Festa Major de Llagostera 2024. Durant la FM, en el programa d&#8217;aquest any, hi ha hagut un espai per l&#8217;alumnat de cinqu\u00e8 de l&#8217;escola Lacust\u00e0ria, per realitzar una emissi\u00f3 especial en directe. Aquest \u00e9s el resultat final d&#8217;un gran treball, ple d&#8217;esfor\u00e7os i dedicaci\u00f3 per oferir un espectacle condu\u00eft per a nens i nenes de 10 i 11 anys. Nom\u00e9s us podem dir, que esperem que ho gaudiu com ho vam fer nosaltres.<\/p>\n<p>Aqu\u00ed el podeu escoltar: <a href=\"https:\/\/drive.google.com\/file\/d\/155YG_BozUTx8-tf9dCaBUUXi5vZohJ0E\/view?usp=sharing\">EPISODI ESPECIAL FESTA MAJOR<\/a><\/p>\n<p>Tamb\u00e9 podeu escoltar-lo a trav\u00e9s de l&#8217;spotify des d&#8217;aqu\u00ed: <a href=\"https:\/\/open.spotify.com\/episode\/0Vlv259MkRAYjzRkCLgXrg?si=hZsY8cZaT9KjN91UImQlFQ\">EPISODI ESPECIAL FESTA MAJOR-SPOTIFY<\/a><\/p>\n<p>&nbsp;<\/p>\n<p>EPISODI 1: Comencem aquest 2025 amb un nou episodi del p\u00f2dcast &#8220;Posem accent a Lacust\u00e0ria&#8221;. Un p\u00f2dcast, creat, fet i editat pels nens i nenes de 6\u00e8 de l&#8217;escola Lacust\u00e0ria.<\/p>\n<p>Aqu\u00ed podeu escoltar: <a href=\"https:\/\/drive.google.com\/file\/d\/1p4wV433wF2kpPZj45Pq0XUnAX1iDEcXG\/view?usp=sharing\">EPISODI 1<\/a><\/p>\n<p>Tamb\u00e9 podeu escoltar-lo a trav\u00e9s de l&#8217;spotify des d&#8217;aqu\u00ed: <a href=\"https:\/\/open.spotify.com\/episode\/6vmGXcogyb73zOjwMRph8X?si=mP-7hGG8R_qleEsL-ZVHTw\">EPISODI 1<\/a><\/p>\n<p>&nbsp;<\/p>\n<p>PROGRAMA ESPECIAL: DIA MUNDIAL DE LA R\u00c0DIO<\/p>\n<p>El 13 de febrer \u00e9s el dia internacional de la r\u00e0dio. Per aquesta ra\u00f3 hem sortit de l&#8217;escola, i hem anat a gravar a la r\u00e0dio del poble (R\u00e0dio Llagostera). L&#8217;Enric ens ha obert les portes, i ens hem sentit com a casa. Ha estat un programa especial, gaudint de la professionalitat de l&#8217;espai i com sempre, del treball incansable de l&#8217;alumnat. Un projecte que a poc a poc fem cr\u00e9ixer posant el cor i la veu.<\/p>\n<p>Aqu\u00ed podeu escoltar: <a href=\"https:\/\/drive.google.com\/file\/d\/1PChDSXVUsP0vo3hpxti7rdqtRNBIkTDK\/view?usp=sharing\">DIA MUNDIAL DE LA R\u00c0DIO<\/a><\/p>\n<p>Tamb\u00e9 podeu escoltar-lo a trav\u00e9s de l&#8217;spotify des d&#8217;aqu\u00ed: <a href=\"https:\/\/open.spotify.com\/episode\/1OfTJpBaKBUGzELo5c5U6Q?si=QXM3MqdFRcyBLNMnF7Z1wg\">DIA MUNDIAL DE LA R\u00c0DIO<\/a><\/p>\n<p>&nbsp;<\/p>\n<p>PROGRAMA ESPECIAL: DIA DE LA DONA<\/p>\n<p>Tots els programes s\u00f3n especials, per\u00f2 aquest va dedicat a totes les dones que lluiten i han lluitat per una igualtat en la societat. \u00c9s un programa enfocat cap i per a les dones, on el que es pret\u00e9n \u00e9s donar veu a trav\u00e9s de les seccions a la dona. Nosaltres a trav\u00e9s de l&#8217;alumnat hem posat el nostre granet de sorra per seguir lluitant per aquesta equitat que tots desitgem. Seguirem caminant al costat dels valors tot posant l&#8217;accent en l&#8217;aprenentatge. Esperem que us agradi i el gaudiu tant com ho hem fet nosaltres.<\/p>\n<p>Aqu\u00ed podeu escoltar: <a href=\"https:\/\/drive.google.com\/file\/d\/1msCDPp2DFtYgCFgdHZMVdx25a2hWE1fa\/view?usp=sharing\">DIA DE LA DONA<\/a><\/p>\n<p>Tamb\u00e9 podeu escoltar-lo a trav\u00e9s de l&#8217;spotify des d&#8217;aqu\u00ed: <a href=\"https:\/\/open.spotify.com\/episode\/5WbNiZrQ3W36hIirGLpuqJ?si=9ZbTTLoEROuhaPQYDYc2CQ\">DIA DE LA DONA<\/a><\/p>\n","protected":false},"excerpt":{"rendered":"<p>EPISODI 0: PRELUDI PRELUDI parla d&#8217;aquell moment abans de saltar al buit, de les pors i les inseguretats, d&#8217;aquells segons abans de la tempesta. Preludi s\u00f3n tots els somnis fets veu per l&#8217;alumnat de 5\u00e8 de l&#8217;escola Lacust\u00e0ria, que mostra com fer un p\u00f2dcast totalment produ\u00eft per ells i elles des dels inicis. Preludi nom\u00e9s [&hellip;]<\/p>\n","protected":false},"author":1,"featured_media":0,"parent":0,"menu_order":0,"comment_status":"closed","ping_status":"closed","template":"","meta":{"_bbp_topic_count":0,"_bbp_reply_count":0,"_bbp_total_topic_count":0,"_bbp_total_reply_count":0,"_bbp_voice_count":0,"_bbp_anonymous_reply_count":0,"_bbp_topic_count_hidden":0,"_bbp_reply_count_hidden":0,"_bbp_forum_subforum_count":0,"site-sidebar-layout":"default","site-content-layout":"","ast-site-content-layout":"","site-content-style":"default","site-sidebar-style":"default","ast-global-header-display":"","ast-banner-title-visibility":"","ast-main-header-display":"","ast-hfb-above-header-display":"","ast-hfb-below-header-display":"","ast-hfb-mobile-header-display":"","site-post-title":"","ast-breadcrumbs-content":"","ast-featured-img":"","footer-sml-layout":"","theme-transparent-header-meta":"","adv-header-id-meta":"","stick-header-meta":"","header-above-stick-meta":"","header-main-stick-meta":"","header-below-stick-meta":"","astra-migrate-meta-layouts":"default","ast-page-background-enabled":"default","ast-page-background-meta":{"desktop":{"background-color":"var(--ast-global-color-4)","background-image":"","background-repeat":"repeat","background-position":"center center","background-size":"auto","background-attachment":"scroll","background-type":"","background-media":"","overlay-type":"","overlay-color":"","overlay-opacity":"","overlay-gradient":""},"tablet":{"background-color":"","background-image":"","background-repeat":"repeat","background-position":"center center","background-size":"auto","background-attachment":"scroll","background-type":"","background-media":"","overlay-type":"","overlay-color":"","overlay-opacity":"","overlay-gradient":""},"mobile":{"background-color":"","background-image":"","background-repeat":"repeat","background-position":"center center","background-size":"auto","background-attachment":"scroll","background-type":"","background-media":"","overlay-type":"","overlay-color":"","overlay-opacity":"","overlay-gradient":""}},"ast-content-background-meta":{"desktop":{"background-color":"var(--ast-global-color-5)","background-image":"","background-repeat":"repeat","background-position":"center center","background-size":"auto","background-attachment":"scroll","background-type":"","background-media":"","overlay-type":"","overlay-color":"","overlay-opacity":"","overlay-gradient":""},"tablet":{"background-color":"var(--ast-global-color-5)","background-image":"","background-repeat":"repeat","background-position":"center center","background-size":"auto","background-attachment":"scroll","background-type":"","background-media":"","overlay-type":"","overlay-color":"","overlay-opacity":"","overlay-gradient":""},"mobile":{"background-color":"var(--ast-global-color-5)","background-image":"","background-repeat":"repeat","background-position":"center center","background-size":"auto","background-attachment":"scroll","background-type":"","background-media":"","overlay-type":"","overlay-color":"","overlay-opacity":"","overlay-gradient":""}},"footnotes":""},"class_list":["post-23485","page","type-page","status-publish","hentry"],"post_mailing_queue_ids":[],"_links":{"self":[{"href":"https:\/\/agora.xtec.cat\/escolalacustaria\/wp-json\/wp\/v2\/pages\/23485","targetHints":{"allow":["GET"]}}],"collection":[{"href":"https:\/\/agora.xtec.cat\/escolalacustaria\/wp-json\/wp\/v2\/pages"}],"about":[{"href":"https:\/\/agora.xtec.cat\/escolalacustaria\/wp-json\/wp\/v2\/types\/page"}],"author":[{"embeddable":true,"href":"https:\/\/agora.xtec.cat\/escolalacustaria\/wp-json\/wp\/v2\/users\/1"}],"replies":[{"embeddable":true,"href":"https:\/\/agora.xtec.cat\/escolalacustaria\/wp-json\/wp\/v2\/comments?post=23485"}],"version-history":[{"count":6,"href":"https:\/\/agora.xtec.cat\/escolalacustaria\/wp-json\/wp\/v2\/pages\/23485\/revisions"}],"predecessor-version":[{"id":24468,"href":"https:\/\/agora.xtec.cat\/escolalacustaria\/wp-json\/wp\/v2\/pages\/23485\/revisions\/24468"}],"wp:attachment":[{"href":"https:\/\/agora.xtec.cat\/escolalacustaria\/wp-json\/wp\/v2\/media?parent=23485"}],"curies":[{"name":"wp","href":"https:\/\/api.w.org\/{rel}","templated":true}]}}