{"id":22919,"date":"2023-07-04T12:39:35","date_gmt":"2023-07-04T10:39:35","guid":{"rendered":"https:\/\/agora.xtec.cat\/escolalacustaria\/?page_id=22919"},"modified":"2023-07-05T13:27:02","modified_gmt":"2023-07-05T11:27:02","slug":"projecte-entorn","status":"publish","type":"page","link":"https:\/\/agora.xtec.cat\/escolalacustaria\/projecte-entorn\/","title":{"rendered":"PROJECTE ENTORN"},"content":{"rendered":"<p><a href=\"https:\/\/agora.xtec.cat\/escolalacustaria\/wp-content\/uploads\/usu1252\/2023\/07\/imatge-projecte-entorn.png\"><img loading=\"lazy\" decoding=\"async\" class=\"alignnone size-full wp-image-22920\" src=\"https:\/\/agora.xtec.cat\/escolalacustaria\/wp-content\/uploads\/usu1252\/2023\/07\/imatge-projecte-entorn.png\" alt=\"\" width=\"1051\" height=\"598\" srcset=\"https:\/\/agora.xtec.cat\/escolalacustaria\/wp-content\/uploads\/usu1252\/2023\/07\/imatge-projecte-entorn.png 1051w, https:\/\/agora.xtec.cat\/escolalacustaria\/wp-content\/uploads\/usu1252\/2023\/07\/imatge-projecte-entorn-300x171.png 300w, https:\/\/agora.xtec.cat\/escolalacustaria\/wp-content\/uploads\/usu1252\/2023\/07\/imatge-projecte-entorn-1024x583.png 1024w, https:\/\/agora.xtec.cat\/escolalacustaria\/wp-content\/uploads\/usu1252\/2023\/07\/imatge-projecte-entorn-768x437.png 768w\" sizes=\"auto, (max-width: 1051px) 100vw, 1051px\" \/><\/a><\/p>\n<p>Aquest projecte sorgeix de la necessitat d\u2019acostar als infants del municipi als animals del seu entorn proper. Hem observat com moltes persones coneixen animals que viuen molt lluny i no han sentit a parlar mai dels animals del seu entorn m\u00e9s proper.<br \/>\nQuan som petits, els llibres, els documentals i les pel\u00b7l\u00edcules ens parlen de la vida i miracles de lleons, cocodrils, i d\u2019altres animals de llocs remots. Per\u00f2 dels animals que tenim m\u00e9s propers, que viuen als nostres pobles, camps i boscos, en sabem ben poca cosa. S\u00f3n animals espectaculars, propers per\u00f2 desconeguts. I qui no coneix, no estima. I qui no estima, no respecta. Estimar el patrimoni natural ens arrela a la terra on vivim.<\/p>\n<p>Amb aquesta reflexi\u00f3 \u00e9s on neix i donem el punt de partida al nostre projecte.<br \/>\nL\u2019objectiu final \u00e9s fer una exposici\u00f3 sobre aquests animals i la xarxa tr\u00f2fica en un local social del municipi.<\/p>\n<p><a href=\"https:\/\/drive.google.com\/file\/d\/1nQJqFqVodIC4gy-UhUxn8nKBjbRIn1yp\/view?usp=sharing\">v\u00eddeo projecte entorn<\/a><\/p>\n<p><a href=\"https:\/\/agora.xtec.cat\/escolalacustaria\/projecte-entorn\/\" target=\"_blank\" rel=\"cc:attributionURL noopener noreferrer\">PROJECTE ENTORN\u00a0<\/a>\u00a9 2023\u00a0by\u00a0<a href=\"https:\/\/agora.xtec.cat\/escolalacustaria\/\" target=\"_blank\" rel=\"cc:attributionURL noopener noreferrer\">ESCOLA LACUST\u00c0RIA\u00a0<\/a>t\u00e9 llic\u00e8ncia\u00a0<a href=\"http:\/\/creativecommons.org\/licenses\/by-nc-sa\/4.0\/?ref=chooser-v1\" target=\"_blank\" rel=\"license noopener noreferrer\">CC BY-NC-SA 4.0<span class=\"icon\" data-v-a0d4e8a8=\"\"><img loading=\"lazy\" decoding=\"async\" src=\"https:\/\/chooser-beta.creativecommons.org\/img\/cc-logo.f0ab4ebe.svg\" width=\"20\" height=\"20\" data-v-a0d4e8a8=\"\" \/><img loading=\"lazy\" decoding=\"async\" src=\"https:\/\/chooser-beta.creativecommons.org\/img\/cc-by.21b728bb.svg\" width=\"20\" height=\"20\" data-v-a0d4e8a8=\"\" \/><\/span><\/a><\/p>\n<p xmlns:cc=\"http:\/\/creativecommons.org\/ns#\" xmlns:dct=\"http:\/\/purl.org\/dc\/terms\/\"><a property=\"dct:title\" rel=\"cc :attributionURL\" href=\"https:\/\/agora.xtec.cat\/escolalacustaria\/projecte-entorn\/ \">PROJECTE ENTORN<\/a> by <a rel=\"cc:attributionURL dct:creator\" property=\"cc:attributionName\" href=\"https:\/\/agora.xtec.cat\/escolalacustaria\/\">ESCOLA LACUST\u00c0RIA<\/a> t\u00e9 llic\u00e8ncia <a href=\"http:\/\/creativecommons.org\/licenses\/by-nc-sa\/4.0\/? ref=chooser-v1\" target=\"_blank\" rel=\"license noopener noreferrer\" style=\"display:inline-block;\">CC BY-NC-SA 4.0<img decoding=\"async\" style=\"height:22px!important;margin-left :3px;vertical-align:text-bottom;\" src=\"https:\/\/mirrors.creativecommons.org\/presskit\/icons\/cc.\n<\/p>\n","protected":false},"excerpt":{"rendered":"<p>Aquest projecte sorgeix de la necessitat d\u2019acostar als infants del municipi als animals del seu entorn proper. Hem observat com moltes persones coneixen animals que viuen molt lluny i no han sentit a parlar mai dels animals del seu entorn m\u00e9s proper. Quan som petits, els llibres, els documentals i les pel\u00b7l\u00edcules ens parlen de [&hellip;]<\/p>\n","protected":false},"author":1,"featured_media":0,"parent":0,"menu_order":0,"comment_status":"closed","ping_status":"closed","template":"","meta":{"_bbp_topic_count":0,"_bbp_reply_count":0,"_bbp_total_topic_count":0,"_bbp_total_reply_count":0,"_bbp_voice_count":0,"_bbp_anonymous_reply_count":0,"_bbp_topic_count_hidden":0,"_bbp_reply_count_hidden":0,"_bbp_forum_subforum_count":0,"site-sidebar-layout":"default","site-content-layout":"","ast-site-content-layout":"","site-content-style":"default","site-sidebar-style":"default","ast-global-header-display":"","ast-banner-title-visibility":"","ast-main-header-display":"","ast-hfb-above-header-display":"","ast-hfb-below-header-display":"","ast-hfb-mobile-header-display":"","site-post-title":"","ast-breadcrumbs-content":"","ast-featured-img":"","footer-sml-layout":"","theme-transparent-header-meta":"","adv-header-id-meta":"","stick-header-meta":"","header-above-stick-meta":"","header-main-stick-meta":"","header-below-stick-meta":"","astra-migrate-meta-layouts":"default","ast-page-background-enabled":"default","ast-page-background-meta":{"desktop":{"background-color":"var(--ast-global-color-4)","background-image":"","background-repeat":"repeat","background-position":"center center","background-size":"auto","background-attachment":"scroll","background-type":"","background-media":"","overlay-type":"","overlay-color":"","overlay-opacity":"","overlay-gradient":""},"tablet":{"background-color":"","background-image":"","background-repeat":"repeat","background-position":"center center","background-size":"auto","background-attachment":"scroll","background-type":"","background-media":"","overlay-type":"","overlay-color":"","overlay-opacity":"","overlay-gradient":""},"mobile":{"background-color":"","background-image":"","background-repeat":"repeat","background-position":"center center","background-size":"auto","background-attachment":"scroll","background-type":"","background-media":"","overlay-type":"","overlay-color":"","overlay-opacity":"","overlay-gradient":""}},"ast-content-background-meta":{"desktop":{"background-color":"var(--ast-global-color-5)","background-image":"","background-repeat":"repeat","background-position":"center center","background-size":"auto","background-attachment":"scroll","background-type":"","background-media":"","overlay-type":"","overlay-color":"","overlay-opacity":"","overlay-gradient":""},"tablet":{"background-color":"var(--ast-global-color-5)","background-image":"","background-repeat":"repeat","background-position":"center center","background-size":"auto","background-attachment":"scroll","background-type":"","background-media":"","overlay-type":"","overlay-color":"","overlay-opacity":"","overlay-gradient":""},"mobile":{"background-color":"var(--ast-global-color-5)","background-image":"","background-repeat":"repeat","background-position":"center center","background-size":"auto","background-attachment":"scroll","background-type":"","background-media":"","overlay-type":"","overlay-color":"","overlay-opacity":"","overlay-gradient":""}},"footnotes":""},"class_list":["post-22919","page","type-page","status-publish","hentry"],"post_mailing_queue_ids":[],"_links":{"self":[{"href":"https:\/\/agora.xtec.cat\/escolalacustaria\/wp-json\/wp\/v2\/pages\/22919","targetHints":{"allow":["GET"]}}],"collection":[{"href":"https:\/\/agora.xtec.cat\/escolalacustaria\/wp-json\/wp\/v2\/pages"}],"about":[{"href":"https:\/\/agora.xtec.cat\/escolalacustaria\/wp-json\/wp\/v2\/types\/page"}],"author":[{"embeddable":true,"href":"https:\/\/agora.xtec.cat\/escolalacustaria\/wp-json\/wp\/v2\/users\/1"}],"replies":[{"embeddable":true,"href":"https:\/\/agora.xtec.cat\/escolalacustaria\/wp-json\/wp\/v2\/comments?post=22919"}],"version-history":[{"count":3,"href":"https:\/\/agora.xtec.cat\/escolalacustaria\/wp-json\/wp\/v2\/pages\/22919\/revisions"}],"predecessor-version":[{"id":22933,"href":"https:\/\/agora.xtec.cat\/escolalacustaria\/wp-json\/wp\/v2\/pages\/22919\/revisions\/22933"}],"wp:attachment":[{"href":"https:\/\/agora.xtec.cat\/escolalacustaria\/wp-json\/wp\/v2\/media?parent=22919"}],"curies":[{"name":"wp","href":"https:\/\/api.w.org\/{rel}","templated":true}]}}